{"id":1123,"date":"2020-07-22T12:35:44","date_gmt":"2020-07-22T12:35:44","guid":{"rendered":"https:\/\/saude.ufpr.br\/bdh\/?page_id=1123"},"modified":"2020-12-02T23:07:08","modified_gmt":"2020-12-02T23:07:08","slug":"sobre","status":"publish","type":"page","link":"https:\/\/saude.ufpr.br\/bdh\/sobre\/","title":{"rendered":"Sobre o BDH"},"content":{"rendered":"<p style=\"text-align: center\"><img fetchpriority=\"high\" decoding=\"async\" class=\"aligncenter wp-image-1523\" src=\"https:\/\/saude.ufpr.br\/bdh\/wp-content\/uploads\/sites\/49\/2020\/12\/bdh_10anos-e1606946829147-1024x330.png\" alt=\"\" width=\"750\" height=\"241\" srcset=\"https:\/\/saude.ufpr.br\/bdh\/wp-content\/uploads\/sites\/49\/2020\/12\/bdh_10anos-e1606946829147-1024x330.png 1024w, https:\/\/saude.ufpr.br\/bdh\/wp-content\/uploads\/sites\/49\/2020\/12\/bdh_10anos-e1606946829147-300x97.png 300w, https:\/\/saude.ufpr.br\/bdh\/wp-content\/uploads\/sites\/49\/2020\/12\/bdh_10anos-e1606946829147-768x247.png 768w, https:\/\/saude.ufpr.br\/bdh\/wp-content\/uploads\/sites\/49\/2020\/12\/bdh_10anos-e1606946829147.png 1280w\" sizes=\"(max-width: 750px) 100vw, 750px\" \/><\/p>\n<p style=\"text-align: justify\">\u00a0 O Biobanco de Dentes Humanos vinculado ao curso de Odontologia da Universidade Federal do Paran\u00e1 (BDH-UFPR) \u00e9 o \u00f3rg\u00e3o, sem fins lucrativos, respons\u00e1vel pela coleta, limpeza, esteriliza\u00e7\u00e3o, sele\u00e7\u00e3o, armazenamento, documenta\u00e7\u00e3o e empr\u00e9stimo de dentes humanos extra\u00eddos, cedidos voluntariamente por pacientes submetidos \u00e0 exodontias, mediante a assinatura de um Termo de Consentimento Livre e Esclarecido (TCLE).<\/p>\n<p>&nbsp;<\/p>\n<p><strong>OBJETIVOS<\/strong><\/p>\n<p style=\"text-align: justify\">\u00a0 O BDH-UFPR visa suprir as necessidades acad\u00eamicas em rela\u00e7\u00e3o ao uso de dentes humanos para atividades laboratoriais pr\u00e9-cl\u00ednicas, estudo da anatomia dental, pesquisas cient\u00edficas e projetos de extens\u00e3o. Ainda, tem como objetivo armazenar e fornecer \u00f3rg\u00e3os dentais com proced\u00eancia definida, impedindo a pr\u00e1tica ilegal do com\u00e9rcio de dentes e a infec\u00e7\u00e3o cruzada ao manipul\u00e1-los, al\u00e9m de realizar a\u00e7\u00f5es de conscientiza\u00e7\u00e3o da sociedade sobre a import\u00e2ncia da doa\u00e7\u00e3o do \u00f3rg\u00e3o dental.<\/p>\n<p><a href=\"https:\/\/saude.ufpr.br\/bdh\/tecnicos\/\"><strong>FUNCIONAMENTO<\/strong><\/a><\/p>\n<p>&nbsp;<\/p>\n<p><strong>HIST\u00d3RICO<\/strong><\/p>\n<p style=\"text-align: justify\">\u00a0 O Biobanco de Dentes Humanos da UFPR (BDH-UFPR) foi fundado em 2010 pelos professores Marili Doro Andrade Deonizio, na \u00e9poca professora da disciplina de Endodontia do curso de Odontologia da UFPR e Joel Bley Sobrinho, atualmente professor da disciplina de Materiais Odontol\u00f3gicos I, juntamente com a equipe colaboradora, constitu\u00edda por professores, t\u00e9cnicos administrativos e alunos volunt\u00e1rios. Confira <a href=\"https:\/\/issuu.com\/bdhufpr\/docs\/hist_rico_do_biobanco_de_dentes_humanos_da_ufpr.do\">aqui<\/a> a entrevista feita com os professores fundadores.<\/p>\n<p style=\"text-align: center;padding-left: 0px\"><img decoding=\"async\" class=\"alignnone wp-image-1499 size-full\" src=\"https:\/\/saude.ufpr.br\/bdh\/wp-content\/uploads\/sites\/49\/2020\/12\/timeline_bdh.jpg\" alt=\"\" width=\"1280\" height=\"413\" srcset=\"https:\/\/saude.ufpr.br\/bdh\/wp-content\/uploads\/sites\/49\/2020\/12\/timeline_bdh.jpg 1280w, https:\/\/saude.ufpr.br\/bdh\/wp-content\/uploads\/sites\/49\/2020\/12\/timeline_bdh-300x97.jpg 300w, https:\/\/saude.ufpr.br\/bdh\/wp-content\/uploads\/sites\/49\/2020\/12\/timeline_bdh-1024x330.jpg 1024w, https:\/\/saude.ufpr.br\/bdh\/wp-content\/uploads\/sites\/49\/2020\/12\/timeline_bdh-768x248.jpg 768w\" sizes=\"(max-width: 1280px) 100vw, 1280px\" \/><\/p>\n<h4><\/h4>\n","protected":false},"excerpt":{"rendered":"<p>\u00a0 O Biobanco de Dentes Humanos vinculado ao curso de Odontologia da Universidade Federal do Paran\u00e1 (BDH-UFPR) \u00e9 o \u00f3rg\u00e3o, sem fins lucrativos, respons\u00e1vel pela coleta, limpeza, esteriliza\u00e7\u00e3o, sele\u00e7\u00e3o, armazenamento, documenta\u00e7\u00e3o e empr\u00e9stimo de dentes humanos extra\u00eddos, cedidos voluntariamente por pacientes submetidos \u00e0 exodontias, mediante a assinatura de um Termo de Consentimento Livre e Esclarecido<br \/> <a href=\"https:\/\/saude.ufpr.br\/bdh\/sobre\/\" class=\"button success small readmore\">Leia mais<\/a><\/p>\n","protected":false},"author":15,"featured_media":0,"parent":0,"menu_order":0,"comment_status":"closed","ping_status":"closed","template":"","meta":{"_acf_changed":false,"_uag_custom_page_level_css":"","footnotes":""},"class_list":["post-1123","page","type-page","status-publish","hentry"],"acf":[],"featured_image_src":null,"uagb_featured_image_src":{"full":false,"thumbnail":false,"medium":false,"medium_large":false,"large":false,"1536x1536":false,"2048x2048":false,"noticias-thumb":false,"banners-thumb":false,"maisnoticias-thumb":false,"post-thumbnail":false},"uagb_author_info":{"display_name":"Andrea Jankoski","author_link":"https:\/\/saude.ufpr.br\/bdh\/author\/andrea\/"},"uagb_comment_info":0,"uagb_excerpt":"\u00a0 O Biobanco de Dentes Humanos vinculado ao curso de Odontologia da Universidade Federal do Paran\u00e1 (BDH-UFPR) \u00e9 o \u00f3rg\u00e3o, sem fins lucrativos, respons\u00e1vel pela coleta, limpeza, esteriliza\u00e7\u00e3o, sele\u00e7\u00e3o, armazenamento, documenta\u00e7\u00e3o e empr\u00e9stimo de dentes humanos extra\u00eddos, cedidos voluntariamente por pacientes submetidos \u00e0 exodontias, mediante a assinatura de um Termo de Consentimento Livre e Esclarecido&hellip;","publishpress_future_action":{"enabled":false,"date":"2026-05-02 08:05:23","action":"change-status","newStatus":"draft","terms":[],"taxonomy":"","extraData":[]},"publishpress_future_workflow_manual_trigger":{"enabledWorkflows":[]},"_links":{"self":[{"href":"https:\/\/saude.ufpr.br\/bdh\/wp-json\/wp\/v2\/pages\/1123","targetHints":{"allow":["GET"]}}],"collection":[{"href":"https:\/\/saude.ufpr.br\/bdh\/wp-json\/wp\/v2\/pages"}],"about":[{"href":"https:\/\/saude.ufpr.br\/bdh\/wp-json\/wp\/v2\/types\/page"}],"author":[{"embeddable":true,"href":"https:\/\/saude.ufpr.br\/bdh\/wp-json\/wp\/v2\/users\/15"}],"replies":[{"embeddable":true,"href":"https:\/\/saude.ufpr.br\/bdh\/wp-json\/wp\/v2\/comments?post=1123"}],"version-history":[{"count":62,"href":"https:\/\/saude.ufpr.br\/bdh\/wp-json\/wp\/v2\/pages\/1123\/revisions"}],"predecessor-version":[{"id":1540,"href":"https:\/\/saude.ufpr.br\/bdh\/wp-json\/wp\/v2\/pages\/1123\/revisions\/1540"}],"wp:attachment":[{"href":"https:\/\/saude.ufpr.br\/bdh\/wp-json\/wp\/v2\/media?parent=1123"}],"curies":[{"name":"wp","href":"https:\/\/api.w.org\/{rel}","templated":true}]}}