{"id":1125,"date":"2020-07-22T12:35:55","date_gmt":"2020-07-22T12:35:55","guid":{"rendered":"https:\/\/saude.ufpr.br\/bdh\/?page_id=1125"},"modified":"2021-03-15T11:56:18","modified_gmt":"2021-03-15T11:56:18","slug":"galeria-de-fotos","status":"publish","type":"page","link":"https:\/\/saude.ufpr.br\/bdh\/galeria-de-fotos\/","title":{"rendered":"Galeria de Fotos"},"content":{"rendered":"<h5><span style=\"color: #ff0000\">[P\u00c1GINA EM CONSTRU\u00c7\u00c3O]<\/span><\/h5>\n<p>&nbsp;<\/p>\n<h5>Estrutura F\u00edsica<\/h5>\n<hr \/>\n\n\t\t<style type=\"text\/css\">\n\t\t\t#gallery-1 {\n\t\t\t\tmargin: auto;\n\t\t\t}\n\t\t\t#gallery-1 .gallery-item {\n\t\t\t\tfloat: left;\n\t\t\t\tmargin-top: 10px;\n\t\t\t\ttext-align: center;\n\t\t\t\twidth: 33%;\n\t\t\t}\n\t\t\t#gallery-1 img {\n\t\t\t\tborder: 2px solid #cfcfcf;\n\t\t\t}\n\t\t\t#gallery-1 .gallery-caption {\n\t\t\t\tmargin-left: 0;\n\t\t\t}\n\t\t\t\/* see gallery_shortcode() in wp-includes\/media.php *\/\n\t\t<\/style>\n\t\t<div id='gallery-1' class='gallery galleryid-1125 gallery-columns-3 gallery-size-thumbnail'><dl class='gallery-item'>\n\t\t\t<dt class='gallery-icon landscape'>\n\t\t\t\t<a href='https:\/\/saude.ufpr.br\/bdh\/galeria-de-fotos\/esterilizacao-de-dentes\/'><img decoding=\"async\" width=\"150\" height=\"150\" src=\"https:\/\/saude.ufpr.br\/bdh\/wp-content\/uploads\/sites\/49\/2020\/12\/Esterilizacao-de-Dentes-150x150.jpg\" class=\"attachment-thumbnail size-thumbnail\" alt=\"\" \/><\/a>\n\t\t\t<\/dt><\/dl><dl class='gallery-item'>\n\t\t\t<dt class='gallery-icon landscape'>\n\t\t\t\t<a href='https:\/\/saude.ufpr.br\/bdh\/galeria-de-fotos\/bancada-de-limpeza-de-dentes\/'><img decoding=\"async\" width=\"150\" height=\"150\" src=\"https:\/\/saude.ufpr.br\/bdh\/wp-content\/uploads\/sites\/49\/2020\/12\/Bancada-de-Limpeza-de-Dentes-150x150.jpg\" class=\"attachment-thumbnail size-thumbnail\" alt=\"\" \/><\/a>\n\t\t\t<\/dt><\/dl><dl class='gallery-item'>\n\t\t\t<dt class='gallery-icon portrait'>\n\t\t\t\t<a href='https:\/\/saude.ufpr.br\/bdh\/galeria-de-fotos\/bancada-de-limpeza-de-dentes-2\/'><img decoding=\"async\" width=\"150\" height=\"150\" src=\"https:\/\/saude.ufpr.br\/bdh\/wp-content\/uploads\/sites\/49\/2020\/12\/Bancada-de-Limpeza-de-Dentes-2-150x150.jpg\" class=\"attachment-thumbnail size-thumbnail\" alt=\"\" \/><\/a>\n\t\t\t<\/dt><\/dl><br style=\"clear: both\" \/>\n\t\t<\/div>\n\n<h5><\/h5>\n<h5>Armazenamento<\/h5>\n<hr \/>\n\n\t\t<style type=\"text\/css\">\n\t\t\t#gallery-2 {\n\t\t\t\tmargin: auto;\n\t\t\t}\n\t\t\t#gallery-2 .gallery-item {\n\t\t\t\tfloat: left;\n\t\t\t\tmargin-top: 10px;\n\t\t\t\ttext-align: center;\n\t\t\t\twidth: 33%;\n\t\t\t}\n\t\t\t#gallery-2 img {\n\t\t\t\tborder: 2px solid #cfcfcf;\n\t\t\t}\n\t\t\t#gallery-2 .gallery-caption {\n\t\t\t\tmargin-left: 0;\n\t\t\t}\n\t\t\t\/* see gallery_shortcode() in wp-includes\/media.php *\/\n\t\t<\/style>\n\t\t<div id='gallery-2' class='gallery galleryid-1125 gallery-columns-3 gallery-size-thumbnail'><dl class='gallery-item'>\n\t\t\t<dt class='gallery-icon landscape'>\n\t\t\t\t<a href='https:\/\/saude.ufpr.br\/bdh\/galeria-de-fotos\/dentes-nao-rastreaveis-armazenados-a-seco\/'><img loading=\"lazy\" decoding=\"async\" width=\"150\" height=\"150\" src=\"https:\/\/saude.ufpr.br\/bdh\/wp-content\/uploads\/sites\/49\/2020\/12\/Dentes-Nao-Rastreaveis-Armazenados-a-Seco-150x150.jpg\" class=\"attachment-thumbnail size-thumbnail\" alt=\"\" \/><\/a>\n\t\t\t<\/dt><\/dl><dl class='gallery-item'>\n\t\t\t<dt class='gallery-icon landscape'>\n\t\t\t\t<a href='https:\/\/saude.ufpr.br\/bdh\/galeria-de-fotos\/classificacao-de-dentes-nao-rastreaveis\/'><img loading=\"lazy\" decoding=\"async\" width=\"150\" height=\"150\" src=\"https:\/\/saude.ufpr.br\/bdh\/wp-content\/uploads\/sites\/49\/2020\/12\/Classificacao-de-Dentes-Nao-Rastreaveis-150x150.jpg\" class=\"attachment-thumbnail size-thumbnail\" alt=\"\" \/><\/a>\n\t\t\t<\/dt><\/dl><dl class='gallery-item'>\n\t\t\t<dt class='gallery-icon portrait'>\n\t\t\t\t<a href='https:\/\/saude.ufpr.br\/bdh\/galeria-de-fotos\/armazenamento-dentes-nao-rastreaveis\/'><img loading=\"lazy\" decoding=\"async\" width=\"150\" height=\"150\" src=\"https:\/\/saude.ufpr.br\/bdh\/wp-content\/uploads\/sites\/49\/2020\/12\/Armazenamento-Dentes-Nao-Rastreaveis-150x150.jpg\" class=\"attachment-thumbnail size-thumbnail\" alt=\"\" \/><\/a>\n\t\t\t<\/dt><\/dl><br style=\"clear: both\" \/>\n\t\t<\/div>\n\n<h5><\/h5>\n<h5>Projeto Dente Presente<\/h5>\n<hr \/>\n\n\t\t<style type=\"text\/css\">\n\t\t\t#gallery-3 {\n\t\t\t\tmargin: auto;\n\t\t\t}\n\t\t\t#gallery-3 .gallery-item {\n\t\t\t\tfloat: left;\n\t\t\t\tmargin-top: 10px;\n\t\t\t\ttext-align: center;\n\t\t\t\twidth: 33%;\n\t\t\t}\n\t\t\t#gallery-3 img {\n\t\t\t\tborder: 2px solid #cfcfcf;\n\t\t\t}\n\t\t\t#gallery-3 .gallery-caption {\n\t\t\t\tmargin-left: 0;\n\t\t\t}\n\t\t\t\/* see gallery_shortcode() in wp-includes\/media.php *\/\n\t\t<\/style>\n\t\t<div id='gallery-3' class='gallery galleryid-1125 gallery-columns-3 gallery-size-thumbnail'><dl class='gallery-item'>\n\t\t\t<dt class='gallery-icon landscape'>\n\t\t\t\t<a href='https:\/\/saude.ufpr.br\/bdh\/galeria-de-fotos\/concientizacao-sobre-doacao-de-dentes-deciduos\/'><img loading=\"lazy\" decoding=\"async\" width=\"150\" height=\"150\" src=\"https:\/\/saude.ufpr.br\/bdh\/wp-content\/uploads\/sites\/49\/2020\/12\/Concientizacao-sobre-doacao-de-dentes-deciduos-150x150.jpg\" class=\"attachment-thumbnail size-thumbnail\" alt=\"\" \/><\/a>\n\t\t\t<\/dt><\/dl><dl class='gallery-item'>\n\t\t\t<dt class='gallery-icon landscape'>\n\t\t\t\t<a href='https:\/\/saude.ufpr.br\/bdh\/galeria-de-fotos\/escola-municipal-madre-antonia\/'><img loading=\"lazy\" decoding=\"async\" width=\"150\" height=\"150\" src=\"https:\/\/saude.ufpr.br\/bdh\/wp-content\/uploads\/sites\/49\/2020\/12\/Escola-Municipal-Madre-Antonia-150x150.jpg\" class=\"attachment-thumbnail size-thumbnail\" alt=\"\" \/><\/a>\n\t\t\t<\/dt><\/dl><dl class='gallery-item'>\n\t\t\t<dt class='gallery-icon landscape'>\n\t\t\t\t<a href='https:\/\/saude.ufpr.br\/bdh\/galeria-de-fotos\/atividade-ludica-sobre-saude-bucal\/'><img loading=\"lazy\" decoding=\"async\" width=\"150\" height=\"150\" src=\"https:\/\/saude.ufpr.br\/bdh\/wp-content\/uploads\/sites\/49\/2020\/12\/Atividade-Ludica-sobre-Saude-Bucal-150x150.jpeg\" class=\"attachment-thumbnail size-thumbnail\" alt=\"\" \/><\/a>\n\t\t\t<\/dt><\/dl><br style=\"clear: both\" \/>\n\t\t<\/div>\n\n","protected":false},"excerpt":{"rendered":"<p>[P\u00c1GINA EM CONSTRU\u00c7\u00c3O] &nbsp; Estrutura F\u00edsica Armazenamento Projeto Dente Presente<\/p>\n","protected":false},"author":15,"featured_media":0,"parent":0,"menu_order":0,"comment_status":"closed","ping_status":"closed","template":"","meta":{"_acf_changed":false,"_uag_custom_page_level_css":"","footnotes":""},"class_list":["post-1125","page","type-page","status-publish","hentry"],"acf":[],"featured_image_src":null,"uagb_featured_image_src":{"full":false,"thumbnail":false,"medium":false,"medium_large":false,"large":false,"1536x1536":false,"2048x2048":false,"noticias-thumb":false,"banners-thumb":false,"maisnoticias-thumb":false,"post-thumbnail":false},"uagb_author_info":{"display_name":"Andrea Jankoski","author_link":"https:\/\/saude.ufpr.br\/bdh\/author\/andrea\/"},"uagb_comment_info":0,"uagb_excerpt":"[P\u00c1GINA EM CONSTRU\u00c7\u00c3O] &nbsp; Estrutura F\u00edsica Armazenamento Projeto Dente Presente","publishpress_future_action":{"enabled":false,"date":"2026-04-12 19:44:02","action":"change-status","newStatus":"draft","terms":[],"taxonomy":"","extraData":[]},"publishpress_future_workflow_manual_trigger":{"enabledWorkflows":[]},"_links":{"self":[{"href":"https:\/\/saude.ufpr.br\/bdh\/wp-json\/wp\/v2\/pages\/1125","targetHints":{"allow":["GET"]}}],"collection":[{"href":"https:\/\/saude.ufpr.br\/bdh\/wp-json\/wp\/v2\/pages"}],"about":[{"href":"https:\/\/saude.ufpr.br\/bdh\/wp-json\/wp\/v2\/types\/page"}],"author":[{"embeddable":true,"href":"https:\/\/saude.ufpr.br\/bdh\/wp-json\/wp\/v2\/users\/15"}],"replies":[{"embeddable":true,"href":"https:\/\/saude.ufpr.br\/bdh\/wp-json\/wp\/v2\/comments?post=1125"}],"version-history":[{"count":20,"href":"https:\/\/saude.ufpr.br\/bdh\/wp-json\/wp\/v2\/pages\/1125\/revisions"}],"predecessor-version":[{"id":1690,"href":"https:\/\/saude.ufpr.br\/bdh\/wp-json\/wp\/v2\/pages\/1125\/revisions\/1690"}],"wp:attachment":[{"href":"https:\/\/saude.ufpr.br\/bdh\/wp-json\/wp\/v2\/media?parent=1125"}],"curies":[{"name":"wp","href":"https:\/\/api.w.org\/{rel}","templated":true}]}}