{"id":1137,"date":"2020-07-22T12:46:27","date_gmt":"2020-07-22T12:46:27","guid":{"rendered":"https:\/\/saude.ufpr.br\/bdh\/?page_id=1137"},"modified":"2023-08-14T16:04:13","modified_gmt":"2023-08-14T16:04:13","slug":"captacao-interna","status":"publish","type":"page","link":"https:\/\/saude.ufpr.br\/bdh\/captacao-interna\/","title":{"rendered":"Cl\u00ednicas UFPR"},"content":{"rendered":"<p>A principal fonte de capta\u00e7\u00e3o de dentes para o BDH-UFPR s\u00e3o as cl\u00ednicas do curso de Odontologia da Universidade Federal do Paran\u00e1. Todos os pacientes submetidos a exodontias s\u00e3o informados sobre a possibilidade de doarem seus \u00f3rg\u00e3os dent\u00e1rios e assim contribuir para a forma\u00e7\u00e3o de novos profissionais dentistas, bem como para avan\u00e7os cient\u00edficos oriundos de pesquisas realizadas com os \u00f3rg\u00e3os doados.<\/p>\n<p>Os pacientes que concordarem com a doa\u00e7\u00e3o devem preencher o <a href=\"https:\/\/saude.ufpr.br\/bdh\/wp-content\/uploads\/sites\/49\/2023\/08\/TCLE-rev_2023_v7-1.pdf\" target=\"_blank\" rel=\"noopener\">Termo de Consentimento Livre e Esclarecido (TCLE)<\/a> que \u00e9 fornecido pelo respons\u00e1vel do atendimento. Os dentes doados oriundos das Cl\u00ednicas da UFPR podem ser classificados como Dentes Rastre\u00e1veis, ou seja, \u00e9 poss\u00edvel o rastreio das informa\u00e7\u00f5es contidas no prontu\u00e1rio do paciente e relacion\u00e1-las aos \u00f3rg\u00e3os doados. Dessa forma, os dentes rastre\u00e1veis s\u00e3o\u00a0 reservados para pesquisas cient\u00edficas que possam vir a correlacionar dados de sa\u00fade dos pacientes com suas manifesta\u00e7\u00f5es dent\u00e1rias.<\/p>\n","protected":false},"excerpt":{"rendered":"<p>A principal fonte de capta\u00e7\u00e3o de dentes para o BDH-UFPR s\u00e3o as cl\u00ednicas do curso de Odontologia da Universidade Federal do Paran\u00e1. Todos os pacientes submetidos a exodontias s\u00e3o informados sobre a possibilidade de doarem seus \u00f3rg\u00e3os dent\u00e1rios e assim contribuir para a forma\u00e7\u00e3o de novos profissionais dentistas, bem como para avan\u00e7os cient\u00edficos oriundos de<br \/> <a href=\"https:\/\/saude.ufpr.br\/bdh\/captacao-interna\/\" class=\"button success small readmore\">Leia mais<\/a><\/p>\n","protected":false},"author":15,"featured_media":0,"parent":0,"menu_order":0,"comment_status":"closed","ping_status":"closed","template":"","meta":{"_acf_changed":false,"_uag_custom_page_level_css":"","footnotes":""},"class_list":["post-1137","page","type-page","status-publish","hentry"],"acf":[],"featured_image_src":null,"uagb_featured_image_src":{"full":false,"thumbnail":false,"medium":false,"medium_large":false,"large":false,"1536x1536":false,"2048x2048":false,"noticias-thumb":false,"banners-thumb":false,"maisnoticias-thumb":false,"post-thumbnail":false},"uagb_author_info":{"display_name":"Andrea Jankoski","author_link":"https:\/\/saude.ufpr.br\/bdh\/author\/andrea\/"},"uagb_comment_info":0,"uagb_excerpt":"A principal fonte de capta\u00e7\u00e3o de dentes para o BDH-UFPR s\u00e3o as cl\u00ednicas do curso de Odontologia da Universidade Federal do Paran\u00e1. Todos os pacientes submetidos a exodontias s\u00e3o informados sobre a possibilidade de doarem seus \u00f3rg\u00e3os dent\u00e1rios e assim contribuir para a forma\u00e7\u00e3o de novos profissionais dentistas, bem como para avan\u00e7os cient\u00edficos oriundos de&hellip;","publishpress_future_action":{"enabled":false,"date":"2026-05-02 19:32:26","action":"change-status","newStatus":"draft","terms":[],"taxonomy":"","extraData":[]},"publishpress_future_workflow_manual_trigger":{"enabledWorkflows":[]},"_links":{"self":[{"href":"https:\/\/saude.ufpr.br\/bdh\/wp-json\/wp\/v2\/pages\/1137","targetHints":{"allow":["GET"]}}],"collection":[{"href":"https:\/\/saude.ufpr.br\/bdh\/wp-json\/wp\/v2\/pages"}],"about":[{"href":"https:\/\/saude.ufpr.br\/bdh\/wp-json\/wp\/v2\/types\/page"}],"author":[{"embeddable":true,"href":"https:\/\/saude.ufpr.br\/bdh\/wp-json\/wp\/v2\/users\/15"}],"replies":[{"embeddable":true,"href":"https:\/\/saude.ufpr.br\/bdh\/wp-json\/wp\/v2\/comments?post=1137"}],"version-history":[{"count":10,"href":"https:\/\/saude.ufpr.br\/bdh\/wp-json\/wp\/v2\/pages\/1137\/revisions"}],"predecessor-version":[{"id":1958,"href":"https:\/\/saude.ufpr.br\/bdh\/wp-json\/wp\/v2\/pages\/1137\/revisions\/1958"}],"wp:attachment":[{"href":"https:\/\/saude.ufpr.br\/bdh\/wp-json\/wp\/v2\/media?parent=1137"}],"curies":[{"name":"wp","href":"https:\/\/api.w.org\/{rel}","templated":true}]}}