{"id":1145,"date":"2020-07-22T12:47:15","date_gmt":"2020-07-22T12:47:15","guid":{"rendered":"https:\/\/saude.ufpr.br\/bdh\/?page_id=1145"},"modified":"2025-01-27T13:29:52","modified_gmt":"2025-01-27T13:29:52","slug":"disciplinas-odontologia-ufpr","status":"publish","type":"page","link":"https:\/\/saude.ufpr.br\/bdh\/disciplinas-odontologia-ufpr\/","title":{"rendered":"Disciplinas Odontologia-UFPR"},"content":{"rendered":"<p style=\"text-align: center;padding-left: 0px\"><img fetchpriority=\"high\" decoding=\"async\" class=\"aligncenter wp-image-1461 size-large\" src=\"https:\/\/saude.ufpr.br\/bdh\/wp-content\/uploads\/sites\/49\/2020\/11\/alannn.001-e1606954649893-1024x235.png\" alt=\"\" width=\"1024\" height=\"235\" srcset=\"https:\/\/saude.ufpr.br\/bdh\/wp-content\/uploads\/sites\/49\/2020\/11\/alannn.001-e1606954649893-1024x235.png 1024w, https:\/\/saude.ufpr.br\/bdh\/wp-content\/uploads\/sites\/49\/2020\/11\/alannn.001-e1606954649893-300x69.png 300w, https:\/\/saude.ufpr.br\/bdh\/wp-content\/uploads\/sites\/49\/2020\/11\/alannn.001-e1606954649893-768x176.png 768w, https:\/\/saude.ufpr.br\/bdh\/wp-content\/uploads\/sites\/49\/2020\/11\/alannn.001-e1606954649893-1536x353.png 1536w, https:\/\/saude.ufpr.br\/bdh\/wp-content\/uploads\/sites\/49\/2020\/11\/alannn.001-e1606954649893-2048x471.png 2048w\" sizes=\"(max-width: 1024px) 100vw, 1024px\" \/><\/p>\n<p>&nbsp;<\/p>\n<p>Os Dentes N\u00e3o Rastre\u00e1veis, que s\u00e3o armazenados a seco, ficam a disposi\u00e7\u00e3o da comunidade acad\u00eamica da UFPR para uso em aulas pr\u00e1ticas, mediante o preenchimento do <a href=\"https:\/\/saude.ufpr.br\/bdh\/wp-content\/uploads\/sites\/49\/2025\/01\/Termo-de-Emprestimo-Ensino_rev2025.pdf\" target=\"_blank\" rel=\"noopener\">Termo de Empr\u00e9stimo<\/a> (imprimir frente e verso) assinado pelo professor respons\u00e1vel pela disciplina.<\/p>\n<p>Ap\u00f3s a assinatura do Termo de Empr\u00e9stimo pelo professor, o aluno deve realizar agendamento para a sele\u00e7\u00e3o dos dentes requeridos. A sele\u00e7\u00e3o dos dentes ocorre no laborat\u00f3rio do BDH-UFPR, sendo <strong>necess\u00e1rio a utiliza\u00e7\u00e3o de Jaleco e Luvas<\/strong>.<\/p>\n<p>O atendimento para sele\u00e7\u00e3o dos dentes ser\u00e1 realizado exclusivamente atrav\u00e9s de agendamento<span style=\"color: #0000ff\"><span style=\"color: #000000\">.<strong><span style=\"color: #0000ff\"> Agende seu hor\u00e1rio<\/span> <a href=\"https:\/\/herewebook.com\/book\/bdh-ufpr\" target=\"_blank\" rel=\"noopener\">aqui<\/a>.<\/strong> (em caso de d\u00favidas, consulte o <a href=\"https:\/\/saude.ufpr.br\/bdh\/wp-content\/uploads\/sites\/49\/2023\/01\/RESERVA-HORARIO-EMPRESTIMO.pdf\" target=\"_blank\" rel=\"noopener\">tutorial<\/a>).<\/span><\/span><\/p>\n<p>De forma a preservar o acervo disponibilizado pelo BDH-UFPR, o aluno <strong>dever\u00e1 realizar a devolu\u00e7\u00e3o dos dentes emprestados ap\u00f3s o seu uso<\/strong>. Caso haja extravio ou destrui\u00e7\u00e3o dos dentes, o aluno dever\u00e1 captar novas parcerias e fontes de doa\u00e7\u00f5es para o BDH-UFPR.<\/p>\n<p>Alunos que tiverem<span style=\"color: #000000\"> pend\u00eancias <\/span>junto ao BDH-UFPR <span style=\"color: #ff0000\"><strong>n\u00e3o poder\u00e3o realizar novos empr\u00e9stimos<\/strong><\/span> at\u00e9 normalizarem sua situa\u00e7\u00e3o.<\/p>\n<p>OBS.: Dentes captados externamente ao BDH-UFPR podem ser deixados no biobanco para esteriliza\u00e7\u00e3o.<\/p>\n","protected":false},"excerpt":{"rendered":"<p>&nbsp; Os Dentes N\u00e3o Rastre\u00e1veis, que s\u00e3o armazenados a seco, ficam a disposi\u00e7\u00e3o da comunidade acad\u00eamica da UFPR para uso em aulas pr\u00e1ticas, mediante o preenchimento do Termo de Empr\u00e9stimo (imprimir frente e verso) assinado pelo professor respons\u00e1vel pela disciplina. Ap\u00f3s a assinatura do Termo de Empr\u00e9stimo pelo professor, o aluno deve realizar agendamento para<br \/> <a href=\"https:\/\/saude.ufpr.br\/bdh\/disciplinas-odontologia-ufpr\/\" class=\"button success small readmore\">Leia mais<\/a><\/p>\n","protected":false},"author":15,"featured_media":0,"parent":0,"menu_order":0,"comment_status":"closed","ping_status":"closed","template":"","meta":{"_acf_changed":false,"_uag_custom_page_level_css":"","footnotes":""},"class_list":["post-1145","page","type-page","status-publish","hentry"],"acf":[],"featured_image_src":null,"uagb_featured_image_src":{"full":false,"thumbnail":false,"medium":false,"medium_large":false,"large":false,"1536x1536":false,"2048x2048":false,"noticias-thumb":false,"banners-thumb":false,"maisnoticias-thumb":false,"post-thumbnail":false},"uagb_author_info":{"display_name":"Andrea Jankoski","author_link":"https:\/\/saude.ufpr.br\/bdh\/author\/andrea\/"},"uagb_comment_info":0,"uagb_excerpt":"&nbsp; Os Dentes N\u00e3o Rastre\u00e1veis, que s\u00e3o armazenados a seco, ficam a disposi\u00e7\u00e3o da comunidade acad\u00eamica da UFPR para uso em aulas pr\u00e1ticas, mediante o preenchimento do Termo de Empr\u00e9stimo (imprimir frente e verso) assinado pelo professor respons\u00e1vel pela disciplina. Ap\u00f3s a assinatura do Termo de Empr\u00e9stimo pelo professor, o aluno deve realizar agendamento para&hellip;","publishpress_future_action":{"enabled":false,"date":"2026-05-02 23:11:55","action":"change-status","newStatus":"draft","terms":[],"taxonomy":"","extraData":[]},"publishpress_future_workflow_manual_trigger":{"enabledWorkflows":[]},"_links":{"self":[{"href":"https:\/\/saude.ufpr.br\/bdh\/wp-json\/wp\/v2\/pages\/1145","targetHints":{"allow":["GET"]}}],"collection":[{"href":"https:\/\/saude.ufpr.br\/bdh\/wp-json\/wp\/v2\/pages"}],"about":[{"href":"https:\/\/saude.ufpr.br\/bdh\/wp-json\/wp\/v2\/types\/page"}],"author":[{"embeddable":true,"href":"https:\/\/saude.ufpr.br\/bdh\/wp-json\/wp\/v2\/users\/15"}],"replies":[{"embeddable":true,"href":"https:\/\/saude.ufpr.br\/bdh\/wp-json\/wp\/v2\/comments?post=1145"}],"version-history":[{"count":33,"href":"https:\/\/saude.ufpr.br\/bdh\/wp-json\/wp\/v2\/pages\/1145\/revisions"}],"predecessor-version":[{"id":2041,"href":"https:\/\/saude.ufpr.br\/bdh\/wp-json\/wp\/v2\/pages\/1145\/revisions\/2041"}],"wp:attachment":[{"href":"https:\/\/saude.ufpr.br\/bdh\/wp-json\/wp\/v2\/media?parent=1145"}],"curies":[{"name":"wp","href":"https:\/\/api.w.org\/{rel}","templated":true}]}}