{"id":1147,"date":"2020-07-22T12:47:27","date_gmt":"2020-07-22T12:47:27","guid":{"rendered":"https:\/\/saude.ufpr.br\/bdh\/?page_id=1147"},"modified":"2024-05-06T14:04:29","modified_gmt":"2024-05-06T14:04:29","slug":"pesquisas-academicas","status":"publish","type":"page","link":"https:\/\/saude.ufpr.br\/bdh\/pesquisas-academicas\/","title":{"rendered":"Pesquisas Acad\u00eamicas"},"content":{"rendered":"<h4><img fetchpriority=\"high\" decoding=\"async\" class=\"alignnone wp-image-1589 size-full\" src=\"https:\/\/saude.ufpr.br\/bdh\/wp-content\/uploads\/sites\/49\/2020\/12\/fluxo-pesquisa.001-e1607557656184.png\" alt=\"\" width=\"3508\" height=\"815\" srcset=\"https:\/\/saude.ufpr.br\/bdh\/wp-content\/uploads\/sites\/49\/2020\/12\/fluxo-pesquisa.001-e1607557656184.png 3508w, https:\/\/saude.ufpr.br\/bdh\/wp-content\/uploads\/sites\/49\/2020\/12\/fluxo-pesquisa.001-e1607557656184-300x70.png 300w, https:\/\/saude.ufpr.br\/bdh\/wp-content\/uploads\/sites\/49\/2020\/12\/fluxo-pesquisa.001-e1607557656184-1024x238.png 1024w, https:\/\/saude.ufpr.br\/bdh\/wp-content\/uploads\/sites\/49\/2020\/12\/fluxo-pesquisa.001-e1607557656184-768x178.png 768w, https:\/\/saude.ufpr.br\/bdh\/wp-content\/uploads\/sites\/49\/2020\/12\/fluxo-pesquisa.001-e1607557656184-1536x357.png 1536w, https:\/\/saude.ufpr.br\/bdh\/wp-content\/uploads\/sites\/49\/2020\/12\/fluxo-pesquisa.001-e1607557656184-2048x476.png 2048w\" sizes=\"(max-width: 3508px) 100vw, 3508px\" \/>Etapas para o empr\u00e9stimo:<\/h4>\n<p>1-\u00a0<a href=\"https:\/\/forms.office.com\/Pages\/ResponsePage.aspx?id=ozd7w-Lp-UK8Z0ubc44d8Bkea6yLnzxKvq7OcJa38yFUMTQxUkRQUzg3VThTWTY0UTI4Tjc2WjBFNC4u\" target=\"_blank\" rel=\"noopener noreferrer\">Cadastro de Projeto de Pesquisa<\/a><\/p>\n<p>2- Ap\u00f3s aprova\u00e7\u00e3o do projeto pelo BDH-UFPR , emiss\u00e3o de <a href=\"https:\/\/saude.ufpr.br\/bdh\/wp-content\/uploads\/sites\/49\/2021\/01\/Declarac\u0327a\u0303o-ao-CEP_rev2020.pdf\" target=\"_blank\" rel=\"noopener\">declara\u00e7\u00e3o<\/a> ao Comit\u00ea de \u00c9tica em Pesquisa (CEP) informando da disponibilidade de fornecimento dos dentes requisitados<\/p>\n<p>3- Envio, pelo pesquisador, da Aprova\u00e7\u00e3o pelo CEP (Parecer Consubstanciado) ao BDH-UFPR<\/p>\n<p>4- Sele\u00e7\u00e3o dos dentes no BDH-UFPR<\/p>\n<p>5- Assinatura do <a href=\"https:\/\/saude.ufpr.br\/bdh\/wp-content\/uploads\/sites\/49\/2024\/05\/Termo-de-Emprestimo_Pesquisa_rev2024_v2.pdf\" target=\"_blank\" rel=\"noopener\">Termo De Transfer\u00eancia De Material Biol\u00f3gico<\/a> e cess\u00e3o dos dentes.<\/p>\n<p>&nbsp;<\/p>\n<p><strong><span style=\"color: #ff0000\">IMPORTANTE:<\/span> Obrigatoriedade da indica\u00e7\u00e3o de agradecimento em publica\u00e7\u00f5es<\/strong><\/p>\n<p>Todas as publica\u00e7\u00f5es (artigos, disserta\u00e7\u00f5es, teses&#8230;) realizadas com apoio do BDH-UFPR (cess\u00e3o de \u00f3rg\u00e3os dent\u00e1rios ou infraestrutura) devem obrigatoriamente indicar agradecimento no formato abaixo:<\/p>\n<p><span style=\"text-decoration: underline\">Agradecimentos<\/span><br \/>\nO presente trabalho foi realizado com apoio do Biobanco de Dentes Humanos (BDH-UFPR), parte integrante e indissoci\u00e1vel do Biobanco Institucional da Universidade Federal do Paran\u00e1 (C\u00f3digo B-091\/ CONEP).<\/p>\n<p><span style=\"text-decoration: underline\">Acknowledgments<\/span><br \/>\nThis work has been supported by the Human Teeth Biobank from the Federal University of Paran\u00e1 (BDH-UFPR).<\/p>\n","protected":false},"excerpt":{"rendered":"<p>Etapas para o empr\u00e9stimo: 1-\u00a0Cadastro de Projeto de Pesquisa 2- Ap\u00f3s aprova\u00e7\u00e3o do projeto pelo BDH-UFPR , emiss\u00e3o de declara\u00e7\u00e3o ao Comit\u00ea de \u00c9tica em Pesquisa (CEP) informando da disponibilidade de fornecimento dos dentes requisitados 3- Envio, pelo pesquisador, da Aprova\u00e7\u00e3o pelo CEP (Parecer Consubstanciado) ao BDH-UFPR 4- Sele\u00e7\u00e3o dos dentes no BDH-UFPR 5- Assinatura<br \/> <a href=\"https:\/\/saude.ufpr.br\/bdh\/pesquisas-academicas\/\" class=\"button success small readmore\">Leia mais<\/a><\/p>\n","protected":false},"author":15,"featured_media":0,"parent":0,"menu_order":0,"comment_status":"closed","ping_status":"closed","template":"","meta":{"_acf_changed":false,"_uag_custom_page_level_css":"","footnotes":""},"class_list":["post-1147","page","type-page","status-publish","hentry"],"acf":[],"featured_image_src":null,"uagb_featured_image_src":{"full":false,"thumbnail":false,"medium":false,"medium_large":false,"large":false,"1536x1536":false,"2048x2048":false,"noticias-thumb":false,"banners-thumb":false,"maisnoticias-thumb":false,"post-thumbnail":false},"uagb_author_info":{"display_name":"Andrea Jankoski","author_link":"https:\/\/saude.ufpr.br\/bdh\/author\/andrea\/"},"uagb_comment_info":0,"uagb_excerpt":"Etapas para o empr\u00e9stimo: 1-\u00a0Cadastro de Projeto de Pesquisa 2- Ap\u00f3s aprova\u00e7\u00e3o do projeto pelo BDH-UFPR , emiss\u00e3o de declara\u00e7\u00e3o ao Comit\u00ea de \u00c9tica em Pesquisa (CEP) informando da disponibilidade de fornecimento dos dentes requisitados 3- Envio, pelo pesquisador, da Aprova\u00e7\u00e3o pelo CEP (Parecer Consubstanciado) ao BDH-UFPR 4- Sele\u00e7\u00e3o dos dentes no BDH-UFPR 5- Assinatura&hellip;","publishpress_future_action":{"enabled":false,"date":"2026-05-02 11:57:49","action":"change-status","newStatus":"draft","terms":[],"taxonomy":"","extraData":[]},"publishpress_future_workflow_manual_trigger":{"enabledWorkflows":[]},"_links":{"self":[{"href":"https:\/\/saude.ufpr.br\/bdh\/wp-json\/wp\/v2\/pages\/1147","targetHints":{"allow":["GET"]}}],"collection":[{"href":"https:\/\/saude.ufpr.br\/bdh\/wp-json\/wp\/v2\/pages"}],"about":[{"href":"https:\/\/saude.ufpr.br\/bdh\/wp-json\/wp\/v2\/types\/page"}],"author":[{"embeddable":true,"href":"https:\/\/saude.ufpr.br\/bdh\/wp-json\/wp\/v2\/users\/15"}],"replies":[{"embeddable":true,"href":"https:\/\/saude.ufpr.br\/bdh\/wp-json\/wp\/v2\/comments?post=1147"}],"version-history":[{"count":20,"href":"https:\/\/saude.ufpr.br\/bdh\/wp-json\/wp\/v2\/pages\/1147\/revisions"}],"predecessor-version":[{"id":1990,"href":"https:\/\/saude.ufpr.br\/bdh\/wp-json\/wp\/v2\/pages\/1147\/revisions\/1990"}],"wp:attachment":[{"href":"https:\/\/saude.ufpr.br\/bdh\/wp-json\/wp\/v2\/media?parent=1147"}],"curies":[{"name":"wp","href":"https:\/\/api.w.org\/{rel}","templated":true}]}}