{"id":1153,"date":"2020-07-22T12:47:56","date_gmt":"2020-07-22T12:47:56","guid":{"rendered":"https:\/\/saude.ufpr.br\/bdh\/?page_id=1153"},"modified":"2020-11-12T13:13:15","modified_gmt":"2020-11-12T13:13:15","slug":"seminarios","status":"publish","type":"page","link":"https:\/\/saude.ufpr.br\/bdh\/seminarios\/","title":{"rendered":"Semin\u00e1rios"},"content":{"rendered":"<p>Al\u00e9m de gerir Projetos de Extens\u00e3o, o BDH-UFPR elabora Eventos de Extens\u00e3o, tal como semin\u00e1rios de discuss\u00e3o de artigos com temas relacionados \u00e0 utiliza\u00e7\u00e3o de c\u00e9lulas-tronco na Odontologia. Durante estes eventos alunos, professores, cirurgi\u00f5es-dentistas, bi\u00f3logos, enfermeiros e m\u00e9dicos participam, como apresentadores ou espectadores, da exposi\u00e7\u00e3o e debate de artigos cient\u00edficos. <\/p>\n<p>Os principais temas apresentados pelos acad\u00eamicos e professores s\u00e3o: m\u00e9todos de coleta e criopreserva\u00e7\u00e3o de dentes extra\u00eddos, aplicabilidade de c\u00e9lulas-tronco dent\u00e1rias em testes de biocompatibilidade em materiais dent\u00e1rios, e diferentes protocolos de coleta, cultivo e preserva\u00e7\u00e3o de c\u00e9lulas-tronco dent\u00e1rias. Os alunos, atrav\u00e9s da participa\u00e7\u00e3o no evento, expandem seus conhecimentos e desenvolvem suas habilidades de pesquisa e orat\u00f3ria. <\/p>\n","protected":false},"excerpt":{"rendered":"<p>Al\u00e9m de gerir Projetos de Extens\u00e3o, o BDH-UFPR elabora Eventos de Extens\u00e3o, tal como semin\u00e1rios de discuss\u00e3o de artigos com temas relacionados \u00e0 utiliza\u00e7\u00e3o de c\u00e9lulas-tronco na Odontologia. Durante estes eventos alunos, professores, cirurgi\u00f5es-dentistas, bi\u00f3logos, enfermeiros e m\u00e9dicos participam, como apresentadores ou espectadores, da exposi\u00e7\u00e3o e debate de artigos cient\u00edficos. Os principais temas apresentados pelos<br \/> <a href=\"https:\/\/saude.ufpr.br\/bdh\/seminarios\/\" class=\"button success small readmore\">Leia mais<\/a><\/p>\n","protected":false},"author":15,"featured_media":0,"parent":0,"menu_order":0,"comment_status":"closed","ping_status":"closed","template":"","meta":{"_acf_changed":false,"_uag_custom_page_level_css":"","footnotes":""},"class_list":["post-1153","page","type-page","status-publish","hentry"],"acf":[],"featured_image_src":null,"uagb_featured_image_src":{"full":false,"thumbnail":false,"medium":false,"medium_large":false,"large":false,"1536x1536":false,"2048x2048":false,"noticias-thumb":false,"banners-thumb":false,"maisnoticias-thumb":false,"post-thumbnail":false},"uagb_author_info":{"display_name":"Andrea Jankoski","author_link":"https:\/\/saude.ufpr.br\/bdh\/author\/andrea\/"},"uagb_comment_info":0,"uagb_excerpt":"Al\u00e9m de gerir Projetos de Extens\u00e3o, o BDH-UFPR elabora Eventos de Extens\u00e3o, tal como semin\u00e1rios de discuss\u00e3o de artigos com temas relacionados \u00e0 utiliza\u00e7\u00e3o de c\u00e9lulas-tronco na Odontologia. Durante estes eventos alunos, professores, cirurgi\u00f5es-dentistas, bi\u00f3logos, enfermeiros e m\u00e9dicos participam, como apresentadores ou espectadores, da exposi\u00e7\u00e3o e debate de artigos cient\u00edficos. Os principais temas apresentados pelos&hellip;","publishpress_future_action":{"enabled":false,"date":"2026-05-02 14:26:19","action":"change-status","newStatus":"draft","terms":[],"taxonomy":"","extraData":[]},"publishpress_future_workflow_manual_trigger":{"enabledWorkflows":[]},"_links":{"self":[{"href":"https:\/\/saude.ufpr.br\/bdh\/wp-json\/wp\/v2\/pages\/1153","targetHints":{"allow":["GET"]}}],"collection":[{"href":"https:\/\/saude.ufpr.br\/bdh\/wp-json\/wp\/v2\/pages"}],"about":[{"href":"https:\/\/saude.ufpr.br\/bdh\/wp-json\/wp\/v2\/types\/page"}],"author":[{"embeddable":true,"href":"https:\/\/saude.ufpr.br\/bdh\/wp-json\/wp\/v2\/users\/15"}],"replies":[{"embeddable":true,"href":"https:\/\/saude.ufpr.br\/bdh\/wp-json\/wp\/v2\/comments?post=1153"}],"version-history":[{"count":2,"href":"https:\/\/saude.ufpr.br\/bdh\/wp-json\/wp\/v2\/pages\/1153\/revisions"}],"predecessor-version":[{"id":1388,"href":"https:\/\/saude.ufpr.br\/bdh\/wp-json\/wp\/v2\/pages\/1153\/revisions\/1388"}],"wp:attachment":[{"href":"https:\/\/saude.ufpr.br\/bdh\/wp-json\/wp\/v2\/media?parent=1153"}],"curies":[{"name":"wp","href":"https:\/\/api.w.org\/{rel}","templated":true}]}}