{"id":1155,"date":"2020-07-22T12:48:04","date_gmt":"2020-07-22T12:48:04","guid":{"rendered":"https:\/\/saude.ufpr.br\/bdh\/?page_id=1155"},"modified":"2020-11-12T13:26:34","modified_gmt":"2020-11-12T13:26:34","slug":"oficinas","status":"publish","type":"page","link":"https:\/\/saude.ufpr.br\/bdh\/oficinas\/","title":{"rendered":"Oficinas"},"content":{"rendered":"<p><span class=\"TextRun SCXW203598302 BCX0\" lang=\"PT-BR\" xml:lang=\"PT-BR\" data-contrast=\"none\"><span class=\"NormalTextRun SCXW203598302 BCX0\">O BDH-UFPR<\/span><\/span><span class=\"TrackChangeTextDeletion TrackedChange SCXW203598302 BCX0\"><span class=\"TextRun SCXW203598302 BCX0\" lang=\"PT-BR\" xml:lang=\"PT-BR\" data-contrast=\"none\"><span class=\"NormalTextRun SCXW203598302 BCX0\">\u00a0<\/span><\/span><\/span><span class=\"TrackChangeTextInsertion TrackedChange SCXW203598302 BCX0\"><span class=\"TextRun SCXW203598302 BCX0\" lang=\"PT-BR\" xml:lang=\"PT-BR\" data-contrast=\"none\"><span class=\"NormalTextRun SCXW203598302 BCX0\">promove<\/span><\/span><\/span><span class=\"TextRun SCXW203598302 BCX0\" lang=\"PT-BR\" xml:lang=\"PT-BR\" data-contrast=\"none\"><span class=\"NormalTextRun SCXW203598302 BCX0\">\u00a0Eventos de Extens\u00e3o<\/span><\/span><span class=\"TextRun SCXW203598302 BCX0\" lang=\"PT-BR\" xml:lang=\"PT-BR\" data-contrast=\"none\"><span class=\"NormalTextRun SCXW203598302 BCX0\">, tais como <\/span><\/span><span class=\"TextRun SCXW203598302 BCX0\" lang=\"PT-BR\" xml:lang=\"PT-BR\" data-contrast=\"none\"><span class=\"NormalTextRun SCXW203598302 BCX0\">O<\/span><\/span><span class=\"TextRun SCXW203598302 BCX0\" lang=\"PT-BR\" xml:lang=\"PT-BR\" data-contrast=\"none\"><span class=\"NormalTextRun SCXW203598302 BCX0\">ficinas de\u00a0<\/span><\/span><span class=\"TextRun SCXW203598302 BCX0\" lang=\"PT-BR\" xml:lang=\"PT-BR\" data-contrast=\"none\"><span class=\"NormalTextRun SCXW203598302 BCX0\">T<\/span><\/span><span class=\"TextRun SCXW203598302 BCX0\" lang=\"PT-BR\" xml:lang=\"PT-BR\" data-contrast=\"none\"><span class=\"NormalTextRun SCXW203598302 BCX0\">reinamento e\u00a0<\/span><\/span><span class=\"TextRun SCXW203598302 BCX0\" lang=\"PT-BR\" xml:lang=\"PT-BR\" data-contrast=\"none\"><span class=\"NormalTextRun SCXW203598302 BCX0\">C<\/span><\/span><span class=\"TextRun SCXW203598302 BCX0\" lang=\"PT-BR\" xml:lang=\"PT-BR\" data-contrast=\"none\"><span class=\"NormalTextRun SCXW203598302 BCX0\">apacita\u00e7\u00e3o,<\/span><\/span><span class=\"TextRun SCXW203598302 BCX0\" lang=\"PT-BR\" xml:lang=\"PT-BR\" data-contrast=\"none\"><span class=\"NormalTextRun SCXW203598302 BCX0\"> oferecidas <\/span><\/span><span class=\"TextRun SCXW203598302 BCX0\" lang=\"PT-BR\" xml:lang=\"PT-BR\" data-contrast=\"none\"><span class=\"NormalTextRun SCXW203598302 BCX0\">pelo curso de Odontologia da UFPR<\/span><\/span><span class=\"TextRun SCXW203598302 BCX0\" lang=\"PT-BR\" xml:lang=\"PT-BR\" data-contrast=\"none\"><span class=\"NormalTextRun SCXW203598302 BCX0\">. Alguns exemplos de\u00a0<\/span><\/span><span class=\"TextRun SCXW203598302 BCX0\" lang=\"PT-BR\" xml:lang=\"PT-BR\" data-contrast=\"none\"><span class=\"NormalTextRun SCXW203598302 BCX0\">oficinas<\/span><\/span><span class=\"TextRun SCXW203598302 BCX0\" lang=\"PT-BR\" xml:lang=\"PT-BR\" data-contrast=\"none\"><span class=\"NormalTextRun SCXW203598302 BCX0\">\u00a0<\/span><\/span><span class=\"TextRun SCXW203598302 BCX0\" lang=\"PT-BR\" xml:lang=\"PT-BR\" data-contrast=\"none\"><span class=\"NormalTextRun SCXW203598302 BCX0\">realizad<\/span><\/span><span class=\"TextRun SCXW203598302 BCX0\" lang=\"PT-BR\" xml:lang=\"PT-BR\" data-contrast=\"none\"><span class=\"NormalTextRun SCXW203598302 BCX0\">a<\/span><\/span><span class=\"TextRun SCXW203598302 BCX0\" lang=\"PT-BR\" xml:lang=\"PT-BR\" data-contrast=\"none\"><span class=\"NormalTextRun SCXW203598302 BCX0\">s no passado com o aux\u00edlio e\/ou participa\u00e7\u00e3o do BDH-UFPR s\u00e3o: \u201cPreparo radicular e cimenta\u00e7\u00e3o de pinos de fibra de vidro\u201d, \u201cObtura\u00e7\u00e3o de canais radiculares com a t\u00e9cnica h\u00edbrida de\u00a0<\/span><\/span><span class=\"TextRun SCXW203598302 BCX0\" lang=\"PT-BR\" xml:lang=\"PT-BR\" data-contrast=\"none\"><span class=\"SpellingError SCXW203598302 BCX0\">Tagger<\/span><\/span><span class=\"TextRun SCXW203598302 BCX0\" lang=\"PT-BR\" xml:lang=\"PT-BR\" data-contrast=\"none\"><span class=\"NormalTextRun SCXW203598302 BCX0\">\u201d, \u201cRemo\u00e7\u00e3o de n\u00facleos met\u00e1licos fundidos\u201d, al\u00e9m de cess\u00e3o de dentes para workshops da Semana Acad\u00eamica de Odontologia J\u00falio Estrela Moreira (SAOJEM).\u00a0<\/span><\/span><span class=\"EOP SCXW203598302 BCX0\" data-ccp-props=\"{&quot;201341983&quot;:0,&quot;335551550&quot;:6,&quot;335551620&quot;:6,&quot;335559739&quot;:160,&quot;335559740&quot;:259}\">\u00a0<\/span><\/p>\n","protected":false},"excerpt":{"rendered":"<p>O BDH-UFPR\u00a0promove\u00a0Eventos de Extens\u00e3o, tais como Oficinas de\u00a0Treinamento e\u00a0Capacita\u00e7\u00e3o, oferecidas pelo curso de Odontologia da UFPR. Alguns exemplos de\u00a0oficinas\u00a0realizadas no passado com o aux\u00edlio e\/ou participa\u00e7\u00e3o do BDH-UFPR s\u00e3o: \u201cPreparo radicular e cimenta\u00e7\u00e3o de pinos de fibra de vidro\u201d, \u201cObtura\u00e7\u00e3o de canais radiculares com a t\u00e9cnica h\u00edbrida de\u00a0Tagger\u201d, \u201cRemo\u00e7\u00e3o de n\u00facleos met\u00e1licos fundidos\u201d, al\u00e9m de<br \/> <a href=\"https:\/\/saude.ufpr.br\/bdh\/oficinas\/\" class=\"button success small readmore\">Leia mais<\/a><\/p>\n","protected":false},"author":15,"featured_media":0,"parent":0,"menu_order":0,"comment_status":"closed","ping_status":"closed","template":"","meta":{"_acf_changed":false,"_uag_custom_page_level_css":"","footnotes":""},"class_list":["post-1155","page","type-page","status-publish","hentry"],"acf":[],"featured_image_src":null,"uagb_featured_image_src":{"full":false,"thumbnail":false,"medium":false,"medium_large":false,"large":false,"1536x1536":false,"2048x2048":false,"noticias-thumb":false,"banners-thumb":false,"maisnoticias-thumb":false,"post-thumbnail":false},"uagb_author_info":{"display_name":"Andrea Jankoski","author_link":"https:\/\/saude.ufpr.br\/bdh\/author\/andrea\/"},"uagb_comment_info":0,"uagb_excerpt":"O BDH-UFPR\u00a0promove\u00a0Eventos de Extens\u00e3o, tais como Oficinas de\u00a0Treinamento e\u00a0Capacita\u00e7\u00e3o, oferecidas pelo curso de Odontologia da UFPR. Alguns exemplos de\u00a0oficinas\u00a0realizadas no passado com o aux\u00edlio e\/ou participa\u00e7\u00e3o do BDH-UFPR s\u00e3o: \u201cPreparo radicular e cimenta\u00e7\u00e3o de pinos de fibra de vidro\u201d, \u201cObtura\u00e7\u00e3o de canais radiculares com a t\u00e9cnica h\u00edbrida de\u00a0Tagger\u201d, \u201cRemo\u00e7\u00e3o de n\u00facleos met\u00e1licos fundidos\u201d, al\u00e9m de&hellip;","publishpress_future_action":{"enabled":false,"date":"2026-05-02 14:26:20","action":"change-status","newStatus":"draft","terms":[],"taxonomy":"","extraData":[]},"publishpress_future_workflow_manual_trigger":{"enabledWorkflows":[]},"_links":{"self":[{"href":"https:\/\/saude.ufpr.br\/bdh\/wp-json\/wp\/v2\/pages\/1155","targetHints":{"allow":["GET"]}}],"collection":[{"href":"https:\/\/saude.ufpr.br\/bdh\/wp-json\/wp\/v2\/pages"}],"about":[{"href":"https:\/\/saude.ufpr.br\/bdh\/wp-json\/wp\/v2\/types\/page"}],"author":[{"embeddable":true,"href":"https:\/\/saude.ufpr.br\/bdh\/wp-json\/wp\/v2\/users\/15"}],"replies":[{"embeddable":true,"href":"https:\/\/saude.ufpr.br\/bdh\/wp-json\/wp\/v2\/comments?post=1155"}],"version-history":[{"count":3,"href":"https:\/\/saude.ufpr.br\/bdh\/wp-json\/wp\/v2\/pages\/1155\/revisions"}],"predecessor-version":[{"id":1390,"href":"https:\/\/saude.ufpr.br\/bdh\/wp-json\/wp\/v2\/pages\/1155\/revisions\/1390"}],"wp:attachment":[{"href":"https:\/\/saude.ufpr.br\/bdh\/wp-json\/wp\/v2\/media?parent=1155"}],"curies":[{"name":"wp","href":"https:\/\/api.w.org\/{rel}","templated":true}]}}