{"id":1171,"date":"2020-07-22T12:49:25","date_gmt":"2020-07-22T12:49:25","guid":{"rendered":"https:\/\/saude.ufpr.br\/bdh\/?page_id=1171"},"modified":"2021-10-20T12:22:00","modified_gmt":"2021-10-20T12:22:00","slug":"legislacao","status":"publish","type":"page","link":"https:\/\/saude.ufpr.br\/bdh\/legislacao\/","title":{"rendered":"Legisla\u00e7\u00e3o"},"content":{"rendered":"<p>O BDH-UFPR \u00e9 parte integrante e indissoci\u00e1vel do <span style=\"text-decoration: underline\">Biobanco Institucional da Universidade Federal do Paran\u00e1 (C\u00f3digo B-091\/ CONEP)<\/span>, sendo regido a n\u00edvel nacional e local atrav\u00e9s das seguintes diretrizes:<\/p>\n<ul>\n<li>MINIST\u00c9RIO DA SA\u00daDE &#8211; PORTARIA N\u00ba 2.201, DE 14 DE SETEMBRO DE 2011 (<a href=\"http:\/\/conselho.saude.gov.br\/images\/comissoes\/conep\/documentos\/NORMAS-RESOLUCOES\/Portaria_MS_n%C2%BA_2.201_de_2011.pdf\" target=\"_blank\" rel=\"noopener\">link<\/a>)\n<ul>\n<li>Estabelece as Diretrizes Nacionais para Biorreposit\u00f3rio e Biobanco de Material Biol\u00f3gico Humano com Finalidade de Pesquisa<\/li>\n<\/ul>\n<\/li>\n<\/ul>\n<ul>\n<li>CONSELHO NACIONAL DE SA\u00daDE &#8211; RESOLU\u00c7\u00c3O N\u00ba 466, DE 12 DE DEZEMBRO DE 2012 (<a href=\"http:\/\/conselho.saude.gov.br\/resolucoes\/2012\/Reso466.pdf\" target=\"_blank\" rel=\"noopener\">link<\/a>)\n<ul>\n<li>Diretrizes e normas regulamentadoras de pesquisas envolvendo seres humanos<\/li>\n<\/ul>\n<\/li>\n<li>CONSELHO NACIONAL DE SA\u00daDE &#8211; RESOLU\u00c7\u00c3O CNS N\u00ba 441, DE 12 DE MAIO DE 2011 (<a href=\"http:\/\/conselho.saude.gov.br\/resolucoes\/2011\/Reso441.pdf\" target=\"_blank\" rel=\"noopener\">link<\/a>)\n<ul>\n<li>An\u00e1lise \u00e9tica de projetos de pesquisas que envolvam armazenamento de material biol\u00f3gico humano<\/li>\n<\/ul>\n<\/li>\n<\/ul>\n<ul>\n<li>AG\u00caNCIA NACIONAL DE VIGIL\u00c2NCIA SANIT\u00c1RIA &#8211; RESOLU\u00c7\u00c3O DE DIRETORIA COLEGIADA N\u00ba 504, DE 27 DE MAIO DE 2021\u00a0(<a href=\"http:\/\/antigo.anvisa.gov.br\/documents\/10181\/6278627\/RDC_504_2021_.pdf\/2a5ef301-325b-4947-b2fe-c4c25665b9b1\" target=\"_blank\" rel=\"noopener\">link<\/a>)\n<ul>\n<li>Disp\u00f5e sobre as Boas Pr\u00e1ticas para o transporte de material biol\u00f3gico humano<\/li>\n<\/ul>\n<\/li>\n<\/ul>\n<ul>\n<li>UNIVERSIDADE FEDERAL DO PARAN\u00c1 &#8211; CONSELHO DE ENSINO, PESQUISA E EXTENS\u00c3O &#8211; RESOLU\u00c7\u00c3O N\u00ba 40\/12 (<a href=\"https:\/\/saude.ufpr.br\/cometica\/wp-content\/uploads\/sites\/7\/2015\/10\/BIOBANCOcepe4012.pdf\" target=\"_blank\" rel=\"noopener\">link<\/a>)\n<ul>\n<li>Estabelece normas para o armazenamento e utiliza\u00e7\u00e3o de materiais biol\u00f3gicos humanos e informa\u00e7\u00f5es associadas em pesquisa<\/li>\n<\/ul>\n<\/li>\n<\/ul>\n<p>&nbsp;<\/p>\n","protected":false},"excerpt":{"rendered":"<p>O BDH-UFPR \u00e9 parte integrante e indissoci\u00e1vel do Biobanco Institucional da Universidade Federal do Paran\u00e1 (C\u00f3digo B-091\/ CONEP), sendo regido a n\u00edvel nacional e local atrav\u00e9s das seguintes diretrizes: MINIST\u00c9RIO DA SA\u00daDE &#8211; PORTARIA N\u00ba 2.201, DE 14 DE SETEMBRO DE 2011 (link) Estabelece as Diretrizes Nacionais para Biorreposit\u00f3rio e Biobanco de Material Biol\u00f3gico Humano<br \/> <a href=\"https:\/\/saude.ufpr.br\/bdh\/legislacao\/\" class=\"button success small readmore\">Leia mais<\/a><\/p>\n","protected":false},"author":15,"featured_media":0,"parent":0,"menu_order":0,"comment_status":"closed","ping_status":"closed","template":"","meta":{"_acf_changed":false,"_uag_custom_page_level_css":"","footnotes":""},"class_list":["post-1171","page","type-page","status-publish","hentry"],"acf":[],"featured_image_src":null,"uagb_featured_image_src":{"full":false,"thumbnail":false,"medium":false,"medium_large":false,"large":false,"1536x1536":false,"2048x2048":false,"noticias-thumb":false,"banners-thumb":false,"maisnoticias-thumb":false,"post-thumbnail":false},"uagb_author_info":{"display_name":"Andrea Jankoski","author_link":"https:\/\/saude.ufpr.br\/bdh\/author\/andrea\/"},"uagb_comment_info":0,"uagb_excerpt":"O BDH-UFPR \u00e9 parte integrante e indissoci\u00e1vel do Biobanco Institucional da Universidade Federal do Paran\u00e1 (C\u00f3digo B-091\/ CONEP), sendo regido a n\u00edvel nacional e local atrav\u00e9s das seguintes diretrizes: MINIST\u00c9RIO DA SA\u00daDE &#8211; PORTARIA N\u00ba 2.201, DE 14 DE SETEMBRO DE 2011 (link) Estabelece as Diretrizes Nacionais para Biorreposit\u00f3rio e Biobanco de Material Biol\u00f3gico Humano&hellip;","publishpress_future_action":{"enabled":false,"date":"2026-05-02 11:57:49","action":"change-status","newStatus":"draft","terms":[],"taxonomy":"","extraData":[]},"publishpress_future_workflow_manual_trigger":{"enabledWorkflows":[]},"_links":{"self":[{"href":"https:\/\/saude.ufpr.br\/bdh\/wp-json\/wp\/v2\/pages\/1171","targetHints":{"allow":["GET"]}}],"collection":[{"href":"https:\/\/saude.ufpr.br\/bdh\/wp-json\/wp\/v2\/pages"}],"about":[{"href":"https:\/\/saude.ufpr.br\/bdh\/wp-json\/wp\/v2\/types\/page"}],"author":[{"embeddable":true,"href":"https:\/\/saude.ufpr.br\/bdh\/wp-json\/wp\/v2\/users\/15"}],"replies":[{"embeddable":true,"href":"https:\/\/saude.ufpr.br\/bdh\/wp-json\/wp\/v2\/comments?post=1171"}],"version-history":[{"count":13,"href":"https:\/\/saude.ufpr.br\/bdh\/wp-json\/wp\/v2\/pages\/1171\/revisions"}],"predecessor-version":[{"id":1784,"href":"https:\/\/saude.ufpr.br\/bdh\/wp-json\/wp\/v2\/pages\/1171\/revisions\/1784"}],"wp:attachment":[{"href":"https:\/\/saude.ufpr.br\/bdh\/wp-json\/wp\/v2\/media?parent=1171"}],"curies":[{"name":"wp","href":"https:\/\/api.w.org\/{rel}","templated":true}]}}