{"id":1173,"date":"2020-07-22T12:49:35","date_gmt":"2020-07-22T12:49:35","guid":{"rendered":"https:\/\/saude.ufpr.br\/bdh\/?page_id=1173"},"modified":"2024-08-22T12:19:12","modified_gmt":"2024-08-22T12:19:12","slug":"publicacoes","status":"publish","type":"page","link":"https:\/\/saude.ufpr.br\/bdh\/publicacoes\/","title":{"rendered":"Publica\u00e7\u00f5es"},"content":{"rendered":"<h4><span style=\"text-decoration: underline\">Livros<\/span><\/h4>\n<ul>\n<li><a href=\"https:\/\/saude.ufpr.br\/bdh\/livro-infantil-bdh\/\">Em Busca dos Poderes da Fada do Dente<\/a><\/li>\n<\/ul>\n<h4><span style=\"text-decoration: underline\">E-Books<\/span><\/h4>\n<ul>\n<li><a href=\"https:\/\/drive.google.com\/file\/d\/1q1jMyVBUqoHBfPSgJOPScWA2mWewn_7W\/view?usp=sharing\" target=\"_blank\" rel=\"noopener\">Biobanco de Dentes Humanos e sua contribui\u00e7\u00e3o no ensino, pesquisa e extens\u00e3o<\/a><\/li>\n<\/ul>\n<hr \/>\n<h4><span style=\"text-decoration: underline;color: #993366\"><strong>Artigos cient\u00edficos que utilizaram dentes do BDH-UFPR<\/strong><\/span><\/h4>\n<p><strong>Building an isoscape based on tooth enamel for human provenance estimation in Brazil<\/strong>. R. O. Mascarenhas, J. P. Sena-Souza, S. M. Bernasconi, J. A. McKenzie, C. Vasconcelos, T. R. Muniz, M. P. N. Silva, F. A. S. Salvador, A. M. B. Rumbelsperger. Forensic Science International. 2022, v. 330. a. 111109.\u00a0<a href=\"https:\/\/doi.org\/10.1016\/j.forsciint.2021.111109\" target=\"_blank\" rel=\"noopener\">https:\/\/doi.org\/10.1016\/j.forsciint.2021.111109<\/a><\/p>\n<p><strong>Demineralized human dentin matrix for alveolar ridge preservation using a volumetric and histologic analyses in rats.<\/strong>\u00a0G. F. Moraes, R. O. Caetano, F. H. O. Prochnow, Y. M. Pupo, J. L. Schussel, H. O. Schwartz-Filho. Brazilian Dental Journal. 2022, v. 33, pp. 82-91.\u00a0<a href=\"https:\/\/doi.org\/10.1590\/0103-6440202204648\" target=\"_blank\" rel=\"noopener\">https:\/\/doi.org\/10.1590\/0103-6440202204648<\/a><\/p>\n<p><strong>Biological response to lyophilized demineralized dentin matrix implanted in the subcutaneous tissues of rats<\/strong>. F. A. Copelli, A. A. S. Lima, C. C. O. Santos, E. Carneiro, B. C. Cavenago. The Saudi Dental Journal. 2021, v. 33, pp. 441-447.\u00a0<a href=\"https:\/\/doi.org\/10.1016\/j.sdentj.2020.12.005\" target=\"_blank\" rel=\"noopener\">https:\/\/doi.org\/10.1016\/j.sdentj.2020.12.005<\/a><\/p>\n","protected":false},"excerpt":{"rendered":"<p>Livros Em Busca dos Poderes da Fada do Dente E-Books Biobanco de Dentes Humanos e sua contribui\u00e7\u00e3o no ensino, pesquisa e extens\u00e3o Artigos cient\u00edficos que utilizaram dentes do BDH-UFPR Building an isoscape based on tooth enamel for human provenance estimation in Brazil. R. O. Mascarenhas, J. P. Sena-Souza, S. M. Bernasconi, J. A. McKenzie, C.<br \/> <a href=\"https:\/\/saude.ufpr.br\/bdh\/publicacoes\/\" class=\"button success small readmore\">Leia mais<\/a><\/p>\n","protected":false},"author":15,"featured_media":0,"parent":0,"menu_order":0,"comment_status":"closed","ping_status":"closed","template":"","meta":{"_acf_changed":false,"_uag_custom_page_level_css":"","footnotes":""},"class_list":["post-1173","page","type-page","status-publish","hentry"],"acf":[],"featured_image_src":null,"uagb_featured_image_src":{"full":false,"thumbnail":false,"medium":false,"medium_large":false,"large":false,"1536x1536":false,"2048x2048":false,"noticias-thumb":false,"banners-thumb":false,"maisnoticias-thumb":false,"post-thumbnail":false},"uagb_author_info":{"display_name":"Andrea Jankoski","author_link":"https:\/\/saude.ufpr.br\/bdh\/author\/andrea\/"},"uagb_comment_info":0,"uagb_excerpt":"Livros Em Busca dos Poderes da Fada do Dente E-Books Biobanco de Dentes Humanos e sua contribui\u00e7\u00e3o no ensino, pesquisa e extens\u00e3o Artigos cient\u00edficos que utilizaram dentes do BDH-UFPR Building an isoscape based on tooth enamel for human provenance estimation in Brazil. R. O. Mascarenhas, J. P. Sena-Souza, S. M. Bernasconi, J. A. McKenzie, C.&hellip;","publishpress_future_action":{"enabled":false,"date":"2026-05-02 16:57:19","action":"change-status","newStatus":"draft","terms":[],"taxonomy":"","extraData":[]},"publishpress_future_workflow_manual_trigger":{"enabledWorkflows":[]},"_links":{"self":[{"href":"https:\/\/saude.ufpr.br\/bdh\/wp-json\/wp\/v2\/pages\/1173","targetHints":{"allow":["GET"]}}],"collection":[{"href":"https:\/\/saude.ufpr.br\/bdh\/wp-json\/wp\/v2\/pages"}],"about":[{"href":"https:\/\/saude.ufpr.br\/bdh\/wp-json\/wp\/v2\/types\/page"}],"author":[{"embeddable":true,"href":"https:\/\/saude.ufpr.br\/bdh\/wp-json\/wp\/v2\/users\/15"}],"replies":[{"embeddable":true,"href":"https:\/\/saude.ufpr.br\/bdh\/wp-json\/wp\/v2\/comments?post=1173"}],"version-history":[{"count":11,"href":"https:\/\/saude.ufpr.br\/bdh\/wp-json\/wp\/v2\/pages\/1173\/revisions"}],"predecessor-version":[{"id":2022,"href":"https:\/\/saude.ufpr.br\/bdh\/wp-json\/wp\/v2\/pages\/1173\/revisions\/2022"}],"wp:attachment":[{"href":"https:\/\/saude.ufpr.br\/bdh\/wp-json\/wp\/v2\/media?parent=1173"}],"curies":[{"name":"wp","href":"https:\/\/api.w.org\/{rel}","templated":true}]}}