{"id":1175,"date":"2020-07-22T12:52:06","date_gmt":"2020-07-22T12:52:06","guid":{"rendered":"https:\/\/saude.ufpr.br\/bdh\/?page_id=1175"},"modified":"2021-01-21T19:56:50","modified_gmt":"2021-01-21T19:56:50","slug":"procedimentos-operacionais-padrao-pop","status":"publish","type":"page","link":"https:\/\/saude.ufpr.br\/bdh\/procedimentos-operacionais-padrao-pop\/","title":{"rendered":"Procedimentos Operacionais Padr\u00e3o &#8211; POP"},"content":{"rendered":"<p><a href=\"https:\/\/saude.ufpr.br\/bdh\/wp-content\/uploads\/sites\/49\/2021\/01\/POP-01_Coleta-Interna_rev2020.pdf\" target=\"_blank\" rel=\"noopener\"><strong>POP n\u00ba 01 &#8211; <\/strong>COLETA DE DENTES HUMANOS EXTRA\u00cdDOS, RASTRE\u00c1VEIS E N\u00c3O RASTRE\u00c1VEIS, OBTIDOS INTERNAMENTE \u00c0 UFPR<\/a><\/p>\n<p><a href=\"https:\/\/saude.ufpr.br\/bdh\/wp-content\/uploads\/sites\/49\/2021\/01\/POP-02_Coleta-Externa_rev2020.pdf\" target=\"_blank\" rel=\"noopener\"><strong>POP n\u00ba 02 &#8211; <\/strong>COLETA DE DENTES HUMANOS EXTRA\u00cdDOS, N\u00c3O RASTRE\u00c1VEIS, OBTIDOS EXTERNAMENTE \u00c0 UFPR<\/a><\/p>\n<p><a href=\"https:\/\/saude.ufpr.br\/bdh\/wp-content\/uploads\/sites\/49\/2021\/01\/POP-03_Transporte-Interno_rev2020.pdf\" target=\"_blank\" rel=\"noopener\"><strong>POP n\u00ba 03 &#8211; <\/strong>TRANSPORTE DE DENTES HUMANOS EXTRA\u00cdDOS, RASTRE\u00c1VEIS E N\u00c3O RASTRE\u00c1VEIS, OBTIDOS INTERNAMENTE \u00c0 UFPR<\/a><\/p>\n<p><a href=\"https:\/\/saude.ufpr.br\/bdh\/wp-content\/uploads\/sites\/49\/2021\/01\/POP-04_Transporte-Externo_rev2020.pdf\" target=\"_blank\" rel=\"noopener\"><strong>POP n\u00ba 04 &#8211; <\/strong>TRANSPORTE DE DENTES HUMANOS EXTRA\u00cdDOS, N\u00c3O RASTRE\u00c1VEIS, OBTIDOS EXTERNAMENTE \u00c0 UFPR<\/a><\/p>\n<p><a href=\"https:\/\/saude.ufpr.br\/bdh\/wp-content\/uploads\/sites\/49\/2021\/01\/POP-05_Proces-n-rastreaveis_rev2020.pdf\" target=\"_blank\" rel=\"noopener\"><strong>POP n\u00ba 05 &#8211; <\/strong>PROCESSAMENTO, CLASSIFICA\u00c7\u00c3O E ARMAZENAMENTO DE DENTES HUMANOS EXTRA\u00cdDOS E N\u00c3O RASTRE\u00c1VEIS<\/a><\/p>\n<p><a href=\"https:\/\/saude.ufpr.br\/bdh\/wp-content\/uploads\/sites\/49\/2021\/01\/POP-06_Proces-rastreaveis_rev2020.pdf\" target=\"_blank\" rel=\"noopener\"><strong>POP n\u00ba 06 &#8211; <\/strong>PROCESSAMENTO, CLASSIFICA\u00c7\u00c3O E ARMAZENAMENTO DE DENTES HUMANOS EXTRA\u00cdDOS E RASTRE\u00c1VEIS<\/a><\/p>\n<p><a href=\"https:\/\/saude.ufpr.br\/bdh\/wp-content\/uploads\/sites\/49\/2021\/01\/POP-07_Proces-amalgama_rev2020.pdf\" target=\"_blank\" rel=\"noopener\"><strong>POP n\u00ba 07 &#8211; <\/strong>PROCESSAMENTO DE DENTES COM RESTAURA\u00c7\u00c3O DE AM\u00c1LGAMA<\/a><\/p>\n<p><a href=\"https:\/\/saude.ufpr.br\/bdh\/wp-content\/uploads\/sites\/49\/2021\/01\/POP-08_Descarte-residuos_rev2020.pdf\" target=\"_blank\" rel=\"noopener\"><strong>POP n\u00ba 08 &#8211; <\/strong>PREPARA\u00c7\u00c3O DE RES\u00cdDUOS PARA DESCARTE<\/a><\/p>\n<p><a href=\"https:\/\/saude.ufpr.br\/bdh\/wp-content\/uploads\/sites\/49\/2021\/01\/POP-09_Descarte-dentes_rev2020.pdf\" target=\"_blank\" rel=\"noopener\"><strong>POP n\u00ba 09 &#8211; <\/strong>DESCARTE DE FRAGMENTOS DE DENTES HUMANOS<\/a><\/p>\n<p>&nbsp;<\/p>\n<p>&nbsp;<\/p>\n","protected":false},"excerpt":{"rendered":"<p>POP n\u00ba 01 &#8211; COLETA DE DENTES HUMANOS EXTRA\u00cdDOS, RASTRE\u00c1VEIS E N\u00c3O RASTRE\u00c1VEIS, OBTIDOS INTERNAMENTE \u00c0 UFPR POP n\u00ba 02 &#8211; COLETA DE DENTES HUMANOS EXTRA\u00cdDOS, N\u00c3O RASTRE\u00c1VEIS, OBTIDOS EXTERNAMENTE \u00c0 UFPR POP n\u00ba 03 &#8211; TRANSPORTE DE DENTES HUMANOS EXTRA\u00cdDOS, RASTRE\u00c1VEIS E N\u00c3O RASTRE\u00c1VEIS, OBTIDOS INTERNAMENTE \u00c0 UFPR POP n\u00ba 04 &#8211; TRANSPORTE DE<br \/> <a href=\"https:\/\/saude.ufpr.br\/bdh\/procedimentos-operacionais-padrao-pop\/\" class=\"button success small readmore\">Leia mais<\/a><\/p>\n","protected":false},"author":15,"featured_media":0,"parent":0,"menu_order":0,"comment_status":"closed","ping_status":"closed","template":"","meta":{"_acf_changed":false,"_uag_custom_page_level_css":"","footnotes":""},"class_list":["post-1175","page","type-page","status-publish","hentry"],"acf":[],"featured_image_src":null,"uagb_featured_image_src":{"full":false,"thumbnail":false,"medium":false,"medium_large":false,"large":false,"1536x1536":false,"2048x2048":false,"noticias-thumb":false,"banners-thumb":false,"maisnoticias-thumb":false,"post-thumbnail":false},"uagb_author_info":{"display_name":"Andrea Jankoski","author_link":"https:\/\/saude.ufpr.br\/bdh\/author\/andrea\/"},"uagb_comment_info":0,"uagb_excerpt":"POP n\u00ba 01 &#8211; COLETA DE DENTES HUMANOS EXTRA\u00cdDOS, RASTRE\u00c1VEIS E N\u00c3O RASTRE\u00c1VEIS, OBTIDOS INTERNAMENTE \u00c0 UFPR POP n\u00ba 02 &#8211; COLETA DE DENTES HUMANOS EXTRA\u00cdDOS, N\u00c3O RASTRE\u00c1VEIS, OBTIDOS EXTERNAMENTE \u00c0 UFPR POP n\u00ba 03 &#8211; TRANSPORTE DE DENTES HUMANOS EXTRA\u00cdDOS, RASTRE\u00c1VEIS E N\u00c3O RASTRE\u00c1VEIS, OBTIDOS INTERNAMENTE \u00c0 UFPR POP n\u00ba 04 &#8211; TRANSPORTE DE&hellip;","publishpress_future_action":{"enabled":false,"date":"2026-04-30 10:18:37","action":"change-status","newStatus":"draft","terms":[],"taxonomy":"","extraData":[]},"publishpress_future_workflow_manual_trigger":{"enabledWorkflows":[]},"_links":{"self":[{"href":"https:\/\/saude.ufpr.br\/bdh\/wp-json\/wp\/v2\/pages\/1175","targetHints":{"allow":["GET"]}}],"collection":[{"href":"https:\/\/saude.ufpr.br\/bdh\/wp-json\/wp\/v2\/pages"}],"about":[{"href":"https:\/\/saude.ufpr.br\/bdh\/wp-json\/wp\/v2\/types\/page"}],"author":[{"embeddable":true,"href":"https:\/\/saude.ufpr.br\/bdh\/wp-json\/wp\/v2\/users\/15"}],"replies":[{"embeddable":true,"href":"https:\/\/saude.ufpr.br\/bdh\/wp-json\/wp\/v2\/comments?post=1175"}],"version-history":[{"count":12,"href":"https:\/\/saude.ufpr.br\/bdh\/wp-json\/wp\/v2\/pages\/1175\/revisions"}],"predecessor-version":[{"id":1675,"href":"https:\/\/saude.ufpr.br\/bdh\/wp-json\/wp\/v2\/pages\/1175\/revisions\/1675"}],"wp:attachment":[{"href":"https:\/\/saude.ufpr.br\/bdh\/wp-json\/wp\/v2\/media?parent=1175"}],"curies":[{"name":"wp","href":"https:\/\/api.w.org\/{rel}","templated":true}]}}