{"id":10,"date":"2017-01-31T11:12:52","date_gmt":"2017-01-31T11:12:52","guid":{"rendered":"https:\/\/saude.ufpr.br\/ccio\/?page_id=10"},"modified":"2025-01-09T09:42:42","modified_gmt":"2025-01-09T12:42:42","slug":"membros-da-comissao","status":"publish","type":"page","link":"https:\/\/saude.ufpr.br\/ccio\/membros-da-comissao\/","title":{"rendered":"Membros"},"content":{"rendered":"<p><strong>Gest\u00e3o 2022-2024<\/strong><strong>\u00a0<\/strong><\/p>\n<table style=\"height: 826px\" width=\"643\">\n<tbody>\n<tr>\n<td width=\"376\">Presidente<\/td>\n<td width=\"321\">Reila Tain\u00e1 Mendes<\/td>\n<\/tr>\n<tr>\n<td width=\"376\">Vice-presidente<\/td>\n<td width=\"321\">Bruna Colombo Cordeiro<\/td>\n<\/tr>\n<tr>\n<td width=\"376\">Secret\u00e1ria<\/td>\n<td width=\"321\">Anna Carolina Gaspar Ribeiro<\/td>\n<\/tr>\n<tr>\n<td width=\"376\">Coordenadora do Curso<\/td>\n<td width=\"321\">Maria Isabel Anastacio Faria de Fran\u00e7a<\/td>\n<\/tr>\n<tr>\n<td width=\"376\">Representante da chefia de Departamento da Odontologia Restauradora<\/td>\n<td width=\"321\">Ricardo C\u00e9sar Moresca<\/td>\n<\/tr>\n<tr>\n<td width=\"376\">Representante da chefia de Departamento da Estomatologia<\/td>\n<td width=\"321\">Jayme Bordini J\u00fanior<\/td>\n<\/tr>\n<tr>\n<td width=\"376\">Representante dos servidores docentes do Departamento de Odontologia Restauradora<\/td>\n<td width=\"321\">Gisele Maria Correr Nolasco<\/td>\n<\/tr>\n<tr>\n<td width=\"376\">Representante dos servidores docentes do Departamento de Estomatologia<\/td>\n<td width=\"321\">Reila Tain\u00e1 Mendes<\/td>\n<\/tr>\n<tr>\n<td width=\"376\">Representante dos servidores t\u00e9cnicos administrativos do Departamento da Odontologia Restauradora<\/td>\n<td width=\"321\">Bruna Colombo Cordeiro<\/td>\n<\/tr>\n<tr>\n<td width=\"376\">Representante dos servidores t\u00e9cnicos administrativos do Departamento da Estomatologia<\/td>\n<td width=\"321\">Wilson Mota da Silva<\/td>\n<\/tr>\n<tr>\n<td width=\"376\">Cirurgi\u00e3-dentista<\/td>\n<td width=\"321\">D\u00e9bora Hautsch Willig<\/td>\n<\/tr>\n<tr>\n<td width=\"376\">Enfermeiro<\/td>\n<td width=\"321\">Walter Junio Bentes Grangeiro<\/td>\n<\/tr>\n<tr>\n<td width=\"376\">Docente representante da disciplina de Biosseguran\u00e7a<\/td>\n<td width=\"321\">Jos\u00e9 Vin\u00edcius Bolognesi Maciel<\/td>\n<\/tr>\n<tr>\n<td width=\"376\">Docente respons\u00e1vel pela disciplina de\u00a0Sa\u00fade Coletiva<\/td>\n<td width=\"321\">Marilene da Cruz Magalh\u00e3es Buffon<\/td>\n<\/tr>\n<tr>\n<td width=\"376\">Docente supervisor da Cl\u00ednica Integrada<\/td>\n<td width=\"321\">Melissa Rodrigues de Ara\u00fajo<\/td>\n<\/tr>\n<tr>\n<td width=\"376\">Representantes do CAOGS &#8211; Centro Acad\u00eamico de Odontologia Guido Straube<\/td>\n<td width=\"321\">Juliana Guimar\u00e3es dos Santos<\/td>\n<\/tr>\n<tr>\n<td width=\"376\"><\/td>\n<td width=\"321\"><\/td>\n<\/tr>\n<\/tbody>\n<\/table>\n","protected":false},"excerpt":{"rendered":"<p>Gest\u00e3o 2022-2024\u00a0 Presidente Reila Tain\u00e1 Mendes Vice-presidente Bruna Colombo Cordeiro Secret\u00e1ria Anna Carolina Gaspar Ribeiro Coordenadora do Curso Maria Isabel Anastacio Faria de Fran\u00e7a Representante da chefia de Departamento da Odontologia Restauradora Ricardo C\u00e9sar Moresca Representante da chefia de Departamento [&hellip;]<\/p>\n","protected":false},"author":14,"featured_media":0,"parent":0,"menu_order":0,"comment_status":"closed","ping_status":"closed","template":"","meta":{"_acf_changed":false,"_uag_custom_page_level_css":"","footnotes":""},"class_list":["post-10","page","type-page","status-publish","hentry"],"acf":[],"featured_image_src":null,"uagb_featured_image_src":{"full":false,"thumbnail":false,"medium":false,"medium_large":false,"large":false,"1536x1536":false,"2048x2048":false},"uagb_author_info":{"display_name":"ullisses","author_link":"https:\/\/saude.ufpr.br\/ccio\/author\/ullisses\/"},"uagb_comment_info":0,"uagb_excerpt":"Gest\u00e3o 2022-2024\u00a0 Presidente Reila Tain\u00e1 Mendes Vice-presidente Bruna Colombo Cordeiro Secret\u00e1ria Anna Carolina Gaspar Ribeiro Coordenadora do Curso Maria Isabel Anastacio Faria de Fran\u00e7a Representante da chefia de Departamento da Odontologia Restauradora Ricardo C\u00e9sar Moresca Representante da chefia de Departamento [&hellip;]","publishpress_future_action":{"enabled":false,"date":"2026-04-10 15:52:59","action":"change-status","newStatus":"draft","terms":[],"taxonomy":"","extraData":[]},"publishpress_future_workflow_manual_trigger":{"enabledWorkflows":[]},"_links":{"self":[{"href":"https:\/\/saude.ufpr.br\/ccio\/wp-json\/wp\/v2\/pages\/10","targetHints":{"allow":["GET"]}}],"collection":[{"href":"https:\/\/saude.ufpr.br\/ccio\/wp-json\/wp\/v2\/pages"}],"about":[{"href":"https:\/\/saude.ufpr.br\/ccio\/wp-json\/wp\/v2\/types\/page"}],"author":[{"embeddable":true,"href":"https:\/\/saude.ufpr.br\/ccio\/wp-json\/wp\/v2\/users\/14"}],"replies":[{"embeddable":true,"href":"https:\/\/saude.ufpr.br\/ccio\/wp-json\/wp\/v2\/comments?post=10"}],"version-history":[{"count":24,"href":"https:\/\/saude.ufpr.br\/ccio\/wp-json\/wp\/v2\/pages\/10\/revisions"}],"predecessor-version":[{"id":614,"href":"https:\/\/saude.ufpr.br\/ccio\/wp-json\/wp\/v2\/pages\/10\/revisions\/614"}],"wp:attachment":[{"href":"https:\/\/saude.ufpr.br\/ccio\/wp-json\/wp\/v2\/media?parent=10"}],"curies":[{"name":"wp","href":"https:\/\/api.w.org\/{rel}","templated":true}]}}