{"id":115,"date":"2017-09-04T15:15:57","date_gmt":"2017-09-04T15:15:57","guid":{"rendered":"https:\/\/saude.ufpr.br\/ccio\/?page_id=115"},"modified":"2026-03-19T10:34:56","modified_gmt":"2026-03-19T13:34:56","slug":"protocolos-operacionais-padrao-pop","status":"publish","type":"page","link":"https:\/\/saude.ufpr.br\/ccio\/protocolos-operacionais-padrao-pop\/","title":{"rendered":"Procedimentos Operacionais Padr\u00e3o &#8211; POPs"},"content":{"rendered":"<p><strong>\u00a0 \u00a0 Procedimentos Operacionais Padr\u00e3o &#8211; em atualiza\u00e7\u00e3o<\/strong><\/p>\n<p>&nbsp;<\/p>\n","protected":false},"excerpt":{"rendered":"<p>\u00a0 \u00a0 Procedimentos Operacionais Padr\u00e3o &#8211; em atualiza\u00e7\u00e3o &nbsp;<\/p>\n","protected":false},"author":1614,"featured_media":0,"parent":0,"menu_order":0,"comment_status":"closed","ping_status":"closed","template":"","meta":{"_acf_changed":false,"_uag_custom_page_level_css":"","footnotes":""},"class_list":["post-115","page","type-page","status-publish","hentry"],"acf":[],"featured_image_src":null,"uagb_featured_image_src":{"full":false,"thumbnail":false,"medium":false,"medium_large":false,"large":false,"1536x1536":false,"2048x2048":false},"uagb_author_info":{"display_name":"ccio","author_link":"https:\/\/saude.ufpr.br\/ccio\/author\/ccio\/"},"uagb_comment_info":0,"uagb_excerpt":"\u00a0 \u00a0 Procedimentos Operacionais Padr\u00e3o &#8211; em atualiza\u00e7\u00e3o &nbsp;","publishpress_future_action":{"enabled":false,"date":"2026-04-11 05:31:22","action":"change-status","newStatus":"draft","terms":[],"taxonomy":"","extraData":[]},"publishpress_future_workflow_manual_trigger":{"enabledWorkflows":[]},"_links":{"self":[{"href":"https:\/\/saude.ufpr.br\/ccio\/wp-json\/wp\/v2\/pages\/115","targetHints":{"allow":["GET"]}}],"collection":[{"href":"https:\/\/saude.ufpr.br\/ccio\/wp-json\/wp\/v2\/pages"}],"about":[{"href":"https:\/\/saude.ufpr.br\/ccio\/wp-json\/wp\/v2\/types\/page"}],"author":[{"embeddable":true,"href":"https:\/\/saude.ufpr.br\/ccio\/wp-json\/wp\/v2\/users\/1614"}],"replies":[{"embeddable":true,"href":"https:\/\/saude.ufpr.br\/ccio\/wp-json\/wp\/v2\/comments?post=115"}],"version-history":[{"count":58,"href":"https:\/\/saude.ufpr.br\/ccio\/wp-json\/wp\/v2\/pages\/115\/revisions"}],"predecessor-version":[{"id":766,"href":"https:\/\/saude.ufpr.br\/ccio\/wp-json\/wp\/v2\/pages\/115\/revisions\/766"}],"wp:attachment":[{"href":"https:\/\/saude.ufpr.br\/ccio\/wp-json\/wp\/v2\/media?parent=115"}],"curies":[{"name":"wp","href":"https:\/\/api.w.org\/{rel}","templated":true}]}}