{"id":22,"date":"2017-01-31T11:15:09","date_gmt":"2017-01-31T11:15:09","guid":{"rendered":"https:\/\/saude.ufpr.br\/ccio\/?page_id=22"},"modified":"2025-01-14T08:46:49","modified_gmt":"2025-01-14T11:46:49","slug":"imunizacao","status":"publish","type":"page","link":"https:\/\/saude.ufpr.br\/ccio\/imunizacao\/","title":{"rendered":"Imuniza\u00e7\u00e3o"},"content":{"rendered":"<p>Em atualiza\u00e7\u00e3o<\/p>\n<p>&nbsp;<\/p>\n","protected":false},"excerpt":{"rendered":"<p>Em atualiza\u00e7\u00e3o &nbsp;<\/p>\n","protected":false},"author":14,"featured_media":0,"parent":0,"menu_order":0,"comment_status":"closed","ping_status":"closed","template":"","meta":{"_acf_changed":false,"_uag_custom_page_level_css":"","footnotes":""},"class_list":["post-22","page","type-page","status-publish","hentry"],"acf":[],"featured_image_src":null,"uagb_featured_image_src":{"full":false,"thumbnail":false,"medium":false,"medium_large":false,"large":false,"1536x1536":false,"2048x2048":false},"uagb_author_info":{"display_name":"ullisses","author_link":"https:\/\/saude.ufpr.br\/ccio\/author\/ullisses\/"},"uagb_comment_info":0,"uagb_excerpt":"Em atualiza\u00e7\u00e3o &nbsp;","publishpress_future_action":{"enabled":false,"date":"2026-04-11 06:47:05","action":"change-status","newStatus":"draft","terms":[],"taxonomy":"","extraData":[]},"publishpress_future_workflow_manual_trigger":{"enabledWorkflows":[]},"_links":{"self":[{"href":"https:\/\/saude.ufpr.br\/ccio\/wp-json\/wp\/v2\/pages\/22","targetHints":{"allow":["GET"]}}],"collection":[{"href":"https:\/\/saude.ufpr.br\/ccio\/wp-json\/wp\/v2\/pages"}],"about":[{"href":"https:\/\/saude.ufpr.br\/ccio\/wp-json\/wp\/v2\/types\/page"}],"author":[{"embeddable":true,"href":"https:\/\/saude.ufpr.br\/ccio\/wp-json\/wp\/v2\/users\/14"}],"replies":[{"embeddable":true,"href":"https:\/\/saude.ufpr.br\/ccio\/wp-json\/wp\/v2\/comments?post=22"}],"version-history":[{"count":6,"href":"https:\/\/saude.ufpr.br\/ccio\/wp-json\/wp\/v2\/pages\/22\/revisions"}],"predecessor-version":[{"id":630,"href":"https:\/\/saude.ufpr.br\/ccio\/wp-json\/wp\/v2\/pages\/22\/revisions\/630"}],"wp:attachment":[{"href":"https:\/\/saude.ufpr.br\/ccio\/wp-json\/wp\/v2\/media?parent=22"}],"curies":[{"name":"wp","href":"https:\/\/api.w.org\/{rel}","templated":true}]}}