{"id":24,"date":"2017-01-31T11:15:42","date_gmt":"2017-01-31T11:15:42","guid":{"rendered":"https:\/\/saude.ufpr.br\/ccio\/?page_id=24"},"modified":"2025-08-14T15:48:46","modified_gmt":"2025-08-14T18:48:46","slug":"pgrss","status":"publish","type":"page","link":"https:\/\/saude.ufpr.br\/ccio\/pgrss\/","title":{"rendered":""},"content":{"rendered":"<h3><span style=\"color: #000000\"><a style=\"color: #000000\" href=\"https:\/\/saude.ufpr.br\/ccio\/wp-content\/uploads\/sites\/32\/2025\/08\/PLANO-DE-GERENCIAMENTO-DE-RESIDUOS-DE-SERVICO-DE-SAUDE-2025-2026.pdf\">Plano de Gerenciamento de Res\u00edduos de Servi\u00e7o de Sa\u00fade (PGRSS) 2025-2026<\/a><\/span><\/h3>\n<p><span style=\"color: #000000\">Aprovado dia 12 de junho de 2025.<\/span><\/p>\n","protected":false},"excerpt":{"rendered":"<p>Plano de Gerenciamento de Res\u00edduos de Servi\u00e7o de Sa\u00fade (PGRSS) 2025-2026 Aprovado dia 12 de junho de 2025.<\/p>\n","protected":false},"author":14,"featured_media":0,"parent":0,"menu_order":0,"comment_status":"closed","ping_status":"closed","template":"","meta":{"_acf_changed":false,"_uag_custom_page_level_css":"","footnotes":""},"class_list":["post-24","page","type-page","status-publish","hentry"],"acf":[],"featured_image_src":null,"uagb_featured_image_src":{"full":false,"thumbnail":false,"medium":false,"medium_large":false,"large":false,"1536x1536":false,"2048x2048":false},"uagb_author_info":{"display_name":"ullisses","author_link":"https:\/\/saude.ufpr.br\/ccio\/author\/ullisses\/"},"uagb_comment_info":0,"uagb_excerpt":"Plano de Gerenciamento de Res\u00edduos de Servi\u00e7o de Sa\u00fade (PGRSS) 2025-2026 Aprovado dia 12 de junho de 2025.","publishpress_future_action":{"enabled":false,"date":"2026-04-11 08:09:42","action":"change-status","newStatus":"draft","terms":[],"taxonomy":"","extraData":[]},"publishpress_future_workflow_manual_trigger":{"enabledWorkflows":[]},"_links":{"self":[{"href":"https:\/\/saude.ufpr.br\/ccio\/wp-json\/wp\/v2\/pages\/24","targetHints":{"allow":["GET"]}}],"collection":[{"href":"https:\/\/saude.ufpr.br\/ccio\/wp-json\/wp\/v2\/pages"}],"about":[{"href":"https:\/\/saude.ufpr.br\/ccio\/wp-json\/wp\/v2\/types\/page"}],"author":[{"embeddable":true,"href":"https:\/\/saude.ufpr.br\/ccio\/wp-json\/wp\/v2\/users\/14"}],"replies":[{"embeddable":true,"href":"https:\/\/saude.ufpr.br\/ccio\/wp-json\/wp\/v2\/comments?post=24"}],"version-history":[{"count":11,"href":"https:\/\/saude.ufpr.br\/ccio\/wp-json\/wp\/v2\/pages\/24\/revisions"}],"predecessor-version":[{"id":749,"href":"https:\/\/saude.ufpr.br\/ccio\/wp-json\/wp\/v2\/pages\/24\/revisions\/749"}],"wp:attachment":[{"href":"https:\/\/saude.ufpr.br\/ccio\/wp-json\/wp\/v2\/media?parent=24"}],"curies":[{"name":"wp","href":"https:\/\/api.w.org\/{rel}","templated":true}]}}