{"id":386,"date":"2021-03-10T17:04:50","date_gmt":"2021-03-10T20:04:50","guid":{"rendered":"https:\/\/saude.ufpr.br\/ccio\/?page_id=386"},"modified":"2023-07-14T15:37:38","modified_gmt":"2023-07-14T18:37:38","slug":"normativas","status":"publish","type":"page","link":"https:\/\/saude.ufpr.br\/ccio\/normativas\/","title":{"rendered":"Normativas"},"content":{"rendered":"<ul>\n<li style=\"list-style-type: none\">\n<ul>\n<li><strong><a href=\"https:\/\/saude.ufpr.br\/ccio\/regimento-interno\/\">Regimento Interno<\/a><\/strong><\/li>\n<li><strong><a href=\"https:\/\/saude.ufpr.br\/ccio\/legislacao\/\">Legisla\u00e7\u00e3o<\/a><\/strong><\/li>\n<li><strong><a href=\"https:\/\/saude.ufpr.br\/ccio\/diretrizes\/\">Diretrizes, guias e manuais<\/a><\/strong><\/li>\n<li><strong><a href=\"https:\/\/saude.ufpr.br\/ccio\/acidente\/\">Acidentes por exposi\u00e7\u00e3o \u00e0 material biol\u00f3gico<\/a><\/strong><\/li>\n<li><strong><a href=\"https:\/\/saude.ufpr.br\/ccio\/plano-de-prevencao\/\">Plano de preven\u00e7\u00e3o de riscos de acidentes com materiais perfurocortantes \u2013 PPRAP<\/a><\/strong><\/li>\n<li><strong><a href=\"https:\/\/saude.ufpr.br\/ccio\/imunizacao\/\">Imuniza\u00e7\u00e3o<\/a><\/strong><\/li>\n<li><strong><a href=\"https:\/\/saude.ufpr.br\/ccio\/pgrss\/\">Programa de gerenciamento de res\u00edduos s\u00f3lidos de sa\u00fade \u2013 PGRSS<\/a><\/strong><\/li>\n<li><strong><a href=\"https:\/\/saude.ufpr.br\/ccio\/protocolos-operacionais-padrao-pop\/\">Protocolos Operacionais Padr\u00e3o \u2013 POP<\/a><\/strong><\/li>\n<\/ul>\n<\/li>\n<\/ul>\n","protected":false},"excerpt":{"rendered":"<p>Regimento Interno Legisla\u00e7\u00e3o Diretrizes, guias e manuais Acidentes por exposi\u00e7\u00e3o \u00e0 material biol\u00f3gico Plano de preven\u00e7\u00e3o de riscos de acidentes com materiais perfurocortantes \u2013 PPRAP Imuniza\u00e7\u00e3o Programa de gerenciamento de res\u00edduos s\u00f3lidos de sa\u00fade \u2013 PGRSS Protocolos Operacionais Padr\u00e3o \u2013 [&hellip;]<\/p>\n","protected":false},"author":1615,"featured_media":0,"parent":0,"menu_order":0,"comment_status":"closed","ping_status":"closed","template":"","meta":{"_acf_changed":false,"_uag_custom_page_level_css":"","footnotes":""},"class_list":["post-386","page","type-page","status-publish","hentry"],"acf":[],"featured_image_src":null,"uagb_featured_image_src":{"full":false,"thumbnail":false,"medium":false,"medium_large":false,"large":false,"1536x1536":false,"2048x2048":false},"uagb_author_info":{"display_name":"Guilherme","author_link":"https:\/\/saude.ufpr.br\/ccio\/author\/guilhermematos\/"},"uagb_comment_info":0,"uagb_excerpt":"Regimento Interno Legisla\u00e7\u00e3o Diretrizes, guias e manuais Acidentes por exposi\u00e7\u00e3o \u00e0 material biol\u00f3gico Plano de preven\u00e7\u00e3o de riscos de acidentes com materiais perfurocortantes \u2013 PPRAP Imuniza\u00e7\u00e3o Programa de gerenciamento de res\u00edduos s\u00f3lidos de sa\u00fade \u2013 PGRSS Protocolos Operacionais Padr\u00e3o \u2013 [&hellip;]","publishpress_future_action":{"enabled":false,"date":"2026-04-11 00:21:28","action":"change-status","newStatus":"draft","terms":[],"taxonomy":"","extraData":[]},"publishpress_future_workflow_manual_trigger":{"enabledWorkflows":[]},"_links":{"self":[{"href":"https:\/\/saude.ufpr.br\/ccio\/wp-json\/wp\/v2\/pages\/386","targetHints":{"allow":["GET"]}}],"collection":[{"href":"https:\/\/saude.ufpr.br\/ccio\/wp-json\/wp\/v2\/pages"}],"about":[{"href":"https:\/\/saude.ufpr.br\/ccio\/wp-json\/wp\/v2\/types\/page"}],"author":[{"embeddable":true,"href":"https:\/\/saude.ufpr.br\/ccio\/wp-json\/wp\/v2\/users\/1615"}],"replies":[{"embeddable":true,"href":"https:\/\/saude.ufpr.br\/ccio\/wp-json\/wp\/v2\/comments?post=386"}],"version-history":[{"count":13,"href":"https:\/\/saude.ufpr.br\/ccio\/wp-json\/wp\/v2\/pages\/386\/revisions"}],"predecessor-version":[{"id":500,"href":"https:\/\/saude.ufpr.br\/ccio\/wp-json\/wp\/v2\/pages\/386\/revisions\/500"}],"wp:attachment":[{"href":"https:\/\/saude.ufpr.br\/ccio\/wp-json\/wp\/v2\/media?parent=386"}],"curies":[{"name":"wp","href":"https:\/\/api.w.org\/{rel}","templated":true}]}}