{"id":5,"date":"2017-01-31T11:09:00","date_gmt":"2017-01-31T11:09:00","guid":{"rendered":"https:\/\/saude.ufpr.br\/ccio\/?page_id=5"},"modified":"2025-03-11T19:05:05","modified_gmt":"2025-03-11T22:05:05","slug":"historia","status":"publish","type":"page","link":"https:\/\/saude.ufpr.br\/ccio\/","title":{"rendered":"CCIO da UFPR"},"content":{"rendered":"<p style=\"text-align: justify;background: white\"><span style=\"font-family: 'Helvetica','sans-serif';color: #0a0a0a\">A Comiss\u00e3o de Controle de Infec\u00e7\u00e3o odontol\u00f3gica \u2013 CCIO foi institu\u00edda com a primeira reuni\u00e3o em novembro de 1994, de acordo com o disposto na Resolu\u00e7\u00e3o Estadual n. 11 de 1\u00ba de mar\u00e7o de 1994, da Secretaria de Estado da Sa\u00fade do Paran\u00e1, a qual regulamenta que toda Institui\u00e7\u00e3o de Ensino de Gradua\u00e7\u00e3o, P\u00f3s-Gradua\u00e7\u00e3o e Pesquisa, com servi\u00e7o Cl\u00ednico e\/ou Cir\u00fargico de Odontologia do Estado do Paran\u00e1 dever\u00e3o manter Comiss\u00e3o de Controle de Infec\u00e7\u00e3o em Odontologia (CCIO).<\/span><\/p>\n<p style=\"text-align: justify;background: white\"><span style=\"font-family: 'Helvetica','sans-serif';color: #0a0a0a\">\u00c9 um \u00f3rg\u00e3o deliberativo, informativo, normativo e educativo, tendo por finalidade planejar, executar, implantar, avaliar e garantir o cumprimento das a\u00e7\u00f5es do Programa de Controle de Infec\u00e7\u00e3o Odontol\u00f3gica \u2013 PCIO, atendendo as normatiza\u00e7\u00f5es vigentes e outras que vier substitu\u00ed-las de \u00e2mbito municipal, estadual e federal.<\/span><\/p>\n<p style=\"text-align: justify;background: white\"><span style=\"font-family: 'Helvetica','sans-serif';color: #0a0a0a\">Tem por sua\u00a0<em style=\"line-height: inherit\"><span style=\"font-family: 'Helvetica','sans-serif'\">miss\u00e3o\u00a0<\/span><\/em>a prote\u00e7\u00e3o dos pacientes, profissionais e acad\u00eamicos durante o atendimento odontol\u00f3gico do risco de transmiss\u00e3o de doen\u00e7as, a preven\u00e7\u00e3o e redu\u00e7\u00e3o deste risco e da incid\u00eancia de infec\u00e7\u00f5es odontol\u00f3gicas. <\/span><\/p>\n<p style=\"text-align: justify;background: white\"><span style=\"font-family: 'Helvetica','sans-serif';color: #0a0a0a\">Contato:<\/span><\/p>\n<p style=\"text-align: justify;background: white\"><span style=\"font-family: 'Helvetica','sans-serif';color: #0a0a0a\"> (41) 3360-4110<\/span><\/p>\n<p><em>e-mail<\/em>: ccio@ufpr.br<\/p>\n","protected":false},"excerpt":{"rendered":"<p>A Comiss\u00e3o de Controle de Infec\u00e7\u00e3o odontol\u00f3gica \u2013 CCIO foi institu\u00edda com a primeira reuni\u00e3o em novembro de 1994, de acordo com o disposto na Resolu\u00e7\u00e3o Estadual n. 11 de 1\u00ba de mar\u00e7o de 1994, da Secretaria de Estado da [&hellip;]<\/p>\n","protected":false},"author":14,"featured_media":0,"parent":0,"menu_order":0,"comment_status":"closed","ping_status":"closed","template":"","meta":{"_acf_changed":false,"_uag_custom_page_level_css":"","footnotes":""},"class_list":["post-5","page","type-page","status-publish","hentry"],"acf":[],"featured_image_src":null,"uagb_featured_image_src":{"full":false,"thumbnail":false,"medium":false,"medium_large":false,"large":false,"1536x1536":false,"2048x2048":false},"uagb_author_info":{"display_name":"ullisses","author_link":"https:\/\/saude.ufpr.br\/ccio\/author\/ullisses\/"},"uagb_comment_info":0,"uagb_excerpt":"A Comiss\u00e3o de Controle de Infec\u00e7\u00e3o odontol\u00f3gica \u2013 CCIO foi institu\u00edda com a primeira reuni\u00e3o em novembro de 1994, de acordo com o disposto na Resolu\u00e7\u00e3o Estadual n. 11 de 1\u00ba de mar\u00e7o de 1994, da Secretaria de Estado da [&hellip;]","publishpress_future_action":{"enabled":false,"date":"2026-04-11 05:31:22","action":"change-status","newStatus":"draft","terms":[],"taxonomy":"","extraData":[]},"publishpress_future_workflow_manual_trigger":{"enabledWorkflows":[]},"_links":{"self":[{"href":"https:\/\/saude.ufpr.br\/ccio\/wp-json\/wp\/v2\/pages\/5","targetHints":{"allow":["GET"]}}],"collection":[{"href":"https:\/\/saude.ufpr.br\/ccio\/wp-json\/wp\/v2\/pages"}],"about":[{"href":"https:\/\/saude.ufpr.br\/ccio\/wp-json\/wp\/v2\/types\/page"}],"author":[{"embeddable":true,"href":"https:\/\/saude.ufpr.br\/ccio\/wp-json\/wp\/v2\/users\/14"}],"replies":[{"embeddable":true,"href":"https:\/\/saude.ufpr.br\/ccio\/wp-json\/wp\/v2\/comments?post=5"}],"version-history":[{"count":8,"href":"https:\/\/saude.ufpr.br\/ccio\/wp-json\/wp\/v2\/pages\/5\/revisions"}],"predecessor-version":[{"id":252,"href":"https:\/\/saude.ufpr.br\/ccio\/wp-json\/wp\/v2\/pages\/5\/revisions\/252"}],"wp:attachment":[{"href":"https:\/\/saude.ufpr.br\/ccio\/wp-json\/wp\/v2\/media?parent=5"}],"curies":[{"name":"wp","href":"https:\/\/api.w.org\/{rel}","templated":true}]}}