{"id":1111,"date":"2020-10-13T17:25:27","date_gmt":"2020-10-13T17:25:27","guid":{"rendered":"https:\/\/saude.ufpr.br\/cecane\/?page_id=1111"},"modified":"2020-10-16T18:14:41","modified_gmt":"2020-10-16T18:14:41","slug":"ii-encontro-paranaense-de-alimentacao-escolar","status":"publish","type":"page","link":"https:\/\/saude.ufpr.br\/cecane\/","title":{"rendered":"II Encontro Paranaense de Alimenta\u00e7\u00e3o Escolar"},"content":{"rendered":"\n<div class=\"wp-block-image is-style-rounded\"><figure class=\"aligncenter size-medium\"><img fetchpriority=\"high\" decoding=\"async\" width=\"293\" height=\"300\" src=\"https:\/\/saude.ufpr.br\/cecane\/wp-content\/uploads\/sites\/60\/2020\/10\/logo-enpae-293x300.jpeg\" alt=\"II Encontro Paranaense de Alimenta\u00e7\u00e3o Escolar\" class=\"wp-image-1153\" srcset=\"https:\/\/saude.ufpr.br\/cecane\/wp-content\/uploads\/sites\/60\/2020\/10\/logo-enpae-293x300.jpeg 293w, https:\/\/saude.ufpr.br\/cecane\/wp-content\/uploads\/sites\/60\/2020\/10\/logo-enpae-998x1024.jpeg 998w, https:\/\/saude.ufpr.br\/cecane\/wp-content\/uploads\/sites\/60\/2020\/10\/logo-enpae-768x788.jpeg 768w, https:\/\/saude.ufpr.br\/cecane\/wp-content\/uploads\/sites\/60\/2020\/10\/logo-enpae.jpeg 1248w\" sizes=\"(max-width: 293px) 100vw, 293px\" \/><\/figure><\/div>\n\n\n\n<p class=\"cecane\">Em 2020 o <strong>Programa Nacional de Alimenta\u00e7\u00e3o Escolar &#8211; PNAE<\/strong> completa 65 anos de movimentos e pol\u00edticas p\u00fablicas voltadas a promo\u00e7\u00e3o da seguran\u00e7a alimentar e nutricional aos alunos da rede p\u00fablica de educa\u00e7\u00e3o b\u00e1sica de todo Brasil.<\/p>\n\n\n\n<p class=\"cecane\">O <strong>II Encontro Paranaense de Alimenta\u00e7\u00e3o Escolar &#8211; II ENPAE<\/strong> se disp\u00f5e como um momento para comemorar e conversar sobre os 65 anos de evolu\u00e7\u00e3o de um dos principais programas de alimenta\u00e7\u00e3o que garante o direito a uma alimenta\u00e7\u00e3o adequada e de qualidade para a popula\u00e7\u00e3o brasileira.<\/p>\n\n\n\n<p class=\"cecane\">Por conta do cen\u00e1rio atual, infelizmente n\u00e3o poderemos nos encontrar pessoalmente, por\u00e9m nosso encontro se manter\u00e1 como uma oportunidade de trocas e experi\u00eancias, s\u00f3 que de forma remota.<\/p>\n\n\n\n<p class=\"cecane\">O II ENPAE ocorrer\u00e1 nos dias <strong>24, 25 e 26 de novembro<\/strong> pela plataforma do Even3 e Youtube.<\/p>\n\n\n\n<p>P\u00e1gina do evento: <a href=\"https:\/\/www.even3.com.br\/enpae2020\/\" target=\"_blank\" rel=\"noreferrer noopener\">www.even3.com.br\/enpae2020\/<\/a><\/p>\n\n\n\n<div id=\"even3-widget-ticket\">&nbsp;<\/div>\n<div id=\"even3-widget-submission\">&nbsp;<\/div>\n\n\n\n<p><strong>II ENPAE nas Redes Sociais<\/strong><\/p>\n\n\n\n<ul class=\"wp-block-social-links is-layout-flex wp-block-social-links-is-layout-flex\">\n\n\n\n\n\n<li class=\"wp-social-link wp-social-link-instagram  wp-block-social-link\"><a href=\"http:\/\/www.instagram.com\/enpae_pr\" class=\"wp-block-social-link-anchor\"><svg width=\"24\" height=\"24\" viewBox=\"0 0 24 24\" version=\"1.1\" xmlns=\"http:\/\/www.w3.org\/2000\/svg\" aria-hidden=\"true\" focusable=\"false\"><path d=\"M12,4.622c2.403,0,2.688,0.009,3.637,0.052c0.877,0.04,1.354,0.187,1.671,0.31c0.42,0.163,0.72,0.358,1.035,0.673 c0.315,0.315,0.51,0.615,0.673,1.035c0.123,0.317,0.27,0.794,0.31,1.671c0.043,0.949,0.052,1.234,0.052,3.637 s-0.009,2.688-0.052,3.637c-0.04,0.877-0.187,1.354-0.31,1.671c-0.163,0.42-0.358,0.72-0.673,1.035 c-0.315,0.315-0.615,0.51-1.035,0.673c-0.317,0.123-0.794,0.27-1.671,0.31c-0.949,0.043-1.233,0.052-3.637,0.052 s-2.688-0.009-3.637-0.052c-0.877-0.04-1.354-0.187-1.671-0.31c-0.42-0.163-0.72-0.358-1.035-0.673 c-0.315-0.315-0.51-0.615-0.673-1.035c-0.123-0.317-0.27-0.794-0.31-1.671C4.631,14.688,4.622,14.403,4.622,12 s0.009-2.688,0.052-3.637c0.04-0.877,0.187-1.354,0.31-1.671c0.163-0.42,0.358-0.72,0.673-1.035 c0.315-0.315,0.615-0.51,1.035-0.673c0.317-0.123,0.794-0.27,1.671-0.31C9.312,4.631,9.597,4.622,12,4.622 M12,3 C9.556,3,9.249,3.01,8.289,3.054C7.331,3.098,6.677,3.25,6.105,3.472C5.513,3.702,5.011,4.01,4.511,4.511 c-0.5,0.5-0.808,1.002-1.038,1.594C3.25,6.677,3.098,7.331,3.054,8.289C3.01,9.249,3,9.556,3,12c0,2.444,0.01,2.751,0.054,3.711 c0.044,0.958,0.196,1.612,0.418,2.185c0.23,0.592,0.538,1.094,1.038,1.594c0.5,0.5,1.002,0.808,1.594,1.038 c0.572,0.222,1.227,0.375,2.185,0.418C9.249,20.99,9.556,21,12,21s2.751-0.01,3.711-0.054c0.958-0.044,1.612-0.196,2.185-0.418 c0.592-0.23,1.094-0.538,1.594-1.038c0.5-0.5,0.808-1.002,1.038-1.594c0.222-0.572,0.375-1.227,0.418-2.185 C20.99,14.751,21,14.444,21,12s-0.01-2.751-0.054-3.711c-0.044-0.958-0.196-1.612-0.418-2.185c-0.23-0.592-0.538-1.094-1.038-1.594 c-0.5-0.5-1.002-0.808-1.594-1.038c-0.572-0.222-1.227-0.375-2.185-0.418C14.751,3.01,14.444,3,12,3L12,3z M12,7.378 c-2.552,0-4.622,2.069-4.622,4.622S9.448,16.622,12,16.622s4.622-2.069,4.622-4.622S14.552,7.378,12,7.378z M12,15 c-1.657,0-3-1.343-3-3s1.343-3,3-3s3,1.343,3,3S13.657,15,12,15z M16.804,6.116c-0.596,0-1.08,0.484-1.08,1.08 s0.484,1.08,1.08,1.08c0.596,0,1.08-0.484,1.08-1.08S17.401,6.116,16.804,6.116z\"><\/path><\/svg><span class=\"wp-block-social-link-label screen-reader-text\">Instagram<\/span><\/a><\/li>\n\n\n\n<li class=\"wp-social-link wp-social-link-youtube  wp-block-social-link\"><a href=\"https:\/\/www.youtube.com\/channel\/UCkVWyDObc0Ic_Z0LR6mR8yw\" class=\"wp-block-social-link-anchor\"><svg width=\"24\" height=\"24\" viewBox=\"0 0 24 24\" version=\"1.1\" xmlns=\"http:\/\/www.w3.org\/2000\/svg\" aria-hidden=\"true\" focusable=\"false\"><path d=\"M21.8,8.001c0,0-0.195-1.378-0.795-1.985c-0.76-0.797-1.613-0.801-2.004-0.847c-2.799-0.202-6.997-0.202-6.997-0.202 h-0.009c0,0-4.198,0-6.997,0.202C4.608,5.216,3.756,5.22,2.995,6.016C2.395,6.623,2.2,8.001,2.2,8.001S2,9.62,2,11.238v1.517 c0,1.618,0.2,3.237,0.2,3.237s0.195,1.378,0.795,1.985c0.761,0.797,1.76,0.771,2.205,0.855c1.6,0.153,6.8,0.201,6.8,0.201 s4.203-0.006,7.001-0.209c0.391-0.047,1.243-0.051,2.004-0.847c0.6-0.607,0.795-1.985,0.795-1.985s0.2-1.618,0.2-3.237v-1.517 C22,9.62,21.8,8.001,21.8,8.001z M9.935,14.594l-0.001-5.62l5.404,2.82L9.935,14.594z\"><\/path><\/svg><span class=\"wp-block-social-link-label screen-reader-text\">Youtube<\/span><\/a><\/li><\/ul>\n\n\n\n<p><\/p>\n","protected":false},"excerpt":{"rendered":"<p>Em 2020 o Programa Nacional de Alimenta\u00e7\u00e3o Escolar &#8211; PNAE completa 65 anos de movimentos e pol\u00edticas p\u00fablicas voltadas a promo\u00e7\u00e3o da seguran\u00e7a alimentar e nutricional aos alunos da rede p\u00fablica de educa\u00e7\u00e3o b\u00e1sica de todo Brasil. O II Encontro Paranaense de Alimenta\u00e7\u00e3o Escolar &#8211; II ENPAE se disp\u00f5e como um momento para comemorar e<br \/> <a href=\"https:\/\/saude.ufpr.br\/cecane\/\" class=\"button success small readmore\">Leia mais<\/a><\/p>\n","protected":false},"author":1615,"featured_media":0,"parent":0,"menu_order":0,"comment_status":"closed","ping_status":"closed","template":"empae.php","meta":{"_acf_changed":false,"_uag_custom_page_level_css":"","footnotes":""},"class_list":["post-1111","page","type-page","status-publish","hentry"],"acf":[],"featured_image_src":null,"uagb_featured_image_src":{"full":false,"thumbnail":false,"medium":false,"medium_large":false,"large":false,"1536x1536":false,"2048x2048":false,"noticias-thumb":false,"banners-thumb":false,"maisnoticias-thumb":false,"post-thumbnail":false},"uagb_author_info":{"display_name":"Guilherme","author_link":"https:\/\/saude.ufpr.br\/cecane\/author\/guilhermematos\/"},"uagb_comment_info":0,"uagb_excerpt":"Em 2020 o Programa Nacional de Alimenta\u00e7\u00e3o Escolar &#8211; PNAE completa 65 anos de movimentos e pol\u00edticas p\u00fablicas voltadas a promo\u00e7\u00e3o da seguran\u00e7a alimentar e nutricional aos alunos da rede p\u00fablica de educa\u00e7\u00e3o b\u00e1sica de todo Brasil. O II Encontro Paranaense de Alimenta\u00e7\u00e3o Escolar &#8211; II ENPAE se disp\u00f5e como um momento para comemorar e&hellip;","publishpress_future_action":{"enabled":false,"date":"2026-04-22 02:11:09","action":"change-status","newStatus":"draft","terms":[],"taxonomy":"","extraData":[]},"publishpress_future_workflow_manual_trigger":{"enabledWorkflows":[]},"_links":{"self":[{"href":"https:\/\/saude.ufpr.br\/cecane\/wp-json\/wp\/v2\/pages\/1111","targetHints":{"allow":["GET"]}}],"collection":[{"href":"https:\/\/saude.ufpr.br\/cecane\/wp-json\/wp\/v2\/pages"}],"about":[{"href":"https:\/\/saude.ufpr.br\/cecane\/wp-json\/wp\/v2\/types\/page"}],"author":[{"embeddable":true,"href":"https:\/\/saude.ufpr.br\/cecane\/wp-json\/wp\/v2\/users\/1615"}],"replies":[{"embeddable":true,"href":"https:\/\/saude.ufpr.br\/cecane\/wp-json\/wp\/v2\/comments?post=1111"}],"version-history":[{"count":58,"href":"https:\/\/saude.ufpr.br\/cecane\/wp-json\/wp\/v2\/pages\/1111\/revisions"}],"predecessor-version":[{"id":1182,"href":"https:\/\/saude.ufpr.br\/cecane\/wp-json\/wp\/v2\/pages\/1111\/revisions\/1182"}],"wp:attachment":[{"href":"https:\/\/saude.ufpr.br\/cecane\/wp-json\/wp\/v2\/media?parent=1111"}],"curies":[{"name":"wp","href":"https:\/\/api.w.org\/{rel}","templated":true}]}}