{"id":1078,"date":"2019-06-28T19:31:25","date_gmt":"2019-06-28T19:31:25","guid":{"rendered":"https:\/\/saude.ufpr.br\/cirurgia-e-traumatologia-buco-maxilo-faciais\/?page_id=1078"},"modified":"2024-08-26T19:02:53","modified_gmt":"2024-08-26T19:02:53","slug":"informacoes-gerais","status":"publish","type":"page","link":"https:\/\/saude.ufpr.br\/cirurgia\/","title":{"rendered":"Informa\u00e7\u00f5es Gerais"},"content":{"rendered":"<h4><\/h4>\n<h4><\/h4>\n<h3><strong><em>INFORMA\u00c7\u00d5ES SOBRE O PROCESSO SELETIVO<\/em><\/strong><\/h3>\n<h2><strong><span style=\"color: #ff0000\">A PARTIR DE 2024 SER\u00c1 FEITO PELO ENARE<\/span><\/strong><\/h2>\n<p>&nbsp;<\/p>\n<p style=\"text-align: left\"><span style=\"color: #ff0000\"><strong><a style=\"color: #ff0000\" href=\"https:\/\/www.gov.br\/ebserh\/pt-br\/ensino-e-pesquisa\/exame-nacional-de-residencia-enare\">https:\/\/www.gov.br\/ebserh\/pt-br\/ensino-e-pesquisa\/exame-nacional-de-residencia-enare<\/a><\/strong><\/span><\/p>\n<p>&nbsp;<\/p>\n<p>Sejam bem vindos a p\u00e1gina do <strong>PROGRAMA DE RESID\u00caNCIA EM \u00c1REA PROFISSIONAL DA SAUDE \u00a0EM CIRURGIA E TRAUMATOLOGIA BUCO MAXILO FACIAIS DO SETOR DE CI\u00caNCIAS DA SA\u00daDE DA UFPR<\/strong><\/p>\n<p>Aqui voc\u00ea obter\u00e1 informa\u00e7\u00f5es sobre o curso, hist\u00f3rico, rela\u00e7\u00e3o dos professores, \u00e1reas de atua\u00e7\u00e3o bem como not\u00edcias sobre o processo seletivo<\/p>\n<p>Att<\/p>\n<p>Prof. Dr. Delson Costa \u00a0<a href=\"mailto:delsoncosta@ufpr.br\">delsoncosta@ufpr.br<\/a><\/p>\n<p>Coordenador da Resid\u00eancia<\/p>\n<p>&nbsp;<\/p>\n<h4><\/h4>\n","protected":false},"excerpt":{"rendered":"<p>INFORMA\u00c7\u00d5ES SOBRE O PROCESSO SELETIVO A PARTIR DE 2024 SER\u00c1 FEITO PELO ENARE &nbsp; https:\/\/www.gov.br\/ebserh\/pt-br\/ensino-e-pesquisa\/exame-nacional-de-residencia-enare &nbsp; Sejam bem vindos a p\u00e1gina do PROGRAMA DE RESID\u00caNCIA EM \u00c1REA PROFISSIONAL DA SAUDE \u00a0EM CIRURGIA E TRAUMATOLOGIA BUCO MAXILO FACIAIS DO SETOR DE CI\u00caNCIAS DA SA\u00daDE DA UFPR Aqui voc\u00ea obter\u00e1 informa\u00e7\u00f5es sobre o curso, hist\u00f3rico, rela\u00e7\u00e3o dos<br \/> <a href=\"https:\/\/saude.ufpr.br\/cirurgia\/\" class=\"button success small readmore\">Leia mais<\/a><\/p>\n","protected":false},"author":1615,"featured_media":0,"parent":0,"menu_order":0,"comment_status":"closed","ping_status":"closed","template":"","meta":{"_acf_changed":false,"_uag_custom_page_level_css":"","footnotes":""},"class_list":["post-1078","page","type-page","status-publish","hentry"],"acf":[],"featured_image_src":null,"uagb_featured_image_src":{"full":false,"thumbnail":false,"medium":false,"medium_large":false,"large":false,"1536x1536":false,"2048x2048":false,"noticias-thumb":false,"banners-thumb":false,"maisnoticias-thumb":false,"post-thumbnail":false},"uagb_author_info":{"display_name":"Guilherme","author_link":"https:\/\/saude.ufpr.br\/cirurgia\/author\/guilhermematos\/"},"uagb_comment_info":0,"uagb_excerpt":"INFORMA\u00c7\u00d5ES SOBRE O PROCESSO SELETIVO A PARTIR DE 2024 SER\u00c1 FEITO PELO ENARE &nbsp; https:\/\/www.gov.br\/ebserh\/pt-br\/ensino-e-pesquisa\/exame-nacional-de-residencia-enare &nbsp; Sejam bem vindos a p\u00e1gina do PROGRAMA DE RESID\u00caNCIA EM \u00c1REA PROFISSIONAL DA SAUDE \u00a0EM CIRURGIA E TRAUMATOLOGIA BUCO MAXILO FACIAIS DO SETOR DE CI\u00caNCIAS DA SA\u00daDE DA UFPR Aqui voc\u00ea obter\u00e1 informa\u00e7\u00f5es sobre o curso, hist\u00f3rico, rela\u00e7\u00e3o dos&hellip;","publishpress_future_action":{"enabled":false,"date":"2026-05-02 16:59:04","action":"change-status","newStatus":"draft","terms":[],"taxonomy":"","extraData":[]},"publishpress_future_workflow_manual_trigger":{"enabledWorkflows":[]},"_links":{"self":[{"href":"https:\/\/saude.ufpr.br\/cirurgia\/wp-json\/wp\/v2\/pages\/1078","targetHints":{"allow":["GET"]}}],"collection":[{"href":"https:\/\/saude.ufpr.br\/cirurgia\/wp-json\/wp\/v2\/pages"}],"about":[{"href":"https:\/\/saude.ufpr.br\/cirurgia\/wp-json\/wp\/v2\/types\/page"}],"author":[{"embeddable":true,"href":"https:\/\/saude.ufpr.br\/cirurgia\/wp-json\/wp\/v2\/users\/1615"}],"replies":[{"embeddable":true,"href":"https:\/\/saude.ufpr.br\/cirurgia\/wp-json\/wp\/v2\/comments?post=1078"}],"version-history":[{"count":37,"href":"https:\/\/saude.ufpr.br\/cirurgia\/wp-json\/wp\/v2\/pages\/1078\/revisions"}],"predecessor-version":[{"id":1334,"href":"https:\/\/saude.ufpr.br\/cirurgia\/wp-json\/wp\/v2\/pages\/1078\/revisions\/1334"}],"wp:attachment":[{"href":"https:\/\/saude.ufpr.br\/cirurgia\/wp-json\/wp\/v2\/media?parent=1078"}],"curies":[{"name":"wp","href":"https:\/\/api.w.org\/{rel}","templated":true}]}}