{"id":1192,"date":"2019-07-08T11:51:24","date_gmt":"2019-07-08T11:51:24","guid":{"rendered":"https:\/\/saude.ufpr.br\/cirurgia\/?page_id=1192"},"modified":"2024-06-13T19:41:53","modified_gmt":"2024-06-13T19:41:53","slug":"area-de-atuacao","status":"publish","type":"page","link":"https:\/\/saude.ufpr.br\/cirurgia\/area-de-atuacao\/","title":{"rendered":"\u00c1rea de atua\u00e7\u00e3o"},"content":{"rendered":"<p>&nbsp;<\/p>\n<p><strong>CIRURGIA BUCAL \u00a0(sob anestesia local)<\/strong><\/p>\n<p><strong>CIRURGIAS ORTOGN\u00c1TICAS<\/strong><\/p>\n<p><strong>IMPLANTODONTIA<\/strong><\/p>\n<p><strong>TRATAMENTO CIR\u00daRGICO DAS PATOLOGIAS MAXILO FACIAL<\/strong><\/p>\n<p><strong>ATIVIDADES HOSPITALARES NA ESPECIALIDADE (COMPLEXO HOSPITALAR DO TRABALHADOR &#8211; CHT)<\/strong><\/p>\n","protected":false},"excerpt":{"rendered":"<p>&nbsp; CIRURGIA BUCAL \u00a0(sob anestesia local) CIRURGIAS ORTOGN\u00c1TICAS IMPLANTODONTIA TRATAMENTO CIR\u00daRGICO DAS PATOLOGIAS MAXILO FACIAL ATIVIDADES HOSPITALARES NA ESPECIALIDADE (COMPLEXO HOSPITALAR DO TRABALHADOR &#8211; CHT)<\/p>\n","protected":false},"author":1615,"featured_media":0,"parent":0,"menu_order":0,"comment_status":"closed","ping_status":"closed","template":"","meta":{"_acf_changed":false,"_uag_custom_page_level_css":"","footnotes":""},"class_list":["post-1192","page","type-page","status-publish","hentry"],"acf":[],"featured_image_src":null,"uagb_featured_image_src":{"full":false,"thumbnail":false,"medium":false,"medium_large":false,"large":false,"1536x1536":false,"2048x2048":false,"noticias-thumb":false,"banners-thumb":false,"maisnoticias-thumb":false,"post-thumbnail":false},"uagb_author_info":{"display_name":"Guilherme","author_link":"https:\/\/saude.ufpr.br\/cirurgia\/author\/guilhermematos\/"},"uagb_comment_info":0,"uagb_excerpt":"&nbsp; CIRURGIA BUCAL \u00a0(sob anestesia local) CIRURGIAS ORTOGN\u00c1TICAS IMPLANTODONTIA TRATAMENTO CIR\u00daRGICO DAS PATOLOGIAS MAXILO FACIAL ATIVIDADES HOSPITALARES NA ESPECIALIDADE (COMPLEXO HOSPITALAR DO TRABALHADOR &#8211; CHT)","publishpress_future_action":{"enabled":false,"date":"2026-05-02 16:40:56","action":"change-status","newStatus":"draft","terms":[],"taxonomy":"","extraData":[]},"publishpress_future_workflow_manual_trigger":{"enabledWorkflows":[]},"_links":{"self":[{"href":"https:\/\/saude.ufpr.br\/cirurgia\/wp-json\/wp\/v2\/pages\/1192","targetHints":{"allow":["GET"]}}],"collection":[{"href":"https:\/\/saude.ufpr.br\/cirurgia\/wp-json\/wp\/v2\/pages"}],"about":[{"href":"https:\/\/saude.ufpr.br\/cirurgia\/wp-json\/wp\/v2\/types\/page"}],"author":[{"embeddable":true,"href":"https:\/\/saude.ufpr.br\/cirurgia\/wp-json\/wp\/v2\/users\/1615"}],"replies":[{"embeddable":true,"href":"https:\/\/saude.ufpr.br\/cirurgia\/wp-json\/wp\/v2\/comments?post=1192"}],"version-history":[{"count":8,"href":"https:\/\/saude.ufpr.br\/cirurgia\/wp-json\/wp\/v2\/pages\/1192\/revisions"}],"predecessor-version":[{"id":1347,"href":"https:\/\/saude.ufpr.br\/cirurgia\/wp-json\/wp\/v2\/pages\/1192\/revisions\/1347"}],"wp:attachment":[{"href":"https:\/\/saude.ufpr.br\/cirurgia\/wp-json\/wp\/v2\/media?parent=1192"}],"curies":[{"name":"wp","href":"https:\/\/api.w.org\/{rel}","templated":true}]}}