{"id":114,"date":"2015-04-01T11:45:03","date_gmt":"2015-04-01T11:45:03","guid":{"rendered":"https:\/\/saude.ufpr.br\/cometica\/?page_id=114"},"modified":"2024-04-19T12:42:44","modified_gmt":"2024-04-19T12:42:44","slug":"resolucoes-do-conselho-nacional-de-saude","status":"publish","type":"page","link":"https:\/\/saude.ufpr.br\/cometica\/resolucoes-do-conselho-nacional-de-saude\/","title":{"rendered":"Resolu\u00e7\u00f5es do Conselho Nacional de Sa\u00fade e Norma Operacional"},"content":{"rendered":"<p>Lista de Resolu\u00e7\u00f5es da Comiss\u00e3o Nacional de \u00c9tica em Pesquisa<\/p>\n<p><a href=\"http:\/\/conselho.saude.gov.br\/o-que-e-rss\/92-comissoes\/conep\/normativas-conep\/642-lista-de-resolucoes-conep\">Resolu\u00e7\u00f5es CONEP<\/a><\/p>\n<p><a href=\"http:\/\/conselho.saude.gov.br\/images\/comissoes\/conep\/documentos\/NORMAS-RESOLUCOES\/Resolu%C3%A7%C3%A3o__CNS_n%C2%BA_370-2007.pdf\">Resolu\u00e7\u00e3o 370\/2007 &#8211; Renova\u00e7\u00e3o do CEP<\/a><\/p>\n<p><a href=\"http:\/\/conselho.saude.gov.br\/images\/comissoes\/conep\/documentos\/NORMAS-RESOLUCOES\/Resoluo_n_346_-_2005__-_Projetos_Multicntricos.pdf\">Resolu\u00e7\u00e3o 346\/2005 &#8211; Projetos Multic\u00eantricos<\/a><\/p>\n<p><a href=\"http:\/\/conselho.saude.gov.br\/images\/comissoes\/conep\/documentos\/NORMAS-RESOLUCOES\/06._Resolu%C3%A7%C3%A3o_304_2000_Povos_Ind%C3%ADgenas.PDF\">Resolu\u00e7\u00e3o 304\/2000 &#8211; Povos Ind\u00edgenas<\/a><\/p>\n<p><a href=\"https:\/\/saude.ufpr.br\/cometica\/wp-content\/uploads\/sites\/7\/2015\/03\/RESOLUCAO-44-CNS-armazenamento-e-utiliza\u00e7\u00e3o-material-biol\u00f3gico-humano1.pdf\">Resolu\u00e7\u00e3o 441\/2011\/CNS &#8211; Armazenamento e utiliza\u00e7\u00e3o de material biol\u00f3gico<\/a><\/p>\n<p><a href=\"https:\/\/saude.ufpr.br\/cometica\/wp-content\/uploads\/sites\/7\/2015\/03\/RESOLUCAO-466.pdf\">Resolu\u00e7\u00e3o 466\/2012\/CNS -(Substitui a 196\/96) -Diretrizes e normas regulamentadoras de pesquisas envolvendo seres humanos<\/a><\/p>\n<p><a href=\"https:\/\/saude.ufpr.br\/cometica\/wp-content\/uploads\/sites\/7\/2016\/08\/Reso510_Humanas2016.pdf\">Resolu\u00e7\u00e3o 510 do CNS de 07 de abri 2016^-\u00a0 pesquisa em ci\u00eancias humanas e sociais<\/a><\/p>\n<p><a href=\"https:\/\/saude.ufpr.br\/cometica\/wp-content\/uploads\/sites\/7\/2017\/11\/Reso563.pdf\">Resolu\u00e7\u00e3o 563\/2017 &#8211; Pesquisa para doen\u00e7as ultrarraras no pa\u00eds<\/a><\/p>\n<p><a href=\"https:\/\/saude.ufpr.br\/cometica\/wp-content\/uploads\/sites\/7\/2018\/07\/Reso580.pdf\">Resolu\u00e7\u00e3o 580\/2018 &#8211; Pesquisas de interesse estrat\u00e9gico para o Sistema \u00danico de Sa\u00fade (SUS).<\/a><\/p>\n<p><a href=\"https:\/\/saude.ufpr.br\/cometica\/wp-content\/uploads\/sites\/7\/2020\/12\/Reso647.pdf\">Resolu\u00e7\u00e3o 647\/2020 &#8211; Disp\u00f5e sobre as regras referentes \u00e0 regulamenta\u00e7\u00e3o do processo de designa\u00e7\u00e3o e atua\u00e7\u00e3o dos membros de CEP indicados por entidades do controle social.<\/a><\/p>\n<p><a href=\"http:\/\/conselho.saude.gov.br\/images\/Resolucoes\/2021\/Reso660_-_Disp%C3%B5e_sobre_o_Regimento_da_V_CNSM.pdf\">Resolu\u00e7\u00e3o 660 \/2021 &#8211; Disp\u00f5e sobre Sa\u00fade Mental<\/a><\/p>\n<p><a href=\"http:\/\/conselho.saude.gov.br\/images\/comissoes\/conep\/documentos\/NORMAS-RESOLUCOES\/Norma_Operacional_n_001-2013_Procedimento_Submisso_de_Projeto.pdf\">Norma Operacional 001\/2013 &#8211; Procedimento submiss\u00e3o de projetos<\/a><\/p>\n<p><a href=\"https:\/\/saude.ufpr.br\/cometica\/wp-content\/uploads\/sites\/7\/2024\/04\/Resolucao_CNS_no_706-2023-1.pdf\">Resolu\u00e7\u00e3o 706\/2023 &#8211; Registro, credenciamento e renova\u00e7\u00e3o dos CEPS.<\/a><\/p>\n<p>&nbsp;<\/p>\n","protected":false},"excerpt":{"rendered":"<p>Lista de Resolu\u00e7\u00f5es da Comiss\u00e3o Nacional de \u00c9tica em Pesquisa Resolu\u00e7\u00f5es CONEP Resolu\u00e7\u00e3o 370\/2007 &#8211; Renova\u00e7\u00e3o do CEP Resolu\u00e7\u00e3o 346\/2005 &#8211; Projetos Multic\u00eantricos Resolu\u00e7\u00e3o 304\/2000 &#8211; Povos Ind\u00edgenas Resolu\u00e7\u00e3o 441\/2011\/CNS &#8211; Armazenamento e utiliza\u00e7\u00e3o de material biol\u00f3gico Resolu\u00e7\u00e3o 466\/2012\/CNS -(Substitui a 196\/96) -Diretrizes e normas regulamentadoras de pesquisas envolvendo seres humanos Resolu\u00e7\u00e3o 510 do CNS [&hellip;]<\/p>\n","protected":false},"author":11,"featured_media":0,"parent":0,"menu_order":0,"comment_status":"open","ping_status":"open","template":"","meta":{"_acf_changed":false,"_uag_custom_page_level_css":"","footnotes":""},"class_list":["post-114","page","type-page","status-publish","hentry"],"acf":[],"featured_image_src":null,"uagb_featured_image_src":{"full":false,"thumbnail":false,"medium":false,"medium_large":false,"large":false,"1536x1536":false,"2048x2048":false,"noticias-thumb":false,"banners-thumb":false,"maisnoticias-thumb":false,"post-thumbnail":false},"uagb_author_info":{"display_name":"josete","author_link":"https:\/\/saude.ufpr.br\/cometica\/author\/josete\/"},"uagb_comment_info":0,"uagb_excerpt":"Lista de Resolu\u00e7\u00f5es da Comiss\u00e3o Nacional de \u00c9tica em Pesquisa Resolu\u00e7\u00f5es CONEP Resolu\u00e7\u00e3o 370\/2007 &#8211; Renova\u00e7\u00e3o do CEP Resolu\u00e7\u00e3o 346\/2005 &#8211; Projetos Multic\u00eantricos Resolu\u00e7\u00e3o 304\/2000 &#8211; Povos Ind\u00edgenas Resolu\u00e7\u00e3o 441\/2011\/CNS &#8211; Armazenamento e utiliza\u00e7\u00e3o de material biol\u00f3gico Resolu\u00e7\u00e3o 466\/2012\/CNS -(Substitui a 196\/96) -Diretrizes e normas regulamentadoras de pesquisas envolvendo seres humanos Resolu\u00e7\u00e3o 510 do CNS&hellip;","publishpress_future_action":{"enabled":false,"date":"2026-05-02 11:18:50","action":"change-status","newStatus":"draft","terms":[],"taxonomy":"","extraData":[]},"publishpress_future_workflow_manual_trigger":{"enabledWorkflows":[]},"_links":{"self":[{"href":"https:\/\/saude.ufpr.br\/cometica\/wp-json\/wp\/v2\/pages\/114","targetHints":{"allow":["GET"]}}],"collection":[{"href":"https:\/\/saude.ufpr.br\/cometica\/wp-json\/wp\/v2\/pages"}],"about":[{"href":"https:\/\/saude.ufpr.br\/cometica\/wp-json\/wp\/v2\/types\/page"}],"author":[{"embeddable":true,"href":"https:\/\/saude.ufpr.br\/cometica\/wp-json\/wp\/v2\/users\/11"}],"replies":[{"embeddable":true,"href":"https:\/\/saude.ufpr.br\/cometica\/wp-json\/wp\/v2\/comments?post=114"}],"version-history":[{"count":23,"href":"https:\/\/saude.ufpr.br\/cometica\/wp-json\/wp\/v2\/pages\/114\/revisions"}],"predecessor-version":[{"id":2928,"href":"https:\/\/saude.ufpr.br\/cometica\/wp-json\/wp\/v2\/pages\/114\/revisions\/2928"}],"wp:attachment":[{"href":"https:\/\/saude.ufpr.br\/cometica\/wp-json\/wp\/v2\/media?parent=114"}],"curies":[{"name":"wp","href":"https:\/\/api.w.org\/{rel}","templated":true}]}}