{"id":12,"date":"2015-02-26T18:56:50","date_gmt":"2015-02-26T18:56:50","guid":{"rendered":"https:\/\/saude.ufpr.br\/cometica\/?page_id=12"},"modified":"2021-04-13T17:35:24","modified_gmt":"2021-04-13T17:35:24","slug":"sobre-o-cepsd","status":"publish","type":"page","link":"https:\/\/saude.ufpr.br\/cometica\/sobre-o-cepsd\/","title":{"rendered":"Sobre o CEP e Calend\u00e1rio"},"content":{"rendered":"<p><em>O Comit\u00ea de \u00c9tica em Pesquisa (CEP\/SD), do Setor de Ci\u00eancias da Sa\u00fade da UFPR, \u00e9 um colegiado multidisciplinar e independente, com munus p\u00fablico, de car\u00e1ter consultivo, deliberativo e educativo.<\/em><\/p>\n<p><em>\u00a0Criado em 2003, pela Resolu\u00e7\u00e3o CNS 196\/96, que diz: \u201ctoda pesquisa envolvendo seres humanos dever\u00e1 ser submetida \u00e0 aprecia\u00e7\u00e3o de um Comit\u00ea de \u00c9tica em Pesquisa\u201d e cabe \u00e0 institui\u00e7\u00e3o onde se realizam as pesquisas sua constitui\u00e7\u00e3o.<\/em><\/p>\n<p><em>\u00a0As pesquisas envolvendo seres humanos, desenvolvidas no \u00e2mbito dos Departamentos vinculados ao Setor de Ci\u00eancias da Sa\u00fade, s\u00e3o submetidas \u00e0 aprecia\u00e7\u00e3o deste Comit\u00ea.<\/em><\/p>\n<p><em>A pesquisa com humanos do CEP\/SD \u00e9 regulamentada pelo Conselho Nacional de Sa\u00fade, e de acordo com \u00e0 resolu\u00e7\u00e3o 466\/2012 CNS,\u00a0 os projetos somente podem ser submetidos por meio da Plataforma Brasil.<\/em><\/p>\n<p><em>A Resolu\u00e7\u00e3o 466\/2012 CNS considera pesquisa em seres humanos em qualquer \u00e1rea de conhecimento e que de modo direto e indireto envolvam a coletividade, em sua totalidade ou partes, incluindo o manejo de informa\u00e7\u00f5es e materiais.<\/em><\/p>\n<p><em>Miss\u00e3o do CEP\/SD: \u00a0Defender os interesses dos sujeitos da pesquisa na sua integridade e dignidade e, para contribuir no aprimoramento \u00e9tico das pesquisas que lhe forem submetidas.<\/em><\/p>\n<p>&nbsp;<\/p>\n","protected":false},"excerpt":{"rendered":"<p>O Comit\u00ea de \u00c9tica em Pesquisa (CEP\/SD), do Setor de Ci\u00eancias da Sa\u00fade da UFPR, \u00e9 um colegiado multidisciplinar e independente, com munus p\u00fablico, de car\u00e1ter consultivo, deliberativo e educativo. \u00a0Criado em 2003, pela Resolu\u00e7\u00e3o CNS 196\/96, que diz: \u201ctoda pesquisa envolvendo seres humanos dever\u00e1 ser submetida \u00e0 aprecia\u00e7\u00e3o de um Comit\u00ea de \u00c9tica em [&hellip;]<\/p>\n","protected":false},"author":10,"featured_media":0,"parent":0,"menu_order":0,"comment_status":"open","ping_status":"open","template":"","meta":{"_acf_changed":false,"_uag_custom_page_level_css":"","footnotes":""},"class_list":["post-12","page","type-page","status-publish","hentry"],"acf":[],"featured_image_src":null,"uagb_featured_image_src":{"full":false,"thumbnail":false,"medium":false,"medium_large":false,"large":false,"1536x1536":false,"2048x2048":false,"noticias-thumb":false,"banners-thumb":false,"maisnoticias-thumb":false,"post-thumbnail":false},"uagb_author_info":{"display_name":"cometica","author_link":"https:\/\/saude.ufpr.br\/cometica\/author\/cometica\/"},"uagb_comment_info":0,"uagb_excerpt":"O Comit\u00ea de \u00c9tica em Pesquisa (CEP\/SD), do Setor de Ci\u00eancias da Sa\u00fade da UFPR, \u00e9 um colegiado multidisciplinar e independente, com munus p\u00fablico, de car\u00e1ter consultivo, deliberativo e educativo. \u00a0Criado em 2003, pela Resolu\u00e7\u00e3o CNS 196\/96, que diz: \u201ctoda pesquisa envolvendo seres humanos dever\u00e1 ser submetida \u00e0 aprecia\u00e7\u00e3o de um Comit\u00ea de \u00c9tica em&hellip;","publishpress_future_action":{"enabled":false,"date":"2026-05-11 15:36:05","action":"change-status","newStatus":"draft","terms":[],"taxonomy":"","extraData":[]},"publishpress_future_workflow_manual_trigger":{"enabledWorkflows":[]},"_links":{"self":[{"href":"https:\/\/saude.ufpr.br\/cometica\/wp-json\/wp\/v2\/pages\/12","targetHints":{"allow":["GET"]}}],"collection":[{"href":"https:\/\/saude.ufpr.br\/cometica\/wp-json\/wp\/v2\/pages"}],"about":[{"href":"https:\/\/saude.ufpr.br\/cometica\/wp-json\/wp\/v2\/types\/page"}],"author":[{"embeddable":true,"href":"https:\/\/saude.ufpr.br\/cometica\/wp-json\/wp\/v2\/users\/10"}],"replies":[{"embeddable":true,"href":"https:\/\/saude.ufpr.br\/cometica\/wp-json\/wp\/v2\/comments?post=12"}],"version-history":[{"count":11,"href":"https:\/\/saude.ufpr.br\/cometica\/wp-json\/wp\/v2\/pages\/12\/revisions"}],"predecessor-version":[{"id":2362,"href":"https:\/\/saude.ufpr.br\/cometica\/wp-json\/wp\/v2\/pages\/12\/revisions\/2362"}],"wp:attachment":[{"href":"https:\/\/saude.ufpr.br\/cometica\/wp-json\/wp\/v2\/media?parent=12"}],"curies":[{"name":"wp","href":"https:\/\/api.w.org\/{rel}","templated":true}]}}