{"id":145,"date":"2015-03-31T11:28:08","date_gmt":"2015-03-31T11:28:08","guid":{"rendered":"https:\/\/saude.ufpr.br\/cometica\/?page_id=145"},"modified":"2025-09-03T09:53:10","modified_gmt":"2025-09-03T09:53:10","slug":"horario-de-atendimento","status":"publish","type":"page","link":"https:\/\/saude.ufpr.br\/cometica\/horario-de-atendimento\/","title":{"rendered":"Contatos e hor\u00e1rio de atendimento ao p\u00fablico"},"content":{"rendered":"<ul>\n<li><strong>Atendimento presencial <\/strong><\/li>\n<li>Quartas e sextas-feiras \u2013 das 07:00h \u00e0s 16:00h (intervalo de 1 (uma) hora de almo\u00e7o<\/li>\n<li><\/li>\n<\/ul>\n<ul>\n<li><em>Telefone\/WhatsApp : (41) 3360-7259\u00a0<\/em><\/li>\n<li><em>e-mail: cometica.saude@ufpr.br e\u00a0 cometicasd2@gmail.com\u00a0 \u00a0<\/em><\/li>\n<li><em>Endere\u00e7o: Rua Padre Camargo n\u00ba 285 &#8211; 1\u00ba andar &#8211; 1\u00aa sala \u00e0 esquerda<br \/>\n<\/em><\/li>\n<li><em>CEP 80060-240 &#8211; Bairro Alto da Gl\u00f3ria &#8211; Curitiba &#8211; PR<\/em><\/li>\n<\/ul>\n<ul>\n<li><strong>Teletrabalho<\/strong><\/li>\n<li>Segundas, ter\u00e7as e quintas -feiras\u00a0 \u2013 das 07:00h \u00e0s 16:00h (intervalo de 1 (uma) hora de almo\u00e7o<\/li>\n<li><\/li>\n<li>Contatos: WhatsApp: 41-3360-7259<\/li>\n<li>E-mail\/Teams: cometica.saude@ufpr.br<\/li>\n<\/ul>\n<p><strong>Obs. : Excepcionalmente poder\u00e1 haver altera\u00e7\u00e3o nos dias de atendimento, sempre conferir no site do CEP.<\/strong><\/p>\n<p>&nbsp;<\/p>\n<h3><em><span style=\"color: #008080\"><span style=\"color: #000000\">Verificar o calend\u00e1rio de reuni\u00f5es do CEP,\u00a0 pois nos dias de reuni\u00e3o n\u00e3o haver\u00e1 atendimento externo.<\/span><\/span><br \/>\n<\/em><\/h3>\n<p><em><a href=\"https:\/\/saude.ufpr.br\/cometica\/wp-content\/uploads\/sites\/7\/2018\/05\/contatos.jpg\"><img decoding=\"async\" class=\"alignnone wp-image-1191\" src=\"https:\/\/saude.ufpr.br\/cometica\/wp-content\/uploads\/sites\/7\/2018\/05\/contatos-300x186.jpg\" alt=\"\" width=\"215\" height=\"133\" srcset=\"https:\/\/saude.ufpr.br\/cometica\/wp-content\/uploads\/sites\/7\/2018\/05\/contatos-300x186.jpg 300w, https:\/\/saude.ufpr.br\/cometica\/wp-content\/uploads\/sites\/7\/2018\/05\/contatos-768x476.jpg 768w, https:\/\/saude.ufpr.br\/cometica\/wp-content\/uploads\/sites\/7\/2018\/05\/contatos-1024x635.jpg 1024w, https:\/\/saude.ufpr.br\/cometica\/wp-content\/uploads\/sites\/7\/2018\/05\/contatos.jpg 1140w\" sizes=\"(max-width: 215px) 100vw, 215px\" \/><\/a><\/em><\/p>\n<p>&nbsp;<\/p>\n<p>&nbsp;<\/p>\n","protected":false},"excerpt":{"rendered":"<p>Atendimento presencial Quartas e sextas-feiras \u2013 das 07:00h \u00e0s 16:00h (intervalo de 1 (uma) hora de almo\u00e7o Telefone\/WhatsApp : (41) 3360-7259\u00a0 e-mail: cometica.saude@ufpr.br e\u00a0 cometicasd2@gmail.com\u00a0 \u00a0 Endere\u00e7o: Rua Padre Camargo n\u00ba 285 &#8211; 1\u00ba andar &#8211; 1\u00aa sala \u00e0 esquerda CEP 80060-240 &#8211; Bairro Alto da Gl\u00f3ria &#8211; Curitiba &#8211; PR Teletrabalho Segundas, ter\u00e7as e [&hellip;]<\/p>\n","protected":false},"author":11,"featured_media":0,"parent":0,"menu_order":0,"comment_status":"open","ping_status":"open","template":"","meta":{"_acf_changed":false,"_uag_custom_page_level_css":"","footnotes":""},"class_list":["post-145","page","type-page","status-publish","hentry"],"acf":[],"featured_image_src":null,"uagb_featured_image_src":{"full":false,"thumbnail":false,"medium":false,"medium_large":false,"large":false,"1536x1536":false,"2048x2048":false,"noticias-thumb":false,"banners-thumb":false,"maisnoticias-thumb":false,"post-thumbnail":false},"uagb_author_info":{"display_name":"josete","author_link":"https:\/\/saude.ufpr.br\/cometica\/author\/josete\/"},"uagb_comment_info":0,"uagb_excerpt":"Atendimento presencial Quartas e sextas-feiras \u2013 das 07:00h \u00e0s 16:00h (intervalo de 1 (uma) hora de almo\u00e7o Telefone\/WhatsApp : (41) 3360-7259\u00a0 e-mail: cometica.saude@ufpr.br e\u00a0 cometicasd2@gmail.com\u00a0 \u00a0 Endere\u00e7o: Rua Padre Camargo n\u00ba 285 &#8211; 1\u00ba andar &#8211; 1\u00aa sala \u00e0 esquerda CEP 80060-240 &#8211; Bairro Alto da Gl\u00f3ria &#8211; Curitiba &#8211; PR Teletrabalho Segundas, ter\u00e7as e&hellip;","publishpress_future_action":{"enabled":false,"date":"2026-04-11 11:15:17","action":"change-status","newStatus":"draft","terms":[],"taxonomy":"","extraData":[]},"publishpress_future_workflow_manual_trigger":{"enabledWorkflows":[]},"_links":{"self":[{"href":"https:\/\/saude.ufpr.br\/cometica\/wp-json\/wp\/v2\/pages\/145","targetHints":{"allow":["GET"]}}],"collection":[{"href":"https:\/\/saude.ufpr.br\/cometica\/wp-json\/wp\/v2\/pages"}],"about":[{"href":"https:\/\/saude.ufpr.br\/cometica\/wp-json\/wp\/v2\/types\/page"}],"author":[{"embeddable":true,"href":"https:\/\/saude.ufpr.br\/cometica\/wp-json\/wp\/v2\/users\/11"}],"replies":[{"embeddable":true,"href":"https:\/\/saude.ufpr.br\/cometica\/wp-json\/wp\/v2\/comments?post=145"}],"version-history":[{"count":42,"href":"https:\/\/saude.ufpr.br\/cometica\/wp-json\/wp\/v2\/pages\/145\/revisions"}],"predecessor-version":[{"id":3054,"href":"https:\/\/saude.ufpr.br\/cometica\/wp-json\/wp\/v2\/pages\/145\/revisions\/3054"}],"wp:attachment":[{"href":"https:\/\/saude.ufpr.br\/cometica\/wp-json\/wp\/v2\/media?parent=145"}],"curies":[{"name":"wp","href":"https:\/\/api.w.org\/{rel}","templated":true}]}}