{"id":152,"date":"2015-03-31T11:53:32","date_gmt":"2015-03-31T11:53:32","guid":{"rendered":"https:\/\/saude.ufpr.br\/cometica\/?page_id=152"},"modified":"2016-08-04T13:09:29","modified_gmt":"2016-08-04T13:09:29","slug":"manuais-plataforma-brasil","status":"publish","type":"page","link":"https:\/\/saude.ufpr.br\/cometica\/manuais-plataforma-brasil\/","title":{"rendered":"Manuais Plataforma Brasil"},"content":{"rendered":"<p><a href=\"https:\/\/saude.ufpr.br\/cometica\/wp-content\/uploads\/sites\/7\/2015\/04\/FUNCIONALIDADES_DA_ABA_PESQUISADOR.pdf\">Funcionalidades da Aba Pesquisador<\/a><\/p>\n<p style=\"text-align: left\"><a href=\"https:\/\/saude.ufpr.br\/cometica\/wp-content\/uploads\/sites\/7\/2016\/08\/Submiss\u00e3o-projeto-ago-2016.pdf\">Submiss\u00e3o de Projeto de Pesquisa<\/a><\/p>\n<p><a href=\"https:\/\/saude.ufpr.br\/cometica\/wp-content\/uploads\/sites\/7\/2015\/04\/CADASTRO_DE_USU\u00c1RIO.pdf\">Cadastro de Usu\u00e1rio<\/a><\/p>\n<p><a href=\"https:\/\/saude.ufpr.br\/cometica\/wp-content\/uploads\/sites\/7\/2015\/04\/ABA_ALTERAR_MEUS_DADOS.pdf\">Aba Alterar meus Dados<\/a><\/p>\n<p><a href=\"https:\/\/saude.ufpr.br\/cometica\/wp-content\/uploads\/sites\/7\/2015\/04\/ALTERA\u00c7\u00c3O_DE_PESQUISADOR_RESPONS\u00c1VEL.pdf\">Altera\u00e7\u00e3o de Pesquisador Respons\u00e1vel<\/a><\/p>\n<p><a href=\"https:\/\/saude.ufpr.br\/cometica\/wp-content\/uploads\/sites\/7\/2015\/04\/SUBMISS\u00c3O_DE_RECURSO.pdf\">Submiss\u00e3o de Recurso<\/a><\/p>\n<p><a href=\"https:\/\/saude.ufpr.br\/cometica\/wp-content\/uploads\/sites\/7\/2016\/08\/Submiss\u00e3o-emenda-3.0.pdf\">Submeter emenda ao Projeto<\/a><\/p>\n<p><a href=\"https:\/\/saude.ufpr.br\/cometica\/wp-content\/uploads\/sites\/7\/2015\/04\/ENVIAR_NOTIFICA\u00c7\u00c3O-3.pdf\">Enviar Notifica\u00e7\u00e3o<\/a><\/p>\n<p><a href=\"https:\/\/saude.ufpr.br\/cometica\/wp-content\/uploads\/sites\/7\/2015\/04\/SOLICITA\u00c7\u00c3O_DE_CADASTRO_DE_INSTITUI\u00c7\u00c3O.pdf\">Solicita\u00e7\u00e3o de cadastro de Institui\u00e7\u00e3o<\/a><\/p>\n<p><a href=\"https:\/\/saude.ufpr.br\/cometica\/wp-content\/uploads\/sites\/7\/2015\/04\/RELA\u00c7\u00c3O_DOS_COMIT\u00caS_.pdf\">Rela\u00e7\u00e3o dos Comit\u00eas<\/a><\/p>\n","protected":false},"excerpt":{"rendered":"<p>Funcionalidades da Aba Pesquisador Submiss\u00e3o de Projeto de Pesquisa Cadastro de Usu\u00e1rio Aba Alterar meus Dados Altera\u00e7\u00e3o de Pesquisador Respons\u00e1vel Submiss\u00e3o de Recurso Submeter emenda ao Projeto Enviar Notifica\u00e7\u00e3o Solicita\u00e7\u00e3o de cadastro de Institui\u00e7\u00e3o Rela\u00e7\u00e3o dos Comit\u00eas<\/p>\n","protected":false},"author":11,"featured_media":0,"parent":0,"menu_order":0,"comment_status":"open","ping_status":"open","template":"","meta":{"_acf_changed":false,"_uag_custom_page_level_css":"","footnotes":""},"class_list":["post-152","page","type-page","status-publish","hentry"],"acf":[],"featured_image_src":null,"uagb_featured_image_src":{"full":false,"thumbnail":false,"medium":false,"medium_large":false,"large":false,"1536x1536":false,"2048x2048":false,"noticias-thumb":false,"banners-thumb":false,"maisnoticias-thumb":false,"post-thumbnail":false},"uagb_author_info":{"display_name":"josete","author_link":"https:\/\/saude.ufpr.br\/cometica\/author\/josete\/"},"uagb_comment_info":0,"uagb_excerpt":"Funcionalidades da Aba Pesquisador Submiss\u00e3o de Projeto de Pesquisa Cadastro de Usu\u00e1rio Aba Alterar meus Dados Altera\u00e7\u00e3o de Pesquisador Respons\u00e1vel Submiss\u00e3o de Recurso Submeter emenda ao Projeto Enviar Notifica\u00e7\u00e3o Solicita\u00e7\u00e3o de cadastro de Institui\u00e7\u00e3o Rela\u00e7\u00e3o dos Comit\u00eas","publishpress_future_action":{"enabled":false,"date":"2026-05-01 13:21:22","action":"change-status","newStatus":"draft","terms":[],"taxonomy":"","extraData":[]},"publishpress_future_workflow_manual_trigger":{"enabledWorkflows":[]},"_links":{"self":[{"href":"https:\/\/saude.ufpr.br\/cometica\/wp-json\/wp\/v2\/pages\/152","targetHints":{"allow":["GET"]}}],"collection":[{"href":"https:\/\/saude.ufpr.br\/cometica\/wp-json\/wp\/v2\/pages"}],"about":[{"href":"https:\/\/saude.ufpr.br\/cometica\/wp-json\/wp\/v2\/types\/page"}],"author":[{"embeddable":true,"href":"https:\/\/saude.ufpr.br\/cometica\/wp-json\/wp\/v2\/users\/11"}],"replies":[{"embeddable":true,"href":"https:\/\/saude.ufpr.br\/cometica\/wp-json\/wp\/v2\/comments?post=152"}],"version-history":[{"count":15,"href":"https:\/\/saude.ufpr.br\/cometica\/wp-json\/wp\/v2\/pages\/152\/revisions"}],"predecessor-version":[{"id":541,"href":"https:\/\/saude.ufpr.br\/cometica\/wp-json\/wp\/v2\/pages\/152\/revisions\/541"}],"wp:attachment":[{"href":"https:\/\/saude.ufpr.br\/cometica\/wp-json\/wp\/v2\/media?parent=152"}],"curies":[{"name":"wp","href":"https:\/\/api.w.org\/{rel}","templated":true}]}}