{"id":154,"date":"2015-03-31T11:59:28","date_gmt":"2015-03-31T11:59:28","guid":{"rendered":"https:\/\/saude.ufpr.br\/cometica\/?page_id=154"},"modified":"2021-08-18T13:20:57","modified_gmt":"2021-08-18T13:20:57","slug":"pendencia-documental","status":"publish","type":"page","link":"https:\/\/saude.ufpr.br\/cometica\/pendencia-documental\/","title":{"rendered":"Pend\u00eancia Documental"},"content":{"rendered":"<p><strong>O que \u00e9 pend\u00eancia documental?<\/strong><\/p>\n<p>Documentos incompletos ou n\u00e3o anexados de acordo com o check list e modelos dispon\u00edveis em nossa p\u00e1gina.<\/p>\n<p>O projeto ser\u00e1 recusado para que o pesquisador instrua o seu projeto, possibilitando assim o aceite e envio para relato.<\/p>\n<p>Abaixo elencamos os itens com maior incid\u00eancia de pend\u00eancia documental:<\/p>\n<p>1) <strong>Folha de Rosto<\/strong> :<\/p>\n<p>-Sem preenchimento de dados do respons\u00e1vel pela Unidade\/\u00d3rg\u00e3o ao qual o pesquisador principal \u00e9 vinculado;<\/p>\n<p>-Sem o v\u00ednculo Unidade\/\u00d3rg\u00e3o (inserido via Plataforma Brasil)<\/p>\n<p>&#8211; Sem os dados\u00a0 e assinatura do respons\u00e1vel pelo Departamento ou programa de p\u00f3s-gradua\u00e7\u00e3o, importante, caso o respons\u00e1vel por estas unidades seja o pesquisador principal, quem dever\u00e1 assinar pela Institui\u00e7\u00e3o proponente deve ser o vice-chefe ou decano.<\/p>\n<p><strong>2) Registro da Pesquisa na Plataforma Brasil:<\/strong><\/p>\n<p><strong>&#8211;<\/strong>N\u00e3o adicionado os membros colaboradores na Equipe de Pesquisa<\/p>\n<p>-N\u00e3o adicionada(s) Institui\u00e7\u00e3o Coparticipante<\/p>\n<p><strong>3) Documentos anexados na 5\u00aa p\u00e1gina do registro PB:<\/strong><\/p>\n<p>&#8211; TCLE: sem espa\u00e7o para rubricas ou j\u00e1 rubricados e assinados;<\/p>\n<p><strong>\u00a0\u00a0 &#8211; Declara\u00e7\u00f5es Diversas: <\/strong><\/p>\n<p><strong>\u00a0\u00a0\u00a0\u00a0\u00a0\u00a0\u00a0\u00a0\u00a0\u00a0\u00a0\u00a0\u00a0 _N\u00e3o foram anexadas separadamente e\/ou nomeadas;<\/strong><\/p>\n<p>-N\u00e3o cont\u00e9m timbre do Departamento ou Coordena\u00e7\u00e3o, caso seja solicitado, conforme modelo;<\/p>\n<p>-Faltando assinatura e identifica\u00e7\u00e3o;<\/p>\n<p>-Faltando assinatura dos demais colaboradores nos termos onde h\u00e1 esta indica\u00e7\u00e3o;<\/p>\n<p>&#8211; Modelo desatualizado;<\/p>\n<p>&#8211; Faltando Declara\u00e7\u00e3o de Servi\u00e7o Envolvido;<\/p>\n<p>&#8211; Faltando Declara\u00e7\u00e3o da Institui\u00e7\u00e3o Coparticipante;<\/p>\n<p>&#8211; Faltando ata de aprova\u00e7\u00e3o do projeto.<\/p>\n<p><strong>Outros documentos de apresenta\u00e7\u00e3o obrigat\u00f3ria:<\/strong><\/p>\n<p><strong>\u00a0\u00a0\u00a0\u00a0\u00a0\u00a0\u00a0\u00a0\u00a0\u00a0\u00a0\u00a0\u00a0 * check list preenchido, conferido e assinado.<\/strong><\/p>\n<p><strong>&#8211; Projeto Detalhado: Descri\u00e7\u00e3o da Pesquisa:<\/strong><\/p>\n<p>1)N\u00e3o foi enviado em arquivo \u00fanico<strong>;<\/strong><\/p>\n<p>2)Faltando preenchimento de item obrigat\u00f3rio como Ex. o item 2. Relev\u00e2ncia social;<\/p>\n","protected":false},"excerpt":{"rendered":"<p>O que \u00e9 pend\u00eancia documental? Documentos incompletos ou n\u00e3o anexados de acordo com o check list e modelos dispon\u00edveis em nossa p\u00e1gina. O projeto ser\u00e1 recusado para que o pesquisador instrua o seu projeto, possibilitando assim o aceite e envio para relato. Abaixo elencamos os itens com maior incid\u00eancia de pend\u00eancia documental: 1) Folha de [&hellip;]<\/p>\n","protected":false},"author":11,"featured_media":0,"parent":0,"menu_order":0,"comment_status":"open","ping_status":"open","template":"","meta":{"_acf_changed":false,"_uag_custom_page_level_css":"","footnotes":""},"class_list":["post-154","page","type-page","status-publish","hentry"],"acf":[],"featured_image_src":null,"uagb_featured_image_src":{"full":false,"thumbnail":false,"medium":false,"medium_large":false,"large":false,"1536x1536":false,"2048x2048":false,"noticias-thumb":false,"banners-thumb":false,"maisnoticias-thumb":false,"post-thumbnail":false},"uagb_author_info":{"display_name":"josete","author_link":"https:\/\/saude.ufpr.br\/cometica\/author\/josete\/"},"uagb_comment_info":0,"uagb_excerpt":"O que \u00e9 pend\u00eancia documental? Documentos incompletos ou n\u00e3o anexados de acordo com o check list e modelos dispon\u00edveis em nossa p\u00e1gina. O projeto ser\u00e1 recusado para que o pesquisador instrua o seu projeto, possibilitando assim o aceite e envio para relato. Abaixo elencamos os itens com maior incid\u00eancia de pend\u00eancia documental: 1) Folha de&hellip;","publishpress_future_action":{"enabled":false,"date":"2026-04-11 11:09:41","action":"change-status","newStatus":"draft","terms":[],"taxonomy":"","extraData":[]},"publishpress_future_workflow_manual_trigger":{"enabledWorkflows":[]},"_links":{"self":[{"href":"https:\/\/saude.ufpr.br\/cometica\/wp-json\/wp\/v2\/pages\/154","targetHints":{"allow":["GET"]}}],"collection":[{"href":"https:\/\/saude.ufpr.br\/cometica\/wp-json\/wp\/v2\/pages"}],"about":[{"href":"https:\/\/saude.ufpr.br\/cometica\/wp-json\/wp\/v2\/types\/page"}],"author":[{"embeddable":true,"href":"https:\/\/saude.ufpr.br\/cometica\/wp-json\/wp\/v2\/users\/11"}],"replies":[{"embeddable":true,"href":"https:\/\/saude.ufpr.br\/cometica\/wp-json\/wp\/v2\/comments?post=154"}],"version-history":[{"count":4,"href":"https:\/\/saude.ufpr.br\/cometica\/wp-json\/wp\/v2\/pages\/154\/revisions"}],"predecessor-version":[{"id":2500,"href":"https:\/\/saude.ufpr.br\/cometica\/wp-json\/wp\/v2\/pages\/154\/revisions\/2500"}],"wp:attachment":[{"href":"https:\/\/saude.ufpr.br\/cometica\/wp-json\/wp\/v2\/media?parent=154"}],"curies":[{"name":"wp","href":"https:\/\/api.w.org\/{rel}","templated":true}]}}