{"id":156,"date":"2015-03-31T12:00:15","date_gmt":"2015-03-31T12:00:15","guid":{"rendered":"https:\/\/saude.ufpr.br\/cometica\/?page_id=156"},"modified":"2017-06-07T14:57:20","modified_gmt":"2017-06-07T14:57:20","slug":"pendencia-etica","status":"publish","type":"page","link":"https:\/\/saude.ufpr.br\/cometica\/pendencia-etica\/","title":{"rendered":"Pend\u00eancia \u00c9tica"},"content":{"rendered":"<p><strong>Pend\u00eancias \u00c9ticas<\/strong><\/p>\n<p><strong>\u00a0<\/strong><\/p>\n<ol>\n<li>Na elabora\u00e7\u00e3o do projeto:\n<ol>\n<li>Recrutamento dos participantes \u2013 deve ser informado como os participantes ser\u00e3o recrutados, por quem, em que momento; a abordagem deve ser feita de tal forma a n\u00e3o constranger o potencial participante.<\/li>\n<li>Cronograma de execu\u00e7\u00e3o \u2013 cuidar com as datas de in\u00edcio levando em considera\u00e7\u00e3o o tempo para an\u00e1lise pelo CEP, a possibilidade de pend\u00eancia e que o estudo s\u00f3 pode ser iniciado ap\u00f3s aprova\u00e7\u00e3o final na PB.<\/li>\n<li>Institui\u00e7\u00e3o Proponente e Institui\u00e7\u00e3o Coparticipante \u2013 verificar defini\u00e7\u00f5es no manual e na p\u00e1gina do CEP.<\/li>\n<li>Avalia\u00e7\u00e3o inadequada de riscos e benef\u00edcios \u2013 considerar os riscos, os benef\u00edcios e formas de minimiz\u00e1-los. Informar se os benef\u00edcios s\u00e3o diretos ou indiretos.<\/li>\n<li>Solicita\u00e7\u00e3o de Dispensa da tomada de TCLE \u2013 justificativa deve ser bem embasada. Identificar e justificar a impossibilidade de contato quando for o caso.<\/li>\n<li>Pesquisas em prontu\u00e1rios \u2013 cuidados com sigilo, confidencialidade, dados as serem obtidos; como e quem ter\u00e1 acesso ao prontu\u00e1rio.<\/li>\n<li>Casu\u00edstica \u2013 verificar o conceito, conforme a orienta\u00e7\u00e3o referida no roteiro do projeto, para evitar confundir com o N amostral.<\/li>\n<li>Folha de Rosto incompleta ou inadequadamente preenchida.<\/li>\n<li>Cuidados quando os participantes constituem grupo Vulner\u00e1vel \u2013 crian\u00e7as, idosos, institucionalizados, ind\u00edgenas, popula\u00e7\u00f5es isoladas, minorias<\/li>\n<li>An\u00e1lise de M\u00e9rito \u2013\u00a0 dever\u00e1 ser preenchida pelo pesquisador respons\u00e1vel pela pesquisa,\u00a0 realizada de acordo com o modelo deste comit\u00ea. Importante: As an\u00e1lises de m\u00e9rito solicitadas pelos departamentos para aprova\u00e7\u00e3o do projeto em seus conselhos n\u00e3o substituem a An\u00e1lise de M\u00e9rito do CEP.<\/li>\n<li>Crit\u00e9rios de Inclus\u00e3o e Exclus\u00e3o descritos de maneira insuficiente para compreens\u00e3o.<\/li>\n<\/ol>\n<\/li>\n<\/ol>\n<p>&nbsp;<\/p>\n<ol start=\"2\">\n<li>TCLE e TALE:\n<ol>\n<li>Inadequa\u00e7\u00f5es de reda\u00e7\u00e3o \u2013 termos de dif\u00edcil compreens\u00e3o<\/li>\n<li>Endere\u00e7o f\u00edsico para contato n\u00e3o informado. \u00a0\u00c9 recomend\u00e1vel que seja infotrmado o endere\u00e7o COMERCIAL.<\/li>\n<li>TCLE\/TALE j\u00e1 assinado pelo pesquisador<\/li>\n<li>Informa\u00e7\u00f5es que n\u00e3o se aplicam ao projeto apresentado (itens devem ser retirados dos modelos)<\/li>\n<li>Riscos &#8211; considerar que toda a pesquisa pode impor um risco ao participante , quer seja m\u00ednimo ou insignificante, at\u00e9 alto. Considerar a possibilidade de danos eventuais e suas categorias (psicol\u00f3gica, emocional) .<\/li>\n<li>Benef\u00edcios \u2013 considerar que algum benef\u00edcio a pesquisa deve trazer, ainda que indireto ao participante<\/li>\n<li>Metodologia da pesquisa descrita de maneira inadequada ou\u00a0\u00a0 insuficientemente clara.<\/li>\n<\/ol>\n<\/li>\n<\/ol>\n","protected":false},"excerpt":{"rendered":"<p>Pend\u00eancias \u00c9ticas \u00a0 Na elabora\u00e7\u00e3o do projeto: Recrutamento dos participantes \u2013 deve ser informado como os participantes ser\u00e3o recrutados, por quem, em que momento; a abordagem deve ser feita de tal forma a n\u00e3o constranger o potencial participante. Cronograma de execu\u00e7\u00e3o \u2013 cuidar com as datas de in\u00edcio levando em considera\u00e7\u00e3o o tempo para an\u00e1lise [&hellip;]<\/p>\n","protected":false},"author":11,"featured_media":0,"parent":0,"menu_order":0,"comment_status":"open","ping_status":"open","template":"","meta":{"_acf_changed":false,"_uag_custom_page_level_css":"","footnotes":""},"class_list":["post-156","page","type-page","status-publish","hentry"],"acf":[],"featured_image_src":null,"uagb_featured_image_src":{"full":false,"thumbnail":false,"medium":false,"medium_large":false,"large":false,"1536x1536":false,"2048x2048":false,"noticias-thumb":false,"banners-thumb":false,"maisnoticias-thumb":false,"post-thumbnail":false},"uagb_author_info":{"display_name":"josete","author_link":"https:\/\/saude.ufpr.br\/cometica\/author\/josete\/"},"uagb_comment_info":0,"uagb_excerpt":"Pend\u00eancias \u00c9ticas \u00a0 Na elabora\u00e7\u00e3o do projeto: Recrutamento dos participantes \u2013 deve ser informado como os participantes ser\u00e3o recrutados, por quem, em que momento; a abordagem deve ser feita de tal forma a n\u00e3o constranger o potencial participante. Cronograma de execu\u00e7\u00e3o \u2013 cuidar com as datas de in\u00edcio levando em considera\u00e7\u00e3o o tempo para an\u00e1lise&hellip;","publishpress_future_action":{"enabled":false,"date":"2026-05-02 14:26:19","action":"change-status","newStatus":"draft","terms":[],"taxonomy":"","extraData":[]},"publishpress_future_workflow_manual_trigger":{"enabledWorkflows":[]},"_links":{"self":[{"href":"https:\/\/saude.ufpr.br\/cometica\/wp-json\/wp\/v2\/pages\/156","targetHints":{"allow":["GET"]}}],"collection":[{"href":"https:\/\/saude.ufpr.br\/cometica\/wp-json\/wp\/v2\/pages"}],"about":[{"href":"https:\/\/saude.ufpr.br\/cometica\/wp-json\/wp\/v2\/types\/page"}],"author":[{"embeddable":true,"href":"https:\/\/saude.ufpr.br\/cometica\/wp-json\/wp\/v2\/users\/11"}],"replies":[{"embeddable":true,"href":"https:\/\/saude.ufpr.br\/cometica\/wp-json\/wp\/v2\/comments?post=156"}],"version-history":[{"count":4,"href":"https:\/\/saude.ufpr.br\/cometica\/wp-json\/wp\/v2\/pages\/156\/revisions"}],"predecessor-version":[{"id":815,"href":"https:\/\/saude.ufpr.br\/cometica\/wp-json\/wp\/v2\/pages\/156\/revisions\/815"}],"wp:attachment":[{"href":"https:\/\/saude.ufpr.br\/cometica\/wp-json\/wp\/v2\/media?parent=156"}],"curies":[{"name":"wp","href":"https:\/\/api.w.org\/{rel}","templated":true}]}}