{"id":210,"date":"2015-04-01T11:45:55","date_gmt":"2015-04-01T11:45:55","guid":{"rendered":"https:\/\/saude.ufpr.br\/cometica\/?page_id=210"},"modified":"2024-07-05T10:30:55","modified_gmt":"2024-07-05T10:30:55","slug":"normativas-adicionais","status":"publish","type":"page","link":"https:\/\/saude.ufpr.br\/cometica\/normativas-adicionais\/","title":{"rendered":"Contatos CONEP"},"content":{"rendered":"<ul>\n<li>Tramita\u00e7\u00e3o e a an\u00e1lise \u00e9tica de protocolos &#8211;\u00a0<a href=\"mailto:conep@saude.gov.br\">conep@saude.gov.br<\/a>;<\/li>\n<li>Registro inicial, renova\u00e7\u00e3o de registro, altera\u00e7\u00e3o de dados, relat\u00f3rios semestrais \u2013\u00a0<a href=\"mailto:conep.cep@saude.gov.br\">cep@saude.gov.br<\/a>;<\/li>\n<li>Notifica\u00e7\u00f5es de irregularidade\/den\u00fancias \u2013\u00a0<a href=\"mailto:conep.denuncia@saude.gov.br\">denuncia@saude.gov.br<\/a><\/li>\n<li>Funcionamento da Plataforma Brasil e relatos de erros ocorridos durante o uso \u2013\u00a0<a href=\"mailto:plataformabrasil@saude.gov.br\">plataformabrasil@saude.gov.br<\/a>;<\/li>\n<\/ul>\n<p>Contas de e-mail da CONEP e o que deve ser encaminhado para cada caixa:<\/p>\n<p>conep.cep@saude.gov.br<\/p>\n<p>&#8211; D\u00favidas sobre abertura de Comit\u00ea de \u00c9tica em Pesquisa;<br \/>\n&#8211; D\u00favidas sobre a manuten\u00e7\u00e3o de Comit\u00eas de \u00c9tica em Pesquisa;<br \/>\n&#8211; D\u00favidas sobre o processo de renova\u00e7\u00e3o de registro de Comit\u00ea de \u00c9tica em Pesquisa;<br \/>\n&#8211; Solicita\u00e7\u00f5es de atualiza\u00e7\u00e3o de informa\u00e7\u00f5es cadastrais de Comit\u00ea de \u00c9tica em Pesquisa;<br \/>\n&#8211; Solicita\u00e7\u00f5es de altera\u00e7\u00e3o do quadro de membros, representante de usu\u00e1rio, secret\u00e1ria administrativa, bem como altera\u00e7\u00f5es na estrutura f\u00edsica do Comit\u00ea de \u00c9tica em Pesquisa.<br \/>\n&#8211; Solicita\u00e7\u00f5es de nomea\u00e7\u00e3o de Coordenador, Coordenador Adjunto e secret\u00e1rios na Plataforma Brasil;<br \/>\n&#8211; Den\u00fancias de desvios de protocolos;<br \/>\n&#8211; Den\u00fancias de mau funcionamento de Comit\u00ea de \u00c9tica em Pesquisa.<\/p>\n<p>conep.indicacao@saude.gov.br<\/p>\n<p>&#8211; D\u00favidas sobre a indica\u00e7\u00e3o de Comit\u00ea de \u00c9tica em Pesquisa feitas pela CONEP;<br \/>\n&#8211; Indica\u00e7\u00e3o de sugest\u00e3o de Comit\u00ea de \u00c9tica em Pesquisa para pesquisas cujas institui\u00e7\u00f5es proponentes n\u00e3o possuem Comit\u00ea de \u00c9tica em Pesquisa;<br \/>\n&#8211; D\u00favidas e encaminhamentos sobre cadastros do SISNEP.<\/p>\n<p>conep.eventos@saude.gov.br<\/p>\n<p>&#8211; Solicita\u00e7\u00f5es de participa\u00e7\u00e3o de membros da CONEP em eventos;<br \/>\n&#8211; Solicita\u00e7\u00f5es de capacita\u00e7\u00e3o para os Comit\u00eas de \u00c9tica em Pesquisa.<\/p>\n<p>plataformabrasil@saude.gov.br<\/p>\n<p>&#8211; D\u00favidas sobre o funcionamento da Plataforma Brasil;<br \/>\n&#8211; Relatos de erros ocorridos durante o uso da Plataforma Brasil;<\/p>\n<p>conep@saude.gov.br<\/p>\n<p>&#8211; D\u00favidas sobre as Resolu\u00e7\u00f5es (homologadas pelo Conselho Nacional de Sa\u00fade) relacionadas \u00e0 normativa brasileira que regulamenta os aspectos \u00e9ticos das pesquisas envolvendo seres humanos no Brasil;<br \/>\n&#8211; D\u00favidas relacionadas \u00e0 tramita\u00e7\u00e3o de protocolos de pesquisa enviados para a an\u00e1lise da CONEP;<br \/>\n&#8211; D\u00favidas sobre aspectos \u00e9ticos relacionados ao projeto de pesquisa;<\/p>\n<p>conep.expedi\u00e7\u00e3o@saude.gov.br<\/p>\n<p>&#8211; D\u00favidas sobre o envio de arquivos expedidos pela CONEP;<br \/>\n&#8211; Solicita\u00e7\u00f5es de envio eletr\u00f4nico de segunda via de documentos expedidos pela CONEP;<br \/>\n&#8211; Solicita\u00e7\u00f5es de confirma\u00e7\u00e3o do recebimento de documentos do CEP pela CONEP.<\/p>\n<p>conep.biobancos@saude.gov.br<\/p>\n<p>&#8211; D\u00favidas relacionadas \u00e0 Resolu\u00e7\u00e3o CNS 441 de 12 de maio de 2011;<br \/>\n&#8211; D\u00favidas relacionadas \u00e0 tramita\u00e7\u00e3o de protocolos de desenvolvimento de biobancos na CONEP.<\/p>\n<p>conep.audiencias@saude.gov.br<\/p>\n<p>&#8211; Solicita\u00e7\u00f5es de audi\u00eancias com membros da CONEP;<\/p>\n","protected":false},"excerpt":{"rendered":"<p>Tramita\u00e7\u00e3o e a an\u00e1lise \u00e9tica de protocolos &#8211;\u00a0conep@saude.gov.br; Registro inicial, renova\u00e7\u00e3o de registro, altera\u00e7\u00e3o de dados, relat\u00f3rios semestrais \u2013\u00a0cep@saude.gov.br; Notifica\u00e7\u00f5es de irregularidade\/den\u00fancias \u2013\u00a0denuncia@saude.gov.br Funcionamento da Plataforma Brasil e relatos de erros ocorridos durante o uso \u2013\u00a0plataformabrasil@saude.gov.br; Contas de e-mail da CONEP e o que deve ser encaminhado para cada caixa: conep.cep@saude.gov.br &#8211; D\u00favidas sobre abertura [&hellip;]<\/p>\n","protected":false},"author":11,"featured_media":0,"parent":0,"menu_order":0,"comment_status":"open","ping_status":"open","template":"","meta":{"_acf_changed":false,"_uag_custom_page_level_css":"","footnotes":""},"class_list":["post-210","page","type-page","status-publish","hentry"],"acf":[],"featured_image_src":null,"uagb_featured_image_src":{"full":false,"thumbnail":false,"medium":false,"medium_large":false,"large":false,"1536x1536":false,"2048x2048":false,"noticias-thumb":false,"banners-thumb":false,"maisnoticias-thumb":false,"post-thumbnail":false},"uagb_author_info":{"display_name":"josete","author_link":"https:\/\/saude.ufpr.br\/cometica\/author\/josete\/"},"uagb_comment_info":0,"uagb_excerpt":"Tramita\u00e7\u00e3o e a an\u00e1lise \u00e9tica de protocolos &#8211;\u00a0conep@saude.gov.br; Registro inicial, renova\u00e7\u00e3o de registro, altera\u00e7\u00e3o de dados, relat\u00f3rios semestrais \u2013\u00a0cep@saude.gov.br; Notifica\u00e7\u00f5es de irregularidade\/den\u00fancias \u2013\u00a0denuncia@saude.gov.br Funcionamento da Plataforma Brasil e relatos de erros ocorridos durante o uso \u2013\u00a0plataformabrasil@saude.gov.br; Contas de e-mail da CONEP e o que deve ser encaminhado para cada caixa: conep.cep@saude.gov.br &#8211; D\u00favidas sobre abertura&hellip;","publishpress_future_action":{"enabled":false,"date":"2026-05-02 14:26:21","action":"change-status","newStatus":"draft","terms":[],"taxonomy":"","extraData":[]},"publishpress_future_workflow_manual_trigger":{"enabledWorkflows":[]},"_links":{"self":[{"href":"https:\/\/saude.ufpr.br\/cometica\/wp-json\/wp\/v2\/pages\/210","targetHints":{"allow":["GET"]}}],"collection":[{"href":"https:\/\/saude.ufpr.br\/cometica\/wp-json\/wp\/v2\/pages"}],"about":[{"href":"https:\/\/saude.ufpr.br\/cometica\/wp-json\/wp\/v2\/types\/page"}],"author":[{"embeddable":true,"href":"https:\/\/saude.ufpr.br\/cometica\/wp-json\/wp\/v2\/users\/11"}],"replies":[{"embeddable":true,"href":"https:\/\/saude.ufpr.br\/cometica\/wp-json\/wp\/v2\/comments?post=210"}],"version-history":[{"count":7,"href":"https:\/\/saude.ufpr.br\/cometica\/wp-json\/wp\/v2\/pages\/210\/revisions"}],"predecessor-version":[{"id":2938,"href":"https:\/\/saude.ufpr.br\/cometica\/wp-json\/wp\/v2\/pages\/210\/revisions\/2938"}],"wp:attachment":[{"href":"https:\/\/saude.ufpr.br\/cometica\/wp-json\/wp\/v2\/media?parent=210"}],"curies":[{"name":"wp","href":"https:\/\/api.w.org\/{rel}","templated":true}]}}