{"id":212,"date":"2015-04-01T11:46:14","date_gmt":"2015-04-01T11:46:14","guid":{"rendered":"https:\/\/saude.ufpr.br\/cometica\/?page_id=212"},"modified":"2024-07-05T11:04:12","modified_gmt":"2024-07-05T11:04:12","slug":"cartas-circulares-conep","status":"publish","type":"page","link":"https:\/\/saude.ufpr.br\/cometica\/cartas-circulares-conep\/","title":{"rendered":"Cartas Circulares CONEP"},"content":{"rendered":"<p><a href=\"https:\/\/saude.ufpr.br\/cometica\/wp-content\/uploads\/sites\/7\/2015\/03\/circular0251.pdf\">Carta 028\/Idade m\u00ednima para cadastro na PB<\/a><\/p>\n<p><a href=\"https:\/\/saude.ufpr.br\/cometica\/wp-content\/uploads\/sites\/7\/2015\/03\/estudosdebioequivalencia1.pdf\">Circular 007\/2011-Advert\u00eancia sobre estudos de bioequival\u00eancia<\/a><\/p>\n<p><a href=\"https:\/\/saude.ufpr.br\/cometica\/wp-content\/uploads\/sites\/7\/2015\/03\/Uso_de_dados_de_prontuarios_para_fins_de_Pesquisa.pdf\">Carta Circular 039\/2011 &#8211; Uso de dados de prontu\u00e1rios para fins de pesquisa<\/a><\/p>\n<p><a href=\"https:\/\/saude.ufpr.br\/cometica\/wp-content\/uploads\/sites\/7\/2015\/03\/carta_biosseguranca.pdf\">Carta 213\/CONEP(2010) &#8211; Biosseguran\u00e7a<\/a><\/p>\n<p><a href=\"https:\/\/saude.ufpr.br\/cometica\/wp-content\/uploads\/sites\/7\/2015\/03\/Carta_327_Esclarecimentos_PlataformaBrasil1.pdf\">Carta 327\/2011 &#8211; Esclarecimentos Plataforma Brasil<\/a><\/p>\n<p><a href=\"https:\/\/saude.ufpr.br\/cometica\/wp-content\/uploads\/sites\/7\/2015\/02\/Carta-Circular-n\u00ba-061-2012-2.pdf\">Carta Circular 061\/2012 -Elabora\u00e7\u00e3o e organiza\u00e7\u00e3o de cronogramas em Projetos de Pesquisa<\/a><\/p>\n<p><a href=\"https:\/\/saude.ufpr.br\/cometica\/wp-content\/uploads\/sites\/7\/2015\/04\/proponente_co_participante1.pdf\">Carta 0212\/CONEP\/2010 &#8211; Institui\u00e7\u00e3o Proponente e Coparticipante<\/a><\/p>\n<p><a href=\"https:\/\/saude.ufpr.br\/cometica\/wp-content\/uploads\/sites\/7\/2015\/04\/035_2013_Emenda.pdf\">Carta 035\/2013 &#8211; Interposi\u00e7\u00e3o de Emenda<\/a><\/p>\n<p><a href=\"https:\/\/saude.ufpr.br\/cometica\/wp-content\/uploads\/sites\/7\/2015\/04\/Carta_Circular-_003_2011.pdf\">Carta Circular 003\/2011 &#8211; Obrigatoriedade de rubricas em todas as p\u00e1ginas do TCLE<\/a><\/p>\n<p><a href=\"https:\/\/saude.ufpr.br\/cometica\/wp-content\/uploads\/sites\/7\/2015\/04\/Carta-Circular-n\u00ba-041-Orienta\u00e7\u00f5es-aos-pesquisadores-e-comit\u00eas-de-\u00e9tica-em-pesquisa-acerca-do-item-V-1.pdf\">Carta circular 041\/2015\/CONEP &#8211; Orienta\u00e7\u00f5es aos pesquisadores e comit\u00eas de \u00e9tica em pesquisa acerca do item<br \/>\nV.1.a da Resolu\u00e7\u00e3o CNS n\u00ba 340 de 2004.<\/a><\/p>\n<p><a href=\"https:\/\/saude.ufpr.br\/cometica\/wp-content\/uploads\/sites\/7\/2017\/03\/carta_122.pdf\">Carta Circular 122\/2012 &#8211; Fluxo de an\u00e1lise de projetos de pesquisa nos CEPs das institui\u00e7\u00f5es proponente e coparticipante<\/a><\/p>\n<p><a href=\"https:\/\/saude.ufpr.br\/cometica\/wp-content\/uploads\/sites\/7\/2017\/04\/Carta-Circular-n\u00ba-172-Esclarecimentos-referentes-\u00e0-sele\u00e7\u00e3o-de-\u00c1rea-Tem\u00e1tica.pdf\">Carta Circular 172\/2017 &#8211; Esclarecimento \u00c1rea Tem\u00e1tica<\/a><\/p>\n<p><a href=\"https:\/\/saude.ufpr.br\/cometica\/wp-content\/uploads\/sites\/7\/2017\/08\/document.pdf\">Carta Circular 17-SEI\/2017 &#8211; Esclarecimentos acerca das atualiza\u00e7\u00f5es no Termo de Consentimento Livre e Esclarecido (TCLE) que ocorrem no decurso da pesquisa.<\/a><\/p>\n<p><a href=\"https:\/\/saude.ufpr.br\/cometica\/wp-content\/uploads\/sites\/7\/2017\/12\/Carta-Circular-\u00c1reas-de-Ci\u00eancia-Humanas-e-Sociais.pdf\">Carta Circular 110 -SEI\/2017 &#8211; Pesquisas com metodologias pr\u00f3prias das \u00e1reas de Ci\u00eancias Humanas e Sociais<\/a><\/p>\n<p><a href=\"https:\/\/saude.ufpr.br\/cometica\/wp-content\/uploads\/sites\/7\/2018\/07\/Carta-Circular-166-2018-Tramita\u00e7\u00e3o-dos-estudos-do-tipo-relato-de-caso.pdf\">Carta Circular 166\/2018 &#8211; Esclarecimentos acerca da tramita\u00e7\u00e3o dos estudos do tipo relato de caso<\/a><\/p>\n<p><a href=\"http:\/\/conselho.saude.gov.br\/images\/comissoes\/conep\/documentos\/CARTAS\/Carta_Circular_01.2021.pdf\">Carta Circular 01\/2021 &#8211; Orienta\u00e7\u00f5es sobre pesquisas em ambiente virtual<\/a><\/p>\n<p><a href=\"https:\/\/saude.ufpr.br\/cometica\/wp-content\/uploads\/sites\/7\/2022\/10\/circular23-2022.pdf\">Carta Circular 23\/2022 &#8211; Normatiza\u00e7\u00e3o do uso de consentimento e assentimento eletr\u00f4nico para participantes de pesquisa e de biobancos<\/a><\/p>\n<p><a href=\"https:\/\/saude.ufpr.br\/cometica\/wp-content\/uploads\/sites\/7\/2022\/10\/circular24-2022.pdf\">Carta Circular 24\/2022 &#8211; Orienta\u00e7\u00f5es gerais para a condu\u00e7\u00e3o de ensaios cl\u00ednicos<\/a><\/p>\n<p><a href=\"https:\/\/saude.ufpr.br\/cometica\/wp-content\/uploads\/sites\/7\/2022\/10\/circular25-2022.pdf\">Carta Circular 25\/2022 &#8211; Realiza\u00e7\u00e3o de reuni\u00f5es do sistema CEP\/CONEP em ambiente virtual<\/a><\/p>\n<p><a href=\"https:\/\/saude.ufpr.br\/cometica\/wp-content\/uploads\/sites\/7\/2024\/07\/Pesquisas-dispensadas-de-apreciacao-etica-CONEP.pdf\">Carta Circular 12\/2023 &#8211; Pesquisas dispensadas de aprecia\u00e7\u00e3o \u00e9tica pelo Sistema CEP\/Conep<\/a><\/p>\n","protected":false},"excerpt":{"rendered":"<p>Carta 028\/Idade m\u00ednima para cadastro na PB Circular 007\/2011-Advert\u00eancia sobre estudos de bioequival\u00eancia Carta Circular 039\/2011 &#8211; Uso de dados de prontu\u00e1rios para fins de pesquisa Carta 213\/CONEP(2010) &#8211; Biosseguran\u00e7a Carta 327\/2011 &#8211; Esclarecimentos Plataforma Brasil Carta Circular 061\/2012 -Elabora\u00e7\u00e3o e organiza\u00e7\u00e3o de cronogramas em Projetos de Pesquisa Carta 0212\/CONEP\/2010 &#8211; Institui\u00e7\u00e3o Proponente e Coparticipante [&hellip;]<\/p>\n","protected":false},"author":11,"featured_media":0,"parent":0,"menu_order":0,"comment_status":"open","ping_status":"open","template":"","meta":{"_acf_changed":false,"_uag_custom_page_level_css":"","footnotes":""},"class_list":["post-212","page","type-page","status-publish","hentry"],"acf":[],"featured_image_src":null,"uagb_featured_image_src":{"full":false,"thumbnail":false,"medium":false,"medium_large":false,"large":false,"1536x1536":false,"2048x2048":false,"noticias-thumb":false,"banners-thumb":false,"maisnoticias-thumb":false,"post-thumbnail":false},"uagb_author_info":{"display_name":"josete","author_link":"https:\/\/saude.ufpr.br\/cometica\/author\/josete\/"},"uagb_comment_info":0,"uagb_excerpt":"Carta 028\/Idade m\u00ednima para cadastro na PB Circular 007\/2011-Advert\u00eancia sobre estudos de bioequival\u00eancia Carta Circular 039\/2011 &#8211; Uso de dados de prontu\u00e1rios para fins de pesquisa Carta 213\/CONEP(2010) &#8211; Biosseguran\u00e7a Carta 327\/2011 &#8211; Esclarecimentos Plataforma Brasil Carta Circular 061\/2012 -Elabora\u00e7\u00e3o e organiza\u00e7\u00e3o de cronogramas em Projetos de Pesquisa Carta 0212\/CONEP\/2010 &#8211; Institui\u00e7\u00e3o Proponente e Coparticipante&hellip;","publishpress_future_action":{"enabled":false,"date":"2026-04-12 14:44:59","action":"change-status","newStatus":"draft","terms":[],"taxonomy":"","extraData":[]},"publishpress_future_workflow_manual_trigger":{"enabledWorkflows":[]},"_links":{"self":[{"href":"https:\/\/saude.ufpr.br\/cometica\/wp-json\/wp\/v2\/pages\/212","targetHints":{"allow":["GET"]}}],"collection":[{"href":"https:\/\/saude.ufpr.br\/cometica\/wp-json\/wp\/v2\/pages"}],"about":[{"href":"https:\/\/saude.ufpr.br\/cometica\/wp-json\/wp\/v2\/types\/page"}],"author":[{"embeddable":true,"href":"https:\/\/saude.ufpr.br\/cometica\/wp-json\/wp\/v2\/users\/11"}],"replies":[{"embeddable":true,"href":"https:\/\/saude.ufpr.br\/cometica\/wp-json\/wp\/v2\/comments?post=212"}],"version-history":[{"count":29,"href":"https:\/\/saude.ufpr.br\/cometica\/wp-json\/wp\/v2\/pages\/212\/revisions"}],"predecessor-version":[{"id":2942,"href":"https:\/\/saude.ufpr.br\/cometica\/wp-json\/wp\/v2\/pages\/212\/revisions\/2942"}],"wp:attachment":[{"href":"https:\/\/saude.ufpr.br\/cometica\/wp-json\/wp\/v2\/media?parent=212"}],"curies":[{"name":"wp","href":"https:\/\/api.w.org\/{rel}","templated":true}]}}