{"id":216,"date":"2015-04-01T11:48:35","date_gmt":"2015-04-01T11:48:35","guid":{"rendered":"https:\/\/saude.ufpr.br\/cometica\/?page_id=216"},"modified":"2022-03-29T11:46:23","modified_gmt":"2022-03-29T11:46:23","slug":"orientacoes-gerais-ao-pesquisador-e-checklist","status":"publish","type":"page","link":"https:\/\/saude.ufpr.br\/cometica\/orientacoes-gerais-ao-pesquisador-e-checklist\/","title":{"rendered":"Orienta\u00e7\u00f5es gerais ao pesquisador"},"content":{"rendered":"<p><a href=\"https:\/\/saude.ufpr.br\/cometica\/wp-content\/uploads\/sites\/7\/2017\/03\/D\u00favidas-Frequentes.pdf\">clique aqui para tirar algumas d\u00favidas <\/a><\/p>\n<p><a href=\"https:\/\/saude.ufpr.br\/cometica\/wp-content\/uploads\/sites\/7\/2017\/06\/WEB-CIOMS-EthicalGuidelines1.pdf\">International Ethical Guidelines<\/a><\/p>\n<p>IMPORTANTE:<\/p>\n<p>Senhores Pesquisadores: informamos que, como medida de cuidados e aux\u00edlio na an\u00e1lise dos projetos,\u00a0 aqueles protocolos que apresentem dificuldades de an\u00e1lise \u00e9tica pelo CEP\/SD<br \/>\nser\u00e3o encaminhados a\u00a0 parecerista <em>ad hoc<\/em> conforme consta do\u00a0 \u00a7 2\u00ba do Regimento Interno do CEP\/SD, aqui transcrito: &#8220;Quando for o caso o CEP\/SD, poder\u00e1 utilizar consultores ad hoc, para fornecer subs\u00eddios t\u00e9cnicos ao colegiado, quando de suas delibera\u00e7\u00f5es&#8221;.<\/p>\n<p>ORIENTA\u00c7\u00c3O IMPORTANTE SOBRE O PESQUISADOR RESPONS\u00c1VEL:<br \/>\nSenhores pesquisadores: solicitamos sua aten\u00e7\u00e3o\u00a0 para o parecer emitido pela Procuradoria Jur\u00eddica da UFPR, mediante consulta realizada por\u00a0 esta\u00a0 Coordena\u00e7\u00e3o\u00a0 \u00a0com rela\u00e7\u00e3o a Pesquisador Principal ou Pesquisador Respons\u00e1vel pelos projetos de pesquisa: \u00a0 <a href=\"https:\/\/saude.ufpr.br\/cometica\/wp-content\/uploads\/sites\/7\/2016\/02\/procuradoria.pdf\">Parecer da CPJ<\/a><\/p>\n<p>Desta forma, solicitamos sua aten\u00e7\u00e3o quando da elabora\u00e7\u00e3o dos projetos, considerando que o PESQUISADOR RESPONS\u00c1VEL ou PRINCIPAL \u00e9 aquele com v\u00ednculo Institucional. Portanto, Mestrandos, Doutorandos, Especializandos, Residentes e alunos de gradua\u00e7\u00e3o N\u00c3O PODEM figurar como Pesquisador Principal ou Pesquisador Respons\u00e1vel.<\/p>\n<p>Ao submeter o projeto na Plataforma Brasil este dever\u00e1 ser registrado em nome do Respons\u00e1vel: com v\u00ednculo na UFPR.<\/p>\n<p>COMUNICADO<\/p>\n<p>Prezados Professores Orientadores, P\u00f3s-graduandos, Residentes e Especializandos:\u00a0 cumpre-nos esclarecer o que segue:<\/p>\n<p>A exig\u00eancia de que, na Plataforma Brasil, figure o PROFESSOR ORIENTADOR\u00a0 <strong><u>com<\/u><\/strong> v\u00ednculo empregat\u00edcio Institucional como Pesquisador Respons\u00e1vel N\u00c3O EXCLUI, de maneira alguma,\u00a0 a autoria principal ou primeira autoria de seus orientandos de programas de p\u00f3s-gradua\u00e7\u00e3o e resid\u00eancia quando para publica\u00e7\u00e3o do trabalho.<\/p>\n<p><strong>\u00a0<\/strong><\/p>\n<ol>\n<li><strong>Quanto \u00e0 inser\u00e7\u00e3o de documentos e projeto na Plataforma Brasil:<\/strong><\/li>\n<\/ol>\n<p><strong>Importante: <a href=\"https:\/\/saude.ufpr.br\/cometica\/wp-content\/uploads\/sites\/7\/2018\/06\/Carta-Circular-\u00c1reas-de-Ci\u00eancia-Humanas-e-Sociais.pdf\">Orienta\u00e7\u00f5es para pesquisas das \u00e1reas de Ci\u00eancias Humanas e Sociais<\/a><\/strong><\/p>\n<p>\u00bbA <strong>Folha de Rosto <\/strong>deve conter a unidade\/\u00f3rg\u00e3o j\u00e1 cadastrado na PB e a assinatura do respons\u00e1vel. Quem assina a folha de rosto \u00e9 o respons\u00e1vel pela Unidade\/\u00d3rg\u00e3o no qual o pesquisador tem o v\u00ednculo relacionado \u00e0 pesquisa.Ex.: professor dever\u00e1 se vincular ao Departamento a que pertence; aluno de mestrado deve se vincular ao Programa de P\u00f3s-gradua\u00e7\u00e3o onde est\u00e1 matriculado.<\/p>\n<p>\u00bb Preencher todos os documentos, conferir, assinar, digitalizar e postar em <strong>arquivos separados <\/strong>na Plataforma Brasil, <strong>nomeando-os de acordo com o conte\u00fado<\/strong>.<\/p>\n<p>\u00bb Todos os documentos anexados pelo pesquisador devem possibilitar o uso de recursos \u201ccopiar\u201d e \u201ccolar\u201d em qualquer palavra ou trecho do texto, especialmente no projeto de pesquisa.<\/p>\n<p>\u00bb Anexar o projeto de pesquisa de forma integral, seguindo o roteiro <strong>na ordem<\/strong> apresentada no <strong>Check List do Projeto<\/strong>.<\/p>\n<p>\u00bb Em atendimento \u00e0 Resolu\u00e7\u00e3o 466\/2012 (CNS) , utilizar o termo <strong>participante<\/strong> em substitui\u00e7\u00e3o a <strong>sujeito<\/strong> da pesquisa em todos os documentos e no projeto.<\/p>\n<p>\u00bb Todos os colaboradores devem obrigatoriamente realizar seu cadastro como pesquisadores na Plataforma Brasil, para posteriormente serem inclu\u00eddos na Equipe de Pesquisa PB.<\/p>\n<p><strong>\u00bb N\u00e3o poder\u00e3o<\/strong> ser enviados a este CEP\/SD projetos j\u00e1 iniciados ou com data de in\u00edcio com prazo inferior a 30 dias contados da data de envio pela Plataforma Brasil.<\/p>\n<p>&nbsp;<\/p>\n<p>&nbsp;<\/p>\n<ol start=\"2\">\n<li><strong>Quanto ao in\u00edcio das pesquisas:<\/strong><\/li>\n<\/ol>\n<p><strong>\u00a0<\/strong><\/p>\n<p>Para dar in\u00edcio ao estudo (ap\u00f3s aprova\u00e7\u00e3o do Projeto pelo Comit\u00ea), as seguintes condi\u00e7\u00f5es devem ser atendidas:<\/p>\n<p><strong>\u00bb com Coparticipante<\/strong> &gt; quando for o caso aguardar o Parecer de Aprova\u00e7\u00e3o emitida pelo CEP do Coparticipante<\/p>\n<p><strong>\u00bb sem Coparticipante<\/strong> &gt; ap\u00f3s a aprova\u00e7\u00e3o final pelo CEP\/SD<\/p>\n<p><strong>\u00bb com TCLE e\/ou TALE<\/strong> &gt; ap\u00f3s a retirada desses documentos carimbados pelo CEP\/SD na Secretaria do Comit\u00ea<\/p>\n<p>&nbsp;<\/p>\n<ol start=\"3\">\n<li><strong>Quanto a pesquisas que envolvam Institui\u00e7\u00e3o Coparticipante<\/strong><\/li>\n<\/ol>\n<p>Observar que\u00a0 alguns Coparticipantes tamb\u00e9m procedem avalia\u00e7\u00e3o de Coparticipante emitindo o Parecer Consubstanciado<\/p>\n<p>&nbsp;<\/p>\n<ol start=\"4\">\n<li><strong>Quanto \u00e0 ata de aprova\u00e7\u00e3o do projeto:<\/strong><\/li>\n<\/ol>\n<p>&nbsp;<\/p>\n<p>A aprova\u00e7\u00e3o de projetos de <strong>gradua\u00e7\u00e3o e especializa\u00e7\u00e3o<\/strong> deve ser realizada em n\u00edvel Departamental ou de Colegiado de Curso. Para estudos de <strong>mestrado ou doutorado<\/strong> deve haver aprova\u00e7\u00e3o do Colegiado do respectivo Programa de P\u00f3s-Gradua\u00e7\u00e3o.<\/p>\n<p>Projetos oriundos de outras institui\u00e7\u00f5es proponentes devem ser apreciados pelo departamento da UFPR ao qual o servi\u00e7o onde a pesquisa ser\u00e1 realizada est\u00e1 vinculado.<\/p>\n<p><span style=\"color: #993300\">Importante: n\u00e3o \u00e9 aceito ata\u00a0 <em>ad referendum.<\/em><\/span><\/p>\n<ol start=\"5\">\n<li><strong>Quanto \u00e0 an\u00e1lise de m\u00e9rito:<\/strong><\/li>\n<\/ol>\n<p><strong>\u00a0<\/strong><\/p>\n<p>A an\u00e1lise de m\u00e9rito deve ser preenchida e assinada pelo pesquisador principal\/respons\u00e1vel, professor orientador com v\u00ednculo com a UFPR.<\/p>\n<p>&nbsp;<\/p>\n<ol start=\"6\">\n<li><strong>Quanto a pesquisas realizadas na Maternidade <\/strong><strong>Victor Ferreira do Amaral, Hospital de Cl\u00ednicas da UFPR e <\/strong><strong>Secretaria Municipal de Sa\u00fade (SMS) e Secretaria Municipal de Educa\u00e7\u00e3o\u00a0 de Curitiba:<\/strong><\/li>\n<\/ol>\n<p>&nbsp;<\/p>\n<p>Para pesquisas na Maternidade Victor Ferreira do Amaral deve haver concord\u00e2ncia da dire\u00e7\u00e3o do hospital.<\/p>\n<p>&nbsp;<\/p>\n<p>7. <strong>Quanto a pesquisas realizadas no Hospital de Cl\u00ednicas da UFPR:<\/strong><\/p>\n<p>Para pesquisas realizadas no Hospital de Cl\u00ednicas da UFPR, h\u00e1 necessidade de apresentar a declara\u00e7\u00e3o de concord\u00e2ncia do Servi\u00e7o envolvido e do Gerente de Ensino, Pesquisa e Extens\u00e3o do HC e o estudo somente poder\u00e1 ser iniciado ap\u00f3s a aprova\u00e7\u00e3o pelo CEP do HC.<\/p>\n<p><span style=\"color: #0000ff\">OBS.: quando a pesquisa for desenvolvida somente no Hospital de Cl\u00ednicas o pesquisador poder\u00e1 submeter e enviar o projeto ao CEP do HC para aprecia\u00e7\u00e3o. <span style=\"color: #808080\">(atualizado em 03\/08\/2016).<\/span><\/span><\/p>\n<p>&nbsp;<\/p>\n<p>8. <strong>Quanto a pesquisas realizadas nas Unidades de Sa\u00fade de Curitiba:<\/strong><\/p>\n<p>Para pesquisas no \u00e2mbito da Secretaria Municipal de Sa\u00fade e Secretaria Municipal de Educa\u00e7\u00e3o de Curitiba\u00a0 o protocolo ser\u00e1 analisado, quanto \u00e0 sua viabilidade, no CEP da SMS ap\u00f3s a aprova\u00e7\u00e3o pelo CEP\/SD.<\/p>\n<p><a href=\"https:\/\/saude.ufpr.br\/cometica\/wp-content\/uploads\/sites\/7\/2018\/04\/NOVO-ORIENTA\u00c7\u00d5ES-PARA-SOLICITA\u00c7\u00c3O-DE-PARECER-DE-VIABILIDADE-DE-CAMPO-DE-PESQUISA.pdf\"><span style=\"color: #3366ff\"><strong>Importante: Concord\u00e2ncia de viabilidade da Secretaria Municipal de Sa\u00fade de Curitiba &#8211; SMS\/SME &#8211;<\/strong><strong>Clique aqui<\/strong>.<\/span><\/a><\/p>\n<p>&nbsp;<\/p>\n<p>&nbsp;<\/p>\n","protected":false},"excerpt":{"rendered":"<p>clique aqui para tirar algumas d\u00favidas International Ethical Guidelines IMPORTANTE: Senhores Pesquisadores: informamos que, como medida de cuidados e aux\u00edlio na an\u00e1lise dos projetos,\u00a0 aqueles protocolos que apresentem dificuldades de an\u00e1lise \u00e9tica pelo CEP\/SD ser\u00e3o encaminhados a\u00a0 parecerista ad hoc conforme consta do\u00a0 \u00a7 2\u00ba do Regimento Interno do CEP\/SD, aqui transcrito: &#8220;Quando for o [&hellip;]<\/p>\n","protected":false},"author":11,"featured_media":0,"parent":0,"menu_order":0,"comment_status":"open","ping_status":"open","template":"","meta":{"_acf_changed":false,"_uag_custom_page_level_css":"","footnotes":""},"class_list":["post-216","page","type-page","status-publish","hentry"],"acf":[],"featured_image_src":null,"uagb_featured_image_src":{"full":false,"thumbnail":false,"medium":false,"medium_large":false,"large":false,"1536x1536":false,"2048x2048":false,"noticias-thumb":false,"banners-thumb":false,"maisnoticias-thumb":false,"post-thumbnail":false},"uagb_author_info":{"display_name":"josete","author_link":"https:\/\/saude.ufpr.br\/cometica\/author\/josete\/"},"uagb_comment_info":0,"uagb_excerpt":"clique aqui para tirar algumas d\u00favidas International Ethical Guidelines IMPORTANTE: Senhores Pesquisadores: informamos que, como medida de cuidados e aux\u00edlio na an\u00e1lise dos projetos,\u00a0 aqueles protocolos que apresentem dificuldades de an\u00e1lise \u00e9tica pelo CEP\/SD ser\u00e3o encaminhados a\u00a0 parecerista ad hoc conforme consta do\u00a0 \u00a7 2\u00ba do Regimento Interno do CEP\/SD, aqui transcrito: &#8220;Quando for o&hellip;","publishpress_future_action":{"enabled":false,"date":"2026-04-25 10:12:49","action":"change-status","newStatus":"draft","terms":[],"taxonomy":"","extraData":[]},"publishpress_future_workflow_manual_trigger":{"enabledWorkflows":[]},"_links":{"self":[{"href":"https:\/\/saude.ufpr.br\/cometica\/wp-json\/wp\/v2\/pages\/216","targetHints":{"allow":["GET"]}}],"collection":[{"href":"https:\/\/saude.ufpr.br\/cometica\/wp-json\/wp\/v2\/pages"}],"about":[{"href":"https:\/\/saude.ufpr.br\/cometica\/wp-json\/wp\/v2\/types\/page"}],"author":[{"embeddable":true,"href":"https:\/\/saude.ufpr.br\/cometica\/wp-json\/wp\/v2\/users\/11"}],"replies":[{"embeddable":true,"href":"https:\/\/saude.ufpr.br\/cometica\/wp-json\/wp\/v2\/comments?post=216"}],"version-history":[{"count":50,"href":"https:\/\/saude.ufpr.br\/cometica\/wp-json\/wp\/v2\/pages\/216\/revisions"}],"predecessor-version":[{"id":2617,"href":"https:\/\/saude.ufpr.br\/cometica\/wp-json\/wp\/v2\/pages\/216\/revisions\/2617"}],"wp:attachment":[{"href":"https:\/\/saude.ufpr.br\/cometica\/wp-json\/wp\/v2\/media?parent=216"}],"curies":[{"name":"wp","href":"https:\/\/api.w.org\/{rel}","templated":true}]}}