{"id":220,"date":"2015-04-01T11:50:11","date_gmt":"2015-04-01T11:50:11","guid":{"rendered":"https:\/\/saude.ufpr.br\/cometica\/?page_id=220"},"modified":"2022-05-09T18:12:40","modified_gmt":"2022-05-09T18:12:40","slug":"elaboracao-do-projeto-modelo","status":"publish","type":"page","link":"https:\/\/saude.ufpr.br\/cometica\/elaboracao-do-projeto-modelo\/","title":{"rendered":"Elabora\u00e7\u00e3o do Projeto &#8211; Modelo"},"content":{"rendered":"<p><a href=\"https:\/\/saude.ufpr.br\/cometica\/wp-content\/uploads\/sites\/7\/2018\/05\/pesquisa.jpg\"><img fetchpriority=\"high\" decoding=\"async\" class=\"alignnone size-medium wp-image-1187\" src=\"https:\/\/saude.ufpr.br\/cometica\/wp-content\/uploads\/sites\/7\/2018\/05\/pesquisa-300x228.jpg\" alt=\"\" width=\"300\" height=\"228\" srcset=\"https:\/\/saude.ufpr.br\/cometica\/wp-content\/uploads\/sites\/7\/2018\/05\/pesquisa-300x228.jpg 300w, https:\/\/saude.ufpr.br\/cometica\/wp-content\/uploads\/sites\/7\/2018\/05\/pesquisa.jpg 400w\" sizes=\"(max-width: 300px) 100vw, 300px\" \/><\/a><\/p>\n<p><a href=\"https:\/\/saude.ufpr.br\/cometica\/wp-content\/uploads\/sites\/7\/2022\/05\/Projeto_detalhado2022-1.pdf\"><strong>Modelo do Projeto de Pesquisa<\/strong> &#8211;<span style=\"color: #ff0000\"> Clique aqui<\/span><\/a><\/p>\n<p><strong>Recomenda\u00e7\u00f5es para autoavalia\u00e7\u00e3o e identifica\u00e7\u00e3o pelo pesquisador respons\u00e1vel e equipe dos BENEF\u00cdCIOS da pesquisa:<\/strong><\/p>\n<p>Recomenda-se ao pesquisador respons\u00e1vel\/principal (professor orientador com v\u00ednculo com a UFPR) e aos colaboradores a reflex\u00e3o contida dos benef\u00edcios da pesquisa ante o objeto de sua pesquisa, especialmente em rela\u00e7\u00e3o aos seguintes pontos tratados neste documento, e que sintetizam os par\u00e2metros das Resolu\u00e7\u00f5es CNS 466\/2012 e 510\/2016.<\/p>\n<p>Essas recomenda\u00e7\u00f5es n\u00e3o excluem a possibilidade de o pesquisador respons\u00e1vel\/principal e seus colaboradores estimarem outras dimens\u00f5es de benef\u00edcios envolvidas na especificidade da pesquisa realizada.<\/p>\n<p><strong>1 &#8211; Identifica\u00e7\u00e3o de benef\u00edcios<\/strong><\/p>\n<p>Para a identifica\u00e7\u00e3o dos benef\u00edcios de uma pesquisa envolvendo seres humanos a recomenda\u00e7\u00e3o geral \u00e9 a de que se reflita sobre o alcance do maior n\u00famero poss\u00edvel de benef\u00edcios durante e ap\u00f3s os estudos e intera\u00e7\u00f5es.<\/p>\n<p>\u00c9 importante considerar os aspectos comunit\u00e1rios e sociais dos benef\u00edcios da pesquisa.<\/p>\n<p>As orienta\u00e7\u00f5es deste ponto s\u00e3o centrais e devem ser pensadas em conjunto com os t\u00f3picos especiais adiante discutidos.<\/p>\n<p>a) Qual o proveito <strong>DIRETO<\/strong> o participante e\/ou sua comunidade poder\u00e3o obter com a participa\u00e7\u00e3o na pesquisa?<\/p>\n<p>Ex.: Ao participar de uma pesquisa sobre \u00e1gua tratada e sa\u00fade bucal o participante se beneficia diretamente com a ingest\u00e3o de \u00e1gua seguramente pot\u00e1vel que lhe \u00e9 fornecida durante a realiza\u00e7\u00e3o da pesquisa.<\/p>\n<p>b) Qual o proveito <strong>INDIRETO <\/strong>o participante e\/ou sua comunidade poder\u00e3o obter com a participa\u00e7\u00e3o na pesquisa?<\/p>\n<p>Ex.: Ao participar de uma pesquisa sobre \u00e1gua tratada e sa\u00fade bucal o participante se beneficia indiretamente com a realiza\u00e7\u00e3o de exames para identificar doen\u00e7as por ingest\u00e3o de \u00e1gua contaminada.<\/p>\n<p>&nbsp;<\/p>\n","protected":false},"excerpt":{"rendered":"<p>Modelo do Projeto de Pesquisa &#8211; Clique aqui Recomenda\u00e7\u00f5es para autoavalia\u00e7\u00e3o e identifica\u00e7\u00e3o pelo pesquisador respons\u00e1vel e equipe dos BENEF\u00cdCIOS da pesquisa: Recomenda-se ao pesquisador respons\u00e1vel\/principal (professor orientador com v\u00ednculo com a UFPR) e aos colaboradores a reflex\u00e3o contida dos benef\u00edcios da pesquisa ante o objeto de sua pesquisa, especialmente em rela\u00e7\u00e3o aos seguintes pontos [&hellip;]<\/p>\n","protected":false},"author":11,"featured_media":1187,"parent":0,"menu_order":0,"comment_status":"open","ping_status":"open","template":"","meta":{"_acf_changed":false,"_uag_custom_page_level_css":"","footnotes":""},"class_list":["post-220","page","type-page","status-publish","has-post-thumbnail","hentry"],"acf":[],"featured_image_src":"https:\/\/saude.ufpr.br\/cometica\/wp-content\/uploads\/sites\/7\/2018\/05\/pesquisa.jpg","uagb_featured_image_src":{"full":["https:\/\/saude.ufpr.br\/cometica\/wp-content\/uploads\/sites\/7\/2018\/05\/pesquisa.jpg",400,304,false],"thumbnail":["https:\/\/saude.ufpr.br\/cometica\/wp-content\/uploads\/sites\/7\/2018\/05\/pesquisa-150x150.jpg",150,150,true],"medium":["https:\/\/saude.ufpr.br\/cometica\/wp-content\/uploads\/sites\/7\/2018\/05\/pesquisa-300x228.jpg",300,228,true],"medium_large":["https:\/\/saude.ufpr.br\/cometica\/wp-content\/uploads\/sites\/7\/2018\/05\/pesquisa.jpg",400,304,false],"large":["https:\/\/saude.ufpr.br\/cometica\/wp-content\/uploads\/sites\/7\/2018\/05\/pesquisa.jpg",400,304,false],"1536x1536":["https:\/\/saude.ufpr.br\/cometica\/wp-content\/uploads\/sites\/7\/2018\/05\/pesquisa.jpg",400,304,false],"2048x2048":["https:\/\/saude.ufpr.br\/cometica\/wp-content\/uploads\/sites\/7\/2018\/05\/pesquisa.jpg",400,304,false],"noticias-thumb":["https:\/\/saude.ufpr.br\/cometica\/wp-content\/uploads\/sites\/7\/2018\/05\/pesquisa.jpg",400,304,false],"banners-thumb":["https:\/\/saude.ufpr.br\/cometica\/wp-content\/uploads\/sites\/7\/2018\/05\/pesquisa-400x150.jpg",400,150,true],"maisnoticias-thumb":["https:\/\/saude.ufpr.br\/cometica\/wp-content\/uploads\/sites\/7\/2018\/05\/pesquisa-160x90.jpg",160,90,true],"post-thumbnail":["https:\/\/saude.ufpr.br\/cometica\/wp-content\/uploads\/sites\/7\/2018\/05\/pesquisa-300x228.jpg",300,228,true]},"uagb_author_info":{"display_name":"josete","author_link":"https:\/\/saude.ufpr.br\/cometica\/author\/josete\/"},"uagb_comment_info":0,"uagb_excerpt":"Modelo do Projeto de Pesquisa &#8211; Clique aqui Recomenda\u00e7\u00f5es para autoavalia\u00e7\u00e3o e identifica\u00e7\u00e3o pelo pesquisador respons\u00e1vel e equipe dos BENEF\u00cdCIOS da pesquisa: Recomenda-se ao pesquisador respons\u00e1vel\/principal (professor orientador com v\u00ednculo com a UFPR) e aos colaboradores a reflex\u00e3o contida dos benef\u00edcios da pesquisa ante o objeto de sua pesquisa, especialmente em rela\u00e7\u00e3o aos seguintes pontos&hellip;","publishpress_future_action":{"enabled":false,"date":"2026-04-10 19:11:57","action":"change-status","newStatus":"draft","terms":[],"taxonomy":"","extraData":[]},"publishpress_future_workflow_manual_trigger":{"enabledWorkflows":[]},"_links":{"self":[{"href":"https:\/\/saude.ufpr.br\/cometica\/wp-json\/wp\/v2\/pages\/220","targetHints":{"allow":["GET"]}}],"collection":[{"href":"https:\/\/saude.ufpr.br\/cometica\/wp-json\/wp\/v2\/pages"}],"about":[{"href":"https:\/\/saude.ufpr.br\/cometica\/wp-json\/wp\/v2\/types\/page"}],"author":[{"embeddable":true,"href":"https:\/\/saude.ufpr.br\/cometica\/wp-json\/wp\/v2\/users\/11"}],"replies":[{"embeddable":true,"href":"https:\/\/saude.ufpr.br\/cometica\/wp-json\/wp\/v2\/comments?post=220"}],"version-history":[{"count":17,"href":"https:\/\/saude.ufpr.br\/cometica\/wp-json\/wp\/v2\/pages\/220\/revisions"}],"predecessor-version":[{"id":2711,"href":"https:\/\/saude.ufpr.br\/cometica\/wp-json\/wp\/v2\/pages\/220\/revisions\/2711"}],"wp:featuredmedia":[{"embeddable":true,"href":"https:\/\/saude.ufpr.br\/cometica\/wp-json\/wp\/v2\/media\/1187"}],"wp:attachment":[{"href":"https:\/\/saude.ufpr.br\/cometica\/wp-json\/wp\/v2\/media?parent=220"}],"curies":[{"name":"wp","href":"https:\/\/api.w.org\/{rel}","templated":true}]}}