{"id":231,"date":"2015-04-01T14:38:59","date_gmt":"2015-04-01T14:38:59","guid":{"rendered":"https:\/\/saude.ufpr.br\/cometica\/?page_id=231"},"modified":"2025-11-07T15:35:06","modified_gmt":"2025-11-07T15:35:06","slug":"submissao_emenda","status":"publish","type":"page","link":"https:\/\/saude.ufpr.br\/cometica\/submissao_emenda\/","title":{"rendered":"Modelo de Emenda e Manual de Emenda"},"content":{"rendered":"<h4><img decoding=\"async\" class=\"attachment-post-thumbnail \" style=\"font-family: Georgia, 'Times New Roman', 'Bitstream Charter', Times, serif;font-size: 16px\" src=\"https:\/\/saude.ufpr.br\/cometica\/wp-content\/uploads\/sites\/7\/2017\/10\/importante-300x205.png\" alt=\"\" width=\"145\" height=\"99\" \/><span style=\"color: #008000\">* O CEP Informa: A Emenda somente ser\u00e1 avaliada se os Relat\u00f3rios Parciais (semestrais) estiverem em dia.<\/span><\/h4>\n<p>O que \u00e9 uma <b>emenda<\/b>? <b>Emenda<\/b> \u00e9 toda proposta de modifica\u00e7\u00e3o ao projeto original, encaminhada ao Sistema <b>CEP<\/b>\/CONEP pela Plataforma Brasil, com a descri\u00e7\u00e3o e a justificativa das altera\u00e7\u00f5es. As <b>emendas<\/b> devem ser apresentadas de forma clara e sucinta, destacando nos documentos enviados os trechos modificados.<\/p>\n<p>O Passo a passo para submeter a Emenda encontra-se em <a href=\"https:\/\/saude.ufpr.br\/cometica\/wp-content\/uploads\/sites\/7\/2019\/07\/Submiss\u00e3o-emenda-3.0.pdf\"><strong>Manual de submiss\u00e3o de Emenda(clique aqui)<\/strong><\/a> ou assista ao v\u00eddeo abaixo: (Fonte: CONEP)<\/p>\n<p><iframe title=\"Submiss\u00e3o de Emenda na Plataforma Brasil - Etapa 1\" width=\"500\" height=\"281\" src=\"https:\/\/www.youtube.com\/embed\/Nv1bzMYTlMQ?feature=oembed\" frameborder=\"0\" allow=\"accelerometer; autoplay; clipboard-write; encrypted-media; gyroscope; picture-in-picture; web-share\" referrerpolicy=\"strict-origin-when-cross-origin\" allowfullscreen><\/iframe><\/p>\n<p>Modelo:<\/p>\n<p><span style=\"color: #800000\">\u00a0<\/span><\/p>\n<p class=\"western\" align=\"center\"><span style=\"font-family: Arial, sans-serif\"><span style=\"font-size: medium\"><b>CARTA PARA APRESENTA\u00c7\u00c3O E JUSTIFICATIVA PARA EMENDA AO PROJETO<\/b><\/span><\/span><\/p>\n<p class=\"western\" align=\"justify\"><span style=\"font-family: Arial, sans-serif\"><span style=\"font-size: medium\">CAAE N\u00b0<\/span><\/span><\/p>\n<p class=\"western\" align=\"justify\"><span style=\"font-family: Arial, sans-serif\"><span style=\"font-size: medium\">T\u00cdTULO DA PESQUISA:<\/span><\/span><\/p>\n<p class=\"western\" align=\"justify\"><span style=\"font-family: Arial, sans-serif\"><span style=\"font-size: medium\">PESQUISADOR PRINCIPAL:<\/span><\/span><\/p>\n<p class=\"western\" align=\"justify\"><span style=\"font-family: Arial, sans-serif\"><span style=\"font-size: medium\">Senhor(a) Coordenador(a), <\/span><\/span><\/p>\n<p class=\"western\" align=\"justify\"><span style=\"font-family: Arial, sans-serif\"><span style=\"font-size: medium\">Solicito Emenda para: <\/span><\/span><\/p>\n<ol>\n<li>\n<p class=\"western\" align=\"justify\"><span style=\"font-family: Arial, sans-serif\"><span style=\"font-size: medium\">Qual(is) altera\u00e7\u00e3o(\u00f5es)?<span style=\"color: #0000ff\"> Descriminar item a item <\/span><\/span><\/span><span style=\"font-family: Arial, sans-serif;color: #0000ff\"><span style=\"font-size: medium\"><span style=\"color: #0000ff\">(exemplos: <\/span>altera\u00e7\u00e3o\/amplia\u00e7\u00e3o no m\u00e9todo, inclus\u00e3o\/exclus\u00e3o de pesquisadores (equipe), cronograma, etc):<\/span><\/span><\/p>\n<\/li>\n<li>\n<p class=\"western\" align=\"justify\"><span style=\"font-family: Arial, sans-serif\"><span style=\"font-size: medium\">Itens a serem contemplados:<\/span><\/span><\/p>\n<\/li>\n<\/ol>\n<ol type=\"a\">\n<li>Justificativa da emenda<\/li>\n<li>\n<p class=\"western\" align=\"justify\"><span style=\"font-family: Arial, sans-serif\"><span style=\"font-size: medium\">Proposta da emenda<\/span><\/span><span style=\"font-family: Arial, sans-serif\"><span style=\"font-size: medium\">:<\/span><\/span><\/p>\n<\/li>\n<li>\n<p class=\"western\" align=\"justify\"><span style=\"font-family: Arial, sans-serif\"><span style=\"font-size: medium\">Qual \u00e9 a opini\u00e3o e o posicionamento do pesquisador principal em rela\u00e7\u00e3o ao desenvolvimento da pesquisa, frente ao documento apresentado:<\/span><\/span><\/p>\n<\/li>\n<\/ol>\n<p class=\"western\" align=\"justify\"><span style=\"font-family: Arial, sans-serif\"><span style=\"font-size: medium\">Declaro estar ciente e de acordo com as informa\u00e7\u00f5es presentes nesta carta\/emenda.<\/span><\/span><\/p>\n<p class=\"western\" align=\"justify\"><span style=\"font-family: Arial, sans-serif\"><span style=\"font-size: medium\">Data____\/____\/____ <\/span><\/span><\/p>\n<p class=\"western\" align=\"justify\"><span style=\"font-family: Arial, sans-serif\"><span style=\"font-size: medium\">___________________________________________________<\/span><\/span><\/p>\n<p class=\"western\" align=\"justify\"><span style=\"font-family: Arial, sans-serif\"><span style=\"font-size: medium\">Nome por extenso \u2013 fun\u00e7\u00e3o na pesquisa<\/span><\/span><\/p>\n<p class=\"western\" align=\"justify\"><span style=\"color: #0000ff\"><strong><span style=\"font-family: Arial, sans-serif\"><span style=\"font-size: medium\">Importante:<\/span><\/span><\/strong><span style=\"font-family: Arial, sans-serif\"><span style=\"font-size: medium\"> para inser\u00e7\u00e3o de novos participantes da equipe de pesquisa \u00e9 necess\u00e1rio anexar seguintes documentos para fins de atualiza\u00e7\u00e3o: <\/span><\/span><\/span><\/p>\n<ul>\n<li>\n<p class=\"western\" align=\"justify\"><span style=\"color: #0000ff\"><span style=\"font-family: Arial, sans-serif\"><span style=\"font-size: medium\">a) Declara\u00e7\u00e3o de compromisso da equipe de pesquisa\u00a0<\/span><\/span><\/span><\/p>\n<\/li>\n<li>\n<p class=\"western\" align=\"justify\"><span style=\"color: #0000ff\"><span style=\"font-family: Arial, sans-serif\"><span style=\"font-size: medium\">b) Novo TCLE e\/ou TALE, caso este novo integrante venha a aplicar question\u00e1rios, ou realizar coleta de dados, etc <\/span><\/span><\/span><\/p>\n<\/li>\n<li>\n<p class=\"western\" align=\"justify\"><span style=\"color: #0000ff\"><span style=\"font-family: Arial, sans-serif\"><span style=\"font-size: medium\">c)\u00a0<\/span><\/span><span style=\"font-family: Arial, sans-serif\"><span style=\"font-size: medium\">Projeto atualizado, caso haja atividades\/metodologias novas para este integrante <\/span><\/span><\/span><\/p>\n<\/li>\n<li>\n<p class=\"western\" align=\"justify\"><span style=\"color: #0000ff\"><span style=\"font-family: Arial, sans-serif\"><span style=\"font-size: medium\">** Para projeto, TCLE e TALE, se enviados, as modifica\u00e7\u00f5es e inser\u00e7\u00f5es devem ser destacadas, enviar no formato Word (.doc). <\/span><\/span><\/span><\/p>\n<\/li>\n<li>\n<p class=\"western\" align=\"justify\"><span style=\"color: #0000ff\"><span style=\"font-family: Arial, sans-serif\"><span style=\"font-size: medium\">d) Carta de emenda enviar no formato Word (.doc).<\/span><\/span><\/span><\/p>\n<\/li>\n<li><span style=\"color: #0000ff\">Qualquer modifica\u00e7\u00e3o deve ser enviado em destaque<\/span><\/li>\n<\/ul>\n<p class=\"western\" align=\"justify\"><span style=\"color: #0000ff\">\u00a0<\/span><\/p>\n<p class=\"western\" align=\"justify\"><span style=\"color: #0000ff\"><span style=\"font-family: Arial, sans-serif\"><span style=\"font-size: medium\">OBS: Quando houver arquivos do protocolo que sofreram modifica\u00e7\u00e3o ou arquivos adicionais relacionados ao pedido de emenda, o(s) arquivo(s) deve(m) ser inserido(s) na PB, em acr\u00e9scimo \u00e0 carta de solicita\u00e7\u00e3o de emenda). Em caso de d\u00favida entrar em contato com o CEP\/SD 41-3360-7259, pessoalmente ou por e-mail (cometica.saude@ufpr.br).<\/span><\/span><\/span><\/p>\n<p>&nbsp;<\/p>\n<p>&nbsp;<\/p>\n","protected":false},"excerpt":{"rendered":"<p>* O CEP Informa: A Emenda somente ser\u00e1 avaliada se os Relat\u00f3rios Parciais (semestrais) estiverem em dia. O que \u00e9 uma emenda? Emenda \u00e9 toda proposta de modifica\u00e7\u00e3o ao projeto original, encaminhada ao Sistema CEP\/CONEP pela Plataforma Brasil, com a descri\u00e7\u00e3o e a justificativa das altera\u00e7\u00f5es. As emendas devem ser apresentadas de forma clara e [&hellip;]<\/p>\n","protected":false},"author":11,"featured_media":0,"parent":0,"menu_order":0,"comment_status":"open","ping_status":"open","template":"","meta":{"_acf_changed":false,"_uag_custom_page_level_css":"","footnotes":""},"class_list":["post-231","page","type-page","status-publish","hentry"],"acf":[],"featured_image_src":null,"uagb_featured_image_src":{"full":false,"thumbnail":false,"medium":false,"medium_large":false,"large":false,"1536x1536":false,"2048x2048":false,"noticias-thumb":false,"banners-thumb":false,"maisnoticias-thumb":false,"post-thumbnail":false},"uagb_author_info":{"display_name":"josete","author_link":"https:\/\/saude.ufpr.br\/cometica\/author\/josete\/"},"uagb_comment_info":0,"uagb_excerpt":"* O CEP Informa: A Emenda somente ser\u00e1 avaliada se os Relat\u00f3rios Parciais (semestrais) estiverem em dia. O que \u00e9 uma emenda? Emenda \u00e9 toda proposta de modifica\u00e7\u00e3o ao projeto original, encaminhada ao Sistema CEP\/CONEP pela Plataforma Brasil, com a descri\u00e7\u00e3o e a justificativa das altera\u00e7\u00f5es. As emendas devem ser apresentadas de forma clara e&hellip;","publishpress_future_action":{"enabled":false,"date":"2026-04-22 09:06:48","action":"change-status","newStatus":"draft","terms":[],"taxonomy":"","extraData":[]},"publishpress_future_workflow_manual_trigger":{"enabledWorkflows":[]},"_links":{"self":[{"href":"https:\/\/saude.ufpr.br\/cometica\/wp-json\/wp\/v2\/pages\/231","targetHints":{"allow":["GET"]}}],"collection":[{"href":"https:\/\/saude.ufpr.br\/cometica\/wp-json\/wp\/v2\/pages"}],"about":[{"href":"https:\/\/saude.ufpr.br\/cometica\/wp-json\/wp\/v2\/types\/page"}],"author":[{"embeddable":true,"href":"https:\/\/saude.ufpr.br\/cometica\/wp-json\/wp\/v2\/users\/11"}],"replies":[{"embeddable":true,"href":"https:\/\/saude.ufpr.br\/cometica\/wp-json\/wp\/v2\/comments?post=231"}],"version-history":[{"count":12,"href":"https:\/\/saude.ufpr.br\/cometica\/wp-json\/wp\/v2\/pages\/231\/revisions"}],"predecessor-version":[{"id":2411,"href":"https:\/\/saude.ufpr.br\/cometica\/wp-json\/wp\/v2\/pages\/231\/revisions\/2411"}],"wp:attachment":[{"href":"https:\/\/saude.ufpr.br\/cometica\/wp-json\/wp\/v2\/media?parent=231"}],"curies":[{"name":"wp","href":"https:\/\/api.w.org\/{rel}","templated":true}]}}