{"id":440,"date":"2015-12-01T14:35:12","date_gmt":"2015-12-01T14:35:12","guid":{"rendered":"https:\/\/saude.ufpr.br\/cometica\/?page_id=440"},"modified":"2025-11-07T16:16:00","modified_gmt":"2025-11-07T16:16:00","slug":"calendario-de-reunioes-e-prazos","status":"publish","type":"page","link":"https:\/\/saude.ufpr.br\/cometica\/calendario-de-reunioes-e-prazos\/","title":{"rendered":"Calend\u00e1rio de Reuni\u00f5es"},"content":{"rendered":"<p style=\"text-align: center\"><strong>CALEND\u00c1RIO DE ENVIO DE NOVOS PROJETOS NA PLATAFORMA BRASIL PARA AN\u00c1LISE, E DATAS DAS REUNI\u00d5ES &#8211;\u00a0\u00a0\u00a0<\/strong><\/p>\n<p style=\"text-align: center\"><strong>COMIT\u00ca DE \u00c9TICA \u2013 CEP\/SD &#8211; ANO \/2026\u00a0<\/strong><\/p>\n<p><span data-ccp-props=\"{&quot;335551550&quot;:2,&quot;335551620&quot;:2}\">\u00a0<\/span><\/p>\n<table style=\"height: 809px\" width=\"1256\" data-tablestyle=\"MsoNormalTable\" data-tablelook=\"0\">\n<tbody>\n<tr>\n<td data-celllook=\"4353\"><strong>Data e hor\u00e1rio Limite (final) para Envio Projetos via sistema-PB\u00a0<\/strong><\/td>\n<td data-celllook=\"4353\"><strong>Data\u00a0 da 1\u00aa reuni\u00e3o\u00a0Quartas-feiras pela manh\u00e3\u00a0<\/strong><\/td>\n<td data-celllook=\"4369\"><strong>Data da 2\u00aa e 3\u00ba reuni\u00e3o\u00a0\u00a0Quartas-feiras pela manh\u00e3\u00a0<\/strong><\/td>\n<\/tr>\n<tr>\n<td data-celllook=\"4352\"><span data-contrast=\"auto\">03 de fevereiro at\u00e9 as 17 horas<\/span><span data-ccp-props=\"{&quot;335551550&quot;:2,&quot;335551620&quot;:2}\">\u00a0<\/span><span data-contrast=\"auto\">(ter\u00e7a-feira)<\/span><span data-ccp-props=\"{&quot;335551550&quot;:2,&quot;335551620&quot;:2}\">\u00a0<\/span><\/td>\n<td data-celllook=\"4352\"><span data-contrast=\"none\">\u00a025 de fevereiro\u00a0<\/span><span data-ccp-props=\"{&quot;335551550&quot;:2,&quot;335551620&quot;:2}\">\u00a0<\/span><\/td>\n<td data-celllook=\"4368\"><span data-contrast=\"none\">04 de mar\u00e7o<\/span><span data-ccp-props=\"{&quot;335551550&quot;:2,&quot;335551620&quot;:2}\">\u00a0 \u00a0 \u00a0 \u00a0<\/span><span data-contrast=\"auto\">11 de mar\u00e7o*<\/span><span data-ccp-props=\"{&quot;335551550&quot;:2,&quot;335551620&quot;:2}\">\u00a0<\/span><\/td>\n<\/tr>\n<tr>\n<td data-celllook=\"4352\"><span data-contrast=\"auto\">03 de mar\u00e7o at\u00e9 as 17 horas<\/span><span data-ccp-props=\"{&quot;335551550&quot;:2,&quot;335551620&quot;:2}\">\u00a0<\/span><span data-contrast=\"auto\">(ter\u00e7a-feira)<\/span><span data-ccp-props=\"{&quot;335551550&quot;:2,&quot;335551620&quot;:2}\">\u00a0<\/span><\/td>\n<td data-celllook=\"4352\"><span data-contrast=\"auto\">25 de mar\u00e7o<\/span><span data-ccp-props=\"{&quot;335551550&quot;:2,&quot;335551620&quot;:2}\">\u00a0<\/span><\/td>\n<td data-celllook=\"4368\"><span data-contrast=\"auto\">01 de abril<\/span><span data-ccp-props=\"{&quot;335551550&quot;:2,&quot;335551620&quot;:2}\">\u00a0 \u00a0 \u00a0 \u00a0 \u00a0 \u00a0<\/span><span data-contrast=\"auto\">08 de abril*<\/span><span data-ccp-props=\"{&quot;335551550&quot;:2,&quot;335551620&quot;:2}\">\u00a0<\/span><\/td>\n<\/tr>\n<tr>\n<td data-celllook=\"4352\"><span data-contrast=\"auto\">07 de abril at\u00e9 as 17 horas<\/span><span data-ccp-props=\"{&quot;335551550&quot;:2,&quot;335551620&quot;:2}\">\u00a0<\/span><span data-contrast=\"auto\">(ter\u00e7a-feira)<\/span><span data-ccp-props=\"{&quot;335551550&quot;:2,&quot;335551620&quot;:2}\">\u00a0<\/span><\/td>\n<td data-celllook=\"4352\"><span data-contrast=\"auto\">29 de abril<\/span><span data-ccp-props=\"{&quot;335551550&quot;:2,&quot;335551620&quot;:2}\">\u00a0<\/span><\/td>\n<td data-celllook=\"4368\"><span data-contrast=\"auto\">06 de maio<\/span><span data-ccp-props=\"{&quot;335551550&quot;:2,&quot;335551620&quot;:2}\">\u00a0 \u00a0 \u00a0 \u00a0 \u00a0<\/span><span data-contrast=\"auto\">13 de maio*<\/span><span data-ccp-props=\"{&quot;335551550&quot;:2,&quot;335551620&quot;:2}\">\u00a0<\/span><\/td>\n<\/tr>\n<tr>\n<td data-celllook=\"4352\"><span data-contrast=\"auto\">05 de maio at\u00e9 as 17 horas<\/span><span data-ccp-props=\"{&quot;335551550&quot;:2,&quot;335551620&quot;:2}\">\u00a0<\/span><span data-contrast=\"auto\">(ter\u00e7a-feira)<\/span><span data-ccp-props=\"{&quot;335551550&quot;:2,&quot;335551620&quot;:2}\">\u00a0<\/span><\/td>\n<td data-celllook=\"4352\"><span data-contrast=\"auto\">27 de maio<\/span><span data-ccp-props=\"{&quot;335551550&quot;:2,&quot;335551620&quot;:2}\">\u00a0<\/span><\/td>\n<td data-celllook=\"4368\"><span data-contrast=\"auto\">03 de junho<\/span><span data-ccp-props=\"{&quot;335551550&quot;:2,&quot;335551620&quot;:2}\">\u00a0 \u00a0 \u00a0 \u00a0 \u00a0 <\/span><span data-contrast=\"auto\">10 de junho*<\/span><span data-ccp-props=\"{&quot;335551550&quot;:2,&quot;335551620&quot;:2}\">\u00a0<\/span><\/td>\n<\/tr>\n<tr>\n<td data-celllook=\"4352\"><span data-contrast=\"auto\">02 de junho at\u00e9 as 17 horas<\/span><span data-ccp-props=\"{&quot;335551550&quot;:2,&quot;335551620&quot;:2}\">\u00a0<\/span><span data-contrast=\"auto\">(ter\u00e7a-feira)<\/span><span data-ccp-props=\"{&quot;335551550&quot;:2,&quot;335551620&quot;:2}\">\u00a0<\/span><\/td>\n<td data-celllook=\"4352\"><span data-contrast=\"auto\">24 de junho<\/span><span data-ccp-props=\"{&quot;335551550&quot;:2,&quot;335551620&quot;:2}\">\u00a0<\/span><\/td>\n<td data-celllook=\"4368\"><span data-contrast=\"auto\">01 de julho<\/span><span data-ccp-props=\"{&quot;335551550&quot;:2,&quot;335551620&quot;:2}\">\u00a0 \u00a0 \u00a0 \u00a0 \u00a0 \u00a0 \u00a0<\/span><span data-contrast=\"auto\">08 de julho*<\/span><span data-ccp-props=\"{&quot;335551550&quot;:2,&quot;335551620&quot;:2}\">\u00a0<\/span><\/td>\n<\/tr>\n<tr>\n<td data-celllook=\"4352\"><b><span data-contrast=\"auto\">Recesso<\/span><\/b><span data-ccp-props=\"{&quot;335551550&quot;:2,&quot;335551620&quot;:2}\">\u00a0<\/span><\/td>\n<td data-celllook=\"4352\"><b><span data-contrast=\"auto\">Recesso<\/span><\/b><span data-ccp-props=\"{&quot;335551550&quot;:2,&quot;335551620&quot;:2}\">\u00a0<\/span><\/td>\n<td data-celllook=\"4368\"><b><span data-contrast=\"auto\">Recesso<\/span><\/b><span data-ccp-props=\"{&quot;335551550&quot;:2,&quot;335551620&quot;:2}\">\u00a0<\/span><\/td>\n<\/tr>\n<tr>\n<td data-celllook=\"4352\"><span data-contrast=\"auto\">07 de julho at\u00e9 as 17 horas<\/span><span data-ccp-props=\"{&quot;335551550&quot;:2,&quot;335551620&quot;:2}\">\u00a0<\/span><span data-contrast=\"auto\">(ter\u00e7a-feira)<\/span><span data-ccp-props=\"{&quot;335551550&quot;:2,&quot;335551620&quot;:2}\">\u00a0<\/span><\/td>\n<td data-celllook=\"4352\"><span data-contrast=\"auto\">05 de agosto<\/span><span data-ccp-props=\"{&quot;335551550&quot;:2,&quot;335551620&quot;:2}\">\u00a0<\/span><\/td>\n<td data-celllook=\"4368\"><span data-contrast=\"auto\">12 de agosto<\/span><span data-ccp-props=\"{&quot;335551550&quot;:2,&quot;335551620&quot;:2}\">\u00a0 \u00a0 \u00a0 \u00a0 \u00a0 <\/span><span data-contrast=\"auto\">19 de agosto*<\/span><span data-ccp-props=\"{&quot;335551550&quot;:2,&quot;335551620&quot;:2}\">\u00a0<\/span><\/td>\n<\/tr>\n<tr>\n<td data-celllook=\"4352\"><span data-contrast=\"auto\">04 de agosto at\u00e9 as 17 horas<\/span><span data-ccp-props=\"{&quot;335551550&quot;:2,&quot;335551620&quot;:2}\">\u00a0<\/span><span data-contrast=\"auto\">(ter\u00e7a-feira)<\/span><span data-ccp-props=\"{&quot;335551550&quot;:2,&quot;335551620&quot;:2}\">\u00a0<\/span><\/td>\n<td data-celllook=\"4352\"><span data-contrast=\"auto\">26 de agosto<\/span><span data-ccp-props=\"{&quot;335551550&quot;:2,&quot;335551620&quot;:2}\">\u00a0<\/span><\/td>\n<td data-celllook=\"4368\"><span data-contrast=\"auto\">02 de setembro<\/span><span data-ccp-props=\"{&quot;335551550&quot;:2,&quot;335551620&quot;:2}\">\u00a0 \u00a0 \u00a0 <\/span><span data-contrast=\"auto\">09 de setembro*<\/span><span data-ccp-props=\"{&quot;335551550&quot;:2,&quot;335551620&quot;:2}\">\u00a0<\/span><\/td>\n<\/tr>\n<tr>\n<td data-celllook=\"4352\"><span data-contrast=\"auto\">01 de setembro at\u00e9 as 17 horas<\/span><span data-ccp-props=\"{&quot;335551550&quot;:2,&quot;335551620&quot;:2}\">\u00a0<\/span><span data-contrast=\"auto\">(ter\u00e7a-feira)<\/span><span data-ccp-props=\"{&quot;335551550&quot;:2,&quot;335551620&quot;:2}\">\u00a0<\/span><\/td>\n<td data-celllook=\"4352\"><span data-contrast=\"none\">30 de setembro<\/span><span data-ccp-props=\"{&quot;335551550&quot;:2,&quot;335551620&quot;:2}\">\u00a0<\/span><\/td>\n<td data-celllook=\"4368\"><span data-contrast=\"auto\">07 de outubro<\/span><span data-ccp-props=\"{&quot;335551550&quot;:2,&quot;335551620&quot;:2}\">\u00a0 \u00a0 \u00a0 \u00a0 <\/span><span data-contrast=\"auto\">14 de outubro*<\/span><span data-ccp-props=\"{&quot;335551550&quot;:2,&quot;335551620&quot;:2}\">\u00a0<\/span><\/td>\n<\/tr>\n<tr>\n<td data-celllook=\"4352\"><span data-contrast=\"auto\">06 de outubro at\u00e9 as 17 horas<\/span><span data-ccp-props=\"{&quot;335551550&quot;:2,&quot;335551620&quot;:2}\">\u00a0<\/span><span data-contrast=\"auto\">(ter\u00e7a-feira)<\/span><span data-ccp-props=\"{&quot;335551550&quot;:2,&quot;335551620&quot;:2}\">\u00a0<\/span><\/td>\n<td data-celllook=\"4352\"><span data-contrast=\"auto\">28 de outubro<\/span><span data-ccp-props=\"{&quot;335551550&quot;:2,&quot;335551620&quot;:2}\">\u00a0<\/span><\/td>\n<td data-celllook=\"4368\"><span data-contrast=\"auto\">04 de novembro<\/span><span data-ccp-props=\"{&quot;335551550&quot;:2,&quot;335551620&quot;:2}\">\u00a0 \u00a0 \u00a0 <\/span><span data-contrast=\"auto\">11 de novembro*<\/span><span data-ccp-props=\"{&quot;335551550&quot;:2,&quot;335551620&quot;:2}\">\u00a0<\/span><\/td>\n<\/tr>\n<tr>\n<td data-celllook=\"4352\"><span data-contrast=\"auto\">03 de novembro at\u00e9 as 17 horas<\/span><span data-ccp-props=\"{&quot;335551550&quot;:2,&quot;335551620&quot;:2}\">\u00a0<\/span><span data-contrast=\"auto\">(ter\u00e7a-feira)<\/span><span data-ccp-props=\"{&quot;335551550&quot;:2,&quot;335551620&quot;:2}\">\u00a0<\/span><\/td>\n<td data-celllook=\"4352\"><span data-contrast=\"auto\">25 de novembro<\/span><span data-ccp-props=\"{&quot;335551550&quot;:2,&quot;335551620&quot;:2}\">\u00a0<\/span><\/td>\n<td data-celllook=\"4368\"><span data-contrast=\"auto\">02 de dezembro\u00a0 \u00a0 \u00a0 \u00a0 <\/span><span data-contrast=\"auto\">09 de dezembro*<\/span><span data-ccp-props=\"{&quot;335551550&quot;:2,&quot;335551620&quot;:2}\">\u00a0<\/span><\/td>\n<\/tr>\n<tr>\n<td data-celllook=\"4352\"><span data-contrast=\"none\">Recesso<\/span><span data-ccp-props=\"{&quot;201341983&quot;:0,&quot;335551550&quot;:2,&quot;335551620&quot;:2,&quot;335559740&quot;:360}\">\u00a0<\/span><\/td>\n<td data-celllook=\"4352\"><span data-contrast=\"none\">Recesso<\/span><span data-ccp-props=\"{&quot;201341983&quot;:0,&quot;335551550&quot;:2,&quot;335551620&quot;:2,&quot;335559740&quot;:360}\">\u00a0<\/span><\/td>\n<td data-celllook=\"4368\"><span data-contrast=\"none\">Recesso<\/span><span data-ccp-props=\"{&quot;201341983&quot;:0,&quot;335551550&quot;:2,&quot;335551620&quot;:2,&quot;335559740&quot;:360}\">\u00a0<\/span><\/td>\n<\/tr>\n<\/tbody>\n<\/table>\n<p>&nbsp;<\/p>\n<p style=\"text-align: center\"><span style=\"font-weight: 400\">CALEND\u00c1RIO DE ENVIO DE <\/span><b>NOVOS<\/b><span style=\"font-weight: 400\"> PROJETOS NA PLATAFORMA BRASIL PARA AN\u00c1LISE, E DATAS DAS REUNI\u00d5ES &#8211;\u00a0\u00a0<\/span><\/p>\n<p style=\"text-align: center\"><span style=\"font-weight: 400\">COMIT\u00ca DE \u00c9TICA \u2013 CEP\/SD &#8211; ANO \/2025<\/span><\/p>\n<table style=\"height: 1257px\" width=\"890\">\n<tbody>\n<tr>\n<td>\n<p style=\"text-align: center\"><span style=\"font-weight: 400\">Data e hor\u00e1rio Limite (final) para Envio Projetos via sistema-PB<\/span><\/p>\n<\/td>\n<td>\n<p style=\"text-align: center\"><span style=\"font-weight: 400\">Data da 1\u00aa reuni\u00e3o<\/span><\/p>\n<p style=\"text-align: center\"><span style=\"font-weight: 400\">Quartas-feiras pela manh\u00e3<\/span><\/p>\n<\/td>\n<td>\n<p style=\"text-align: center\"><span style=\"font-weight: 400\">Data da 2\u00aa e 3\u00aa reuni\u00e3o\u00a0<\/span><\/p>\n<p style=\"text-align: center\"><span style=\"font-weight: 400\">Quartas-feiras pela manh\u00e3<\/span><\/p>\n<\/td>\n<\/tr>\n<tr>\n<td>\n<p style=\"text-align: center\"><strong>04 de fevereiro at\u00e9 as 17 horas<\/strong><\/p>\n<p style=\"text-align: center\"><span style=\"font-weight: 400\">(ter\u00e7a-feira)<\/span><\/p>\n<\/td>\n<td style=\"text-align: center\"><span style=\"font-weight: 400\"> 26 de fevereiro\u00a0<\/span><\/td>\n<td style=\"text-align: center\">12 de mar\u00e7o<\/p>\n<p>19 de mar\u00e7o*<\/td>\n<\/tr>\n<tr>\n<td>\n<p style=\"text-align: center\"><strong>11 de mar\u00e7o at\u00e9 as 17 horas<\/strong><\/p>\n<p style=\"text-align: center\"><span style=\"font-weight: 400\">(ter\u00e7a-feira)<\/span><\/p>\n<\/td>\n<td style=\"text-align: center\"><span style=\"font-weight: 400\">26 de mar\u00e7o<\/span><\/td>\n<td>\n<p style=\"text-align: center\">02 de abril<\/p>\n<p style=\"text-align: center\">09 de abril*<\/p>\n<\/td>\n<\/tr>\n<tr>\n<td>\n<p style=\"text-align: center\"><strong>01 de abril at\u00e9 as 17 horas<\/strong><\/p>\n<p style=\"text-align: center\"><span style=\"font-weight: 400\">(ter\u00e7a-feira)<\/span><\/p>\n<\/td>\n<td style=\"text-align: center\"><span style=\"font-weight: 400\">30 de abril<\/span><\/td>\n<td>\n<p style=\"text-align: center\">07 de maio<\/p>\n<p style=\"text-align: center\">14 de maio*<\/p>\n<\/td>\n<\/tr>\n<tr>\n<td>\n<p style=\"text-align: center\"><strong>06 de maio at\u00e9 as 17 horas<\/strong><\/p>\n<p style=\"text-align: center\"><span style=\"font-weight: 400\">(ter\u00e7a-feira)<\/span><\/p>\n<\/td>\n<td style=\"text-align: center\"><span style=\"font-weight: 400\">28 de maio<\/span><\/td>\n<td>\n<p style=\"text-align: center\">04 de junho<\/p>\n<p style=\"text-align: center\">11 de junho*<\/p>\n<\/td>\n<\/tr>\n<tr>\n<td>\n<p style=\"text-align: center\"><strong>03 de junho at\u00e9 as 17 horas<\/strong><\/p>\n<p style=\"text-align: center\"><span style=\"font-weight: 400\">(ter\u00e7a-feira)<\/span><\/p>\n<\/td>\n<td style=\"text-align: center\"><span style=\"font-weight: 400\">25 de junho<\/span><\/td>\n<td>\n<p style=\"text-align: center\">02 de julho<\/p>\n<p style=\"text-align: center\">09 de julho*<\/p>\n<\/td>\n<\/tr>\n<tr>\n<td>\n<p style=\"text-align: center\"><b>Recesso<\/b><\/p>\n<\/td>\n<td style=\"text-align: center\"><b>Recesso<\/b><\/td>\n<td>\n<p style=\"text-align: center\"><b>Recesso<\/b><\/p>\n<\/td>\n<\/tr>\n<tr>\n<td>\n<p style=\"text-align: center\"><strong>01 de julho at\u00e9 as 17 horas<\/strong><\/p>\n<p style=\"text-align: center\"><span style=\"font-weight: 400\">(ter\u00e7a-feira)<\/span><\/p>\n<\/td>\n<td style=\"text-align: center\"><span style=\"font-weight: 400\">06 de agosto<\/span><\/td>\n<td>\n<p style=\"text-align: center\">13 de agosto<\/p>\n<p style=\"text-align: center\">20 de agosto*<\/p>\n<\/td>\n<\/tr>\n<tr>\n<td>\n<p style=\"text-align: center\"><strong>05 de agosto at\u00e9 as 17 horas<\/strong><\/p>\n<p style=\"text-align: center\"><span style=\"font-weight: 400\">(ter\u00e7a-feira)<\/span><\/p>\n<\/td>\n<td style=\"text-align: center\"><span style=\"font-weight: 400\">27 de agosto<\/span><\/td>\n<td>\n<p style=\"text-align: center\">03 de setembro<\/p>\n<p style=\"text-align: center\">10 de setembro*<\/p>\n<\/td>\n<\/tr>\n<tr>\n<td>\n<p style=\"text-align: center\"><strong>02 de setembro at\u00e9 as 17 horas<\/strong><\/p>\n<p style=\"text-align: center\"><span style=\"font-weight: 400\">(ter\u00e7a-feira)<\/span><\/p>\n<\/td>\n<td style=\"text-align: center\"><span style=\"font-weight: 400\">24 de setembro<\/span><\/td>\n<td>\n<p style=\"text-align: center\">01 de outubro<\/p>\n<p style=\"text-align: center\">08 de outubro*<\/p>\n<\/td>\n<\/tr>\n<tr>\n<td>\n<p style=\"text-align: center\"><span style=\"font-weight: 400\"><strong>07 de outubro at\u00e9 as 17 hora<\/strong>s<\/span><\/p>\n<p style=\"text-align: center\"><span style=\"font-weight: 400\">(ter\u00e7a-feira)<\/span><\/p>\n<\/td>\n<td style=\"text-align: center\"><span style=\"font-weight: 400\">\u00a0 \u00a0 \u00a0 \u00a0 \u00a0 29 de outubro<\/span><\/td>\n<td>\n<p style=\"text-align: center\">05 de novembro<\/p>\n<p style=\"text-align: center\">12 de novembro*<\/p>\n<\/td>\n<\/tr>\n<tr>\n<td>\n<p style=\"text-align: center\"><strong>04 de novembro at\u00e9 as 17 horas<\/strong><\/p>\n<p style=\"text-align: center\"><span style=\"font-weight: 400\">(ter\u00e7a-feira)<\/span><\/p>\n<\/td>\n<td style=\"text-align: center\"><span style=\"font-weight: 400\">26 de novembro<\/span><\/td>\n<td>\n<p style=\"text-align: center\">03 de dezembro<\/p>\n<p style=\"text-align: center\">10 de dezembro*<\/p>\n<\/td>\n<\/tr>\n<tr>\n<td style=\"text-align: center\"><strong>Recesso<\/strong><\/td>\n<td style=\"text-align: center\"><strong>Recesso<\/strong><\/td>\n<td>\n<p style=\"text-align: center\"><strong>Recesso<\/strong><\/p>\n<\/td>\n<\/tr>\n<\/tbody>\n<\/table>\n<p>*Depender\u00e1 da demanda de projetos novos.<\/p>\n<p><strong>Importante:<\/strong> Os projetos iniciais (novos \u2013 vers\u00e3o 1) dever\u00e3o ser enviados impreterivelmente at\u00e9 a data e hor\u00e1rio limite para que os relatores analisem e apresentem o parecer na reuni\u00e3o seguinte.<\/p>\n<p><strong>\u00c9 de responsabilidade dos pesquisadores o acompanhamento de seu projeto na Plataforma Brasil.<\/strong><\/p>\n<h5 class=\"western\" align=\"left\"><span style=\"color: #ce181e\"><span style=\"font-size: small\"><span lang=\"pt-BR\">Importante:<\/span><\/span><\/span><span style=\"font-size: small\"><span lang=\"pt-BR\"> Os projetos iniciais (novos) dever\u00e3o ser enviados impreterivelmente at\u00e9 a data limite para que os relatores analisem e apresentem o parecer na reuni\u00e3o seguinte.<\/span><\/span><\/h5>\n<h5 class=\"western\" align=\"left\"><span style=\"font-size: small\">\u00c9 de responsabilidade dos pesquisadores o acompanhamento de seu projeto na Plataforma Brasil.<\/span><\/h5>\n<h5>Importante: ao submeter sua pesquisa ficar atento ao seu status na Plataforma Brasil, para que se atenda a todas as pend\u00eancias, at\u00e9 que o status mude para &#8220;em relatoria&#8221; ou &#8220;em aprecia\u00e7\u00e3o \u00e9tica&#8221;.<\/h5>\n<h5>Para projetos enviados na data limite de submiss\u00e3o, as corre\u00e7\u00f5es devem ser atendidas em at\u00e9 48 horas, caso haja mais corre\u00e7\u00f5es, estas dever\u00e3o ser atendidas no prazo informado pela secretaria.<\/h5>\n<h5>Pend\u00eancia n\u00e3o atendida resultar\u00e1 em documenta\u00e7\u00e3o recusada e seu projeto n\u00e3o entrar\u00e1 para reuni\u00e3o.<\/h5>\n<h5><\/h5>\n","protected":false},"excerpt":{"rendered":"<p>CALEND\u00c1RIO DE ENVIO DE NOVOS PROJETOS NA PLATAFORMA BRASIL PARA AN\u00c1LISE, E DATAS DAS REUNI\u00d5ES &#8211;\u00a0\u00a0\u00a0 COMIT\u00ca DE \u00c9TICA \u2013 CEP\/SD &#8211; ANO \/2026\u00a0 \u00a0 Data e hor\u00e1rio Limite (final) para Envio Projetos via sistema-PB\u00a0 Data\u00a0 da 1\u00aa reuni\u00e3o\u00a0Quartas-feiras pela manh\u00e3\u00a0 Data da 2\u00aa e 3\u00ba reuni\u00e3o\u00a0\u00a0Quartas-feiras pela manh\u00e3\u00a0 03 de fevereiro at\u00e9 as 17 [&hellip;]<\/p>\n","protected":false},"author":11,"featured_media":0,"parent":0,"menu_order":0,"comment_status":"open","ping_status":"open","template":"","meta":{"_acf_changed":false,"_uag_custom_page_level_css":"","footnotes":""},"class_list":["post-440","page","type-page","status-publish","hentry"],"acf":[],"featured_image_src":null,"uagb_featured_image_src":{"full":false,"thumbnail":false,"medium":false,"medium_large":false,"large":false,"1536x1536":false,"2048x2048":false,"noticias-thumb":false,"banners-thumb":false,"maisnoticias-thumb":false,"post-thumbnail":false},"uagb_author_info":{"display_name":"josete","author_link":"https:\/\/saude.ufpr.br\/cometica\/author\/josete\/"},"uagb_comment_info":0,"uagb_excerpt":"CALEND\u00c1RIO DE ENVIO DE NOVOS PROJETOS NA PLATAFORMA BRASIL PARA AN\u00c1LISE, E DATAS DAS REUNI\u00d5ES &#8211;\u00a0\u00a0\u00a0 COMIT\u00ca DE \u00c9TICA \u2013 CEP\/SD &#8211; ANO \/2026\u00a0 \u00a0 Data e hor\u00e1rio Limite (final) para Envio Projetos via sistema-PB\u00a0 Data\u00a0 da 1\u00aa reuni\u00e3o\u00a0Quartas-feiras pela manh\u00e3\u00a0 Data da 2\u00aa e 3\u00ba reuni\u00e3o\u00a0\u00a0Quartas-feiras pela manh\u00e3\u00a0 03 de fevereiro at\u00e9 as 17&hellip;","publishpress_future_action":{"enabled":false,"date":"2026-04-11 03:22:08","action":"change-status","newStatus":"draft","terms":[],"taxonomy":"","extraData":[]},"publishpress_future_workflow_manual_trigger":{"enabledWorkflows":[]},"_links":{"self":[{"href":"https:\/\/saude.ufpr.br\/cometica\/wp-json\/wp\/v2\/pages\/440","targetHints":{"allow":["GET"]}}],"collection":[{"href":"https:\/\/saude.ufpr.br\/cometica\/wp-json\/wp\/v2\/pages"}],"about":[{"href":"https:\/\/saude.ufpr.br\/cometica\/wp-json\/wp\/v2\/types\/page"}],"author":[{"embeddable":true,"href":"https:\/\/saude.ufpr.br\/cometica\/wp-json\/wp\/v2\/users\/11"}],"replies":[{"embeddable":true,"href":"https:\/\/saude.ufpr.br\/cometica\/wp-json\/wp\/v2\/comments?post=440"}],"version-history":[{"count":49,"href":"https:\/\/saude.ufpr.br\/cometica\/wp-json\/wp\/v2\/pages\/440\/revisions"}],"predecessor-version":[{"id":3099,"href":"https:\/\/saude.ufpr.br\/cometica\/wp-json\/wp\/v2\/pages\/440\/revisions\/3099"}],"wp:attachment":[{"href":"https:\/\/saude.ufpr.br\/cometica\/wp-json\/wp\/v2\/media?parent=440"}],"curies":[{"name":"wp","href":"https:\/\/api.w.org\/{rel}","templated":true}]}}