{"id":55,"date":"2015-02-27T17:36:20","date_gmt":"2015-02-27T17:36:20","guid":{"rendered":"https:\/\/saude.ufpr.br\/cometica\/?page_id=55"},"modified":"2025-09-03T09:50:36","modified_gmt":"2025-09-03T09:50:36","slug":"membros-do-cep","status":"publish","type":"page","link":"https:\/\/saude.ufpr.br\/cometica\/membros-do-cep\/","title":{"rendered":"Coordenadores e Membros do CEP"},"content":{"rendered":"<p><em><strong>Membros Representantes no CEP\/SD<\/strong><\/em><\/p>\n<p><em><strong><span style=\"text-decoration: underline\">1. Coordenadora: Sra. Ida Cristina Gubert (Departamento de Patologia B\u00e1sica)<\/span><\/strong><\/em><\/p>\n<p><em><strong><span style=\"text-decoration: underline\">2. Coordenadora Adjunta: Sra. Ilana Kassouf Silva\u00a0 (Departamento de Fisiologia)<\/span><\/strong><\/em><\/p>\n<p><em><strong><span style=\"text-decoration: underline\">3. Coordenadora Adjunta: <\/span>Sra. Juliana Ferreira de Moura (Departamento de Patologia B\u00e1sica)<\/strong><\/em><\/p>\n<p><em>4. Sra. Camila Klocker Costa (Departamento de farm\u00e1cia)<\/em><\/p>\n<p><em>5. Sra. Clarissa Teles Rodrigues (Departamento de Estomatologia)<\/em><\/p>\n<p><em>6. Sr. Deivisson Vianna Dantas dos Santos\u00a0 ( Departamento Sa\u00fade coletiva)<\/em><\/p>\n<p><em>7. Sra. Dulce Dirclair Huf Bais (Departamento de Teoria e Pr\u00e1tica do Ensino &#8211; Setor de Educa\u00e7\u00e3o)<\/em><\/p>\n<p><em>8. Sra. Helo\u00edsa Deola Confortim (Curso de Medicina)<\/em><\/p>\n<p><em>9. Sr. Jos\u00e9 de Souza Filho ( Conselho Municipal de Curitiba) &#8211; Representante de Particip<\/em><em>antes de Pesquisa (RPP)<\/em><\/p>\n<p><em>10. Sr. Jo\u00e3o Paulo Steffens (Departamento de Estomatologia) &#8211; Suplente<\/em><\/p>\n<p><em>11. Sra. Larissa Marcondes (Departamento de Enfermagem)<\/em><\/p>\n<p><em>12. Sra. Kadima Nayara Teixeira (Curso de Medicina)<\/em><\/p>\n<p><em>13. Sra. Kelly Priscilla L\u00f3ddo Cezar (UFPR &#8211; Campus Avan\u00e7ado em Jandaia do Sul)<\/em><\/p>\n<p><em>14. Sra. Maria Cristina Galacho de Souza ( Conselho Estadual de Sa\u00fade)- Representante de Participantes de Pesquisa (RPP)<\/em><\/p>\n<p><em>15. Sra. Maria In\u00eas Amaro Assun\u00e7\u00e3o de Melo (Teologia\/Psicologia)<\/em><\/p>\n<p><em>16. Sra. Maria Isabel Anastacio Faria de Fran\u00e7a ((Departamento de Estomatologia) &#8211; Suplente<\/em><\/p>\n<p><em>17. Sra. Maria L\u00facia Gomes <\/em><em>( Conselho Estadual de Sa\u00fade)- Representante de Participantes de Pesquisa (RPP)<\/em><\/p>\n<p><em>18. Sra. Marilene da Cruz Magalh\u00e3es Buffon (Departamento de Sa\u00fade Coletiva)<\/em><\/p>\n<p><em>19. Sra. M\u00e1rcia Hitomi Namekata ((Departamento de Letras Estrangeiras Modernas)<\/em><\/p>\n<p><em>20. Sr. Nivaldo Assump\u00e7\u00e3o (APAD) &#8211;<\/em> <em>Representante de Participantes de Pesquisa (RPP)<\/em><\/p>\n<p><em>21. Sra. Reila Tain\u00e1 Mendes ( (Departamento de Estomatologia)<\/em><\/p>\n<p><em>22. Sr. Renato Barbosa (Teologia)<\/em><\/p>\n<p><em>23. Sra. Rosibeth del Carmen Mu\u00f1oz Palm (Depto. de Terapia Ocupacional)<\/em><\/p>\n<p><em>24. Sra. Rubia Daniela Thieme ( Departamento de Nutri\u00e7\u00e3o)<\/em><\/p>\n<p><em>25. Sra. Simoni Maria Teixeira Ricetti ( Teologia\/PUC-PR)<\/em><\/p>\n<p><em>26. Sra. Susanne Elero Betiolli (Departamento de Enfermagem)<\/em><\/p>\n<p><em>27 . Sra. Thereza Cristina Arruda Salom\u00e9 D&#8217;Esp\u00edndula (Psicologia)<\/em><\/p>\n<p>&nbsp;<\/p>\n<p>&nbsp;<\/p>\n","protected":false},"excerpt":{"rendered":"<p>Membros Representantes no CEP\/SD 1. Coordenadora: Sra. Ida Cristina Gubert (Departamento de Patologia B\u00e1sica) 2. Coordenadora Adjunta: Sra. Ilana Kassouf Silva\u00a0 (Departamento de Fisiologia) 3. Coordenadora Adjunta: Sra. Juliana Ferreira de Moura (Departamento de Patologia B\u00e1sica) 4. Sra. Camila Klocker Costa (Departamento de farm\u00e1cia) 5. Sra. Clarissa Teles Rodrigues (Departamento de Estomatologia) 6. Sr. Deivisson [&hellip;]<\/p>\n","protected":false},"author":10,"featured_media":0,"parent":0,"menu_order":0,"comment_status":"open","ping_status":"open","template":"","meta":{"_acf_changed":false,"_uag_custom_page_level_css":"","footnotes":""},"class_list":["post-55","page","type-page","status-publish","hentry"],"acf":[],"featured_image_src":null,"uagb_featured_image_src":{"full":false,"thumbnail":false,"medium":false,"medium_large":false,"large":false,"1536x1536":false,"2048x2048":false,"noticias-thumb":false,"banners-thumb":false,"maisnoticias-thumb":false,"post-thumbnail":false},"uagb_author_info":{"display_name":"cometica","author_link":"https:\/\/saude.ufpr.br\/cometica\/author\/cometica\/"},"uagb_comment_info":0,"uagb_excerpt":"Membros Representantes no CEP\/SD 1. Coordenadora: Sra. Ida Cristina Gubert (Departamento de Patologia B\u00e1sica) 2. Coordenadora Adjunta: Sra. Ilana Kassouf Silva\u00a0 (Departamento de Fisiologia) 3. Coordenadora Adjunta: Sra. Juliana Ferreira de Moura (Departamento de Patologia B\u00e1sica) 4. Sra. Camila Klocker Costa (Departamento de farm\u00e1cia) 5. Sra. Clarissa Teles Rodrigues (Departamento de Estomatologia) 6. Sr. Deivisson&hellip;","publishpress_future_action":{"enabled":false,"date":"2026-04-11 05:48:10","action":"change-status","newStatus":"draft","terms":[],"taxonomy":"","extraData":[]},"publishpress_future_workflow_manual_trigger":{"enabledWorkflows":[]},"_links":{"self":[{"href":"https:\/\/saude.ufpr.br\/cometica\/wp-json\/wp\/v2\/pages\/55","targetHints":{"allow":["GET"]}}],"collection":[{"href":"https:\/\/saude.ufpr.br\/cometica\/wp-json\/wp\/v2\/pages"}],"about":[{"href":"https:\/\/saude.ufpr.br\/cometica\/wp-json\/wp\/v2\/types\/page"}],"author":[{"embeddable":true,"href":"https:\/\/saude.ufpr.br\/cometica\/wp-json\/wp\/v2\/users\/10"}],"replies":[{"embeddable":true,"href":"https:\/\/saude.ufpr.br\/cometica\/wp-json\/wp\/v2\/comments?post=55"}],"version-history":[{"count":57,"href":"https:\/\/saude.ufpr.br\/cometica\/wp-json\/wp\/v2\/pages\/55\/revisions"}],"predecessor-version":[{"id":3052,"href":"https:\/\/saude.ufpr.br\/cometica\/wp-json\/wp\/v2\/pages\/55\/revisions\/3052"}],"wp:attachment":[{"href":"https:\/\/saude.ufpr.br\/cometica\/wp-json\/wp\/v2\/media?parent=55"}],"curies":[{"name":"wp","href":"https:\/\/api.w.org\/{rel}","templated":true}]}}