{"id":1088,"date":"2019-08-21T11:24:44","date_gmt":"2019-08-21T11:24:44","guid":{"rendered":"http:\/\/200.17.196.19\/dac\/?page_id=1088"},"modified":"2019-08-29T15:09:48","modified_gmt":"2019-08-29T15:09:48","slug":"disciplinas","status":"publish","type":"page","link":"https:\/\/saude.ufpr.br\/dac\/disciplinas\/","title":{"rendered":"Disciplinas"},"content":{"rendered":"\n<table id=\"tablepress-3\" class=\"tablepress tablepress-id-3\">\n<thead>\n<tr class=\"row-1\">\n\t<th class=\"column-1\">C\u00f3digo<\/th><th class=\"column-2\">Disciplina<\/th><th class=\"column-3\">Conte\u00fado<\/th>\n<\/tr>\n<\/thead>\n<tbody class=\"row-striping row-hover\">\n<tr class=\"row-2\">\n\t<td class=\"column-1\">MAC030<\/td><td class=\"column-2\">Novas Tecnologias e Automa\u00e7\u00e3o para o Diagn\u00f3stico Laboratorial<\/td><td class=\"column-3\"><a href=\"https:\/\/saude.ufpr.br\/dac\/wp-content\/uploads\/sites\/52\/2022\/04\/MAC030-Automacao-Ficha-1-.pdf\">MAC030 Automa\u00e7\u00e3o<\/a><\/td>\n<\/tr>\n<tr class=\"row-3\">\n\t<td class=\"column-1\">MAC035<\/td><td class=\"column-2\">Micologia Cl\u00ednica<\/td><td class=\"column-3\"><a href=\"https:\/\/saude.ufpr.br\/dac\/wp-content\/uploads\/sites\/52\/2022\/04\/MAC035-Micologia-Clinica-Ficha-1-.pdf\">MAC035 Micologia Cl\u00ednica<\/a><\/td>\n<\/tr>\n<tr class=\"row-4\">\n\t<td class=\"column-1\">MAC036<\/td><td class=\"column-2\">Bioqu\u00edmica Cl\u00ednica I<\/td><td class=\"column-3\"><a href=\"https:\/\/saude.ufpr.br\/dac\/wp-content\/uploads\/sites\/52\/2022\/04\/MAC036-BioqCliniI-Ficha-1-.pdf\">MAC036 Bioqu\u00edmica Cl\u00ednica I<\/a><\/td>\n<\/tr>\n<tr class=\"row-5\">\n\t<td class=\"column-1\">MAC037<\/td><td class=\"column-2\">Bioqu\u00edmica Cl\u00ednica II<\/td><td class=\"column-3\"><a href=\"https:\/\/saude.ufpr.br\/dac\/wp-content\/uploads\/sites\/52\/2022\/04\/MAC037-BioqClinII-Ficha-1.pdf\">MAC037 Bioqu\u00edmica Cl\u00ednica II<\/a><\/td>\n<\/tr>\n<tr class=\"row-6\">\n\t<td class=\"column-1\">MAC038<\/td><td class=\"column-2\">Bacteriologia Cl\u00ednica<\/td><td class=\"column-3\"><a href=\"https:\/\/saude.ufpr.br\/dac\/wp-content\/uploads\/sites\/52\/2022\/04\/MAC038-Bacteriologia-Clinica-Ficha-1-.pdf\">MAC038 Bacteriologia Cl\u00ednica<\/a><\/td>\n<\/tr>\n<tr class=\"row-7\">\n\t<td class=\"column-1\">MAC039<\/td><td class=\"column-2\">Parasitologia Cl\u00ednica<\/td><td class=\"column-3\"><a href=\"https:\/\/saude.ufpr.br\/dac\/wp-content\/uploads\/sites\/52\/2022\/04\/MAC039-Parasitologia-Clinica-Ficha-1.pdf\">MAC039 Parasitologia Cl\u00ednica <\/a><\/td>\n<\/tr>\n<tr class=\"row-8\">\n\t<td class=\"column-1\">MAC040<\/td><td class=\"column-2\">Citologia Cl\u00ednica e L\u00edquidos Biol\u00f3gicos<\/td><td class=\"column-3\"><a href=\"https:\/\/saude.ufpr.br\/dac\/wp-content\/uploads\/sites\/52\/2022\/04\/MAC040-Citologia-Ficha-1.pdf\">MAC040 Citologia Cl\u00ednica e L\u00edquidos Biol\u00f3gicos<\/a><\/td>\n<\/tr>\n<tr class=\"row-9\">\n\t<td class=\"column-1\">MAC041<\/td><td class=\"column-2\">Controle e Gest\u00e3o da Qualidade em Laborat\u00f3rios de An\u00e1lises Cl\u00ednicas<\/td><td class=\"column-3\"><a href=\"https:\/\/saude.ufpr.br\/dac\/wp-content\/uploads\/sites\/52\/2022\/04\/MAC041-Controle-de-Qualidade-Ficha-1-.pdf\">MAC041 Controle e Gest\u00e3o da Qualidade em Laborat\u00f3rios de An\u00e1lises Cl\u00ednicas<\/a><\/td>\n<\/tr>\n<tr class=\"row-10\">\n\t<td class=\"column-1\">MAC042<\/td><td class=\"column-2\">Bioqu\u00edmica Biom\u00e9dica<\/td><td class=\"column-3\"><a href=\"https:\/\/saude.ufpr.br\/dac\/wp-content\/uploads\/sites\/52\/2022\/04\/MAC042-Bioquimica-Biomedica-Ficha-1-.pdf\">MAC042 Bioqu\u00edmica Biom\u00e9dica<\/a><\/td>\n<\/tr>\n<tr class=\"row-11\">\n\t<td class=\"column-1\">MAC043<\/td><td class=\"column-2\">Toxicologia<\/td><td class=\"column-3\"><a href=\"https:\/\/saude.ufpr.br\/dac\/wp-content\/uploads\/sites\/52\/2022\/04\/MAC043-Toxicologia-Ficha-1-.pdf\">MAC043 Toxicologia<\/a><\/td>\n<\/tr>\n<tr class=\"row-12\">\n\t<td class=\"column-1\">MAC044<\/td><td class=\"column-2\">Virologia Cl\u00ednica<\/td><td class=\"column-3\"><a href=\"https:\/\/saude.ufpr.br\/dac\/wp-content\/uploads\/sites\/52\/2022\/04\/MAC044-Virologia-Clinica-Ficha-1-.pdf\">MAC044 Virologia Cl\u00ednica <\/a><\/td>\n<\/tr>\n<tr class=\"row-13\">\n\t<td class=\"column-1\">MAC045<\/td><td class=\"column-2\">Toxicologia Cl\u00ednica<\/td><td class=\"column-3\"><a href=\"https:\/\/saude.ufpr.br\/dac\/wp-content\/uploads\/sites\/52\/2022\/04\/MAC045-Toxicologia-Clinica-Ficha-1-.pdf\">MAC045 Toxicologia Cl\u00ednica<\/a><\/td>\n<\/tr>\n<tr class=\"row-14\">\n\t<td class=\"column-1\">MAC046<\/td><td class=\"column-2\">Imunologia Cl\u00ednica<\/td><td class=\"column-3\"><a href=\"https:\/\/saude.ufpr.br\/dac\/wp-content\/uploads\/sites\/52\/2022\/04\/MAC046-Imunologia-Clinica-Ficha-1.pdf\">MAC046 Imunologia Cl\u00ednica<\/a><\/td>\n<\/tr>\n<tr class=\"row-15\">\n\t<td class=\"column-1\">MAC047<\/td><td class=\"column-2\">Urin\u00e1lise<\/td><td class=\"column-3\"><a href=\"https:\/\/saude.ufpr.br\/dac\/wp-content\/uploads\/sites\/52\/2022\/04\/MAC047-Urinalise-Ficha-1.pdf\">MAC047 Urin\u00e1lise<\/a><\/td>\n<\/tr>\n<tr class=\"row-16\">\n\t<td class=\"column-1\">MAC048<\/td><td class=\"column-2\">Pr\u00e1ticas Espec\u00edficas em An\u00e1lises Cl\u00ednicas<\/td><td class=\"column-3\"><a href=\"https:\/\/saude.ufpr.br\/dac\/wp-content\/uploads\/sites\/52\/2022\/04\/MAC048-PraticasEspecificas-Ficha-1.pdf\">MAC048 Pr\u00e1ticas Espec\u00edficas em An\u00e1lises Cl\u00ednicas<\/a><\/td>\n<\/tr>\n<tr class=\"row-17\">\n\t<td class=\"column-1\">MAC049<\/td><td class=\"column-2\">Pr\u00e1ticas Laboratoriais para Promo\u00e7\u00e3o \u00e0 Sa\u00fade<\/td><td class=\"column-3\"><a href=\"https:\/\/saude.ufpr.br\/dac\/wp-content\/uploads\/sites\/52\/2022\/04\/MAC049-PratLabPromSaude-Ficha-1.pdf\">MAC049 Pr\u00e1ticas Laboratoriais de Promo\u00e7\u00e3o \u00e0 Sa\u00fade<\/a><\/td>\n<\/tr>\n<tr class=\"row-18\">\n\t<td class=\"column-1\">MAC050<\/td><td class=\"column-2\">Biologia Molecular: M\u00e9todos e Aplica\u00e7\u00f5es<\/td><td class=\"column-3\"><a href=\"https:\/\/saude.ufpr.br\/dac\/wp-content\/uploads\/sites\/52\/2022\/04\/MAC050-BioMol-Ficha-1.pdf\">MAC050 Biologia Molecular: M\u00e9todos e Aplica\u00e7\u00f5es<\/a><\/td>\n<\/tr>\n<tr class=\"row-19\">\n\t<td class=\"column-1\">MAC051<\/td><td class=\"column-2\">Hematologia Cl\u00ednica<\/td><td class=\"column-3\"><a href=\"https:\/\/saude.ufpr.br\/dac\/wp-content\/uploads\/sites\/52\/2022\/04\/MAC051-Hematologia-Clinica-Ficha-1.pdf\">MAC051 Hematologia Cl\u00ednica <\/a><\/td>\n<\/tr>\n<tr class=\"row-20\">\n\t<td class=\"column-1\">MAC052<\/td><td class=\"column-2\">Est\u00e1gio Profissionalizante I- An\u00e1lises Cl\u00ednicas<\/td><td class=\"column-3\"><a href=\"https:\/\/saude.ufpr.br\/dac\/wp-content\/uploads\/sites\/52\/2022\/04\/MAC052-Estagio-Profissionalizante-I-Ficha-1.pdf\">MAC052 Est\u00e1gio Profissionalizante I <\/a><\/td>\n<\/tr>\n<tr class=\"row-21\">\n\t<td class=\"column-1\">MAC053<\/td><td class=\"column-2\">Est\u00e1gio Profissionalizante II- An\u00e1lises Cl\u00ednicas<\/td><td class=\"column-3\"><a href=\"https:\/\/saude.ufpr.br\/dac\/wp-content\/uploads\/sites\/52\/2022\/04\/MAC053-Estagio-Profissionalizante-II-Ficha-1.pdf\">MAC053 Est\u00e1gio Profissionalizante II <\/a><\/td>\n<\/tr>\n<tr class=\"row-22\">\n\t<td class=\"column-1\">MAC054<\/td><td class=\"column-2\">Mecanismos de Resist\u00eancia em C\u00e2ncer<\/td><td class=\"column-3\"><a href=\"https:\/\/saude.ufpr.br\/dac\/wp-content\/uploads\/sites\/52\/2022\/04\/MAC054-Mecanismos-de-resistencia-em-cancer-Ficha-1.pdf\">MAC054 Mecanismos de resist\u00eancia em c\u00e2ncer <\/a><\/td>\n<\/tr>\n<tr class=\"row-23\">\n\t<td class=\"column-1\">MAC055<\/td><td class=\"column-2\">Ferramentas Diagn\u00f3sticas Baseadas em Prote\u00ednas<\/td><td class=\"column-3\"><a href=\"https:\/\/saude.ufpr.br\/dac\/wp-content\/uploads\/sites\/52\/2022\/04\/MAC055-Ferramentasdiagnosticasbaseadasemproteina-Ficha-1.pdf\">MAC055 Ferramentas diagn\u00f3sticas baseadas em prote\u00edna<\/a><\/td>\n<\/tr>\n<tr class=\"row-24\">\n\t<td class=\"column-1\">MAC056<\/td><td class=\"column-2\">Virologia Avan\u00e7ada<\/td><td class=\"column-3\"><a href=\"https:\/\/saude.ufpr.br\/dac\/wp-content\/uploads\/sites\/52\/2022\/04\/MAC056-Virologia-Avancada-Ficha-1-.pdf\">MAC056 Virologia Avan\u00e7ada<\/a><\/td>\n<\/tr>\n<tr class=\"row-25\">\n\t<td class=\"column-1\">MAC057<\/td><td class=\"column-2\">Toxicologia de Alimentos<\/td><td class=\"column-3\"><a href=\"https:\/\/saude.ufpr.br\/dac\/wp-content\/uploads\/sites\/52\/2022\/04\/MAC057-Toxicologia-de-Alimentos-Ficha-1.pdf\">MAC057 Toxicologia de Alimentos <\/a><\/td>\n<\/tr>\n<\/tbody>\n<\/table>\n<!-- #tablepress-3 from cache -->\n","protected":false},"excerpt":{"rendered":"","protected":false},"author":1615,"featured_media":0,"parent":0,"menu_order":0,"comment_status":"closed","ping_status":"closed","template":"","meta":{"_acf_changed":false,"_uag_custom_page_level_css":"","footnotes":""},"class_list":["post-1088","page","type-page","status-publish","hentry"],"acf":[],"featured_image_src":null,"uagb_featured_image_src":{"full":false,"thumbnail":false,"medium":false,"medium_large":false,"large":false,"1536x1536":false,"2048x2048":false,"noticias-thumb":false,"banners-thumb":false,"maisnoticias-thumb":false,"post-thumbnail":false},"uagb_author_info":{"display_name":"Guilherme","author_link":"https:\/\/saude.ufpr.br\/dac\/author\/guilhermematos\/"},"uagb_comment_info":0,"uagb_excerpt":null,"publishpress_future_action":{"enabled":false,"date":"2026-05-03 07:13:08","action":"change-status","newStatus":"draft","terms":[],"taxonomy":"","extraData":[]},"publishpress_future_workflow_manual_trigger":{"enabledWorkflows":[]},"_links":{"self":[{"href":"https:\/\/saude.ufpr.br\/dac\/wp-json\/wp\/v2\/pages\/1088","targetHints":{"allow":["GET"]}}],"collection":[{"href":"https:\/\/saude.ufpr.br\/dac\/wp-json\/wp\/v2\/pages"}],"about":[{"href":"https:\/\/saude.ufpr.br\/dac\/wp-json\/wp\/v2\/types\/page"}],"author":[{"embeddable":true,"href":"https:\/\/saude.ufpr.br\/dac\/wp-json\/wp\/v2\/users\/1615"}],"replies":[{"embeddable":true,"href":"https:\/\/saude.ufpr.br\/dac\/wp-json\/wp\/v2\/comments?post=1088"}],"version-history":[{"count":4,"href":"https:\/\/saude.ufpr.br\/dac\/wp-json\/wp\/v2\/pages\/1088\/revisions"}],"predecessor-version":[{"id":1498,"href":"https:\/\/saude.ufpr.br\/dac\/wp-json\/wp\/v2\/pages\/1088\/revisions\/1498"}],"wp:attachment":[{"href":"https:\/\/saude.ufpr.br\/dac\/wp-json\/wp\/v2\/media?parent=1088"}],"curies":[{"name":"wp","href":"https:\/\/api.w.org\/{rel}","templated":true}]}}