{"id":1103,"date":"2019-08-21T11:26:30","date_gmt":"2019-08-21T11:26:30","guid":{"rendered":"http:\/\/200.17.196.19\/dac\/?page_id=1103"},"modified":"2019-09-09T16:42:02","modified_gmt":"2019-09-09T16:42:02","slug":"legislacao","status":"publish","type":"page","link":"https:\/\/saude.ufpr.br\/dac\/legislacao\/","title":{"rendered":"Legisla\u00e7\u00e3o"},"content":{"rendered":"<p>&nbsp;<\/p>\n<p><a href=\"https:\/\/saude.ufpr.br\/dac\/wp-content\/uploads\/sites\/52\/2019\/09\/NR-06_EPI.pdf\">NR-06_EPI<\/a><\/p>\n<p><a href=\"https:\/\/saude.ufpr.br\/dac\/wp-content\/uploads\/sites\/52\/2019\/09\/NR-07_Controle-Sa\u00fade-Ocupacional.pdf\">NR-07_Controle Sa\u00fade Ocupacional<\/a><\/p>\n<p><a href=\"https:\/\/saude.ufpr.br\/dac\/wp-content\/uploads\/sites\/52\/2019\/09\/NR-09_Preven\u00e7\u00e3o-de-Riscos-Ambientais.pdf\">NR-09_Preven\u00e7\u00e3o de Riscos Ambientais<\/a><\/p>\n<p><a href=\"https:\/\/saude.ufpr.br\/dac\/wp-content\/uploads\/sites\/52\/2019\/09\/NR-15_-Insalubridade.pdf\">NR-15_ Insalubridade<\/a><\/p>\n<p><a href=\"https:\/\/saude.ufpr.br\/dac\/wp-content\/uploads\/sites\/52\/2019\/09\/NR-23_Prote\u00e7\u00e3o-contra-inc\u00eandios.pdf\">NR-23_Prote\u00e7\u00e3o contra inc\u00eandios<\/a><\/p>\n<p><a href=\"https:\/\/saude.ufpr.br\/dac\/wp-content\/uploads\/sites\/52\/2019\/09\/Portaria-n.-1271_6jun2014_Notifica\u00e7\u00e3o-Compuls\u00f3ria.pdf\">Portaria n. 1271_6jun2014_Notifica\u00e7\u00e3o Compuls\u00f3ria<\/a><\/p>\n<p><a href=\"https:\/\/saude.ufpr.br\/dac\/wp-content\/uploads\/sites\/52\/2019\/09\/RDC-50-2002_Projetos-f\u00edsicos-Serv-Saude.pdf\">RDC-50-2002_Projetos f\u00edsicos Serv Saude<\/a><\/p>\n<p><a href=\"https:\/\/saude.ufpr.br\/dac\/wp-content\/uploads\/sites\/52\/2019\/09\/RDC-63-2011_Boas-Pr\u00e1ticas-de-Funcionamento-para-os-Servi\u00e7os-de-Sa\u00fade.pdf\">RDC-63-2011_Boas Pr\u00e1ticas de Funcionamento para os Servi\u00e7os de Sa\u00fade<\/a><\/p>\n<p><a href=\"https:\/\/saude.ufpr.br\/dac\/wp-content\/uploads\/sites\/52\/2019\/09\/RDC-302-2005_Reg-Funcionamento-Lab-Cl\u00edn.pdf\">RDC-302-2005_Reg Funcionamento Lab Cl\u00edn<\/a><\/p>\n<p><a href=\"https:\/\/saude.ufpr.br\/dac\/wp-content\/uploads\/sites\/52\/2019\/09\/RDC-306-2004_Reg-Gerenc-Res\u00edduos-de-Servi\u00e7os-Sa\u00fade.pdf\">RDC-306-2004_Reg Gerenc Res\u00edduos de Servi\u00e7os Sa\u00fade<\/a><\/p>\n<p><a href=\"https:\/\/saude.ufpr.br\/dac\/wp-content\/uploads\/sites\/52\/2019\/09\/Res.-CFF-n.-585_2013_atribuicoes_clinicas.pdf\">Res. CFF n. 585_2013_atribuicoes_clinicas<\/a><\/p>\n<p><a href=\"https:\/\/saude.ufpr.br\/dac\/wp-content\/uploads\/sites\/52\/2019\/09\/Res.-n.-296_Exercicio-do-farm-bioq.pdf\">Res. n. 296_Exercicio do farm bioq<\/a><\/p>\n<p><a href=\"https:\/\/saude.ufpr.br\/dac\/wp-content\/uploads\/sites\/52\/2019\/09\/Res.-n.-359_Citoquimica-Histoq.pdf\">Res. n. 359_Citoquimica Histoq<\/a><\/p>\n<p><a href=\"https:\/\/saude.ufpr.br\/dac\/wp-content\/uploads\/sites\/52\/2019\/09\/Res.-n.-361_Puncao-venosa-e-arterial.pdf\">Res. n. 361_Puncao venosa e arterial<\/a><\/p>\n<p><a href=\"https:\/\/saude.ufpr.br\/dac\/wp-content\/uploads\/sites\/52\/2019\/09\/Res.-n.-596_C\u00f3digo-de-etica-2014.pdf\">Res. n. 596_C\u00f3digo de etica 2014<\/a><\/p>\n","protected":false},"excerpt":{"rendered":"<p>&nbsp; NR-06_EPI NR-07_Controle Sa\u00fade Ocupacional NR-09_Preven\u00e7\u00e3o de Riscos Ambientais NR-15_ Insalubridade NR-23_Prote\u00e7\u00e3o contra inc\u00eandios Portaria n. 1271_6jun2014_Notifica\u00e7\u00e3o Compuls\u00f3ria RDC-50-2002_Projetos f\u00edsicos Serv Saude RDC-63-2011_Boas Pr\u00e1ticas de Funcionamento para os Servi\u00e7os de Sa\u00fade RDC-302-2005_Reg Funcionamento Lab Cl\u00edn RDC-306-2004_Reg Gerenc Res\u00edduos de Servi\u00e7os Sa\u00fade Res. CFF n. 585_2013_atribuicoes_clinicas Res. n. 296_Exercicio do farm bioq Res. n. 359_Citoquimica Histoq<br \/> <a href=\"https:\/\/saude.ufpr.br\/dac\/legislacao\/\" class=\"button success small readmore\">Leia mais<\/a><\/p>\n","protected":false},"author":1615,"featured_media":0,"parent":0,"menu_order":0,"comment_status":"closed","ping_status":"closed","template":"","meta":{"_acf_changed":false,"_uag_custom_page_level_css":"","footnotes":""},"class_list":["post-1103","page","type-page","status-publish","hentry"],"acf":[],"featured_image_src":null,"uagb_featured_image_src":{"full":false,"thumbnail":false,"medium":false,"medium_large":false,"large":false,"1536x1536":false,"2048x2048":false,"noticias-thumb":false,"banners-thumb":false,"maisnoticias-thumb":false,"post-thumbnail":false},"uagb_author_info":{"display_name":"Guilherme","author_link":"https:\/\/saude.ufpr.br\/dac\/author\/guilhermematos\/"},"uagb_comment_info":0,"uagb_excerpt":"&nbsp; NR-06_EPI NR-07_Controle Sa\u00fade Ocupacional NR-09_Preven\u00e7\u00e3o de Riscos Ambientais NR-15_ Insalubridade NR-23_Prote\u00e7\u00e3o contra inc\u00eandios Portaria n. 1271_6jun2014_Notifica\u00e7\u00e3o Compuls\u00f3ria RDC-50-2002_Projetos f\u00edsicos Serv Saude RDC-63-2011_Boas Pr\u00e1ticas de Funcionamento para os Servi\u00e7os de Sa\u00fade RDC-302-2005_Reg Funcionamento Lab Cl\u00edn RDC-306-2004_Reg Gerenc Res\u00edduos de Servi\u00e7os Sa\u00fade Res. CFF n. 585_2013_atribuicoes_clinicas Res. n. 296_Exercicio do farm bioq Res. n. 359_Citoquimica Histoq&hellip;","publishpress_future_action":{"enabled":false,"date":"2026-05-03 01:15:57","action":"change-status","newStatus":"draft","terms":[],"taxonomy":"","extraData":[]},"publishpress_future_workflow_manual_trigger":{"enabledWorkflows":[]},"_links":{"self":[{"href":"https:\/\/saude.ufpr.br\/dac\/wp-json\/wp\/v2\/pages\/1103","targetHints":{"allow":["GET"]}}],"collection":[{"href":"https:\/\/saude.ufpr.br\/dac\/wp-json\/wp\/v2\/pages"}],"about":[{"href":"https:\/\/saude.ufpr.br\/dac\/wp-json\/wp\/v2\/types\/page"}],"author":[{"embeddable":true,"href":"https:\/\/saude.ufpr.br\/dac\/wp-json\/wp\/v2\/users\/1615"}],"replies":[{"embeddable":true,"href":"https:\/\/saude.ufpr.br\/dac\/wp-json\/wp\/v2\/comments?post=1103"}],"version-history":[{"count":2,"href":"https:\/\/saude.ufpr.br\/dac\/wp-json\/wp\/v2\/pages\/1103\/revisions"}],"predecessor-version":[{"id":1792,"href":"https:\/\/saude.ufpr.br\/dac\/wp-json\/wp\/v2\/pages\/1103\/revisions\/1792"}],"wp:attachment":[{"href":"https:\/\/saude.ufpr.br\/dac\/wp-json\/wp\/v2\/media?parent=1103"}],"curies":[{"name":"wp","href":"https:\/\/api.w.org\/{rel}","templated":true}]}}