{"id":1108,"date":"2019-08-21T11:27:05","date_gmt":"2019-08-21T11:27:05","guid":{"rendered":"http:\/\/200.17.196.19\/dac\/?page_id=1108"},"modified":"2022-07-27T17:12:18","modified_gmt":"2022-07-27T17:12:18","slug":"exames-periodicos","status":"publish","type":"page","link":"https:\/\/saude.ufpr.br\/dac\/exames-periodicos\/","title":{"rendered":"Exames peri\u00f3dicos"},"content":{"rendered":"<p>&nbsp;<\/p>\n<p><strong><u>Hor\u00e1rio de coleta de material:<\/u><\/strong><\/p>\n<p>Ter\u00e7a, quarta e quintas-feiras, das 08 as 10h.<\/p>\n<p><strong><u>Telefone para contato:<\/u><\/strong><\/p>\n<p>(41) 3360-4084<\/p>\n<p><strong><u>Link para agendamento de exames laboratoriais:<\/u><\/strong><\/p>\n<p><a href=\"http:\/\/progepe.ufpr.br\/usoc\/agenda\/index.php\" target=\"_blank\" rel=\"noopener\">http:\/\/progepe.ufpr.br\/usoc\/agenda\/index.php<\/a><\/p>\n<p><strong><u>Instru\u00e7\u00f5es de coleta:<\/u><\/strong><\/p>\n<p><a href=\"https:\/\/saude.ufpr.br\/dac\/wp-content\/uploads\/sites\/52\/2022\/07\/Folder-LEAC-6.pdf\" target=\"_blank\" rel=\"noopener\">Folder LEAC 2022<\/a><\/p>\n<p><strong><u>P\u00fablico atendido:<\/u><\/strong><\/p>\n<p>Alunos e servidores docentes e t\u00e9cnicos administrativos.<\/p>\n<p><strong><u>Fluxograma de atendimento:<\/u><\/strong><\/p>\n<p>Os pacientes ser\u00e3o atendidos quando encaminhados pela Unidade Escola Promo\u00e7\u00e3o de Sa\u00fade (UEPS) ou pela Unidade de Sa\u00fade Ocupacional (USOC).<\/p>\n<p><img decoding=\"async\" class=\"size-medium wp-image-2395 aligncenter\" src=\"https:\/\/saude.ufpr.br\/dac\/wp-content\/uploads\/sites\/52\/2020\/03\/pastedImagebase641-300x130.png\" alt=\"\" width=\"300\" height=\"130\" srcset=\"https:\/\/saude.ufpr.br\/dac\/wp-content\/uploads\/sites\/52\/2020\/03\/pastedImagebase641-300x130.png 300w, https:\/\/saude.ufpr.br\/dac\/wp-content\/uploads\/sites\/52\/2020\/03\/pastedImagebase641-768x333.png 768w, https:\/\/saude.ufpr.br\/dac\/wp-content\/uploads\/sites\/52\/2020\/03\/pastedImagebase641.png 853w\" sizes=\"(max-width: 300px) 100vw, 300px\" \/><img decoding=\"async\" class=\"size-medium wp-image-2394 aligncenter\" src=\"https:\/\/saude.ufpr.br\/dac\/wp-content\/uploads\/sites\/52\/2020\/03\/pastedImagebase640-300x121.png\" alt=\"\" width=\"300\" height=\"121\" srcset=\"https:\/\/saude.ufpr.br\/dac\/wp-content\/uploads\/sites\/52\/2020\/03\/pastedImagebase640-300x121.png 300w, https:\/\/saude.ufpr.br\/dac\/wp-content\/uploads\/sites\/52\/2020\/03\/pastedImagebase640-768x310.png 768w, https:\/\/saude.ufpr.br\/dac\/wp-content\/uploads\/sites\/52\/2020\/03\/pastedImagebase640.png 882w\" sizes=\"(max-width: 300px) 100vw, 300px\" \/><\/p>\n<p>&nbsp;<\/p>\n","protected":false},"excerpt":{"rendered":"<p>&nbsp; Hor\u00e1rio de coleta de material: Ter\u00e7a, quarta e quintas-feiras, das 08 as 10h. Telefone para contato: (41) 3360-4084 Link para agendamento de exames laboratoriais: http:\/\/progepe.ufpr.br\/usoc\/agenda\/index.php Instru\u00e7\u00f5es de coleta: Folder LEAC 2022 P\u00fablico atendido: Alunos e servidores docentes e t\u00e9cnicos administrativos. Fluxograma de atendimento: Os pacientes ser\u00e3o atendidos quando encaminhados pela Unidade Escola Promo\u00e7\u00e3o de<br \/> <a href=\"https:\/\/saude.ufpr.br\/dac\/exames-periodicos\/\" class=\"button success small readmore\">Leia mais<\/a><\/p>\n","protected":false},"author":1615,"featured_media":0,"parent":0,"menu_order":0,"comment_status":"closed","ping_status":"closed","template":"","meta":{"_acf_changed":false,"_uag_custom_page_level_css":"","footnotes":""},"class_list":["post-1108","page","type-page","status-publish","hentry"],"acf":[],"featured_image_src":null,"uagb_featured_image_src":{"full":false,"thumbnail":false,"medium":false,"medium_large":false,"large":false,"1536x1536":false,"2048x2048":false,"noticias-thumb":false,"banners-thumb":false,"maisnoticias-thumb":false,"post-thumbnail":false},"uagb_author_info":{"display_name":"Guilherme","author_link":"https:\/\/saude.ufpr.br\/dac\/author\/guilhermematos\/"},"uagb_comment_info":0,"uagb_excerpt":"&nbsp; Hor\u00e1rio de coleta de material: Ter\u00e7a, quarta e quintas-feiras, das 08 as 10h. Telefone para contato: (41) 3360-4084 Link para agendamento de exames laboratoriais: http:\/\/progepe.ufpr.br\/usoc\/agenda\/index.php Instru\u00e7\u00f5es de coleta: Folder LEAC 2022 P\u00fablico atendido: Alunos e servidores docentes e t\u00e9cnicos administrativos. Fluxograma de atendimento: Os pacientes ser\u00e3o atendidos quando encaminhados pela Unidade Escola Promo\u00e7\u00e3o de&hellip;","publishpress_future_action":{"enabled":false,"date":"2026-05-04 01:47:39","action":"change-status","newStatus":"draft","terms":[],"taxonomy":"","extraData":[]},"publishpress_future_workflow_manual_trigger":{"enabledWorkflows":[]},"_links":{"self":[{"href":"https:\/\/saude.ufpr.br\/dac\/wp-json\/wp\/v2\/pages\/1108","targetHints":{"allow":["GET"]}}],"collection":[{"href":"https:\/\/saude.ufpr.br\/dac\/wp-json\/wp\/v2\/pages"}],"about":[{"href":"https:\/\/saude.ufpr.br\/dac\/wp-json\/wp\/v2\/types\/page"}],"author":[{"embeddable":true,"href":"https:\/\/saude.ufpr.br\/dac\/wp-json\/wp\/v2\/users\/1615"}],"replies":[{"embeddable":true,"href":"https:\/\/saude.ufpr.br\/dac\/wp-json\/wp\/v2\/comments?post=1108"}],"version-history":[{"count":7,"href":"https:\/\/saude.ufpr.br\/dac\/wp-json\/wp\/v2\/pages\/1108\/revisions"}],"predecessor-version":[{"id":2677,"href":"https:\/\/saude.ufpr.br\/dac\/wp-json\/wp\/v2\/pages\/1108\/revisions\/2677"}],"wp:attachment":[{"href":"https:\/\/saude.ufpr.br\/dac\/wp-json\/wp\/v2\/media?parent=1108"}],"curies":[{"name":"wp","href":"https:\/\/api.w.org\/{rel}","templated":true}]}}