{"id":1184,"date":"2020-12-22T13:44:54","date_gmt":"2020-12-22T13:44:54","guid":{"rendered":"https:\/\/saude.ufpr.br\/departamento-odontologia-restauradora\/?page_id=1184"},"modified":"2024-06-21T17:14:49","modified_gmt":"2024-06-21T17:14:49","slug":"concursos","status":"publish","type":"page","link":"https:\/\/saude.ufpr.br\/departamento-odontologia-restauradora\/concursos\/","title":{"rendered":"Concursos"},"content":{"rendered":"<h4 style=\"text-align: center\"><strong>Concurso P\u00fablico para Carreira do Magist\u00e9rio Superior da UFPR<br \/>\n<\/strong><strong> Setor de Ci\u00eancias da Sa\u00fade<br \/>\n<\/strong><strong>Departamento de Odontologia Restauradora<br \/>\n<\/strong><strong>\u00c1rea de Conhecimento: Pr\u00f3tese dent\u00e1ria<br \/>\n<\/strong><strong>Edital 85\/24\u2010PROGEPE<\/strong><\/h4>\n<p>&nbsp;<\/p>\n<ul>\n<li>\n<h4><a href=\"https:\/\/saude.ufpr.br\/departamento-odontologia-restauradora\/wp-content\/uploads\/sites\/62\/2024\/06\/Edital-1.pdf\">Candidatos n\u00e3o eliminados na Prova Escrita<\/a><\/h4>\n<\/li>\n<li>\n<h4><a href=\"https:\/\/saude.ufpr.br\/departamento-odontologia-restauradora\/wp-content\/uploads\/sites\/62\/2024\/06\/Edital-2.pdf\">Candidatos n\u00e3o eliminados na Prova Pr\u00e1tica<\/a><\/h4>\n<\/li>\n<li>\n<h4><a href=\"https:\/\/saude.ufpr.br\/departamento-odontologia-restauradora\/wp-content\/uploads\/sites\/62\/2024\/06\/Edital-3.pdf\">Candidatos n\u00e3o eliminados na Prova Did\u00e1tica<\/a><\/h4>\n<\/li>\n<li>\n<h4><a href=\"https:\/\/saude.ufpr.br\/departamento-odontologia-restauradora\/wp-content\/uploads\/sites\/62\/2024\/06\/Edital-4.pdf\">Defesa de Curr\u00edculo e Projeto de Pesquisa<\/a><\/h4>\n<\/li>\n<li>\n<h4><a href=\"https:\/\/saude.ufpr.br\/departamento-odontologia-restauradora\/wp-content\/uploads\/sites\/62\/2024\/06\/Parecer-Final.pdf\">Parecer Final<\/a><\/h4>\n<\/li>\n<\/ul>\n<p>&nbsp;<\/p>\n<p>&nbsp;<\/p>\n<p>&nbsp;<\/p>\n<p>&nbsp;<\/p>\n","protected":false},"excerpt":{"rendered":"<p>Concurso P\u00fablico para Carreira do Magist\u00e9rio Superior da UFPR Setor de Ci\u00eancias da Sa\u00fade Departamento de Odontologia Restauradora \u00c1rea de Conhecimento: Pr\u00f3tese dent\u00e1ria Edital 85\/24\u2010PROGEPE &nbsp; Candidatos n\u00e3o eliminados na Prova Escrita Candidatos n\u00e3o eliminados na Prova Pr\u00e1tica Candidatos n\u00e3o eliminados na Prova Did\u00e1tica Defesa de Curr\u00edculo e Projeto de Pesquisa Parecer Final &nbsp; &nbsp;<br \/> <a href=\"https:\/\/saude.ufpr.br\/departamento-odontologia-restauradora\/concursos\/\" class=\"button success small readmore\">Leia mais<\/a><\/p>\n","protected":false},"author":1615,"featured_media":0,"parent":0,"menu_order":0,"comment_status":"closed","ping_status":"closed","template":"","meta":{"_acf_changed":false,"_uag_custom_page_level_css":"","footnotes":""},"class_list":["post-1184","page","type-page","status-publish","hentry"],"acf":[],"featured_image_src":null,"uagb_featured_image_src":{"full":false,"thumbnail":false,"medium":false,"medium_large":false,"large":false,"1536x1536":false,"2048x2048":false,"noticias-thumb":false,"banners-thumb":false,"maisnoticias-thumb":false,"post-thumbnail":false},"uagb_author_info":{"display_name":"Guilherme","author_link":"https:\/\/saude.ufpr.br\/departamento-odontologia-restauradora\/author\/guilhermematos\/"},"uagb_comment_info":0,"uagb_excerpt":"Concurso P\u00fablico para Carreira do Magist\u00e9rio Superior da UFPR Setor de Ci\u00eancias da Sa\u00fade Departamento de Odontologia Restauradora \u00c1rea de Conhecimento: Pr\u00f3tese dent\u00e1ria Edital 85\/24\u2010PROGEPE &nbsp; Candidatos n\u00e3o eliminados na Prova Escrita Candidatos n\u00e3o eliminados na Prova Pr\u00e1tica Candidatos n\u00e3o eliminados na Prova Did\u00e1tica Defesa de Curr\u00edculo e Projeto de Pesquisa Parecer Final &nbsp; &nbsp;&hellip;","publishpress_future_action":{"enabled":false,"date":"2026-04-12 10:18:13","action":"change-status","newStatus":"draft","terms":[],"taxonomy":"","extraData":[]},"publishpress_future_workflow_manual_trigger":{"enabledWorkflows":[]},"_links":{"self":[{"href":"https:\/\/saude.ufpr.br\/departamento-odontologia-restauradora\/wp-json\/wp\/v2\/pages\/1184","targetHints":{"allow":["GET"]}}],"collection":[{"href":"https:\/\/saude.ufpr.br\/departamento-odontologia-restauradora\/wp-json\/wp\/v2\/pages"}],"about":[{"href":"https:\/\/saude.ufpr.br\/departamento-odontologia-restauradora\/wp-json\/wp\/v2\/types\/page"}],"author":[{"embeddable":true,"href":"https:\/\/saude.ufpr.br\/departamento-odontologia-restauradora\/wp-json\/wp\/v2\/users\/1615"}],"replies":[{"embeddable":true,"href":"https:\/\/saude.ufpr.br\/departamento-odontologia-restauradora\/wp-json\/wp\/v2\/comments?post=1184"}],"version-history":[{"count":49,"href":"https:\/\/saude.ufpr.br\/departamento-odontologia-restauradora\/wp-json\/wp\/v2\/pages\/1184\/revisions"}],"predecessor-version":[{"id":1407,"href":"https:\/\/saude.ufpr.br\/departamento-odontologia-restauradora\/wp-json\/wp\/v2\/pages\/1184\/revisions\/1407"}],"wp:attachment":[{"href":"https:\/\/saude.ufpr.br\/departamento-odontologia-restauradora\/wp-json\/wp\/v2\/media?parent=1184"}],"curies":[{"name":"wp","href":"https:\/\/api.w.org\/{rel}","templated":true}]}}