{"id":1116,"date":"2020-09-14T17:37:22","date_gmt":"2020-09-14T17:37:22","guid":{"rendered":"https:\/\/saude.ufpr.br\/departamentocirurgia\/?page_id=1116"},"modified":"2024-09-26T14:30:46","modified_gmt":"2024-09-26T14:30:46","slug":"disciplinas","status":"publish","type":"page","link":"https:\/\/saude.ufpr.br\/departamentocirurgia\/disciplinas\/","title":{"rendered":"Disciplinas"},"content":{"rendered":"<p>Disciplinas ofertadas pelo DCIR para os Cursos de Medicina e Terapia Ocupacional<\/p>\n<table width=\"566\">\n<tbody>\n<tr>\n<td width=\"140\">C\u00f3digo<\/td>\n<td width=\"426\">Disciplina<\/td>\n<\/tr>\n<tr>\n<td>MC086<\/td>\n<td width=\"426\">ANESTESIOLOGIA, DOR E MEDICINA INTENSIVA<\/td>\n<\/tr>\n<tr>\n<td>MC085<\/td>\n<td width=\"426\">ANGIOLOGIA<\/td>\n<\/tr>\n<tr>\n<td>MC104<\/td>\n<td width=\"426\">CIRURGIA AMBULATORIAL<\/td>\n<\/tr>\n<tr>\n<td>MC089<\/td>\n<td width=\"426\">CIRURGIA CARDIOVASCULAR I<\/td>\n<\/tr>\n<tr>\n<td>MC090<\/td>\n<td width=\"426\">CIRURGIA CARDIOVASCULAR II<\/td>\n<\/tr>\n<tr>\n<td>MC087<\/td>\n<td width=\"426\">CIRURGIA DO TRAUMA<\/td>\n<\/tr>\n<tr>\n<td>MC095<\/td>\n<td width=\"426\">CIRURGIA PEDI\u00c1TRICA I<\/td>\n<\/tr>\n<tr>\n<td>MC103<\/td>\n<td width=\"426\">CIRURGIA PEDI\u00c1TRICA II<\/td>\n<\/tr>\n<tr>\n<td>MC093<\/td>\n<td width=\"426\">CIRURGIA PL\u00c1STICA E REPARADORA I<\/td>\n<\/tr>\n<tr>\n<td>MC094<\/td>\n<td width=\"426\">CIRURGIA PL\u00c1STICA E REPARADORA II<\/td>\n<\/tr>\n<tr>\n<td>MC088<\/td>\n<td width=\"426\">CIRURGIA VASCULAR<\/td>\n<\/tr>\n<tr>\n<td>MC091<\/td>\n<td width=\"426\">CL\u00cdNICA CIR\u00daRGICA I: GERAL E APARELHO DIGESTIVO<\/td>\n<\/tr>\n<tr>\n<td>MC092<\/td>\n<td width=\"426\">CL\u00cdNICA CIR\u00daRGICA II: GERAL E APARELHO DIGESTIVO<\/td>\n<\/tr>\n<tr>\n<td width=\"140\">MC102 e MC102A<\/td>\n<td width=\"426\">EST\u00c1GIO CURRICULAR OPTATIVO EM CL\u00cdNICA CIR\u00daRGICA<\/td>\n<\/tr>\n<tr>\n<td>MC098<\/td>\n<td width=\"426\">EST\u00c1GIO EM TRAUMA ORTOP\u00c9DICO E EMERG\u00caNCIAS CIR\u00daRGICAS<\/td>\n<\/tr>\n<tr>\n<td>MC100<\/td>\n<td width=\"426\">EST\u00c1GIO MULTIDISCIPLINAR EM ANESTESIOLOGIA<\/td>\n<\/tr>\n<tr>\n<td>MC080<\/td>\n<td width=\"426\">INICIA\u00c7\u00c3O EM TRAUMA<\/td>\n<\/tr>\n<tr>\n<td>MC099<\/td>\n<td width=\"426\">INT. CURRICULAR OBRIGATORIO EM CLINICA CIRURGICA<\/td>\n<\/tr>\n<tr>\n<td>MC079<\/td>\n<td width=\"426\">MERCADO DE TRABALHO E RESPONSABILIDADE LEGAL DO M\u00c9DICO<\/td>\n<\/tr>\n<tr>\n<td>MC096<\/td>\n<td width=\"426\">NEUROCIRURGIA<\/td>\n<\/tr>\n<tr>\n<td>MC084<\/td>\n<td width=\"426\">ORTOPEDIA E TRAUMATOLOGIA<\/td>\n<\/tr>\n<tr>\n<td>MC601<\/td>\n<td width=\"426\">ORTOPEDIA E TRAUMATOLOGIA PARA TERAPIA OCUPACIONAL<\/td>\n<\/tr>\n<tr>\n<td>MC082<\/td>\n<td width=\"426\">T\u00c9CNICA CIR\u00daRGICA E CIRURGIA EXPERIMENTAL I<\/td>\n<\/tr>\n<tr>\n<td>MC083<\/td>\n<td width=\"426\">T\u00c9CNICA CIR\u00daRGICA E CIRURGIA EXPERIMENTAL II<\/td>\n<\/tr>\n<tr>\n<td>MC076<\/td>\n<td width=\"426\">TRABALHO DE CURSO 2 EM CIRURGIA<\/td>\n<\/tr>\n<tr>\n<td>MC077<\/td>\n<td width=\"426\">TRABALHO DE CURSO 3 EM CIRURGIA<\/td>\n<\/tr>\n<tr>\n<td>MC078<\/td>\n<td width=\"426\">TRABALHO DE CURSO 4 EM CIRURGIA<\/td>\n<\/tr>\n<tr>\n<td>MC081<\/td>\n<td width=\"426\">UROLOGIA<\/td>\n<\/tr>\n<\/tbody>\n<\/table>\n","protected":false},"excerpt":{"rendered":"<p>Disciplinas ofertadas pelo DCIR para os Cursos de Medicina e Terapia Ocupacional C\u00f3digo Disciplina MC086 ANESTESIOLOGIA, DOR E MEDICINA INTENSIVA MC085 ANGIOLOGIA MC104 CIRURGIA AMBULATORIAL MC089 CIRURGIA CARDIOVASCULAR I MC090 CIRURGIA CARDIOVASCULAR II MC087 CIRURGIA DO TRAUMA MC095 CIRURGIA PEDI\u00c1TRICA I MC103 CIRURGIA PEDI\u00c1TRICA II MC093 CIRURGIA PL\u00c1STICA E REPARADORA I MC094 CIRURGIA PL\u00c1STICA E<br \/> <a href=\"https:\/\/saude.ufpr.br\/departamentocirurgia\/disciplinas\/\" class=\"button success small readmore\">Leia mais<\/a><\/p>\n","protected":false},"author":1615,"featured_media":0,"parent":0,"menu_order":0,"comment_status":"closed","ping_status":"closed","template":"","meta":{"_acf_changed":false,"_uag_custom_page_level_css":"","footnotes":""},"class_list":["post-1116","page","type-page","status-publish","hentry"],"acf":[],"featured_image_src":null,"uagb_featured_image_src":{"full":false,"thumbnail":false,"medium":false,"medium_large":false,"large":false,"1536x1536":false,"2048x2048":false,"noticias-thumb":false,"banners-thumb":false,"maisnoticias-thumb":false,"post-thumbnail":false},"uagb_author_info":{"display_name":"Guilherme","author_link":"https:\/\/saude.ufpr.br\/departamentocirurgia\/author\/guilhermematos\/"},"uagb_comment_info":0,"uagb_excerpt":"Disciplinas ofertadas pelo DCIR para os Cursos de Medicina e Terapia Ocupacional C\u00f3digo Disciplina MC086 ANESTESIOLOGIA, DOR E MEDICINA INTENSIVA MC085 ANGIOLOGIA MC104 CIRURGIA AMBULATORIAL MC089 CIRURGIA CARDIOVASCULAR I MC090 CIRURGIA CARDIOVASCULAR II MC087 CIRURGIA DO TRAUMA MC095 CIRURGIA PEDI\u00c1TRICA I MC103 CIRURGIA PEDI\u00c1TRICA II MC093 CIRURGIA PL\u00c1STICA E REPARADORA I MC094 CIRURGIA PL\u00c1STICA E&hellip;","publishpress_future_action":{"enabled":false,"date":"2026-05-06 07:46:44","action":"change-status","newStatus":"draft","terms":[],"taxonomy":"","extraData":[]},"publishpress_future_workflow_manual_trigger":{"enabledWorkflows":[]},"_links":{"self":[{"href":"https:\/\/saude.ufpr.br\/departamentocirurgia\/wp-json\/wp\/v2\/pages\/1116","targetHints":{"allow":["GET"]}}],"collection":[{"href":"https:\/\/saude.ufpr.br\/departamentocirurgia\/wp-json\/wp\/v2\/pages"}],"about":[{"href":"https:\/\/saude.ufpr.br\/departamentocirurgia\/wp-json\/wp\/v2\/types\/page"}],"author":[{"embeddable":true,"href":"https:\/\/saude.ufpr.br\/departamentocirurgia\/wp-json\/wp\/v2\/users\/1615"}],"replies":[{"embeddable":true,"href":"https:\/\/saude.ufpr.br\/departamentocirurgia\/wp-json\/wp\/v2\/comments?post=1116"}],"version-history":[{"count":8,"href":"https:\/\/saude.ufpr.br\/departamentocirurgia\/wp-json\/wp\/v2\/pages\/1116\/revisions"}],"predecessor-version":[{"id":1651,"href":"https:\/\/saude.ufpr.br\/departamentocirurgia\/wp-json\/wp\/v2\/pages\/1116\/revisions\/1651"}],"wp:attachment":[{"href":"https:\/\/saude.ufpr.br\/departamentocirurgia\/wp-json\/wp\/v2\/media?parent=1116"}],"curies":[{"name":"wp","href":"https:\/\/api.w.org\/{rel}","templated":true}]}}