{"id":1122,"date":"2020-09-14T17:37:41","date_gmt":"2020-09-14T17:37:41","guid":{"rendered":"https:\/\/saude.ufpr.br\/departamentocirurgia\/?page_id=1122"},"modified":"2024-06-26T18:44:40","modified_gmt":"2024-06-26T18:44:40","slug":"formularios","status":"publish","type":"page","link":"https:\/\/saude.ufpr.br\/departamentocirurgia\/formularios\/","title":{"rendered":"Formul\u00e1rios"},"content":{"rendered":"<div>Prezados Alunos,<\/div>\n<div><\/div>\n<div>Visando facilitar as solicita\u00e7\u00f5es dos discentes ligados \u00e0s Disciplinas do Departamento de Cirurgia, informamos que as solicita\u00e7\u00f5es de\u00a0<a href=\"https:\/\/forms.office.com\/pages\/responsepage.aspx?id=ozd7w-Lp-UK8Z0ubc44d8ImfviqdF0dPmZ-b293OrdJUNEdOVFNTMEpQV1ZGQUlEVFZYSk5USzJZMi4u\" target=\"_blank\" rel=\"noopener noreferrer\" data-auth=\"NotApplicable\" data-linkindex=\"0\">2\u00aa chamada<\/a>,\u00a0<a href=\"https:\/\/forms.office.com\/r\/VWqx7bqk6s\" target=\"_blank\" rel=\"noopener noreferrer\" data-auth=\"NotApplicable\" data-linkindex=\"1\">Vista de prova<\/a>\u00a0e\u00a0<a href=\"https:\/\/forms.office.com\/r\/TE5bRWQTPy\" target=\"_blank\" rel=\"noopener noreferrer\" data-auth=\"NotApplicable\" data-linkindex=\"2\">Revis\u00e3o de Nota<\/a> poder\u00e3o ser realizadas diretamente no site do Departamento, a partir dos formul\u00e1rios abaixo:<\/div>\n<ol>\n<li><a href=\"https:\/\/forms.office.com\/r\/VWqx7bqk6s\" target=\"_blank\" rel=\"noopener\">2\u00aa chamada<\/a><\/li>\n<li><a href=\"https:\/\/forms.office.com\/r\/gytrQnPVCf\" target=\"_blank\" rel=\"noopener noreferrer\" data-auth=\"NotApplicable\" data-linkindex=\"1\">Vista de prova<\/a><\/li>\n<li><a href=\"https:\/\/forms.office.com\/r\/TE5bRWQTPy\" target=\"_blank\" rel=\"noopener noreferrer\" data-auth=\"NotApplicable\" data-linkindex=\"2\">Revis\u00e3o de Nota<\/a><\/li>\n<\/ol>\n<p>&nbsp;<\/p>\n<p>Orienta\u00e7\u00f5es para preenchimento dos formul\u00e1rios de est\u00e1gio do 12\u00ba per\u00edodo favor acessar a p\u00e1gina <a href=\"https:\/\/saude.ufpr.br\/departamentocirurgia\/estagios\/\">https:\/\/saude.ufpr.br\/departamentocirurgia\/estagios\/.<\/a><\/p>\n","protected":false},"excerpt":{"rendered":"<p>Prezados Alunos, Visando facilitar as solicita\u00e7\u00f5es dos discentes ligados \u00e0s Disciplinas do Departamento de Cirurgia, informamos que as solicita\u00e7\u00f5es de\u00a02\u00aa chamada,\u00a0Vista de prova\u00a0e\u00a0Revis\u00e3o de Nota poder\u00e3o ser realizadas diretamente no site do Departamento, a partir dos formul\u00e1rios abaixo: 2\u00aa chamada Vista de prova Revis\u00e3o de Nota &nbsp; Orienta\u00e7\u00f5es para preenchimento dos formul\u00e1rios de est\u00e1gio do<br \/> <a href=\"https:\/\/saude.ufpr.br\/departamentocirurgia\/formularios\/\" class=\"button success small readmore\">Leia mais<\/a><\/p>\n","protected":false},"author":1615,"featured_media":0,"parent":0,"menu_order":0,"comment_status":"closed","ping_status":"closed","template":"","meta":{"_acf_changed":false,"_uag_custom_page_level_css":"","footnotes":""},"class_list":["post-1122","page","type-page","status-publish","hentry"],"acf":[],"featured_image_src":null,"uagb_featured_image_src":{"full":false,"thumbnail":false,"medium":false,"medium_large":false,"large":false,"1536x1536":false,"2048x2048":false,"noticias-thumb":false,"banners-thumb":false,"maisnoticias-thumb":false,"post-thumbnail":false},"uagb_author_info":{"display_name":"Guilherme","author_link":"https:\/\/saude.ufpr.br\/departamentocirurgia\/author\/guilhermematos\/"},"uagb_comment_info":0,"uagb_excerpt":"Prezados Alunos, Visando facilitar as solicita\u00e7\u00f5es dos discentes ligados \u00e0s Disciplinas do Departamento de Cirurgia, informamos que as solicita\u00e7\u00f5es de\u00a02\u00aa chamada,\u00a0Vista de prova\u00a0e\u00a0Revis\u00e3o de Nota poder\u00e3o ser realizadas diretamente no site do Departamento, a partir dos formul\u00e1rios abaixo: 2\u00aa chamada Vista de prova Revis\u00e3o de Nota &nbsp; Orienta\u00e7\u00f5es para preenchimento dos formul\u00e1rios de est\u00e1gio do&hellip;","publishpress_future_action":{"enabled":false,"date":"2026-05-03 22:04:53","action":"change-status","newStatus":"draft","terms":[],"taxonomy":"","extraData":[]},"publishpress_future_workflow_manual_trigger":{"enabledWorkflows":[]},"_links":{"self":[{"href":"https:\/\/saude.ufpr.br\/departamentocirurgia\/wp-json\/wp\/v2\/pages\/1122","targetHints":{"allow":["GET"]}}],"collection":[{"href":"https:\/\/saude.ufpr.br\/departamentocirurgia\/wp-json\/wp\/v2\/pages"}],"about":[{"href":"https:\/\/saude.ufpr.br\/departamentocirurgia\/wp-json\/wp\/v2\/types\/page"}],"author":[{"embeddable":true,"href":"https:\/\/saude.ufpr.br\/departamentocirurgia\/wp-json\/wp\/v2\/users\/1615"}],"replies":[{"embeddable":true,"href":"https:\/\/saude.ufpr.br\/departamentocirurgia\/wp-json\/wp\/v2\/comments?post=1122"}],"version-history":[{"count":22,"href":"https:\/\/saude.ufpr.br\/departamentocirurgia\/wp-json\/wp\/v2\/pages\/1122\/revisions"}],"predecessor-version":[{"id":1640,"href":"https:\/\/saude.ufpr.br\/departamentocirurgia\/wp-json\/wp\/v2\/pages\/1122\/revisions\/1640"}],"wp:attachment":[{"href":"https:\/\/saude.ufpr.br\/departamentocirurgia\/wp-json\/wp\/v2\/media?parent=1122"}],"curies":[{"name":"wp","href":"https:\/\/api.w.org\/{rel}","templated":true}]}}