{"id":1110,"date":"2020-09-02T05:07:54","date_gmt":"2020-09-02T05:07:54","guid":{"rendered":"https:\/\/saude.ufpr.br\/departamentoclinicamedica\/?page_id=1110"},"modified":"2025-09-16T17:30:16","modified_gmt":"2025-09-16T17:30:16","slug":"disciplinas","status":"publish","type":"page","link":"https:\/\/saude.ufpr.br\/departamentoclinicamedica\/disciplinas\/","title":{"rendered":"Disciplinas"},"content":{"rendered":"<table style=\"height: 1006px\" width=\"841\">\n<tbody>\n<tr>\n<td style=\"text-align: center\" width=\"65\"><strong>C\u00d3DIGO<\/strong><\/td>\n<td style=\"text-align: center\" width=\"538\"><strong>DISCIPLINA<\/strong><\/td>\n<td style=\"text-align: center\" width=\"64\"><strong>CH<\/strong><\/td>\n<\/tr>\n<tr>\n<td style=\"text-align: center\">MM050<\/td>\n<td style=\"text-align: left\">INTRODU\u00c7\u00c3O \u00c0 CL\u00cdNICA M\u00c9DICA<\/td>\n<td style=\"text-align: center\">60h<\/td>\n<\/tr>\n<tr>\n<td style=\"text-align: center\">MM051<\/td>\n<td>PROPED\u00caUTICA M\u00c9DICA I<\/td>\n<td style=\"text-align: center\">60h<\/td>\n<\/tr>\n<tr>\n<td style=\"text-align: center\">MM052<\/td>\n<td>PROPED\u00caUTICA M\u00c9DICA II<\/td>\n<td style=\"text-align: center\">80h<\/td>\n<\/tr>\n<tr>\n<td style=\"text-align: center\">MM053<\/td>\n<td>PROPED\u00caUTICA M\u00c9DICA III<\/td>\n<td style=\"text-align: center\">120h<\/td>\n<\/tr>\n<tr>\n<td style=\"text-align: center\">MM054<\/td>\n<td>GERIATRIA<\/td>\n<td style=\"text-align: center\">40h<\/td>\n<\/tr>\n<tr>\n<td style=\"text-align: center\">MM055<\/td>\n<td>PNEUMOLOGIA<\/td>\n<td style=\"text-align: center\">60h<\/td>\n<\/tr>\n<tr>\n<td style=\"text-align: center\">MM056<\/td>\n<td>CARDIOLOGIA<\/td>\n<td style=\"text-align: center\">80h<\/td>\n<\/tr>\n<tr>\n<td style=\"text-align: center\">MM057<\/td>\n<td>DERMATOLOGIA<\/td>\n<td style=\"text-align: center\">60h<\/td>\n<\/tr>\n<tr>\n<td style=\"text-align: center\">MM058<\/td>\n<td>ONCOLOGIA CL\u00cdNICA<\/td>\n<td style=\"text-align: center\">20h<\/td>\n<\/tr>\n<tr>\n<td style=\"text-align: center\">MM059<\/td>\n<td>HEMATOLOGIA<\/td>\n<td style=\"text-align: center\">40h<\/td>\n<\/tr>\n<tr>\n<td style=\"text-align: center\">MM060<\/td>\n<td>RADIOLOGIA<\/td>\n<td style=\"text-align: center\">60h<\/td>\n<\/tr>\n<tr>\n<td style=\"text-align: center\">MM061<\/td>\n<td>REUMATOLOGIA<\/td>\n<td style=\"text-align: center\">40h<\/td>\n<\/tr>\n<tr>\n<td style=\"text-align: center\">MM062<\/td>\n<td>GASTROENTEROLOGIA<\/td>\n<td style=\"text-align: center\">40h<\/td>\n<\/tr>\n<tr>\n<td style=\"text-align: center\">MM063<\/td>\n<td>NEFROLOGIA<\/td>\n<td style=\"text-align: center\">40h<\/td>\n<\/tr>\n<tr>\n<td style=\"text-align: center\">MM064<\/td>\n<td>ENDOCRINOLOGIA E METABOLOGIA<\/td>\n<td style=\"text-align: center\">40h<\/td>\n<\/tr>\n<tr>\n<td style=\"text-align: center\">MM065<\/td>\n<td>EST\u00c1GIO CURRICULAR OBRIGAT\u00d3RIO EM CL\u00cdNICA M\u00c9DICA<\/td>\n<td style=\"text-align: center\">400h<\/td>\n<\/tr>\n<tr>\n<td style=\"text-align: center\">MM066<\/td>\n<td>EST\u00c1GIO EM CL\u00cdNICA M\u00c9DICA AMBULATORIAL (CMA)<\/td>\n<td style=\"text-align: center\">200h<\/td>\n<\/tr>\n<tr>\n<td style=\"text-align: center\">MM067<\/td>\n<td>EST\u00c1GIO CURRICULAR OPTATIVO EM CL\u00cdNICA M\u00c9DICA<\/td>\n<td style=\"text-align: center\">200h<\/td>\n<\/tr>\n<tr>\n<td style=\"text-align: center\">MM068<\/td>\n<td>NEUROLOGIA<\/td>\n<td style=\"text-align: center\">40h<\/td>\n<\/tr>\n<tr>\n<td style=\"text-align: center\">MM071<\/td>\n<td>INTEGRA\u00c7\u00c3O DE CONTE\u00daDOS<\/td>\n<td style=\"text-align: center\">30h<\/td>\n<\/tr>\n<tr>\n<td style=\"text-align: center\">MM074<\/td>\n<td>TREINAMENTO E SIMULA\u00c7\u00c3O I (EMERG\u00caNCIAS CARDIOVASCULARES)<\/td>\n<td style=\"text-align: center\">30h<\/td>\n<\/tr>\n<tr>\n<td style=\"text-align: center\">MM076<\/td>\n<td>EST\u00c1GIO MULTIDISCIPLINAR INTEGRADO<\/td>\n<td style=\"text-align: center\">20h<\/td>\n<\/tr>\n<tr>\n<td style=\"text-align: center\">MM077<\/td>\n<td>TREINAMENTO E SIMULA\u00c7\u00c3O IV (EMERG\u00caNCIAS CL\u00cdNICAS E TERAPIA INTENSIVA)<\/td>\n<td style=\"text-align: center\">30h<\/td>\n<\/tr>\n<tr>\n<td style=\"text-align: center\">MM080<\/td>\n<td>HABILIDADES CL\u00cdNICAS<\/td>\n<td style=\"text-align: center\">20h<\/td>\n<\/tr>\n<tr>\n<td style=\"text-align: center\">MM089<\/td>\n<td>MEDICINA INTENSIVA ADULTO<\/td>\n<td style=\"text-align: center\">40h<\/td>\n<\/tr>\n<tr>\n<td style=\"text-align: center\">MM208<\/td>\n<td>TRABALHO DE CURSO 2 EM CL\u00cdNICA M\u00c9DICA<\/td>\n<td style=\"text-align: center\">20h<\/td>\n<\/tr>\n<tr>\n<td style=\"text-align: center\">MM209<\/td>\n<td>TRABALHO DE CURSO 3 EM CL\u00cdNICA M\u00c9DICA<\/td>\n<td style=\"text-align: center\">40h<\/td>\n<\/tr>\n<tr>\n<td style=\"text-align: center\">MM210<\/td>\n<td>TRABALHO DE CURSO 4 EM CL\u00cdNICA M\u00c9DICA<\/td>\n<td style=\"text-align: center\">20h<\/td>\n<\/tr>\n<tr>\n<td style=\"text-align: center\">MM215<\/td>\n<td>CARDIOLOGIA COMPLEMENTAR (Optativa)<\/td>\n<td style=\"text-align: center\">40h<\/td>\n<\/tr>\n<tr>\n<td style=\"text-align: center\">MM216<\/td>\n<td>RACIOC\u00cdNIO CL\u00cdNICO E TOMADA DE DECIS\u00c3O (Optativa)<\/td>\n<td style=\"text-align: center\">20h<\/td>\n<\/tr>\n<tr>\n<td style=\"text-align: center\">MM218<\/td>\n<td>ARTES E HUMANIDADES NA FORMA\u00c7\u00c3O M\u00c9DICA (Optativa)<\/td>\n<td style=\"text-align: center\">20h<\/td>\n<\/tr>\n<tr>\n<td style=\"text-align: center\">MM078<\/td>\n<td style=\"text-align: left\">CUIDADOS PALIATIVOS (Optativa)<\/td>\n<td style=\"text-align: center\">20h<\/td>\n<\/tr>\n<\/tbody>\n<\/table>\n","protected":false},"excerpt":{"rendered":"<p>C\u00d3DIGO DISCIPLINA CH MM050 INTRODU\u00c7\u00c3O \u00c0 CL\u00cdNICA M\u00c9DICA 60h MM051 PROPED\u00caUTICA M\u00c9DICA I 60h MM052 PROPED\u00caUTICA M\u00c9DICA II 80h MM053 PROPED\u00caUTICA M\u00c9DICA III 120h MM054 GERIATRIA 40h MM055 PNEUMOLOGIA 60h MM056 CARDIOLOGIA 80h MM057 DERMATOLOGIA 60h MM058 ONCOLOGIA CL\u00cdNICA 20h MM059 HEMATOLOGIA 40h MM060 RADIOLOGIA 60h MM061 REUMATOLOGIA 40h MM062 GASTROENTEROLOGIA 40h MM063 NEFROLOGIA 40h<br \/> <a href=\"https:\/\/saude.ufpr.br\/departamentoclinicamedica\/disciplinas\/\" class=\"button success small readmore\">Leia mais<\/a><\/p>\n","protected":false},"author":1615,"featured_media":0,"parent":0,"menu_order":0,"comment_status":"closed","ping_status":"closed","template":"","meta":{"_acf_changed":false,"_uag_custom_page_level_css":"","footnotes":""},"class_list":["post-1110","page","type-page","status-publish","hentry"],"acf":[],"featured_image_src":null,"uagb_featured_image_src":{"full":false,"thumbnail":false,"medium":false,"medium_large":false,"large":false,"1536x1536":false,"2048x2048":false,"noticias-thumb":false,"banners-thumb":false,"maisnoticias-thumb":false,"post-thumbnail":false},"uagb_author_info":{"display_name":"Guilherme","author_link":"https:\/\/saude.ufpr.br\/departamentoclinicamedica\/author\/guilhermematos\/"},"uagb_comment_info":0,"uagb_excerpt":"C\u00d3DIGO DISCIPLINA CH MM050 INTRODU\u00c7\u00c3O \u00c0 CL\u00cdNICA M\u00c9DICA 60h MM051 PROPED\u00caUTICA M\u00c9DICA I 60h MM052 PROPED\u00caUTICA M\u00c9DICA II 80h MM053 PROPED\u00caUTICA M\u00c9DICA III 120h MM054 GERIATRIA 40h MM055 PNEUMOLOGIA 60h MM056 CARDIOLOGIA 80h MM057 DERMATOLOGIA 60h MM058 ONCOLOGIA CL\u00cdNICA 20h MM059 HEMATOLOGIA 40h MM060 RADIOLOGIA 60h MM061 REUMATOLOGIA 40h MM062 GASTROENTEROLOGIA 40h MM063 NEFROLOGIA 40h&hellip;","publishpress_future_action":{"enabled":false,"date":"2026-05-13 05:20:26","action":"change-status","newStatus":"draft","terms":[],"taxonomy":"","extraData":[]},"publishpress_future_workflow_manual_trigger":{"enabledWorkflows":[]},"_links":{"self":[{"href":"https:\/\/saude.ufpr.br\/departamentoclinicamedica\/wp-json\/wp\/v2\/pages\/1110","targetHints":{"allow":["GET"]}}],"collection":[{"href":"https:\/\/saude.ufpr.br\/departamentoclinicamedica\/wp-json\/wp\/v2\/pages"}],"about":[{"href":"https:\/\/saude.ufpr.br\/departamentoclinicamedica\/wp-json\/wp\/v2\/types\/page"}],"author":[{"embeddable":true,"href":"https:\/\/saude.ufpr.br\/departamentoclinicamedica\/wp-json\/wp\/v2\/users\/1615"}],"replies":[{"embeddable":true,"href":"https:\/\/saude.ufpr.br\/departamentoclinicamedica\/wp-json\/wp\/v2\/comments?post=1110"}],"version-history":[{"count":11,"href":"https:\/\/saude.ufpr.br\/departamentoclinicamedica\/wp-json\/wp\/v2\/pages\/1110\/revisions"}],"predecessor-version":[{"id":2690,"href":"https:\/\/saude.ufpr.br\/departamentoclinicamedica\/wp-json\/wp\/v2\/pages\/1110\/revisions\/2690"}],"wp:attachment":[{"href":"https:\/\/saude.ufpr.br\/departamentoclinicamedica\/wp-json\/wp\/v2\/media?parent=1110"}],"curies":[{"name":"wp","href":"https:\/\/api.w.org\/{rel}","templated":true}]}}