{"id":1118,"date":"2020-09-02T05:08:24","date_gmt":"2020-09-02T05:08:24","guid":{"rendered":"https:\/\/saude.ufpr.br\/departamentoclinicamedica\/?page_id=1118"},"modified":"2020-10-08T14:32:54","modified_gmt":"2020-10-08T14:32:54","slug":"segunda-chamada","status":"publish","type":"page","link":"https:\/\/saude.ufpr.br\/departamentoclinicamedica\/segunda-chamada\/","title":{"rendered":"Segunda chamada"},"content":{"rendered":"\n<div class=\"wpcf7 no-js\" id=\"wpcf7-f1201-o1\" lang=\"pt-BR\" dir=\"ltr\" data-wpcf7-id=\"1201\">\n<div class=\"screen-reader-response\"><p role=\"status\" aria-live=\"polite\" aria-atomic=\"true\"><\/p> <ul><\/ul><\/div>\n<form action=\"\/departamentoclinicamedica\/wp-json\/wp\/v2\/pages\/1118#wpcf7-f1201-o1\" method=\"post\" class=\"wpcf7-form init\" aria-label=\"Formul\u00e1rios de contato\" enctype=\"multipart\/form-data\" novalidate=\"novalidate\" data-status=\"init\">\n<fieldset class=\"hidden-fields-container\"><input type=\"hidden\" name=\"_wpcf7\" value=\"1201\" \/><input type=\"hidden\" name=\"_wpcf7_version\" value=\"6.1.5\" \/><input type=\"hidden\" name=\"_wpcf7_locale\" value=\"pt_BR\" \/><input type=\"hidden\" name=\"_wpcf7_unit_tag\" value=\"wpcf7-f1201-o1\" \/><input type=\"hidden\" name=\"_wpcf7_container_post\" value=\"0\" \/><input type=\"hidden\" name=\"_wpcf7_posted_data_hash\" value=\"\" \/>\n<\/fieldset>\n<center>\n\t<p><b>REQUERIMENTO PARA 2\u00aa CHAMADA*<\/b>\n\t<\/p>\n<\/center>\n<p>Ao Departamento de Cl\u00ednica M\u00e9dica<br \/>\n<label> Disciplina (obrigat\u00f3rio)<br \/>\n<span class=\"wpcf7-form-control-wrap\" data-name=\"disciplina\"><input size=\"40\" maxlength=\"400\" class=\"wpcf7-form-control wpcf7-text wpcf7-validates-as-required\" aria-required=\"true\" aria-invalid=\"false\" value=\"\" type=\"text\" name=\"disciplina\" \/><\/span> <\/label><br \/>\n<label> Referente a prova do dia (obrigat\u00f3rio)<br \/>\n<span class=\"wpcf7-form-control-wrap\" data-name=\"date-577\"><input class=\"wpcf7-form-control wpcf7-date wpcf7-validates-as-required wpcf7-validates-as-date\" aria-required=\"true\" aria-invalid=\"false\" value=\"\" type=\"date\" name=\"date-577\" \/><\/span> <\/label><br \/>\n<label> Nome (obrigat\u00f3rio)<br \/>\n<span class=\"wpcf7-form-control-wrap\" data-name=\"nome\"><input size=\"40\" maxlength=\"400\" class=\"wpcf7-form-control wpcf7-text wpcf7-validates-as-required\" aria-required=\"true\" aria-invalid=\"false\" value=\"\" type=\"text\" name=\"nome\" \/><\/span> <\/label><br \/>\n<label>GRR(obrigat\u00f3rio)<br \/>\n<span class=\"wpcf7-form-control-wrap\" data-name=\"grr\"><input size=\"40\" maxlength=\"400\" class=\"wpcf7-form-control wpcf7-text wpcf7-validates-as-required\" aria-required=\"true\" aria-invalid=\"false\" value=\"\" type=\"text\" name=\"grr\" \/><\/span> <\/label><br \/>\n<label> Seu e-mail (obrigat\u00f3rio)<br \/>\n<span class=\"wpcf7-form-control-wrap\" data-name=\"email-486\"><input size=\"40\" maxlength=\"400\" class=\"wpcf7-form-control wpcf7-email wpcf7-validates-as-required wpcf7-text wpcf7-validates-as-email\" aria-required=\"true\" aria-invalid=\"false\" value=\"\" type=\"email\" name=\"email-486\" \/><\/span><\/label><br \/>\n<b>Motivo do n\u00e3o comparecimento (ATEN\u00c7\u00c3O anexar documentos comprobat\u00f3rios, somente ser\u00e1 aceito arquivo em PDF)**<\/b><br \/>\n<span class=\"wpcf7-form-control-wrap\" data-name=\"file-191\"><input size=\"40\" class=\"wpcf7-form-control wpcf7-file\" accept=\".pdf\" aria-invalid=\"false\" type=\"file\" name=\"file-191\" \/><\/span><br \/>\n<span class=\"wpcf7-form-control-wrap\" data-name=\"checkbox-131\"><span class=\"wpcf7-form-control wpcf7-checkbox\"><span class=\"wpcf7-list-item first\"><input type=\"checkbox\" name=\"checkbox-131[]\" value=\"Internamento hospitalar (Art. 106 \u00a71\u00ba);\" \/><span class=\"wpcf7-list-item-label\">Internamento hospitalar (Art. 106 \u00a71\u00ba);<\/span><\/span><span class=\"wpcf7-list-item\"><input type=\"checkbox\" name=\"checkbox-131[]\" value=\"Doen\u00e7a que impe\u00e7a o comparecimento, confirmada por atestado m\u00e9dico (Art. 106 \u00a71\u00ba);\" \/><span class=\"wpcf7-list-item-label\">Doen\u00e7a que impe\u00e7a o comparecimento, confirmada por atestado m\u00e9dico (Art. 106 \u00a71\u00ba);<\/span><\/span><span class=\"wpcf7-list-item\"><input type=\"checkbox\" name=\"checkbox-131[]\" value=\"Luto por falecimento de parentes ou afins em linha reta e de colaterais at\u00e9 o segundo grau, comprov\u00e1vel pelo atestado de \u00f3bito (Art. 106 \u00a71\u00ba);\" \/><span class=\"wpcf7-list-item-label\">Luto por falecimento de parentes ou afins em linha reta e de colaterais at\u00e9 o segundo grau, comprov\u00e1vel pelo atestado de \u00f3bito (Art. 106 \u00a71\u00ba);<\/span><\/span><span class=\"wpcf7-list-item\"><input type=\"checkbox\" name=\"checkbox-131[]\" value=\"Convoca\u00e7\u00e3o para depoimento judicial, policial ou algo semelhante (Art. 106 \u00a71\u00ba);\" \/><span class=\"wpcf7-list-item-label\">Convoca\u00e7\u00e3o para depoimento judicial, policial ou algo semelhante (Art. 106 \u00a71\u00ba);<\/span><\/span><span class=\"wpcf7-list-item\"><input type=\"checkbox\" name=\"checkbox-131[]\" value=\"Viagens de estudos por conv\u00eanios ou interc\u00e2mbios da UFPR com institui\u00e7\u00f5es nacionais ou estrangeiras (Art. 106 \u00a71\u00ba);\" \/><span class=\"wpcf7-list-item-label\">Viagens de estudos por conv\u00eanios ou interc\u00e2mbios da UFPR com institui\u00e7\u00f5es nacionais ou estrangeiras (Art. 106 \u00a71\u00ba);<\/span><\/span><span class=\"wpcf7-list-item\"><input type=\"checkbox\" name=\"checkbox-131[]\" value=\"Exerc\u00edcios ou manobras feitas por causa de matr\u00edcula no NPOR (Art. 106 \u00a71\u00ba);\" \/><span class=\"wpcf7-list-item-label\">Exerc\u00edcios ou manobras feitas por causa de matr\u00edcula no NPOR (Art. 106 \u00a71\u00ba);<\/span><\/span><span class=\"wpcf7-list-item\"><input type=\"checkbox\" name=\"checkbox-131[]\" value=\"Participa\u00e7\u00e3o em eventos autorizados pelo Coordenador do Curso (Art. 81);\" \/><span class=\"wpcf7-list-item-label\">Participa\u00e7\u00e3o em eventos autorizados pelo Coordenador do Curso (Art. 81);<\/span><\/span><span class=\"wpcf7-list-item\"><input type=\"checkbox\" name=\"checkbox-131[]\" value=\"Participa\u00e7\u00e3o em atividades nos Jogos Universit\u00e1rios Brasileiros ou de Sele\u00e7\u00e3o Nacional, de Confedera\u00e7\u00f5es ou similares (Art. 82);\" \/><span class=\"wpcf7-list-item-label\">Participa\u00e7\u00e3o em atividades nos Jogos Universit\u00e1rios Brasileiros ou de Sele\u00e7\u00e3o Nacional, de Confedera\u00e7\u00f5es ou similares (Art. 82);<\/span><\/span><span class=\"wpcf7-list-item last\"><input type=\"checkbox\" name=\"checkbox-131[]\" value=\"Outro motivo (n\u00e3o comprovado): neste caso justificar o motivo da aus\u00eancia abaixo\" \/><span class=\"wpcf7-list-item-label\">Outro motivo (n\u00e3o comprovado): neste caso justificar o motivo da aus\u00eancia abaixo<\/span><\/span><\/span><\/span>.<br \/>\n<label> Sua justificativa:<br \/>\n<i>O(a) coordenador(a) da disciplina julgar\u00e1 se o motivo justifica ou n\u00e3o o deferimento para a realiza\u00e7\u00e3o da segunda chamada.<\/i><br \/>\n<span class=\"wpcf7-form-control-wrap\" data-name=\"justificativa\"><textarea cols=\"40\" rows=\"10\" maxlength=\"2000\" class=\"wpcf7-form-control wpcf7-textarea\" aria-invalid=\"false\" name=\"justificativa\"><\/textarea><\/span> <\/label>\n<\/p>\n<p>Nestes termos, pede deferimento.<br \/>\n<label> Telefone para contato: (obrigat\u00f3rio)<br \/>\n<span class=\"wpcf7-form-control-wrap\" data-name=\"telefone\"><input size=\"40\" maxlength=\"400\" class=\"wpcf7-form-control wpcf7-text wpcf7-validates-as-required\" aria-required=\"true\" aria-invalid=\"false\" value=\"\" type=\"text\" name=\"telefone\" \/><\/span> <\/label>\n<\/p>\n<p>Curitiba: <span class=\"wpcf7-form-control-wrap\" data-name=\"Curitiba\"><input class=\"wpcf7-form-control wpcf7-date wpcf7-validates-as-required wpcf7-validates-as-date\" aria-required=\"true\" aria-invalid=\"false\" value=\"\" type=\"date\" name=\"Curitiba\" \/><\/span>\n<\/p>\n<p>*Art. 106 Resolu\u00e7\u00e3o n\u00ba 37\/97-CEPE: \u00c9 assegurado o direito \u00e0 segunda chamada ao aluno que n\u00e3o tenha comparecido \u00e0 avalia\u00e7\u00e3o do rendimento escolar, exceto na segunda avalia\u00e7\u00e3o final, nos casos e condi\u00e7\u00f5es constantes neste artigo.<br \/>\n\u00a7 2\u00ba - O aluno ou seu representante dever\u00e1 requerer ao departamento a segunda chamada no prazo de at\u00e9 cinco (05) dias \u00fateis, contados a partir da data da realiza\u00e7\u00e3o da avalia\u00e7\u00e3o do rendimento escolar, apresentando a documenta\u00e7\u00e3o comprobat\u00f3ria.<br \/>\n\u00a7 3\u00ba - Deferido o requerimento, o departamento fixar\u00e1 em edital o local e a data para a realiza\u00e7\u00e3o da segunda chamada, com, no m\u00ednimo, cinco (05) dias \u00fateis de anteced\u00eancia.<br \/>\n**De acordo com os artigos 81, 82 e 106 \u00a71\u00ba da Resolu\u00e7\u00e3o n\u00ba 37\/97-CEPE.<br \/>\n<input class=\"wpcf7-form-control wpcf7-submit has-spinner\" type=\"submit\" value=\"Enviar\" \/>\n<\/p><div class=\"wpcf7-response-output\" aria-hidden=\"true\"><\/div>\n<\/form>\n<\/div>\n\n","protected":false},"excerpt":{"rendered":"","protected":false},"author":1615,"featured_media":0,"parent":0,"menu_order":0,"comment_status":"closed","ping_status":"closed","template":"","meta":{"_acf_changed":false,"_uag_custom_page_level_css":"","footnotes":""},"class_list":["post-1118","page","type-page","status-publish","hentry"],"acf":[],"featured_image_src":null,"uagb_featured_image_src":{"full":false,"thumbnail":false,"medium":false,"medium_large":false,"large":false,"1536x1536":false,"2048x2048":false,"noticias-thumb":false,"banners-thumb":false,"maisnoticias-thumb":false,"post-thumbnail":false},"uagb_author_info":{"display_name":"Guilherme","author_link":"https:\/\/saude.ufpr.br\/departamentoclinicamedica\/author\/guilhermematos\/"},"uagb_comment_info":0,"uagb_excerpt":null,"publishpress_future_action":{"enabled":false,"date":"2026-04-25 10:03:33","action":"change-status","newStatus":"draft","terms":[],"taxonomy":"","extraData":[]},"publishpress_future_workflow_manual_trigger":{"enabledWorkflows":[]},"_links":{"self":[{"href":"https:\/\/saude.ufpr.br\/departamentoclinicamedica\/wp-json\/wp\/v2\/pages\/1118","targetHints":{"allow":["GET"]}}],"collection":[{"href":"https:\/\/saude.ufpr.br\/departamentoclinicamedica\/wp-json\/wp\/v2\/pages"}],"about":[{"href":"https:\/\/saude.ufpr.br\/departamentoclinicamedica\/wp-json\/wp\/v2\/types\/page"}],"author":[{"embeddable":true,"href":"https:\/\/saude.ufpr.br\/departamentoclinicamedica\/wp-json\/wp\/v2\/users\/1615"}],"replies":[{"embeddable":true,"href":"https:\/\/saude.ufpr.br\/departamentoclinicamedica\/wp-json\/wp\/v2\/comments?post=1118"}],"version-history":[{"count":2,"href":"https:\/\/saude.ufpr.br\/departamentoclinicamedica\/wp-json\/wp\/v2\/pages\/1118\/revisions"}],"predecessor-version":[{"id":1202,"href":"https:\/\/saude.ufpr.br\/departamentoclinicamedica\/wp-json\/wp\/v2\/pages\/1118\/revisions\/1202"}],"wp:attachment":[{"href":"https:\/\/saude.ufpr.br\/departamentoclinicamedica\/wp-json\/wp\/v2\/media?parent=1118"}],"curies":[{"name":"wp","href":"https:\/\/api.w.org\/{rel}","templated":true}]}}