{"id":1291,"date":"2021-03-30T14:01:58","date_gmt":"2021-03-30T14:01:58","guid":{"rendered":"https:\/\/saude.ufpr.br\/departamentoclinicamedica\/?page_id=1291"},"modified":"2025-08-23T19:36:12","modified_gmt":"2025-08-23T19:36:12","slug":"internato-curricular-obrigatorio-em-clinica-medica","status":"publish","type":"page","link":"https:\/\/saude.ufpr.br\/departamentoclinicamedica\/internato-curricular-obrigatorio-em-clinica-medica\/","title":{"rendered":"Est\u00e1gio Curricular Obrigat\u00f3rio em Cl\u00ednica M\u00e9dica &#8211; 10\u00ba per\u00edodo"},"content":{"rendered":"<p><a href=\"https:\/\/saude.ufpr.br\/departamentoclinicamedica\/wp-content\/uploads\/sites\/57\/2025\/06\/CADERN_2.pdf\">CADERNO DE INSTRUMENTOS DE AVALIA\u00c7\u00c3O DO PACIENTE IDOSO<\/a><\/p>\n<p><a href=\"https:\/\/saude.ufpr.br\/departamentoclinicamedica\/wp-content\/uploads\/sites\/57\/2025\/06\/DOC-20240505-WA0003_.pdf\">FOLHA PARA ANOTA\u00c7\u00c3O DAS ATIVIDADES DE CADA SEMANA PADR\u00c3O<\/a><\/p>\n<p><a href=\"https:\/\/saude.ufpr.br\/departamentoclinicamedica\/wp-content\/uploads\/sites\/57\/2025\/06\/DOC-20240506-WA0000_.pdf\">Tabela de Dados da Enfermaria da Cl\u00ednica M\u00e9dica<\/a><\/p>\n<p><a href=\"https:\/\/saude.ufpr.br\/departamentoclinicamedica\/wp-content\/uploads\/sites\/57\/2025\/06\/DOC-20240812-WA0012_.pdf\">Padroniza\u00e7\u00e3o de siglas, abreviaturas, s\u00edmbolos, acr\u00f4nimos e unidades de medidas<\/a><\/p>\n<p><a href=\"https:\/\/saude.ufpr.br\/departamentoclinicamedica\/wp-content\/uploads\/sites\/57\/2025\/06\/Ficha-de-Avaliacao_2024.2.pdf\">FICHA DE AVALIA\u00c7\u00c3O DO EST\u00c1GIO CURRICULAR OBRIGAT\u00d3RIO<\/a><\/p>\n<p><a href=\"https:\/\/saude.ufpr.br\/departamentoclinicamedica\/wp-content\/uploads\/sites\/57\/2025\/08\/Plano-de-Ensino-Internato-em-CM-Revisao03.2025.pdf\" target=\"_blank\" rel=\"noopener\">Plano de Ensino &#8211; Internato em CM &#8211; UFPR.2025 &#8211; Rev.3<\/a><\/p>\n","protected":false},"excerpt":{"rendered":"<p>CADERNO DE INSTRUMENTOS DE AVALIA\u00c7\u00c3O DO PACIENTE IDOSO FOLHA PARA ANOTA\u00c7\u00c3O DAS ATIVIDADES DE CADA SEMANA PADR\u00c3O Tabela de Dados da Enfermaria da Cl\u00ednica M\u00e9dica Padroniza\u00e7\u00e3o de siglas, abreviaturas, s\u00edmbolos, acr\u00f4nimos e unidades de medidas FICHA DE AVALIA\u00c7\u00c3O DO EST\u00c1GIO CURRICULAR OBRIGAT\u00d3RIO Plano de Ensino &#8211; Internato em CM &#8211; UFPR.2025 &#8211; Rev.3<\/p>\n","protected":false},"author":15,"featured_media":0,"parent":0,"menu_order":0,"comment_status":"closed","ping_status":"closed","template":"","meta":{"_acf_changed":false,"_uag_custom_page_level_css":"","footnotes":""},"class_list":["post-1291","page","type-page","status-publish","hentry"],"acf":[],"featured_image_src":null,"uagb_featured_image_src":{"full":false,"thumbnail":false,"medium":false,"medium_large":false,"large":false,"1536x1536":false,"2048x2048":false,"noticias-thumb":false,"banners-thumb":false,"maisnoticias-thumb":false,"post-thumbnail":false},"uagb_author_info":{"display_name":"Andrea Jankoski","author_link":"https:\/\/saude.ufpr.br\/departamentoclinicamedica\/author\/andrea\/"},"uagb_comment_info":0,"uagb_excerpt":"CADERNO DE INSTRUMENTOS DE AVALIA\u00c7\u00c3O DO PACIENTE IDOSO FOLHA PARA ANOTA\u00c7\u00c3O DAS ATIVIDADES DE CADA SEMANA PADR\u00c3O Tabela de Dados da Enfermaria da Cl\u00ednica M\u00e9dica Padroniza\u00e7\u00e3o de siglas, abreviaturas, s\u00edmbolos, acr\u00f4nimos e unidades de medidas FICHA DE AVALIA\u00c7\u00c3O DO EST\u00c1GIO CURRICULAR OBRIGAT\u00d3RIO Plano de Ensino &#8211; Internato em CM &#8211; UFPR.2025 &#8211; Rev.3","publishpress_future_action":{"enabled":false,"date":"2026-04-20 01:33:49","action":"change-status","newStatus":"draft","terms":[],"taxonomy":"","extraData":[]},"publishpress_future_workflow_manual_trigger":{"enabledWorkflows":[]},"_links":{"self":[{"href":"https:\/\/saude.ufpr.br\/departamentoclinicamedica\/wp-json\/wp\/v2\/pages\/1291","targetHints":{"allow":["GET"]}}],"collection":[{"href":"https:\/\/saude.ufpr.br\/departamentoclinicamedica\/wp-json\/wp\/v2\/pages"}],"about":[{"href":"https:\/\/saude.ufpr.br\/departamentoclinicamedica\/wp-json\/wp\/v2\/types\/page"}],"author":[{"embeddable":true,"href":"https:\/\/saude.ufpr.br\/departamentoclinicamedica\/wp-json\/wp\/v2\/users\/15"}],"replies":[{"embeddable":true,"href":"https:\/\/saude.ufpr.br\/departamentoclinicamedica\/wp-json\/wp\/v2\/comments?post=1291"}],"version-history":[{"count":5,"href":"https:\/\/saude.ufpr.br\/departamentoclinicamedica\/wp-json\/wp\/v2\/pages\/1291\/revisions"}],"predecessor-version":[{"id":2685,"href":"https:\/\/saude.ufpr.br\/departamentoclinicamedica\/wp-json\/wp\/v2\/pages\/1291\/revisions\/2685"}],"wp:attachment":[{"href":"https:\/\/saude.ufpr.br\/departamentoclinicamedica\/wp-json\/wp\/v2\/media?parent=1291"}],"curies":[{"name":"wp","href":"https:\/\/api.w.org\/{rel}","templated":true}]}}