{"id":1491,"date":"2024-07-31T05:17:49","date_gmt":"2024-07-31T05:17:49","guid":{"rendered":"https:\/\/saude.ufpr.br\/departamentodefarmacia\/?page_id=1491"},"modified":"2025-01-15T19:06:32","modified_gmt":"2025-01-15T19:06:32","slug":"contatos","status":"publish","type":"page","link":"https:\/\/saude.ufpr.br\/departamentodefarmacia\/contatos\/","title":{"rendered":"Contatos"},"content":{"rendered":"<h1 style=\"text-align: center\"><span style=\"color: #008000\"><strong><em>DEPARTAMENTO DE FARM\u00c1CIA\u00a0<\/em><\/strong><\/span><\/h1>\n<p style=\"text-align: center\">Endere\u00e7o: Avenida Prefeito Loth\u00e1rio Meissner, 632 &#8211; Bairro Jardim Bot\u00e2nico &#8211; Curitiba &#8211; Paran\u00e1<\/p>\n<p style=\"text-align: center\">Telefone: (41) 3360-4100<\/p>\n<p style=\"text-align: center\">E-mail: <a href=\"mailto:dfarm@ufpr.br\">dfarm@ufpr.br<\/a><\/p>\n<p style=\"text-align: center\">CEP: 82.210-170<\/p>\n<p style=\"text-align: center\"><em><span style=\"color: #008000\"><strong><a style=\"color: #008000\" href=\"https:\/\/www.google.com\/maps\/place\/Departamento+de+Farm%C3%A1cia+UFPR\/@-25.4456662,-49.2403368,19z\/data=!4m6!3m5!1s0x94dce503c73dcbeb:0x6e50900a2bf7f495!8m2!3d-25.4454772!4d-49.2404786!16s%2Fg%2F11ft22p9vc?entry=ttu&amp;g_ep=EgoyMDI1MDEwOC4wIKXMDSoASAFQAw%3D%3D\" target=\"_blank\" rel=\"noopener\">Google Maps<\/a><\/strong><\/span><\/em><\/p>\n","protected":false},"excerpt":{"rendered":"<p>DEPARTAMENTO DE FARM\u00c1CIA\u00a0 Endere\u00e7o: Avenida Prefeito Loth\u00e1rio Meissner, 632 &#8211; Bairro Jardim Bot\u00e2nico &#8211; Curitiba &#8211; Paran\u00e1 Telefone: (41) 3360-4100 E-mail: dfarm@ufpr.br CEP: 82.210-170 Google Maps<\/p>\n","protected":false},"author":1615,"featured_media":0,"parent":0,"menu_order":0,"comment_status":"closed","ping_status":"closed","template":"","meta":{"_acf_changed":false,"_uag_custom_page_level_css":"","footnotes":""},"class_list":["post-1491","page","type-page","status-publish","hentry"],"acf":[],"featured_image_src":null,"uagb_featured_image_src":{"full":false,"thumbnail":false,"medium":false,"medium_large":false,"large":false,"1536x1536":false,"2048x2048":false,"noticias-thumb":false,"banners-thumb":false,"maisnoticias-thumb":false,"post-thumbnail":false},"uagb_author_info":{"display_name":"Guilherme","author_link":"https:\/\/saude.ufpr.br\/departamentodefarmacia\/author\/guilhermematos\/"},"uagb_comment_info":0,"uagb_excerpt":"DEPARTAMENTO DE FARM\u00c1CIA\u00a0 Endere\u00e7o: Avenida Prefeito Loth\u00e1rio Meissner, 632 &#8211; Bairro Jardim Bot\u00e2nico &#8211; Curitiba &#8211; Paran\u00e1 Telefone: (41) 3360-4100 E-mail: dfarm@ufpr.br CEP: 82.210-170 Google Maps","publishpress_future_action":{"enabled":false,"date":"2026-04-29 08:43:44","action":"change-status","newStatus":"draft","terms":[],"taxonomy":"","extraData":[]},"publishpress_future_workflow_manual_trigger":{"enabledWorkflows":[]},"_links":{"self":[{"href":"https:\/\/saude.ufpr.br\/departamentodefarmacia\/wp-json\/wp\/v2\/pages\/1491","targetHints":{"allow":["GET"]}}],"collection":[{"href":"https:\/\/saude.ufpr.br\/departamentodefarmacia\/wp-json\/wp\/v2\/pages"}],"about":[{"href":"https:\/\/saude.ufpr.br\/departamentodefarmacia\/wp-json\/wp\/v2\/types\/page"}],"author":[{"embeddable":true,"href":"https:\/\/saude.ufpr.br\/departamentodefarmacia\/wp-json\/wp\/v2\/users\/1615"}],"replies":[{"embeddable":true,"href":"https:\/\/saude.ufpr.br\/departamentodefarmacia\/wp-json\/wp\/v2\/comments?post=1491"}],"version-history":[{"count":7,"href":"https:\/\/saude.ufpr.br\/departamentodefarmacia\/wp-json\/wp\/v2\/pages\/1491\/revisions"}],"predecessor-version":[{"id":1656,"href":"https:\/\/saude.ufpr.br\/departamentodefarmacia\/wp-json\/wp\/v2\/pages\/1491\/revisions\/1656"}],"wp:attachment":[{"href":"https:\/\/saude.ufpr.br\/departamentodefarmacia\/wp-json\/wp\/v2\/media?parent=1491"}],"curies":[{"name":"wp","href":"https:\/\/api.w.org\/{rel}","templated":true}]}}