{"id":1495,"date":"2024-07-31T05:19:05","date_gmt":"2024-07-31T05:19:05","guid":{"rendered":"https:\/\/saude.ufpr.br\/departamentodefarmacia\/?page_id=1495"},"modified":"2024-08-06T15:50:27","modified_gmt":"2024-08-06T15:50:27","slug":"farmacia-escola","status":"publish","type":"page","link":"https:\/\/saude.ufpr.br\/departamentodefarmacia\/farmacia-escola\/","title":{"rendered":"Farm\u00e1cia Escola"},"content":{"rendered":"<p><strong>\u00a0 \u00a0 \u00a0 EQUIPE<\/strong><\/p>\n<p>&nbsp;<\/p>\n<ul>\n<li><strong>Coordena\u00e7\u00e3o Geral:<\/strong>\n<ul>\n<li class=\"has-normal-font-size\">Prof. Dra. Camila Klocker Costa &#8211;\u00a0<a href=\"http:\/\/lattes.cnpq.br\/8046175826728037\">http:\/\/lattes.cnpq.br\/8046175826728037<\/a><\/li>\n<\/ul>\n<\/li>\n<\/ul>\n<p>&nbsp;<\/p>\n<ul>\n<li><strong>Conselho Consultivo<\/strong>\n<ul>\n<li>Profa. Dra Deise Prehs Montrucchio\u00a0<a href=\"http:\/\/lattes.cnpq.br\/7759064920324989\">http:\/\/lattes.cnpq.br\/7759064920324989<\/a><\/li>\n<li>Profa. Dra Rossana Calegari dos Santos \u2013\u00a0<a href=\"http:\/\/lattes.cnpq.br\/0047266856302328\">http:\/\/lattes.cnpq.br\/0047266856302328<\/a><\/li>\n<li>Profa. Dra Josiane de F\u00e1tima Gaspari Dias \u2013\u00a0<a href=\"http:\/\/lattes.cnpq.br\/5611247352060367\">http:\/\/lattes.cnpq.br\/5611247352060367<\/a><\/li>\n<li>Profa Dra. Thais Martins Guimar\u00e3es &#8211;\u00a0<a href=\"http:\/\/lattes.cnpq.br\/5751054357319058\">http:\/\/lattes.cnpq.br\/5751054357319058<\/a><\/li>\n<\/ul>\n<\/li>\n<\/ul>\n<p>&nbsp;<\/p>\n<ul>\n<li class=\"has-normal-font-size\"><strong>Coordena\u00e7\u00e3o Acad\u00eamica<\/strong>\n<ul>\n<li class=\"has-normal-font-size\">Profa. Dra Rossana Calegari dos Santos \u2013\u00a0<a href=\"http:\/\/lattes.cnpq.br\/0047266856302328\">http:\/\/lattes.cnpq.br\/0047266856302328<\/a><\/li>\n<\/ul>\n<\/li>\n<\/ul>\n<p>&nbsp;<\/p>\n<ul>\n<li><strong>Respons\u00e1veis t\u00e9cnicas:<\/strong>\n<ul>\n<li>Farmac\u00eautica Alice do Carmo Kossoski Nalepa \u2013 <a href=\"http:\/\/lattes.cnpq.br\/5835375451913500\">http:\/\/lattes.cnpq.br\/5835375451913500<\/a><\/li>\n<li>Farmac\u00eautica Priscila Aparecida Ludka \u2013 <a href=\"http:\/\/lattes.cnpq.br\/0741047112326185\">http:\/\/lattes.cnpq.br\/7443947104870385<\/a><\/li>\n<li>Farmac\u00eautica Su\u00e9ly Karin Weiss &#8211;\u00a0<a href=\"http:\/\/lattes.cnpq.br\/7868807501758561\">http:\/\/lattes.cnpq.br\/7868807501758561<\/a><\/li>\n<\/ul>\n<\/li>\n<\/ul>\n<p>&nbsp;<\/p>\n<ul>\n<li><strong>S\u00edtio Eletr\u00f4nico:<\/strong>\u00a0 \u00a0\u00a0<a href=\"https:\/\/saude.ufpr.br\/fesc\/equipe\/\">https:\/\/saude.ufpr.br\/fesc<\/a><\/li>\n<\/ul>\n<p>&nbsp;<\/p>\n","protected":false},"excerpt":{"rendered":"<p>\u00a0 \u00a0 \u00a0 EQUIPE &nbsp; Coordena\u00e7\u00e3o Geral: Prof. Dra. Camila Klocker Costa &#8211;\u00a0http:\/\/lattes.cnpq.br\/8046175826728037 &nbsp; Conselho Consultivo Profa. Dra Deise Prehs Montrucchio\u00a0http:\/\/lattes.cnpq.br\/7759064920324989 Profa. Dra Rossana Calegari dos Santos \u2013\u00a0http:\/\/lattes.cnpq.br\/0047266856302328 Profa. Dra Josiane de F\u00e1tima Gaspari Dias \u2013\u00a0http:\/\/lattes.cnpq.br\/5611247352060367 Profa Dra. Thais Martins Guimar\u00e3es &#8211;\u00a0http:\/\/lattes.cnpq.br\/5751054357319058 &nbsp; Coordena\u00e7\u00e3o Acad\u00eamica Profa. Dra Rossana Calegari dos Santos \u2013\u00a0http:\/\/lattes.cnpq.br\/0047266856302328 &nbsp; Respons\u00e1veis t\u00e9cnicas:<br \/> <a href=\"https:\/\/saude.ufpr.br\/departamentodefarmacia\/farmacia-escola\/\" class=\"button success small readmore\">Leia mais<\/a><\/p>\n","protected":false},"author":1615,"featured_media":0,"parent":0,"menu_order":0,"comment_status":"closed","ping_status":"closed","template":"","meta":{"_acf_changed":false,"_uag_custom_page_level_css":"","footnotes":""},"class_list":["post-1495","page","type-page","status-publish","hentry"],"acf":[],"featured_image_src":null,"uagb_featured_image_src":{"full":false,"thumbnail":false,"medium":false,"medium_large":false,"large":false,"1536x1536":false,"2048x2048":false,"noticias-thumb":false,"banners-thumb":false,"maisnoticias-thumb":false,"post-thumbnail":false},"uagb_author_info":{"display_name":"Guilherme","author_link":"https:\/\/saude.ufpr.br\/departamentodefarmacia\/author\/guilhermematos\/"},"uagb_comment_info":0,"uagb_excerpt":"\u00a0 \u00a0 \u00a0 EQUIPE &nbsp; Coordena\u00e7\u00e3o Geral: Prof. Dra. Camila Klocker Costa &#8211;\u00a0http:\/\/lattes.cnpq.br\/8046175826728037 &nbsp; Conselho Consultivo Profa. Dra Deise Prehs Montrucchio\u00a0http:\/\/lattes.cnpq.br\/7759064920324989 Profa. Dra Rossana Calegari dos Santos \u2013\u00a0http:\/\/lattes.cnpq.br\/0047266856302328 Profa. Dra Josiane de F\u00e1tima Gaspari Dias \u2013\u00a0http:\/\/lattes.cnpq.br\/5611247352060367 Profa Dra. Thais Martins Guimar\u00e3es &#8211;\u00a0http:\/\/lattes.cnpq.br\/5751054357319058 &nbsp; Coordena\u00e7\u00e3o Acad\u00eamica Profa. Dra Rossana Calegari dos Santos \u2013\u00a0http:\/\/lattes.cnpq.br\/0047266856302328 &nbsp; Respons\u00e1veis t\u00e9cnicas:&hellip;","publishpress_future_action":{"enabled":false,"date":"2026-04-12 13:30:07","action":"change-status","newStatus":"draft","terms":[],"taxonomy":"","extraData":[]},"publishpress_future_workflow_manual_trigger":{"enabledWorkflows":[]},"_links":{"self":[{"href":"https:\/\/saude.ufpr.br\/departamentodefarmacia\/wp-json\/wp\/v2\/pages\/1495","targetHints":{"allow":["GET"]}}],"collection":[{"href":"https:\/\/saude.ufpr.br\/departamentodefarmacia\/wp-json\/wp\/v2\/pages"}],"about":[{"href":"https:\/\/saude.ufpr.br\/departamentodefarmacia\/wp-json\/wp\/v2\/types\/page"}],"author":[{"embeddable":true,"href":"https:\/\/saude.ufpr.br\/departamentodefarmacia\/wp-json\/wp\/v2\/users\/1615"}],"replies":[{"embeddable":true,"href":"https:\/\/saude.ufpr.br\/departamentodefarmacia\/wp-json\/wp\/v2\/comments?post=1495"}],"version-history":[{"count":4,"href":"https:\/\/saude.ufpr.br\/departamentodefarmacia\/wp-json\/wp\/v2\/pages\/1495\/revisions"}],"predecessor-version":[{"id":1529,"href":"https:\/\/saude.ufpr.br\/departamentodefarmacia\/wp-json\/wp\/v2\/pages\/1495\/revisions\/1529"}],"wp:attachment":[{"href":"https:\/\/saude.ufpr.br\/departamentodefarmacia\/wp-json\/wp\/v2\/media?parent=1495"}],"curies":[{"name":"wp","href":"https:\/\/api.w.org\/{rel}","templated":true}]}}