{"id":1520,"date":"2024-07-31T05:43:20","date_gmt":"2024-07-31T05:43:20","guid":{"rendered":"https:\/\/saude.ufpr.br\/departamentodefarmacia\/?page_id=1520"},"modified":"2024-07-31T05:44:54","modified_gmt":"2024-07-31T05:44:54","slug":"formularios-docentes","status":"publish","type":"page","link":"https:\/\/saude.ufpr.br\/departamentodefarmacia\/formularios-docentes\/","title":{"rendered":"Formul\u00e1rios"},"content":{"rendered":"<p><a href=\"https:\/\/saude.ufpr.br\/departamentodefarmacia\/wp-content\/uploads\/sites\/21\/2018\/09\/8-Revis\u00e3o-de-Notas.pdf\">Revis\u00e3o de Notas<\/a><\/p>\n<p><a href=\"https:\/\/saude.ufpr.br\/departamentodefarmacia\/wp-content\/uploads\/sites\/21\/2023\/11\/FORMULARIO_PARA_PARTICIPACAO_EM_ATIVIDADES_ESPORADICAS.docx\">Formul\u00e1rio para Participa\u00e7\u00e3o em Atividades Espor\u00e1dicas<\/a><\/p>\n<p>&nbsp;<\/p>\n<p>Plano de Inicia\u00e7\u00e3o \u00e0 Doc\u00eancia (Monitoria)<\/p>\n<p>Todas as informa\u00e7\u00f5es a respeito do Plano de Inicia\u00e7\u00e3o \u00e0 Doc\u00eancia (monitoria), resolu\u00e7\u00f5es, editais, cronogramas e formul\u00e1rios, podem ser encontrados no link abaixo:<\/p>\n<p><a href=\"http:\/\/www.prograd.ufpr.br\/copeg\/monitoriapidpim\/\">http:\/\/www.prograd.ufpr.br\/copeg\/monitoriapidpim\/<\/a><\/p>\n<p>&nbsp;<\/p>\n<p>Plano de Voluntariado Acad\u00eamico &#8211;\u00a0 PVA<\/p>\n<p>Todas as informa\u00e7\u00f5es a respeito de PVA, resolu\u00e7\u00f5es e formul\u00e1rios, podem ser encontrados no link abaixo:<\/p>\n<p><a href=\"http:\/\/www.prograd.ufpr.br\/copeg\/pva-programa-voluntariado-academico\/\">http:\/\/www.prograd.ufpr.br\/copeg\/pva-programa-voluntariado-academico\/<\/a><\/p>\n<p>&nbsp;<\/p>\n<p>Formul\u00e1rio de Pedido de Almoxarifado<\/p>\n<p><a href=\"https:\/\/ufprbr0-my.sharepoint.com\/:x:\/g\/personal\/dfarm_ufpr_br\/ETn9zyhg5TxKlXXDLHeGQfsBWkr9o40T70rQXFxiOb2Kvw?e=j4Xfmq\">https:\/\/ufprbr0-my.sharepoint.com\/:x:\/g\/personal\/dfarm_ufpr_br\/ETn9zyhg5TxKlXXDLHeGQfsBWkr9o40T70rQXFxiOb2Kvw?e=j4Xfmq<\/a><\/p>\n<p>&nbsp;<\/p>\n","protected":false},"excerpt":{"rendered":"<p>Revis\u00e3o de Notas Formul\u00e1rio para Participa\u00e7\u00e3o em Atividades Espor\u00e1dicas &nbsp; Plano de Inicia\u00e7\u00e3o \u00e0 Doc\u00eancia (Monitoria) Todas as informa\u00e7\u00f5es a respeito do Plano de Inicia\u00e7\u00e3o \u00e0 Doc\u00eancia (monitoria), resolu\u00e7\u00f5es, editais, cronogramas e formul\u00e1rios, podem ser encontrados no link abaixo: http:\/\/www.prograd.ufpr.br\/copeg\/monitoriapidpim\/ &nbsp; Plano de Voluntariado Acad\u00eamico &#8211;\u00a0 PVA Todas as informa\u00e7\u00f5es a respeito de PVA, resolu\u00e7\u00f5es<br \/> <a href=\"https:\/\/saude.ufpr.br\/departamentodefarmacia\/formularios-docentes\/\" class=\"button success small readmore\">Leia mais<\/a><\/p>\n","protected":false},"author":1615,"featured_media":0,"parent":0,"menu_order":0,"comment_status":"closed","ping_status":"closed","template":"","meta":{"_acf_changed":false,"_uag_custom_page_level_css":"","footnotes":""},"class_list":["post-1520","page","type-page","status-publish","hentry"],"acf":[],"featured_image_src":null,"uagb_featured_image_src":{"full":false,"thumbnail":false,"medium":false,"medium_large":false,"large":false,"1536x1536":false,"2048x2048":false,"noticias-thumb":false,"banners-thumb":false,"maisnoticias-thumb":false,"post-thumbnail":false},"uagb_author_info":{"display_name":"Guilherme","author_link":"https:\/\/saude.ufpr.br\/departamentodefarmacia\/author\/guilhermematos\/"},"uagb_comment_info":0,"uagb_excerpt":"Revis\u00e3o de Notas Formul\u00e1rio para Participa\u00e7\u00e3o em Atividades Espor\u00e1dicas &nbsp; Plano de Inicia\u00e7\u00e3o \u00e0 Doc\u00eancia (Monitoria) Todas as informa\u00e7\u00f5es a respeito do Plano de Inicia\u00e7\u00e3o \u00e0 Doc\u00eancia (monitoria), resolu\u00e7\u00f5es, editais, cronogramas e formul\u00e1rios, podem ser encontrados no link abaixo: http:\/\/www.prograd.ufpr.br\/copeg\/monitoriapidpim\/ &nbsp; Plano de Voluntariado Acad\u00eamico &#8211;\u00a0 PVA Todas as informa\u00e7\u00f5es a respeito de PVA, resolu\u00e7\u00f5es&hellip;","publishpress_future_action":{"enabled":false,"date":"2026-05-01 19:44:39","action":"change-status","newStatus":"draft","terms":[],"taxonomy":"","extraData":[]},"publishpress_future_workflow_manual_trigger":{"enabledWorkflows":[]},"_links":{"self":[{"href":"https:\/\/saude.ufpr.br\/departamentodefarmacia\/wp-json\/wp\/v2\/pages\/1520","targetHints":{"allow":["GET"]}}],"collection":[{"href":"https:\/\/saude.ufpr.br\/departamentodefarmacia\/wp-json\/wp\/v2\/pages"}],"about":[{"href":"https:\/\/saude.ufpr.br\/departamentodefarmacia\/wp-json\/wp\/v2\/types\/page"}],"author":[{"embeddable":true,"href":"https:\/\/saude.ufpr.br\/departamentodefarmacia\/wp-json\/wp\/v2\/users\/1615"}],"replies":[{"embeddable":true,"href":"https:\/\/saude.ufpr.br\/departamentodefarmacia\/wp-json\/wp\/v2\/comments?post=1520"}],"version-history":[{"count":1,"href":"https:\/\/saude.ufpr.br\/departamentodefarmacia\/wp-json\/wp\/v2\/pages\/1520\/revisions"}],"predecessor-version":[{"id":1521,"href":"https:\/\/saude.ufpr.br\/departamentodefarmacia\/wp-json\/wp\/v2\/pages\/1520\/revisions\/1521"}],"wp:attachment":[{"href":"https:\/\/saude.ufpr.br\/departamentodefarmacia\/wp-json\/wp\/v2\/media?parent=1520"}],"curies":[{"name":"wp","href":"https:\/\/api.w.org\/{rel}","templated":true}]}}