{"id":40,"date":"2016-06-13T17:32:25","date_gmt":"2016-06-13T17:32:25","guid":{"rendered":"https:\/\/saude.ufpr.br\/departamentodefarmacia\/?page_id=40"},"modified":"2025-11-10T20:49:54","modified_gmt":"2025-11-10T20:49:54","slug":"apresentacao","status":"publish","type":"page","link":"https:\/\/saude.ufpr.br\/departamentodefarmacia\/apresentacao\/","title":{"rendered":"Apresenta\u00e7\u00e3o"},"content":{"rendered":"<p style=\"padding-left: 440px\"><img fetchpriority=\"high\" decoding=\"async\" class=\"size-full wp-image-1691 aligncenter\" src=\"https:\/\/saude.ufpr.br\/departamentodefarmacia\/wp-content\/uploads\/sites\/21\/2025\/01\/images-1.jpg\" alt=\"\" width=\"258\" height=\"196\" \/><\/p>\n<p style=\"text-align: center\">\u00a0Prof. Dr. F\u00e1bio Seigi Murakami<\/p>\n<p style=\"text-align: center\"><strong>Chefe<\/strong><\/p>\n<p>&nbsp;<\/p>\n<p style=\"text-align: center\">Prof\u00aa. Dr\u00aa. D\u00e9bora Brand<\/p>\n<p style=\"text-align: center\"><strong>Suplente da Chefia\u00a0<\/strong><\/p>\n<p>&nbsp;<\/p>\n<p style=\"text-align: center\">Vit\u00f3ria Pereira<\/p>\n<p style=\"text-align: center\"><strong>Assistente em Administra\u00e7\u00e3o<\/strong><\/p>\n<p>&nbsp;<\/p>\n<p style=\"text-align: center\">Andrea Cristina Novack<\/p>\n<p style=\"text-align: center\"><strong>Farmac\u00eautica<\/strong><\/p>\n<h4><\/h4>\n<h4 style=\"text-align: center\"><span style=\"color: #008000\">Hor\u00e1rio de Atendimento:<\/span><\/h4>\n<h4 style=\"text-align: center\"><strong>09h \u00e0s 12h\u00a0 &#8211;\u00a0 13h \u00e0s 18h<\/strong><\/h4>\n<p>&nbsp;<\/p>\n<p style=\"padding-left: 520px\"><img decoding=\"async\" class=\" wp-image-1678 alignnone\" src=\"https:\/\/saude.ufpr.br\/departamentodefarmacia\/wp-content\/uploads\/sites\/21\/2025\/01\/baixados.png\" alt=\"\" width=\"144\" height=\"97\" \/><\/p>\n<h4 style=\"text-align: center\"><\/h4>\n<p>&nbsp;<\/p>\n","protected":false},"excerpt":{"rendered":"<p>\u00a0Prof. Dr. F\u00e1bio Seigi Murakami Chefe &nbsp; Prof\u00aa. Dr\u00aa. D\u00e9bora Brand Suplente da Chefia\u00a0 &nbsp; Vit\u00f3ria Pereira Assistente em Administra\u00e7\u00e3o &nbsp; Andrea Cristina Novack Farmac\u00eautica Hor\u00e1rio de Atendimento: 09h \u00e0s 12h\u00a0 &#8211;\u00a0 13h \u00e0s 18h &nbsp; &nbsp;<\/p>\n","protected":false},"author":15,"featured_media":0,"parent":0,"menu_order":0,"comment_status":"closed","ping_status":"closed","template":"","meta":{"_acf_changed":false,"_uag_custom_page_level_css":"","footnotes":""},"class_list":["post-40","page","type-page","status-publish","hentry"],"acf":[],"featured_image_src":null,"uagb_featured_image_src":{"full":false,"thumbnail":false,"medium":false,"medium_large":false,"large":false,"1536x1536":false,"2048x2048":false,"noticias-thumb":false,"banners-thumb":false,"maisnoticias-thumb":false,"post-thumbnail":false},"uagb_author_info":{"display_name":"Andrea Jankoski","author_link":"https:\/\/saude.ufpr.br\/departamentodefarmacia\/author\/andrea\/"},"uagb_comment_info":0,"uagb_excerpt":"\u00a0Prof. Dr. F\u00e1bio Seigi Murakami Chefe &nbsp; Prof\u00aa. Dr\u00aa. D\u00e9bora Brand Suplente da Chefia\u00a0 &nbsp; Vit\u00f3ria Pereira Assistente em Administra\u00e7\u00e3o &nbsp; Andrea Cristina Novack Farmac\u00eautica Hor\u00e1rio de Atendimento: 09h \u00e0s 12h\u00a0 &#8211;\u00a0 13h \u00e0s 18h &nbsp; &nbsp;","publishpress_future_action":{"enabled":false,"date":"2026-05-01 19:41:59","action":"change-status","newStatus":"draft","terms":[],"taxonomy":"","extraData":[]},"publishpress_future_workflow_manual_trigger":{"enabledWorkflows":[]},"_links":{"self":[{"href":"https:\/\/saude.ufpr.br\/departamentodefarmacia\/wp-json\/wp\/v2\/pages\/40","targetHints":{"allow":["GET"]}}],"collection":[{"href":"https:\/\/saude.ufpr.br\/departamentodefarmacia\/wp-json\/wp\/v2\/pages"}],"about":[{"href":"https:\/\/saude.ufpr.br\/departamentodefarmacia\/wp-json\/wp\/v2\/types\/page"}],"author":[{"embeddable":true,"href":"https:\/\/saude.ufpr.br\/departamentodefarmacia\/wp-json\/wp\/v2\/users\/15"}],"replies":[{"embeddable":true,"href":"https:\/\/saude.ufpr.br\/departamentodefarmacia\/wp-json\/wp\/v2\/comments?post=40"}],"version-history":[{"count":65,"href":"https:\/\/saude.ufpr.br\/departamentodefarmacia\/wp-json\/wp\/v2\/pages\/40\/revisions"}],"predecessor-version":[{"id":1928,"href":"https:\/\/saude.ufpr.br\/departamentodefarmacia\/wp-json\/wp\/v2\/pages\/40\/revisions\/1928"}],"wp:attachment":[{"href":"https:\/\/saude.ufpr.br\/departamentodefarmacia\/wp-json\/wp\/v2\/media?parent=40"}],"curies":[{"name":"wp","href":"https:\/\/api.w.org\/{rel}","templated":true}]}}