{"id":44,"date":"2016-06-13T17:32:56","date_gmt":"2016-06-13T17:32:56","guid":{"rendered":"https:\/\/saude.ufpr.br\/departamentodefarmacia\/?page_id=44"},"modified":"2025-08-19T20:47:04","modified_gmt":"2025-08-19T20:47:04","slug":"laboratorios","status":"publish","type":"page","link":"https:\/\/saude.ufpr.br\/departamentodefarmacia\/laboratorios\/","title":{"rendered":"Laborat\u00f3rios"},"content":{"rendered":"<p>O Departamento de Farm\u00e1cia possui as seguintes unidades\/laborat\u00f3rios:<\/p>\n<p>&nbsp;<\/p>\n<p>Central Anal\u00edtica &#8211; (41) 3360-4069\/4136 &#8211; <a href=\"https:\/\/www.prppg.ufpr.br\/site\/ppgfarmaceuticas\/pb\/central-analitica\/\">https:\/\/www.prppg.ufpr.br\/site\/ppgfarmaceuticas\/pb\/central-analitica\/<\/a><\/p>\n<p>Centro de Estudos em Biofarm\u00e1cia (CEB-UFPR)<\/p>\n<p>Coordena\u00e7\u00e3o de Est\u00e1gios &#8211; (41) 3360-4139<\/p>\n<p>Deontologia e Legisla\u00e7\u00e3o Farmac\u00eautica- (41) 3360-4096<\/p>\n<p>Farm\u00e1cia Escola &#8211; (41) 3360-5032<\/p>\n<p>Farm\u00e1cia Hospitalar &#8211; (41) 3360-4164<\/p>\n<p>Laborat\u00f3rio de Bioci\u00eancias e Espectometria de Massas &#8211;\u00a0<a href=\"http:\/\/www.labicem.ufpr.br\">http:\/\/www.labicem.ufpr.br<\/a><\/p>\n<p>Laborat\u00f3rio de Biopol\u00edmeros (BIOPOL) &#8211;\u00a0<a href=\"https:\/\/biopol.ufpr.br\/\">https:\/\/biopol.ufpr.br\/<\/a><\/p>\n<p>Laborat\u00f3rio de Biotecnologia &#8211; (41) 3360-4145<\/p>\n<p>Laborat\u00f3rio de Bromatologia &#8211; (41) 3360-4071<\/p>\n<p>Laborat\u00f3rio de Controle de Qualidade Biol\u00f3gico &#8211; (41) 3360-4091<\/p>\n<p>Laborat\u00f3rio de Controle de Qualidade F\u00edsico-Qu\u00edmico &#8211; (41) 3360-4094<\/p>\n<p>Laborat\u00f3rio de Cuidado Farmac\u00eautico \/ Produtos e Procedimentos Farmac\u00eauticos &#8211; (41) 3360-4061<\/p>\n<p>Laborat\u00f3rio de Farmacognosia &#8211; (41) 3360-4062\/4063\/4064<\/p>\n<p>Laborat\u00f3rio de Farmacot\u00e9cnica &#8211; (41) 3360-4070<\/p>\n<p>Laborat\u00f3rio de Farmacot\u00e9cnica Homeop\u00e1tica &#8211; (41) 3360-4097<\/p>\n<p>Laborat\u00f3rio de Fitoqu\u00edmica &#8211; (41) 3360-4066<\/p>\n<p>Laborat\u00f3rio de Gest\u00e3o da Assist\u00eancia Farmac\u00eautica &#8211; (41) 3360-4076<\/p>\n<p>Laborat\u00f3rio de M\u00e9todos F\u00edsicos Aplicados \u00e0 Farm\u00e1cia &#8211; (41) 3360-4094<\/p>\n<p>Laborat\u00f3rio de M\u00e9todos Instrumentais de An\u00e1lise &#8211; (41) 3360-4162<\/p>\n<p>Laborat\u00f3rio de Qu\u00edmica Medicinal Farmac\u00eautica &#8211; (41) 3360-4089<\/p>\n<p>Laborat\u00f3rio de S\u00edntese de Medicamentos &#8211; (41) 3360-4089<\/p>\n<p>Laborat\u00f3rio de Tecnologia de Alimentos e Suplementos Alimentares &#8211; (41) 3360-4093\/4163<\/p>\n<p>Laborat\u00f3rio de Tecnologia de Cosm\u00e9ticos &#8211; (41) 3360-4077<\/p>\n<p>Laborat\u00f3rio de Tecnologia Farmac\u00eautica &#8211; (41) 3360-4074<\/p>\n<p>PET Farm\u00e1cia &#8211;\u00a0<a href=\"https:\/\/www.instagram.com\/petfarmaciaufpr\/\">https:\/\/www.instagram.com\/petfarmaciaufpr\/<\/a><\/p>\n<p>&nbsp;<\/p>\n","protected":false},"excerpt":{"rendered":"<p>O Departamento de Farm\u00e1cia possui as seguintes unidades\/laborat\u00f3rios: &nbsp; Central Anal\u00edtica &#8211; (41) 3360-4069\/4136 &#8211; https:\/\/www.prppg.ufpr.br\/site\/ppgfarmaceuticas\/pb\/central-analitica\/ Centro de Estudos em Biofarm\u00e1cia (CEB-UFPR) Coordena\u00e7\u00e3o de Est\u00e1gios &#8211; (41) 3360-4139 Deontologia e Legisla\u00e7\u00e3o Farmac\u00eautica- (41) 3360-4096 Farm\u00e1cia Escola &#8211; (41) 3360-5032 Farm\u00e1cia Hospitalar &#8211; (41) 3360-4164 Laborat\u00f3rio de Bioci\u00eancias e Espectometria de Massas &#8211;\u00a0http:\/\/www.labicem.ufpr.br Laborat\u00f3rio de Biopol\u00edmeros<br \/> <a href=\"https:\/\/saude.ufpr.br\/departamentodefarmacia\/laboratorios\/\" class=\"button success small readmore\">Leia mais<\/a><\/p>\n","protected":false},"author":15,"featured_media":0,"parent":0,"menu_order":0,"comment_status":"closed","ping_status":"closed","template":"","meta":{"_acf_changed":false,"_uag_custom_page_level_css":"","footnotes":""},"class_list":["post-44","page","type-page","status-publish","hentry"],"acf":[],"featured_image_src":null,"uagb_featured_image_src":{"full":false,"thumbnail":false,"medium":false,"medium_large":false,"large":false,"1536x1536":false,"2048x2048":false,"noticias-thumb":false,"banners-thumb":false,"maisnoticias-thumb":false,"post-thumbnail":false},"uagb_author_info":{"display_name":"Andrea Jankoski","author_link":"https:\/\/saude.ufpr.br\/departamentodefarmacia\/author\/andrea\/"},"uagb_comment_info":0,"uagb_excerpt":"O Departamento de Farm\u00e1cia possui as seguintes unidades\/laborat\u00f3rios: &nbsp; Central Anal\u00edtica &#8211; (41) 3360-4069\/4136 &#8211; https:\/\/www.prppg.ufpr.br\/site\/ppgfarmaceuticas\/pb\/central-analitica\/ Centro de Estudos em Biofarm\u00e1cia (CEB-UFPR) Coordena\u00e7\u00e3o de Est\u00e1gios &#8211; (41) 3360-4139 Deontologia e Legisla\u00e7\u00e3o Farmac\u00eautica- (41) 3360-4096 Farm\u00e1cia Escola &#8211; (41) 3360-5032 Farm\u00e1cia Hospitalar &#8211; (41) 3360-4164 Laborat\u00f3rio de Bioci\u00eancias e Espectometria de Massas &#8211;\u00a0http:\/\/www.labicem.ufpr.br Laborat\u00f3rio de Biopol\u00edmeros&hellip;","publishpress_future_action":{"enabled":false,"date":"2026-05-03 01:37:15","action":"change-status","newStatus":"draft","terms":[],"taxonomy":"","extraData":[]},"publishpress_future_workflow_manual_trigger":{"enabledWorkflows":[]},"_links":{"self":[{"href":"https:\/\/saude.ufpr.br\/departamentodefarmacia\/wp-json\/wp\/v2\/pages\/44","targetHints":{"allow":["GET"]}}],"collection":[{"href":"https:\/\/saude.ufpr.br\/departamentodefarmacia\/wp-json\/wp\/v2\/pages"}],"about":[{"href":"https:\/\/saude.ufpr.br\/departamentodefarmacia\/wp-json\/wp\/v2\/types\/page"}],"author":[{"embeddable":true,"href":"https:\/\/saude.ufpr.br\/departamentodefarmacia\/wp-json\/wp\/v2\/users\/15"}],"replies":[{"embeddable":true,"href":"https:\/\/saude.ufpr.br\/departamentodefarmacia\/wp-json\/wp\/v2\/comments?post=44"}],"version-history":[{"count":8,"href":"https:\/\/saude.ufpr.br\/departamentodefarmacia\/wp-json\/wp\/v2\/pages\/44\/revisions"}],"predecessor-version":[{"id":1865,"href":"https:\/\/saude.ufpr.br\/departamentodefarmacia\/wp-json\/wp\/v2\/pages\/44\/revisions\/1865"}],"wp:attachment":[{"href":"https:\/\/saude.ufpr.br\/departamentodefarmacia\/wp-json\/wp\/v2\/media?parent=44"}],"curies":[{"name":"wp","href":"https:\/\/api.w.org\/{rel}","templated":true}]}}