{"id":60,"date":"2016-06-13T17:35:45","date_gmt":"2016-06-13T17:35:45","guid":{"rendered":"https:\/\/saude.ufpr.br\/departamentodefarmacia\/?page_id=60"},"modified":"2023-11-17T17:15:27","modified_gmt":"2023-11-17T17:15:27","slug":"formularios","status":"publish","type":"page","link":"https:\/\/saude.ufpr.br\/departamentodefarmacia\/formularios\/","title":{"rendered":"Formul\u00e1rios"},"content":{"rendered":"<p><img decoding=\"async\" class=\"alignnone size-full wp-image-140\" src=\"https:\/\/saude.ufpr.br\/departamentodefarmacia\/wp-content\/uploads\/sites\/21\/2016\/06\/d836673d-391f-4cb2-8ef7-da41c9b6b7b0.jpg\" alt=\"d836673d-391f-4cb2-8ef7-da41c9b6b7b0\" width=\"128\" height=\"128\" \/><\/p>\n<p>Formul\u00e1rios para alunos:<\/p>\n<p>Os seguintes formul\u00e1rios de solicita\u00e7\u00f5es de alunos seguem a resolu\u00e7\u00e3o\u00a0n\u00ba\u00a0<a href=\"https:\/\/saude.ufpr.br\/departamentodefarmacia\/wp-content\/uploads\/sites\/21\/2016\/06\/cepe3797.pdf\" target=\"_blank\" rel=\"noopener\">3797<\/a>\u00a0CEPE \u00a0que\u00a0aprova normas b\u00e1sicas de controle e registro da atividade acad\u00eamica dos cursos de gradua\u00e7\u00e3o da Universidade.<\/p>\n<p><a href=\"https:\/\/saude.ufpr.br\/departamentodefarmacia\/wp-content\/uploads\/sites\/21\/2018\/09\/4-Disciplina-Isolada.pdf\">Disciplina Isolada<\/a><\/p>\n<p><a href=\"https:\/\/saude.ufpr.br\/departamentodefarmacia\/wp-content\/uploads\/sites\/21\/2018\/09\/3-Disciplina-Eletiva.pdf\">Disciplina Eletiva<\/a><\/p>\n<p><a href=\"https:\/\/saude.ufpr.br\/departamentodefarmacia\/wp-content\/uploads\/sites\/21\/2016\/06\/Requerimento-de-segunda-chamada-2.pdf\">Requerimento de Segunda Chamada<\/a><\/p>\n<p>&nbsp;<\/p>\n<p>Formul\u00e1rios para professores:<\/p>\n<p><a href=\"https:\/\/saude.ufpr.br\/departamentodefarmacia\/wp-content\/uploads\/sites\/21\/2018\/09\/8-Revis\u00e3o-de-Notas.pdf\">Revis\u00e3o de Notas<\/a><\/p>\n<p><a href=\"https:\/\/saude.ufpr.br\/departamentodefarmacia\/wp-content\/uploads\/sites\/21\/2023\/11\/FORMULARIO_PARA_PARTICIPACAO_EM_ATIVIDADES_ESPORADICAS.docx\">Formul\u00e1rio para Participa\u00e7\u00e3o em Atividades Espor\u00e1dicas<\/a><\/p>\n<p>&nbsp;<\/p>\n<p>Plano de Inicia\u00e7\u00e3o \u00e0 Doc\u00eancia (Monitoria)<\/p>\n<p>Todas as informa\u00e7\u00f5es a respeito do Plano de Inicia\u00e7\u00e3o \u00e0 Doc\u00eancia (monitoria), resolu\u00e7\u00f5es, editais, cronogramas e formul\u00e1rios, podem ser encontrados no link abaixo:<\/p>\n<p><a href=\"http:\/\/www.prograd.ufpr.br\/copeg\/monitoriapidpim\/\">http:\/\/www.prograd.ufpr.br\/copeg\/monitoriapidpim\/<\/a><\/p>\n<p>&nbsp;<\/p>\n<p>Plano de Voluntariado Acad\u00eamico &#8211;\u00a0 PVA<\/p>\n<p>Todas as informa\u00e7\u00f5es a respeito de PVA, resolu\u00e7\u00f5es e formul\u00e1rios, podem ser encontrados no link abaixo:<\/p>\n<p><a href=\"http:\/\/www.prograd.ufpr.br\/copeg\/pva-programa-voluntariado-academico\/\">http:\/\/www.prograd.ufpr.br\/copeg\/pva-programa-voluntariado-academico\/<\/a><\/p>\n<p>&nbsp;<\/p>\n<p>Formul\u00e1rio de Pedido de Almoxarifado<\/p>\n<p><a href=\"https:\/\/ufprbr0-my.sharepoint.com\/:x:\/g\/personal\/dfarm_ufpr_br\/ETn9zyhg5TxKlXXDLHeGQfsBWkr9o40T70rQXFxiOb2Kvw?e=j4Xfmq\">https:\/\/ufprbr0-my.sharepoint.com\/:x:\/g\/personal\/dfarm_ufpr_br\/ETn9zyhg5TxKlXXDLHeGQfsBWkr9o40T70rQXFxiOb2Kvw?e=j4Xfmq<\/a><\/p>\n<p>&nbsp;<\/p>\n","protected":false},"excerpt":{"rendered":"<p>Formul\u00e1rios para alunos: Os seguintes formul\u00e1rios de solicita\u00e7\u00f5es de alunos seguem a resolu\u00e7\u00e3o\u00a0n\u00ba\u00a03797\u00a0CEPE \u00a0que\u00a0aprova normas b\u00e1sicas de controle e registro da atividade acad\u00eamica dos cursos de gradua\u00e7\u00e3o da Universidade. Disciplina Isolada Disciplina Eletiva Requerimento de Segunda Chamada &nbsp; Formul\u00e1rios para professores: Revis\u00e3o de Notas Formul\u00e1rio para Participa\u00e7\u00e3o em Atividades Espor\u00e1dicas &nbsp; Plano de Inicia\u00e7\u00e3o \u00e0<br \/> <a href=\"https:\/\/saude.ufpr.br\/departamentodefarmacia\/formularios\/\" class=\"button success small readmore\">Leia mais<\/a><\/p>\n","protected":false},"author":15,"featured_media":0,"parent":0,"menu_order":0,"comment_status":"closed","ping_status":"closed","template":"","meta":{"_acf_changed":false,"_uag_custom_page_level_css":"","footnotes":""},"class_list":["post-60","page","type-page","status-publish","hentry"],"acf":[],"featured_image_src":null,"uagb_featured_image_src":{"full":false,"thumbnail":false,"medium":false,"medium_large":false,"large":false,"1536x1536":false,"2048x2048":false,"noticias-thumb":false,"banners-thumb":false,"maisnoticias-thumb":false,"post-thumbnail":false},"uagb_author_info":{"display_name":"Andrea Jankoski","author_link":"https:\/\/saude.ufpr.br\/departamentodefarmacia\/author\/andrea\/"},"uagb_comment_info":0,"uagb_excerpt":"Formul\u00e1rios para alunos: Os seguintes formul\u00e1rios de solicita\u00e7\u00f5es de alunos seguem a resolu\u00e7\u00e3o\u00a0n\u00ba\u00a03797\u00a0CEPE \u00a0que\u00a0aprova normas b\u00e1sicas de controle e registro da atividade acad\u00eamica dos cursos de gradua\u00e7\u00e3o da Universidade. Disciplina Isolada Disciplina Eletiva Requerimento de Segunda Chamada &nbsp; Formul\u00e1rios para professores: Revis\u00e3o de Notas Formul\u00e1rio para Participa\u00e7\u00e3o em Atividades Espor\u00e1dicas &nbsp; Plano de Inicia\u00e7\u00e3o \u00e0&hellip;","publishpress_future_action":{"enabled":false,"date":"2026-04-30 13:00:27","action":"change-status","newStatus":"draft","terms":[],"taxonomy":"","extraData":[]},"publishpress_future_workflow_manual_trigger":{"enabledWorkflows":[]},"_links":{"self":[{"href":"https:\/\/saude.ufpr.br\/departamentodefarmacia\/wp-json\/wp\/v2\/pages\/60","targetHints":{"allow":["GET"]}}],"collection":[{"href":"https:\/\/saude.ufpr.br\/departamentodefarmacia\/wp-json\/wp\/v2\/pages"}],"about":[{"href":"https:\/\/saude.ufpr.br\/departamentodefarmacia\/wp-json\/wp\/v2\/types\/page"}],"author":[{"embeddable":true,"href":"https:\/\/saude.ufpr.br\/departamentodefarmacia\/wp-json\/wp\/v2\/users\/15"}],"replies":[{"embeddable":true,"href":"https:\/\/saude.ufpr.br\/departamentodefarmacia\/wp-json\/wp\/v2\/comments?post=60"}],"version-history":[{"count":14,"href":"https:\/\/saude.ufpr.br\/departamentodefarmacia\/wp-json\/wp\/v2\/pages\/60\/revisions"}],"predecessor-version":[{"id":1522,"href":"https:\/\/saude.ufpr.br\/departamentodefarmacia\/wp-json\/wp\/v2\/pages\/60\/revisions\/1522"}],"wp:attachment":[{"href":"https:\/\/saude.ufpr.br\/departamentodefarmacia\/wp-json\/wp\/v2\/media?parent=60"}],"curies":[{"name":"wp","href":"https:\/\/api.w.org\/{rel}","templated":true}]}}