{"id":77,"date":"2023-12-04T12:45:48","date_gmt":"2023-12-04T12:45:48","guid":{"rendered":"https:\/\/saude.ufpr.br\/departamentodefarmacia\/?page_id=77"},"modified":"2025-01-15T18:24:17","modified_gmt":"2025-01-15T18:24:17","slug":"concursos-e-selecoes-legisllacao","status":"publish","type":"page","link":"https:\/\/saude.ufpr.br\/departamentodefarmacia\/concursos-e-selecoes-legisllacao\/","title":{"rendered":"Legisla\u00e7\u00e3o"},"content":{"rendered":"<h5>Candidato, as Resolu\u00e7\u00f5es que regem os Concursos P\u00fablicos de Docentes s\u00e3o:<\/h5>\n<ul>\n<li><strong>66A\/16 \u2013 CEPE:\u00a0<\/strong><a href=\"https:\/\/saude.ufpr.br\/departamentodefarmacia\/wp-content\/uploads\/sites\/21\/2023\/03\/Resolucao-66A-16-CEPE-CONCURSO.pdf\">Resolu\u00e7\u00e3o-66A-16-CEPE-CONCURSO<\/a><strong><br \/>\n<\/strong><\/li>\n<li><strong>70\/16 \u2013 CEPE.<\/strong>\u00a0<a href=\"https:\/\/saude.ufpr.br\/departamentodefarmacia\/wp-content\/uploads\/sites\/21\/2023\/03\/Resolucao-70-16-CEPE-CONCURSO.pdf\">Resolu\u00e7\u00e3o 70-16-CEPE \u2013 CONCURSO<\/a><\/li>\n<\/ul>\n<p>&nbsp;<\/p>\n<p>&nbsp;<\/p>\n<p>&nbsp;<\/p>\n<p>&nbsp;<\/p>\n<p>&nbsp;<\/p>\n<p>&nbsp;<\/p>\n<p>&nbsp;<\/p>\n","protected":false},"excerpt":{"rendered":"<p>Candidato, as Resolu\u00e7\u00f5es que regem os Concursos P\u00fablicos de Docentes s\u00e3o: 66A\/16 \u2013 CEPE:\u00a0Resolu\u00e7\u00e3o-66A-16-CEPE-CONCURSO 70\/16 \u2013 CEPE.\u00a0Resolu\u00e7\u00e3o 70-16-CEPE \u2013 CONCURSO &nbsp; &nbsp; &nbsp; &nbsp; &nbsp; &nbsp; &nbsp;<\/p>\n","protected":false},"author":15,"featured_media":0,"parent":0,"menu_order":0,"comment_status":"closed","ping_status":"closed","template":"","meta":{"_acf_changed":false,"_uag_custom_page_level_css":"","footnotes":""},"class_list":["post-77","page","type-page","status-publish","hentry"],"acf":[],"featured_image_src":null,"uagb_featured_image_src":{"full":false,"thumbnail":false,"medium":false,"medium_large":false,"large":false,"1536x1536":false,"2048x2048":false,"noticias-thumb":false,"banners-thumb":false,"maisnoticias-thumb":false,"post-thumbnail":false},"uagb_author_info":{"display_name":"Andrea Jankoski","author_link":"https:\/\/saude.ufpr.br\/departamentodefarmacia\/author\/andrea\/"},"uagb_comment_info":0,"uagb_excerpt":"Candidato, as Resolu\u00e7\u00f5es que regem os Concursos P\u00fablicos de Docentes s\u00e3o: 66A\/16 \u2013 CEPE:\u00a0Resolu\u00e7\u00e3o-66A-16-CEPE-CONCURSO 70\/16 \u2013 CEPE.\u00a0Resolu\u00e7\u00e3o 70-16-CEPE \u2013 CONCURSO &nbsp; &nbsp; &nbsp; &nbsp; &nbsp; &nbsp; &nbsp;","publishpress_future_action":{"enabled":false,"date":"2026-04-25 08:33:22","action":"change-status","newStatus":"draft","terms":[],"taxonomy":"","extraData":[]},"publishpress_future_workflow_manual_trigger":{"enabledWorkflows":[]},"_links":{"self":[{"href":"https:\/\/saude.ufpr.br\/departamentodefarmacia\/wp-json\/wp\/v2\/pages\/77","targetHints":{"allow":["GET"]}}],"collection":[{"href":"https:\/\/saude.ufpr.br\/departamentodefarmacia\/wp-json\/wp\/v2\/pages"}],"about":[{"href":"https:\/\/saude.ufpr.br\/departamentodefarmacia\/wp-json\/wp\/v2\/types\/page"}],"author":[{"embeddable":true,"href":"https:\/\/saude.ufpr.br\/departamentodefarmacia\/wp-json\/wp\/v2\/users\/15"}],"replies":[{"embeddable":true,"href":"https:\/\/saude.ufpr.br\/departamentodefarmacia\/wp-json\/wp\/v2\/comments?post=77"}],"version-history":[{"count":295,"href":"https:\/\/saude.ufpr.br\/departamentodefarmacia\/wp-json\/wp\/v2\/pages\/77\/revisions"}],"predecessor-version":[{"id":1650,"href":"https:\/\/saude.ufpr.br\/departamentodefarmacia\/wp-json\/wp\/v2\/pages\/77\/revisions\/1650"}],"wp:attachment":[{"href":"https:\/\/saude.ufpr.br\/departamentodefarmacia\/wp-json\/wp\/v2\/media?parent=77"}],"curies":[{"name":"wp","href":"https:\/\/api.w.org\/{rel}","templated":true}]}}