{"id":1123,"date":"2020-05-04T22:57:28","date_gmt":"2020-05-04T22:57:28","guid":{"rendered":"https:\/\/saude.ufpr.br\/departamentodenutricao\/?page_id=1123"},"modified":"2021-12-16T17:55:53","modified_gmt":"2021-12-16T20:55:53","slug":"regimento-do-dnut","status":"publish","type":"page","link":"https:\/\/saude.ufpr.br\/departamentodenutricao\/regimento-do-dnut\/","title":{"rendered":"Regimento do DNUT"},"content":{"rendered":"\n<figure class=\"wp-block-table is-style-regular\"><table><tbody><tr><td class=\"has-text-align-center\" data-align=\"center\"><strong>Item<\/strong><\/td><td class=\"has-text-align-center\" data-align=\"center\"><strong>Descri\u00e7\u00e3o<\/strong><\/td><td class=\"has-text-align-center\" data-align=\"center\"><strong>Extrato<\/strong><\/td><td><strong>Ano<\/strong><\/td><\/tr><tr><td class=\"has-text-align-center\" data-align=\"center\">1<\/td><td class=\"has-text-align-center\" data-align=\"center\"><a href=\"https:\/\/saude.ufpr.br\/departamentodenutricao\/wp-content\/uploads\/sites\/53\/2021\/12\/Regimento-do-Departamento-de-Nutricao.pdf\" target=\"_blank\" rel=\"noreferrer noopener\">Regimento do Departamento de Nutri\u00e7\u00e3o<\/a><\/td><td class=\"has-text-align-center\" data-align=\"center\"><a href=\"https:\/\/saude.ufpr.br\/departamentodenutricao\/wp-content\/uploads\/sites\/53\/2021\/12\/Regimento-Extrato-de-aprovacao.pdf\" target=\"_blank\" rel=\"noreferrer noopener\">Ata<\/a><\/td><td>2020<\/td><\/tr><\/tbody><\/table><figcaption>Lista de documentos (atualizado 16 de Dezembro de 2021)<br><br><\/figcaption><\/figure>\n","protected":false},"excerpt":{"rendered":"<p>Item Descri\u00e7\u00e3o Extrato Ano 1 Regimento do Departamento de Nutri\u00e7\u00e3o Ata 2020 Lista de documentos (atualizado 16 de Dezembro de 2021)<\/p>\n","protected":false},"author":1615,"featured_media":0,"parent":0,"menu_order":0,"comment_status":"closed","ping_status":"closed","template":"","meta":{"_acf_changed":false,"_uag_custom_page_level_css":"","footnotes":""},"class_list":["post-1123","page","type-page","status-publish","hentry"],"acf":[],"featured_image_src":null,"uagb_featured_image_src":{"full":false,"thumbnail":false,"medium":false,"medium_large":false,"large":false,"1536x1536":false,"2048x2048":false,"noticias-thumb":false,"banners-thumb":false,"maisnoticias-thumb":false,"post-thumbnail":false},"uagb_author_info":{"display_name":"Guilherme","author_link":"https:\/\/saude.ufpr.br\/departamentodenutricao\/author\/guilhermematos\/"},"uagb_comment_info":0,"uagb_excerpt":"Item Descri\u00e7\u00e3o Extrato Ano 1 Regimento do Departamento de Nutri\u00e7\u00e3o Ata 2020 Lista de documentos (atualizado 16 de Dezembro de 2021)","publishpress_future_action":{"enabled":false,"date":"2026-04-11 04:33:57","action":"change-status","newStatus":"draft","terms":[],"taxonomy":"","extraData":[]},"publishpress_future_workflow_manual_trigger":{"enabledWorkflows":[]},"_links":{"self":[{"href":"https:\/\/saude.ufpr.br\/departamentodenutricao\/wp-json\/wp\/v2\/pages\/1123","targetHints":{"allow":["GET"]}}],"collection":[{"href":"https:\/\/saude.ufpr.br\/departamentodenutricao\/wp-json\/wp\/v2\/pages"}],"about":[{"href":"https:\/\/saude.ufpr.br\/departamentodenutricao\/wp-json\/wp\/v2\/types\/page"}],"author":[{"embeddable":true,"href":"https:\/\/saude.ufpr.br\/departamentodenutricao\/wp-json\/wp\/v2\/users\/1615"}],"replies":[{"embeddable":true,"href":"https:\/\/saude.ufpr.br\/departamentodenutricao\/wp-json\/wp\/v2\/comments?post=1123"}],"version-history":[{"count":2,"href":"https:\/\/saude.ufpr.br\/departamentodenutricao\/wp-json\/wp\/v2\/pages\/1123\/revisions"}],"predecessor-version":[{"id":1916,"href":"https:\/\/saude.ufpr.br\/departamentodenutricao\/wp-json\/wp\/v2\/pages\/1123\/revisions\/1916"}],"wp:attachment":[{"href":"https:\/\/saude.ufpr.br\/departamentodenutricao\/wp-json\/wp\/v2\/media?parent=1123"}],"curies":[{"name":"wp","href":"https:\/\/api.w.org\/{rel}","templated":true}]}}