{"id":1125,"date":"2020-05-04T22:57:49","date_gmt":"2020-05-04T22:57:49","guid":{"rendered":"https:\/\/saude.ufpr.br\/departamentodenutricao\/?page_id=1125"},"modified":"2021-12-16T08:52:08","modified_gmt":"2021-12-16T11:52:08","slug":"planejamento-estrategico","status":"publish","type":"page","link":"https:\/\/saude.ufpr.br\/departamentodenutricao\/planejamento-estrategico\/","title":{"rendered":"Planejamento Estrat\u00e9gico"},"content":{"rendered":"\n<figure class=\"wp-block-table is-style-regular\"><table><tbody><tr><td class=\"has-text-align-center\" data-align=\"center\"><strong>Item<\/strong><\/td><td class=\"has-text-align-center\" data-align=\"center\"><strong>Ano<\/strong><\/td><td class=\"has-text-align-center\" data-align=\"center\"> <strong>Descri\u00e7\u00e3o<\/strong><\/td><\/tr><tr><td class=\"has-text-align-center\" data-align=\"center\">1<\/td><td class=\"has-text-align-center\" data-align=\"center\">2015-2018<\/td><td class=\"has-text-align-center\" data-align=\"center\"><a href=\"https:\/\/saude.ufpr.br\/departamentodenutricao\/wp-content\/uploads\/sites\/53\/2021\/12\/Planejamento_Estrategico_DNUT_2018_Site.pdf\" target=\"_blank\" rel=\"noreferrer noopener\">Planejamento Estrat\u00e9gico<\/a><\/td><\/tr><\/tbody><\/table><figcaption>Lista de documentos (atualizado 16 de Dezembro de 2021)<\/figcaption><\/figure>\n\n\n\n<p><\/p>\n","protected":false},"excerpt":{"rendered":"<p>Item Ano Descri\u00e7\u00e3o 1 2015-2018 Planejamento Estrat\u00e9gico Lista de documentos (atualizado 16 de Dezembro de 2021)<\/p>\n","protected":false},"author":1615,"featured_media":0,"parent":0,"menu_order":0,"comment_status":"closed","ping_status":"closed","template":"","meta":{"_acf_changed":false,"_uag_custom_page_level_css":"","footnotes":""},"class_list":["post-1125","page","type-page","status-publish","hentry"],"acf":[],"featured_image_src":null,"uagb_featured_image_src":{"full":false,"thumbnail":false,"medium":false,"medium_large":false,"large":false,"1536x1536":false,"2048x2048":false,"noticias-thumb":false,"banners-thumb":false,"maisnoticias-thumb":false,"post-thumbnail":false},"uagb_author_info":{"display_name":"Guilherme","author_link":"https:\/\/saude.ufpr.br\/departamentodenutricao\/author\/guilhermematos\/"},"uagb_comment_info":0,"uagb_excerpt":"Item Ano Descri\u00e7\u00e3o 1 2015-2018 Planejamento Estrat\u00e9gico Lista de documentos (atualizado 16 de Dezembro de 2021)","publishpress_future_action":{"enabled":false,"date":"2026-05-02 12:08:25","action":"change-status","newStatus":"draft","terms":[],"taxonomy":"","extraData":[]},"publishpress_future_workflow_manual_trigger":{"enabledWorkflows":[]},"_links":{"self":[{"href":"https:\/\/saude.ufpr.br\/departamentodenutricao\/wp-json\/wp\/v2\/pages\/1125","targetHints":{"allow":["GET"]}}],"collection":[{"href":"https:\/\/saude.ufpr.br\/departamentodenutricao\/wp-json\/wp\/v2\/pages"}],"about":[{"href":"https:\/\/saude.ufpr.br\/departamentodenutricao\/wp-json\/wp\/v2\/types\/page"}],"author":[{"embeddable":true,"href":"https:\/\/saude.ufpr.br\/departamentodenutricao\/wp-json\/wp\/v2\/users\/1615"}],"replies":[{"embeddable":true,"href":"https:\/\/saude.ufpr.br\/departamentodenutricao\/wp-json\/wp\/v2\/comments?post=1125"}],"version-history":[{"count":7,"href":"https:\/\/saude.ufpr.br\/departamentodenutricao\/wp-json\/wp\/v2\/pages\/1125\/revisions"}],"predecessor-version":[{"id":1912,"href":"https:\/\/saude.ufpr.br\/departamentodenutricao\/wp-json\/wp\/v2\/pages\/1125\/revisions\/1912"}],"wp:attachment":[{"href":"https:\/\/saude.ufpr.br\/departamentodenutricao\/wp-json\/wp\/v2\/media?parent=1125"}],"curies":[{"name":"wp","href":"https:\/\/api.w.org\/{rel}","templated":true}]}}